{"id":2971,"date":"2018-03-16T14:50:50","date_gmt":"2018-03-16T13:50:50","guid":{"rendered":"https:\/\/www.hotelgallonero.it\/infos-et-contacts\/prenotazione-traghetto\/"},"modified":"2025-03-26T10:08:27","modified_gmt":"2025-03-26T09:08:27","slug":"reservation-de-ferry","status":"publish","type":"page","link":"https:\/\/www.hotelgallonero.it\/fr\/infos-et-contacts\/reservation-de-ferry\/","title":{"rendered":"R\u00e9servation de Ferry"},"content":{"rendered":"<p>[vc_row type=&#8221;full_width_section&#8221; bottom_padding=&#8221;0&#8243; bottom_margin=&#8221;0&#8243;][vc_column css=&#8221;.vc_custom_1521121559607{margin-top: 0px !important;margin-right: 0px !important;margin-bottom: 0px !important;margin-left: 0px !important;border-top-width: 0px !important;border-right-width: 0px !important;border-bottom-width: 0px !important;border-left-width: 0px !important;padding-top: 0px !important;padding-right: 0px !important;padding-bottom: 0px !important;padding-left: 0px !important;}&#8221;][rev_slider_vc alias=&#8221;pag-traghetti&#8221; el_class=&#8221;rev_slider_wrapper-1&#8243;][\/vc_column][\/vc_row][vc_row][vc_column][vc_separator color=&#8221;custom&#8221; style=&#8221;shadow&#8221; accent_color=&#8221;#000000&#8243;][\/vc_column][\/vc_row][vc_row bottom_margin=&#8221;50&#8243;][vc_column]<h4>R\u00e9servation de Ferry<\/h4><div class=\"title-block-6\"><\/div>[vc_column_text]L\u2019on peut rejoindre l&#8217;\u00eele d&#8217;Elbe en embarquant \u00e0 Piombino Marittima, o\u00f9 deux compagnies maritimes (Moby &amp; Toremar et Blu Navy) disposent de ferries confortables qui circulent plusieurs fois par jour. En une heure de navigation, ils parcourent les 10 km qui s\u00e9parent l&#8217;\u00eele du continent, en rejoignant les ports de Portoferraio (le port principal), Cavo et Rio Marina.<br \/>\nIl existe \u00e9galement une liaison rapide par hydroglisseur, pour le transport de passagers uniquement, qui rejoint Portoferraio en 35 minutes seulement.[\/vc_column_text][vc_column_text css=&#8221;.vc_custom_1742980083108{border-top-width: 1px !important;border-right-width: 1px !important;border-bottom-width: 1px !important;border-left-width: 1px !important;padding-bottom: 30px !important;background-color: rgba(255,255,255,0.5) !important;*background-color: rgb(255,255,255) !important;border-left-color: #b19f6a !important;border-left-style: solid !important;border-right-color: #b19f6a !important;border-right-style: solid !important;border-top-color: #b19f6a !important;border-top-style: solid !important;border-bottom-color: #b19f6a !important;border-bottom-style: solid !important;border-radius: 5px !important;}&#8221;]<\/p>\n<p style=\"text-align: center;\"><a href=\"https:\/\/booking.blunavytraghetti.com\/\" target=\"_blank\" rel=\"noopener noreferrer\"><img loading=\"lazy\" decoding=\"async\" width=\"300\" height=\"71\" class=\"aligncenter size-full wp-image-1235\" src=\"https:\/\/www.hotelgallonero.it\/wp-content\/uploads\/blu_navy_elba-300x71.png\" alt=\"Blu Navy\" srcset=\"https:\/\/www.hotelgallonero.it\/wp-content\/uploads\/blu_navy_elba-300x71.png 300w, https:\/\/www.hotelgallonero.it\/wp-content\/uploads\/blu_navy_elba-300x71-100x24.png 100w\" sizes=\"auto, (max-width: 300px) 100vw, 300px\" \/><\/a><br \/>\nL&#8217;h\u00f4tel Gallo Nero adh\u00e8re \u00e0 l&#8217;accord entre Blu Navy et Ilva Viaggi.<br \/>\nEn r\u00e9servant votre s\u00e9jour avec nous, vous recevrez un code de r\u00e9duction \u00e0 saisir ci-dessous.\/p&gt;[\/vc_column_text][vc_raw_html]JTNDZGl2JTIwc3R5bGUlM0QlMjJtYXJnaW4lM0ElMjAwJTIwYXV0byUzQiUyMiUzRSUzQ2lmcmFtZSUyMHN0eWxlJTNEJTIyYm9yZGVyJTNBJTIwbm9uZSUzQiUyMGZpbHRlciUzQWRyb3Atc2hhZG93JTI4MHB4JTIwM3B4JTIwMTBweCUyMHJnYmElMjgwJTJDMCUyQzAlMkMuMiUyOSUyOSUzQiUyMiUyMHNyYyUzRCUyMmh0dHBzJTNBJTJGJTJGYmx1bmF2eXRyYWdoZXR0aS5jb20lMkZmciUyRmhvdGVsJTJGaG90ZWwtZ2FsbG8tbmVybyUyRiUyRiUzRmlmcmFtZSUzRGJhbm5lciUyMiUyMHdpZHRoJTNEJTIyMTAwJTI1JTIyJTIwaGVpZ2h0JTNEJTIyMTAwJTI1JTIyJTIwYWxsb3d0cmFuc3BhcmVuY3klM0QlMjJ0cnVlJTIyJTIwY2xhc3MlM0QlMjJibHVuYXZ5ZW1iZWQlMjIlM0UlM0MlMkZpZnJhbWUlM0UlM0NzY3JpcHQlMjBzcmMlM0QlMjJodHRwcyUzQSUyRiUyRmJsdW5hdnl0cmFnaGV0dGkuY29tJTJGd3AtY29udGVudCUyRnRoZW1lcyUyRmNvc21vJTJGYXNzZXRzJTJGanMlMkZpZnJhbWUlMkZlbWJlZC5qcyUyMiUzRSUzQyUyRnNjcmlwdCUzRSUzQ3NwYW4lMjBzdHlsZSUzRCUyMiUyMGZvbnQtZmFtaWx5JTNBJTIwc2Fucy1zZXJpZiUzQiUyMGNvbG9yJTNBJTIwJTIzMjkyQzdFJTNCJTIwZm9udC1zaXplJTNBJTIwMTRweCUzQiUyMHBhZGRpbmctdG9wJTNBJTIwMTBweCUzQmRpc3BsYXklM0ElMjBmbGV4JTNCJTIwYWxpZ24taXRlbXMlM0FjZW50ZXIlM0IlMjBqdXN0aWZ5LWNvbnRlbnQlM0FjZW50ZXIlM0IlMjBmbGV4LXdyYXAlM0ElMjB3cmFwJTNCJTIwZ2FwJTNBJTIwMTBweCUzQiUyMHZlcnRpY2FsLWdhcCUzQSUyMDEwcHglM0IlMjAlMjIlM0VVbiUyMHNlcnZpY2UlMjBkZSUyMHRyYXZlcnMlQzMlQTllJTIwZW4lMjBmZXJyeSUyMHZlcnMlMjBsJTI3JUMzJUFFbGUlMjBkJTI3RWxiZSUyMHByb3BvcyVDMyVBOSUyMHBhciUyMCUzQ2ElMjBzdHlsZSUzRCUyMmZvbnQtZmFtaWx5JTNBJTIwc2Fucy1zZXJpZiUzQiUyMGNvbG9yJTNBJTIwJTIzMjkyQzdFJTNCJTIwZm9udC1zaXplJTNBJTIwMTRweCUzQiUyMHRleHQtZGVjb3JhdGlvbiUzQSUyMG5vbmUlM0IlMjIlMjBocmVmJTNEJTIyaHR0cHMlM0ElMkYlMkZibHVuYXZ5dHJhZ2hldHRpLmNvbSUyRmZyJTJGJTNGdXRtX3NvdXJjZSUzRHNuaXBwZXQtZW1iZWQlMjIlM0VCbHVuYXZ5dHJhZ2hldHRpLmNvbSUzQyUyRmElM0UlMjAlM0NhJTIwaHJlZiUzRCUyMmh0dHBzJTNBJTJGJTJGYmx1bmF2eXRyYWdoZXR0aS5jb20lMkZmciUyRiUzRnV0bV9zb3VyY2UlM0RzbmlwcGV0LWVtYmVkJTIyJTNFJTNDaW1nJTIwc3R5bGUlM0QlMjJ3aWR0aCUzQSUyMDgwcHglM0IlMjIlMjBzcmMlM0QlMjJodHRwcyUzQSUyRiUyRmJsdW5hdnl0cmFnaGV0dGkuY29tJTJGd3AtY29udGVudCUyRnRoZW1lcyUyRmNvc21vJTJGYXNzZXRzJTJGaW1hZ2VzJTJGbG9nby1ibHVuYXZ5LXRyYWdoZXR0aS5wbmclMjIlMjBhbHQlM0QlMjJMb2dvJTIwQmx1TmF2eSUyMHRyYWdoZXR0aSUyMEVsYmElMjIlMkYlM0UlM0MlMkZhJTNFJTNDJTJGc3BhbiUzRSUzQyUyRmRpdiUzRQ==[\/vc_raw_html][vc_column_text]Les billets, propos\u00e9s par l&#8217;agence Ilva Viaggi, sont disponibles en nombre limit\u00e9 et \u00e0 des heures fixes. Les billets vous seront envoy\u00e9s par voie \u00e9lectronique.<\/p>\n<p>En alternative, si vous ne trouvez pas d\u2019horaire qui vous convient avec Blu Navy, vous pourrez comparer les prix de toutes les compagnies et acheter votre billet directement via notre syst\u00e8me de r\u00e9servation en ligne.<\/p>\n<div class=\"one-half\"><img decoding=\"async\" class=\"aligncenter size-full wp-image-3152\" src=\"https:\/\/www.hotelgallonero.it\/wp-content\/uploads\/logo_toremar.png\" alt=\"Toremar\" width=\"200px\" srcset=\"https:\/\/www.hotelgallonero.it\/wp-content\/uploads\/logo_toremar.png 300w, https:\/\/www.hotelgallonero.it\/wp-content\/uploads\/logo_toremar-100x51.png 100w\" sizes=\"(max-width: 300px) 100vw, 300px\" \/><\/div>\n<div class=\"one-half\"><img decoding=\"async\" class=\"aligncenter size-full wp-image-3148\" src=\"https:\/\/www.hotelgallonero.it\/wp-content\/uploads\/logo_moby.png\" alt=\"Moby\" width=\"150px\" srcset=\"https:\/\/www.hotelgallonero.it\/wp-content\/uploads\/logo_moby.png 300w, https:\/\/www.hotelgallonero.it\/wp-content\/uploads\/logo_moby-100x62.png 100w\" sizes=\"(max-width: 300px) 100vw, 300px\" \/><\/div>\n<div style=\"clear: both;\"><\/div>\n<p>[\/vc_column_text][vc_raw_html]JTNDZGl2JTIwc3R5bGUlM0QlMjJtYXJnaW4tbGVmdCUzQSUyMGF1dG8lM0IlMjBtYXJnaW4tcmlnaHQlM0ElMjBhdXRvJTNCJTIwbWF4LXdpZHRoJTNBJTIwMTE0NXB4JTNCJTIyJTNFJTBBJTNDaWZyYW1lJTIwaWQlM0QlMjJ0bGluZXMlMjIlMjBjbGFzcyUzRCUyMnRsaW5lc19mcmFtZSUyMiUyMHN0eWxlJTNEJTIyYm9yZGVyJTNBJTIwMHB4JTNCJTIwd2lkdGglM0ElMjAxMDAlMjUlM0IlMjIlMjBzcmMlM0QlMjJodHRwcyUzQSUyRiUyRnd3dy5taXN0ZXJmZXJyeS5mciUyRmZyJTJGaWxlLWQtZWxiZS1mZXJyaWVzLmFzcHglM0ZVQUlEJTNEOTMwODQlMjZhbXAlM0Jia2NvbG9yJTNERkZGRkZGJTI2YW1wJTNCdHh0Y29sb3IlM0QyQjJCMkIlMjZhbXAlM0Jia2J0bmNvbG9yJTNEQkNCMDk4JTI2YW1wJTNCdHh0YnRuY29sb3IlM0RGNkYwREElMjZhbXAlM0Jia3RpdG9sbyUzRDFBMTcxQiUyNmFtcCUzQnR4dHRpdG9sbyUzREZGRkZGRiUyNmFtcCUzQmxhbmd1YWdlJTNEZnIlMjZhbXAlM0JpZnJhbWVfYm9va2luZyUzRHRydWUlMjZhbXAlM0J2MiUzRHRydWUlMjIlMjBzY3JvbGxpbmclM0QlMjJubyUyMiUzRSUzQyUyRmlmcmFtZSUzRSUwQSUzQ3AlMjBzdHlsZSUzRCUyMmZvbnQtc2l6ZSUzQSUyMDExcHglM0IlMjBtYXJnaW4lM0ElMjBhdXRvJTNCJTIwZm9udC1mYW1pbHklM0ElMjBWZXJkYW5hJTNCJTIwd2lkdGglM0ElMjAxMDAlMjUlM0IlMjBjb2xvciUzQSUyMCUyMzY2NiUzQiUyMG1hcmdpbi1ib3R0b20lM0ElMjAxMnB4JTNCJTIwdGV4dC1hbGlnbiUzQSUyMGNlbnRlciUzQiUyMiUzRVNlcnZpY2UlMjBvcCVDMyVBOXIlQzMlQTklMjBwYXIlMjAlM0NhJTIwc3R5bGUlM0QlMjJjb2xvciUzQSUyMCUyMzY2NiUzQiUyMHRleHQtZGVjb3JhdGlvbiUzQSUyMG5vbmUlM0IlMjIlMjBocmVmJTNEJTIyaHR0cHMlM0ElMkYlMkZ3d3cubWlzdGVyZmVycnkuZnIlMkZmciUyRmlsZS1kLWVsYmUtZmVycmllcy5hc3B4JTNGVUFJRCUzRDkzMDg0JTI2YW1wJTNCYmtjb2xvciUzREZGRkZGRiUyNmFtcCUzQnR4dGNvbG9yJTNEMkIyQjJCJTI2YW1wJTNCYmtidG5jb2xvciUzREJDQjA5OCUyNmFtcCUzQnR4dGJ0bmNvbG9yJTNERjZGMERBJTI2YW1wJTNCYmt0aXRvbG8lM0QxQTE3MUIlMjZhbXAlM0J0eHR0aXRvbG8lM0RGRkZGRkYlMjIlMjB0YXJnZXQlM0QlMjJfYmxhbmslMjIlMjByZWwlM0QlMjJub29wZW5lciUyMiUzRU1pc3RlcmZlcnJ5LmZyJTNDJTJGYSUzRSUzQyUyRnAlM0UlMEElM0NzY3JpcHQlMjB0eXBlJTNEJTIydGV4dCUyRmphdmFzY3JpcHQlMjIlMjBzcmMlM0QlMjJodHRwcyUzQSUyRiUyRnd3dy5taXN0ZXJmZXJyeS5mciUyRkFqYXglMkZ0bGluZXNfcmVzcF92Mi5qcyUyMiUzRSUzQyUyRnNjcmlwdCUzRSUwQSUzQyUyRmRpdiUzRQ==[\/vc_raw_html][\/vc_column][\/vc_row]<\/p>\n","protected":false},"excerpt":{"rendered":"<p>[vc_row type=&#8221;full_width_section&#8221; bottom_padding=&#8221;0&#8243; bottom_margin=&#8221;0&#8243;][vc_column css=&#8221;.vc_custom_1521121559607{margin-top: 0px !important;margin-right: 0px !important;margin-bottom: 0px !important;margin-left: 0px !important;border-top-width: 0px !important;border-right-width: 0px !important;border-bottom-width: 0px !important;border-left-width: 0px !important;padding-top: 0px !important;padding-right: 0px !important;padding-bottom: 0px !important;padding-left: 0px !important;}&#8221;][rev_slider_vc alias=&#8221;pag-traghetti&#8221; el_class=&#8221;rev_slider_wrapper-1&#8243;][\/vc_column][\/vc_row][vc_row][vc_column][vc_separator color=&#8221;custom&#8221; style=&#8221;shadow&#8221; accent_color=&#8221;#000000&#8243;][\/vc_column][\/vc_row][vc_row bottom_margin=&#8221;50&#8243;][vc_column][vc_column_text]L\u2019on peut rejoindre l&#8217;\u00eele d&#8217;Elbe en embarquant \u00e0 Piombino Marittima, o\u00f9 deux compagnies maritimes (Moby &amp; Toremar et Blu Navy) disposent<\/p>\n<a href=\"https:\/\/www.hotelgallonero.it\/fr\/infos-et-contacts\/reservation-de-ferry\/\" class=\"more-link\">Read More<\/a>","protected":false},"author":1,"featured_media":0,"parent":2948,"menu_order":3,"comment_status":"closed","ping_status":"closed","template":"","meta":{"footnotes":""},"class_list":["post-2971","page","type-page","status-publish","hentry"],"yoast_head":"<!-- This site is optimized with the Yoast SEO plugin v27.3 - https:\/\/yoast.com\/product\/yoast-seo-wordpress\/ -->\n<title>R\u00e9servation de Ferry - Hotel Gallo Nero, Sant&#039;Andrea, \u00cele d&#039;Elbe<\/title>\n<meta name=\"description\" content=\"L\u2019on peut rejoindre l&#039;\u00eele d&#039;Elbe en embarquant \u00e0 Piombino. En une heure de navigation, ils parcourent les 10 km qui s\u00e9parent l&#039;\u00eele du continent.\" \/>\n<meta name=\"robots\" content=\"index, follow, max-snippet:-1, max-image-preview:large, max-video-preview:-1\" \/>\n<link rel=\"canonical\" href=\"https:\/\/www.hotelgallonero.it\/fr\/infos-et-contacts\/reservation-de-ferry\/\" \/>\n<meta property=\"og:locale\" content=\"fr_FR\" \/>\n<meta property=\"og:type\" content=\"article\" \/>\n<meta property=\"og:title\" content=\"R\u00e9servation de Ferry - Hotel Gallo Nero, Sant&#039;Andrea, \u00cele d&#039;Elbe\" \/>\n<meta property=\"og:description\" content=\"L\u2019on peut rejoindre l&#039;\u00eele d&#039;Elbe en embarquant \u00e0 Piombino. En une heure de navigation, ils parcourent les 10 km qui s\u00e9parent l&#039;\u00eele du continent.\" \/>\n<meta property=\"og:url\" content=\"https:\/\/www.hotelgallonero.it\/fr\/infos-et-contacts\/reservation-de-ferry\/\" \/>\n<meta property=\"og:site_name\" content=\"Hotel Gallo Nero\" \/>\n<meta property=\"article:publisher\" content=\"https:\/\/www.facebook.com\/Hotel-Gallo-Nero-475373429149830\/\" \/>\n<meta property=\"article:modified_time\" content=\"2025-03-26T09:08:27+00:00\" \/>\n<meta property=\"og:image\" content=\"https:\/\/www.hotelgallonero.it\/wp-content\/uploads\/blu_navy_elba-300x71.png\" \/>\n<meta name=\"twitter:card\" content=\"summary_large_image\" \/>\n<meta name=\"twitter:label1\" content=\"Dur\u00e9e de lecture estim\u00e9e\" \/>\n\t<meta name=\"twitter:data1\" content=\"2 minutes\" \/>\n<script type=\"application\/ld+json\" class=\"yoast-schema-graph\">{\"@context\":\"https:\\\/\\\/schema.org\",\"@graph\":[{\"@type\":\"WebPage\",\"@id\":\"https:\\\/\\\/www.hotelgallonero.it\\\/fr\\\/infos-et-contacts\\\/reservation-de-ferry\\\/\",\"url\":\"https:\\\/\\\/www.hotelgallonero.it\\\/fr\\\/infos-et-contacts\\\/reservation-de-ferry\\\/\",\"name\":\"R\u00e9servation de Ferry - Hotel Gallo Nero, Sant'Andrea, \u00cele d'Elbe\",\"isPartOf\":{\"@id\":\"https:\\\/\\\/www.hotelgallonero.it\\\/fr\\\/#website\"},\"primaryImageOfPage\":{\"@id\":\"https:\\\/\\\/www.hotelgallonero.it\\\/fr\\\/infos-et-contacts\\\/reservation-de-ferry\\\/#primaryimage\"},\"image\":{\"@id\":\"https:\\\/\\\/www.hotelgallonero.it\\\/fr\\\/infos-et-contacts\\\/reservation-de-ferry\\\/#primaryimage\"},\"thumbnailUrl\":\"https:\\\/\\\/www.hotelgallonero.it\\\/wp-content\\\/uploads\\\/blu_navy_elba-300x71.png\",\"datePublished\":\"2018-03-16T13:50:50+00:00\",\"dateModified\":\"2025-03-26T09:08:27+00:00\",\"description\":\"L\u2019on peut rejoindre l'\u00eele d'Elbe en embarquant \u00e0 Piombino. En une heure de navigation, ils parcourent les 10 km qui s\u00e9parent l'\u00eele du continent.\",\"breadcrumb\":{\"@id\":\"https:\\\/\\\/www.hotelgallonero.it\\\/fr\\\/infos-et-contacts\\\/reservation-de-ferry\\\/#breadcrumb\"},\"inLanguage\":\"fr-FR\",\"potentialAction\":[{\"@type\":\"ReadAction\",\"target\":[\"https:\\\/\\\/www.hotelgallonero.it\\\/fr\\\/infos-et-contacts\\\/reservation-de-ferry\\\/\"]}]},{\"@type\":\"ImageObject\",\"inLanguage\":\"fr-FR\",\"@id\":\"https:\\\/\\\/www.hotelgallonero.it\\\/fr\\\/infos-et-contacts\\\/reservation-de-ferry\\\/#primaryimage\",\"url\":\"https:\\\/\\\/www.hotelgallonero.it\\\/wp-content\\\/uploads\\\/blu_navy_elba-300x71.png\",\"contentUrl\":\"https:\\\/\\\/www.hotelgallonero.it\\\/wp-content\\\/uploads\\\/blu_navy_elba-300x71.png\"},{\"@type\":\"BreadcrumbList\",\"@id\":\"https:\\\/\\\/www.hotelgallonero.it\\\/fr\\\/infos-et-contacts\\\/reservation-de-ferry\\\/#breadcrumb\",\"itemListElement\":[{\"@type\":\"ListItem\",\"position\":1,\"name\":\"Home\",\"item\":\"https:\\\/\\\/www.hotelgallonero.it\\\/fr\\\/\"},{\"@type\":\"ListItem\",\"position\":2,\"name\":\"Infos et Contacts\",\"item\":\"https:\\\/\\\/www.hotelgallonero.it\\\/fr\\\/infos-et-contacts\\\/\"},{\"@type\":\"ListItem\",\"position\":3,\"name\":\"R\u00e9servation de Ferry\"}]},{\"@type\":\"WebSite\",\"@id\":\"https:\\\/\\\/www.hotelgallonero.it\\\/fr\\\/#website\",\"url\":\"https:\\\/\\\/www.hotelgallonero.it\\\/fr\\\/\",\"name\":\"Hotel Gallo Nero\",\"description\":\"Hotel a Sant'Andrea, all'Isola d'Elba\",\"publisher\":{\"@id\":\"https:\\\/\\\/www.hotelgallonero.it\\\/fr\\\/#organization\"},\"potentialAction\":[{\"@type\":\"SearchAction\",\"target\":{\"@type\":\"EntryPoint\",\"urlTemplate\":\"https:\\\/\\\/www.hotelgallonero.it\\\/fr\\\/?s={search_term_string}\"},\"query-input\":{\"@type\":\"PropertyValueSpecification\",\"valueRequired\":true,\"valueName\":\"search_term_string\"}}],\"inLanguage\":\"fr-FR\"},{\"@type\":\"Organization\",\"@id\":\"https:\\\/\\\/www.hotelgallonero.it\\\/fr\\\/#organization\",\"name\":\"Hotel Gallo Nero\",\"url\":\"https:\\\/\\\/www.hotelgallonero.it\\\/fr\\\/\",\"logo\":{\"@type\":\"ImageObject\",\"inLanguage\":\"fr-FR\",\"@id\":\"https:\\\/\\\/www.hotelgallonero.it\\\/fr\\\/#\\\/schema\\\/logo\\\/image\\\/\",\"url\":\"https:\\\/\\\/www.hotelgallonero.it\\\/wp-content\\\/uploads\\\/hotel_gallo_nero_elba.png\",\"contentUrl\":\"https:\\\/\\\/www.hotelgallonero.it\\\/wp-content\\\/uploads\\\/hotel_gallo_nero_elba.png\",\"width\":460,\"height\":351,\"caption\":\"Hotel Gallo Nero\"},\"image\":{\"@id\":\"https:\\\/\\\/www.hotelgallonero.it\\\/fr\\\/#\\\/schema\\\/logo\\\/image\\\/\"},\"sameAs\":[\"https:\\\/\\\/www.facebook.com\\\/Hotel-Gallo-Nero-475373429149830\\\/\"]}]}<\/script>\n<!-- \/ Yoast SEO plugin. -->","yoast_head_json":{"title":"R\u00e9servation de Ferry - Hotel Gallo Nero, Sant'Andrea, \u00cele d'Elbe","description":"L\u2019on peut rejoindre l'\u00eele d'Elbe en embarquant \u00e0 Piombino. En une heure de navigation, ils parcourent les 10 km qui s\u00e9parent l'\u00eele du continent.","robots":{"index":"index","follow":"follow","max-snippet":"max-snippet:-1","max-image-preview":"max-image-preview:large","max-video-preview":"max-video-preview:-1"},"canonical":"https:\/\/www.hotelgallonero.it\/fr\/infos-et-contacts\/reservation-de-ferry\/","og_locale":"fr_FR","og_type":"article","og_title":"R\u00e9servation de Ferry - Hotel Gallo Nero, Sant'Andrea, \u00cele d'Elbe","og_description":"L\u2019on peut rejoindre l'\u00eele d'Elbe en embarquant \u00e0 Piombino. En une heure de navigation, ils parcourent les 10 km qui s\u00e9parent l'\u00eele du continent.","og_url":"https:\/\/www.hotelgallonero.it\/fr\/infos-et-contacts\/reservation-de-ferry\/","og_site_name":"Hotel Gallo Nero","article_publisher":"https:\/\/www.facebook.com\/Hotel-Gallo-Nero-475373429149830\/","article_modified_time":"2025-03-26T09:08:27+00:00","og_image":[{"url":"https:\/\/www.hotelgallonero.it\/wp-content\/uploads\/blu_navy_elba-300x71.png","type":"","width":"","height":""}],"twitter_card":"summary_large_image","twitter_misc":{"Dur\u00e9e de lecture estim\u00e9e":"2 minutes"},"schema":{"@context":"https:\/\/schema.org","@graph":[{"@type":"WebPage","@id":"https:\/\/www.hotelgallonero.it\/fr\/infos-et-contacts\/reservation-de-ferry\/","url":"https:\/\/www.hotelgallonero.it\/fr\/infos-et-contacts\/reservation-de-ferry\/","name":"R\u00e9servation de Ferry - Hotel Gallo Nero, Sant'Andrea, \u00cele d'Elbe","isPartOf":{"@id":"https:\/\/www.hotelgallonero.it\/fr\/#website"},"primaryImageOfPage":{"@id":"https:\/\/www.hotelgallonero.it\/fr\/infos-et-contacts\/reservation-de-ferry\/#primaryimage"},"image":{"@id":"https:\/\/www.hotelgallonero.it\/fr\/infos-et-contacts\/reservation-de-ferry\/#primaryimage"},"thumbnailUrl":"https:\/\/www.hotelgallonero.it\/wp-content\/uploads\/blu_navy_elba-300x71.png","datePublished":"2018-03-16T13:50:50+00:00","dateModified":"2025-03-26T09:08:27+00:00","description":"L\u2019on peut rejoindre l'\u00eele d'Elbe en embarquant \u00e0 Piombino. En une heure de navigation, ils parcourent les 10 km qui s\u00e9parent l'\u00eele du continent.","breadcrumb":{"@id":"https:\/\/www.hotelgallonero.it\/fr\/infos-et-contacts\/reservation-de-ferry\/#breadcrumb"},"inLanguage":"fr-FR","potentialAction":[{"@type":"ReadAction","target":["https:\/\/www.hotelgallonero.it\/fr\/infos-et-contacts\/reservation-de-ferry\/"]}]},{"@type":"ImageObject","inLanguage":"fr-FR","@id":"https:\/\/www.hotelgallonero.it\/fr\/infos-et-contacts\/reservation-de-ferry\/#primaryimage","url":"https:\/\/www.hotelgallonero.it\/wp-content\/uploads\/blu_navy_elba-300x71.png","contentUrl":"https:\/\/www.hotelgallonero.it\/wp-content\/uploads\/blu_navy_elba-300x71.png"},{"@type":"BreadcrumbList","@id":"https:\/\/www.hotelgallonero.it\/fr\/infos-et-contacts\/reservation-de-ferry\/#breadcrumb","itemListElement":[{"@type":"ListItem","position":1,"name":"Home","item":"https:\/\/www.hotelgallonero.it\/fr\/"},{"@type":"ListItem","position":2,"name":"Infos et Contacts","item":"https:\/\/www.hotelgallonero.it\/fr\/infos-et-contacts\/"},{"@type":"ListItem","position":3,"name":"R\u00e9servation de Ferry"}]},{"@type":"WebSite","@id":"https:\/\/www.hotelgallonero.it\/fr\/#website","url":"https:\/\/www.hotelgallonero.it\/fr\/","name":"Hotel Gallo Nero","description":"Hotel a Sant'Andrea, all'Isola d'Elba","publisher":{"@id":"https:\/\/www.hotelgallonero.it\/fr\/#organization"},"potentialAction":[{"@type":"SearchAction","target":{"@type":"EntryPoint","urlTemplate":"https:\/\/www.hotelgallonero.it\/fr\/?s={search_term_string}"},"query-input":{"@type":"PropertyValueSpecification","valueRequired":true,"valueName":"search_term_string"}}],"inLanguage":"fr-FR"},{"@type":"Organization","@id":"https:\/\/www.hotelgallonero.it\/fr\/#organization","name":"Hotel Gallo Nero","url":"https:\/\/www.hotelgallonero.it\/fr\/","logo":{"@type":"ImageObject","inLanguage":"fr-FR","@id":"https:\/\/www.hotelgallonero.it\/fr\/#\/schema\/logo\/image\/","url":"https:\/\/www.hotelgallonero.it\/wp-content\/uploads\/hotel_gallo_nero_elba.png","contentUrl":"https:\/\/www.hotelgallonero.it\/wp-content\/uploads\/hotel_gallo_nero_elba.png","width":460,"height":351,"caption":"Hotel Gallo Nero"},"image":{"@id":"https:\/\/www.hotelgallonero.it\/fr\/#\/schema\/logo\/image\/"},"sameAs":["https:\/\/www.facebook.com\/Hotel-Gallo-Nero-475373429149830\/"]}]}},"_links":{"self":[{"href":"https:\/\/www.hotelgallonero.it\/fr\/wp-json\/wp\/v2\/pages\/2971","targetHints":{"allow":["GET"]}}],"collection":[{"href":"https:\/\/www.hotelgallonero.it\/fr\/wp-json\/wp\/v2\/pages"}],"about":[{"href":"https:\/\/www.hotelgallonero.it\/fr\/wp-json\/wp\/v2\/types\/page"}],"author":[{"embeddable":true,"href":"https:\/\/www.hotelgallonero.it\/fr\/wp-json\/wp\/v2\/users\/1"}],"replies":[{"embeddable":true,"href":"https:\/\/www.hotelgallonero.it\/fr\/wp-json\/wp\/v2\/comments?post=2971"}],"version-history":[{"count":6,"href":"https:\/\/www.hotelgallonero.it\/fr\/wp-json\/wp\/v2\/pages\/2971\/revisions"}],"predecessor-version":[{"id":3580,"href":"https:\/\/www.hotelgallonero.it\/fr\/wp-json\/wp\/v2\/pages\/2971\/revisions\/3580"}],"up":[{"embeddable":true,"href":"https:\/\/www.hotelgallonero.it\/fr\/wp-json\/wp\/v2\/pages\/2948"}],"wp:attachment":[{"href":"https:\/\/www.hotelgallonero.it\/fr\/wp-json\/wp\/v2\/media?parent=2971"}],"curies":[{"name":"wp","href":"https:\/\/api.w.org\/{rel}","templated":true}]}}