{"id":2923,"date":"2018-03-22T09:54:40","date_gmt":"2018-03-22T08:54:40","guid":{"rendered":"https:\/\/www.hotelgallonero.it\/ou-nous-sommes\/isola-d-elba\/"},"modified":"2025-05-28T11:11:26","modified_gmt":"2025-05-28T09:11:26","slug":"ile-d-elbe","status":"publish","type":"page","link":"https:\/\/www.hotelgallonero.it\/fr\/ou-sommes-nous\/ile-d-elbe\/","title":{"rendered":"\u00cele d&#8217;Elbe"},"content":{"rendered":"<p>[vc_row type=&#8221;full_width_section&#8221; bottom_padding=&#8221;0&#8243; bottom_margin=&#8221;0&#8243;][vc_column css=&#8221;.vc_custom_1521121559607{margin-top: 0px !important;margin-right: 0px !important;margin-bottom: 0px !important;margin-left: 0px !important;border-top-width: 0px !important;border-right-width: 0px !important;border-bottom-width: 0px !important;border-left-width: 0px !important;padding-top: 0px !important;padding-right: 0px !important;padding-bottom: 0px !important;padding-left: 0px !important;}&#8221;][rev_slider_vc alias=&#8221;pag-isoladelba&#8221; el_class=&#8221;rev_slider_wrapper-1&#8243;][\/vc_column][\/vc_row][vc_row][vc_column][vc_separator color=&#8221;custom&#8221; style=&#8221;shadow&#8221; accent_color=&#8221;#000000&#8243;][\/vc_column][\/vc_row][vc_row bottom_margin=&#8221;50&#8243;][vc_column]<h4>\u00cele d&#8217;Elbe<\/h4><div class=\"title-block-6\"><\/div>[vc_column_text]Troisi\u00e8me plus grande \u00eele italienne en termes de superficie, l\u2019Elbe est la plus grande des sept \u00eeles qui composent l&#8217;Archipel Toscan et c\u2019est aussi la plus vari\u00e9e en termes de paysages.<\/p>\n<p>Aujourd&#8217;hui, l&#8217;\u00eele est une destination de vacances pour plus de trois millions de touristes par an, qui la choisissent pour la beaut\u00e9 de la mer et sa nature encore sauvage en de nombreux endroits.<\/p>\n<p>Malgr\u00e9 ses sept communes et ses nombreux villages historiques, l&#8217;\u00eele d&#8217;Elbe est tr\u00e8s verte, avec un riche patrimoine v\u00e9g\u00e9tal qui, surtout au printemps et \u00e0 l\u2019automne, s&#8217;anime de couleurs depuis les falaises jusqu&#8217;au sommet du mont Capanne (1 019 m). Un r\u00f4le important, de ce point de vue, est jou\u00e9 par le climat doux, avec des temp\u00e9ratures moyennes de 10\u00b0C en hiver et de 24-30\u00b0C en \u00e9t\u00e9.<\/p>\n<h5>De la mer \u00e0 la montagne<\/h5>\n<p>Appr\u00e9ci\u00e9e depuis plus d&#8217;un demi-si\u00e8cle pour la clart\u00e9 de la mer et la vari\u00e9t\u00e9 des 100 plages et criques qui se succ\u00e8dent le long des 147 km de c\u00f4tes, l&#8217;\u00eele d&#8217;Elbe est en mesure de satisfaire tous les amoureux de la mer, gr\u00e2ce \u00e9galement aux nombreuses activit\u00e9s nautiques pour lesquelles elle offre des services de tous niveaux. Cependant, depuis plusieurs ann\u00e9es, le nombre de passionn\u00e9s qui choisissent de faire du trekking et du VTT le long de l&#8217;extraordinaire r\u00e9seau de sentiers qui traversent l&#8217;\u00eele, offrant des environnements et des paysages diff\u00e9rents, ne cesse d\u2019augmenter.<\/p>\n<h5>Parc National depuis 1996<\/h5>\n<p>La valeur naturaliste de l&#8217;\u00eele d&#8217;Elbe et des autres \u00eeles toscanes a conduit \u00e0 la cr\u00e9ation, en 1996, du Parc National de l&#8217;Archipel Toscan, la plus vaste zone marine prot\u00e9g\u00e9e de la M\u00e9diterran\u00e9e. Si\u00e8ge du Parc et de la R\u00e9serve \u201cIsole di Toscana MAB UNESCO\u201d, l&#8217;\u00eele d&#8217;Elbe prot\u00e8ge environ la moiti\u00e9 de son territoire, riche en pr\u00e9cieux \u00e9cosyst\u00e8mes naturels. Depuis l&#8217;\u00eele d&#8217;Elbe, il est possible d&#8217;acc\u00e9der quotidiennement \u00e0 l&#8217;\u00eele prot\u00e9g\u00e9e de Pianosa, v\u00e9ritable joyau historique et naturel et l&#8217;une des destinations touristiques les plus populaires de l&#8217;Archipel.<\/p>\n<h5>\u2019Elbe dans l&#8217;histoire<\/h5>\n<p>Connue depuis l&#8217;Antiquit\u00e9 pour ses riches gisements de fer et de min\u00e9raux, l&#8217;\u00eele d&#8217;Elbe a fait l&#8217;objet d&#8217;importantes dominations. Les \u00c9trusques, les Romains, les Pisans, les Espagnols et les Fran\u00e7ais ont tous laiss\u00e9 leur empreinte sur l&#8217;\u00eele. Tours, forteresses, ruines anciennes et villas t\u00e9moignent de l&#8217;importance strat\u00e9gique de l&#8217;\u00eele dans l&#8217;histoire. Parmi les monuments les plus c\u00e9l\u00e8bres, citons les forteresses des M\u00e9dicis \u00e0 Portoferraio, la forteresse espagnole \u00e0 Porto Azzurro et les deux r\u00e9sidences du plus c\u00e9l\u00e8bre des h\u00f4tes de l\u2019\u00eele, Napol\u00e9on Bonaparte, qui y fut exil\u00e9 et en devint le gouverneur.<\/p>\n<p>De nombreux facteurs font donc de l&#8217;\u00eele d&#8217;Elbe une destination de vacances id\u00e9ale, mais la proximit\u00e9 du continent est \u00e9galement importante : l&#8217;\u00eele se trouve \u00e0 seulement 10 km de Piombino et elle peut \u00eatre rejointe en une heure de ferry.[\/vc_column_text][vc_gallery type=&#8221;flexslider_slide&#8221; interval=&#8221;0&#8243; images=&#8221;997,998,999,1000,1001,1002,1003,1004,1005,1006,1007,1008&#8243; img_size=&#8221;1200&#215;600&#8243; onclick=&#8221;&#8221;][\/vc_column][\/vc_row]<\/p>\n","protected":false},"excerpt":{"rendered":"<p>[vc_row type=&#8221;full_width_section&#8221; bottom_padding=&#8221;0&#8243; bottom_margin=&#8221;0&#8243;][vc_column css=&#8221;.vc_custom_1521121559607{margin-top: 0px !important;margin-right: 0px !important;margin-bottom: 0px !important;margin-left: 0px !important;border-top-width: 0px !important;border-right-width: 0px !important;border-bottom-width: 0px !important;border-left-width: 0px !important;padding-top: 0px !important;padding-right: 0px !important;padding-bottom: 0px !important;padding-left: 0px !important;}&#8221;][rev_slider_vc alias=&#8221;pag-isoladelba&#8221; el_class=&#8221;rev_slider_wrapper-1&#8243;][\/vc_column][\/vc_row][vc_row][vc_column][vc_separator color=&#8221;custom&#8221; style=&#8221;shadow&#8221; accent_color=&#8221;#000000&#8243;][\/vc_column][\/vc_row][vc_row bottom_margin=&#8221;50&#8243;][vc_column][vc_column_text]Troisi\u00e8me plus grande \u00eele italienne en termes de superficie, l\u2019Elbe est la plus grande des sept \u00eeles qui composent l&#8217;Archipel Toscan<\/p>\n<a href=\"https:\/\/www.hotelgallonero.it\/fr\/ou-sommes-nous\/ile-d-elbe\/\" class=\"more-link\">Read More<\/a>","protected":false},"author":1,"featured_media":0,"parent":2900,"menu_order":4,"comment_status":"closed","ping_status":"closed","template":"","meta":{"footnotes":""},"class_list":["post-2923","page","type-page","status-publish","hentry"],"yoast_head":"<!-- This site is optimized with the Yoast SEO plugin v27.3 - https:\/\/yoast.com\/product\/yoast-seo-wordpress\/ -->\n<title>\u00cele d&#039;Elbe - Hotel Gallo Nero, Sant&#039;Andrea, \u00cele d&#039;Elbe<\/title>\n<meta name=\"description\" content=\"Troisi\u00e8me plus grande \u00eele italienne en termes de superficie, l\u2019Elbe est la plus grande des sept \u00eeles qui composent l&#039;Archipel Toscan.\" \/>\n<meta name=\"robots\" content=\"index, follow, max-snippet:-1, max-image-preview:large, max-video-preview:-1\" \/>\n<link rel=\"canonical\" href=\"https:\/\/www.hotelgallonero.it\/fr\/ou-sommes-nous\/ile-d-elbe\/\" \/>\n<meta property=\"og:locale\" content=\"fr_FR\" \/>\n<meta property=\"og:type\" content=\"article\" \/>\n<meta property=\"og:title\" content=\"\u00cele d&#039;Elbe - Hotel Gallo Nero, Sant&#039;Andrea, \u00cele d&#039;Elbe\" \/>\n<meta property=\"og:description\" content=\"Troisi\u00e8me plus grande \u00eele italienne en termes de superficie, l\u2019Elbe est la plus grande des sept \u00eeles qui composent l&#039;Archipel Toscan.\" \/>\n<meta property=\"og:url\" content=\"https:\/\/www.hotelgallonero.it\/fr\/ou-sommes-nous\/ile-d-elbe\/\" \/>\n<meta property=\"og:site_name\" content=\"Hotel Gallo Nero\" \/>\n<meta property=\"article:publisher\" content=\"https:\/\/www.facebook.com\/Hotel-Gallo-Nero-475373429149830\/\" \/>\n<meta property=\"article:modified_time\" content=\"2025-05-28T09:11:26+00:00\" \/>\n<meta name=\"twitter:card\" content=\"summary_large_image\" \/>\n<meta name=\"twitter:label1\" content=\"Dur\u00e9e de lecture estim\u00e9e\" \/>\n\t<meta name=\"twitter:data1\" content=\"3 minutes\" \/>\n<script type=\"application\/ld+json\" class=\"yoast-schema-graph\">{\"@context\":\"https:\\\/\\\/schema.org\",\"@graph\":[{\"@type\":\"WebPage\",\"@id\":\"https:\\\/\\\/www.hotelgallonero.it\\\/fr\\\/ou-sommes-nous\\\/ile-d-elbe\\\/\",\"url\":\"https:\\\/\\\/www.hotelgallonero.it\\\/fr\\\/ou-sommes-nous\\\/ile-d-elbe\\\/\",\"name\":\"\u00cele d'Elbe - Hotel Gallo Nero, Sant'Andrea, \u00cele d'Elbe\",\"isPartOf\":{\"@id\":\"https:\\\/\\\/www.hotelgallonero.it\\\/fr\\\/#website\"},\"datePublished\":\"2018-03-22T08:54:40+00:00\",\"dateModified\":\"2025-05-28T09:11:26+00:00\",\"description\":\"Troisi\u00e8me plus grande \u00eele italienne en termes de superficie, l\u2019Elbe est la plus grande des sept \u00eeles qui composent l'Archipel Toscan.\",\"breadcrumb\":{\"@id\":\"https:\\\/\\\/www.hotelgallonero.it\\\/fr\\\/ou-sommes-nous\\\/ile-d-elbe\\\/#breadcrumb\"},\"inLanguage\":\"fr-FR\",\"potentialAction\":[{\"@type\":\"ReadAction\",\"target\":[\"https:\\\/\\\/www.hotelgallonero.it\\\/fr\\\/ou-sommes-nous\\\/ile-d-elbe\\\/\"]}]},{\"@type\":\"BreadcrumbList\",\"@id\":\"https:\\\/\\\/www.hotelgallonero.it\\\/fr\\\/ou-sommes-nous\\\/ile-d-elbe\\\/#breadcrumb\",\"itemListElement\":[{\"@type\":\"ListItem\",\"position\":1,\"name\":\"Home\",\"item\":\"https:\\\/\\\/www.hotelgallonero.it\\\/fr\\\/\"},{\"@type\":\"ListItem\",\"position\":2,\"name\":\"O\u00f9 sommes-nous\",\"item\":\"https:\\\/\\\/www.hotelgallonero.it\\\/fr\\\/ou-sommes-nous\\\/\"},{\"@type\":\"ListItem\",\"position\":3,\"name\":\"\u00cele d&#8217;Elbe\"}]},{\"@type\":\"WebSite\",\"@id\":\"https:\\\/\\\/www.hotelgallonero.it\\\/fr\\\/#website\",\"url\":\"https:\\\/\\\/www.hotelgallonero.it\\\/fr\\\/\",\"name\":\"Hotel Gallo Nero\",\"description\":\"Hotel a Sant'Andrea, all'Isola d'Elba\",\"publisher\":{\"@id\":\"https:\\\/\\\/www.hotelgallonero.it\\\/fr\\\/#organization\"},\"potentialAction\":[{\"@type\":\"SearchAction\",\"target\":{\"@type\":\"EntryPoint\",\"urlTemplate\":\"https:\\\/\\\/www.hotelgallonero.it\\\/fr\\\/?s={search_term_string}\"},\"query-input\":{\"@type\":\"PropertyValueSpecification\",\"valueRequired\":true,\"valueName\":\"search_term_string\"}}],\"inLanguage\":\"fr-FR\"},{\"@type\":\"Organization\",\"@id\":\"https:\\\/\\\/www.hotelgallonero.it\\\/fr\\\/#organization\",\"name\":\"Hotel Gallo Nero\",\"url\":\"https:\\\/\\\/www.hotelgallonero.it\\\/fr\\\/\",\"logo\":{\"@type\":\"ImageObject\",\"inLanguage\":\"fr-FR\",\"@id\":\"https:\\\/\\\/www.hotelgallonero.it\\\/fr\\\/#\\\/schema\\\/logo\\\/image\\\/\",\"url\":\"https:\\\/\\\/www.hotelgallonero.it\\\/wp-content\\\/uploads\\\/hotel_gallo_nero_elba.png\",\"contentUrl\":\"https:\\\/\\\/www.hotelgallonero.it\\\/wp-content\\\/uploads\\\/hotel_gallo_nero_elba.png\",\"width\":460,\"height\":351,\"caption\":\"Hotel Gallo Nero\"},\"image\":{\"@id\":\"https:\\\/\\\/www.hotelgallonero.it\\\/fr\\\/#\\\/schema\\\/logo\\\/image\\\/\"},\"sameAs\":[\"https:\\\/\\\/www.facebook.com\\\/Hotel-Gallo-Nero-475373429149830\\\/\"]}]}<\/script>\n<!-- \/ Yoast SEO plugin. -->","yoast_head_json":{"title":"\u00cele d'Elbe - Hotel Gallo Nero, Sant'Andrea, \u00cele d'Elbe","description":"Troisi\u00e8me plus grande \u00eele italienne en termes de superficie, l\u2019Elbe est la plus grande des sept \u00eeles qui composent l'Archipel Toscan.","robots":{"index":"index","follow":"follow","max-snippet":"max-snippet:-1","max-image-preview":"max-image-preview:large","max-video-preview":"max-video-preview:-1"},"canonical":"https:\/\/www.hotelgallonero.it\/fr\/ou-sommes-nous\/ile-d-elbe\/","og_locale":"fr_FR","og_type":"article","og_title":"\u00cele d'Elbe - Hotel Gallo Nero, Sant'Andrea, \u00cele d'Elbe","og_description":"Troisi\u00e8me plus grande \u00eele italienne en termes de superficie, l\u2019Elbe est la plus grande des sept \u00eeles qui composent l'Archipel Toscan.","og_url":"https:\/\/www.hotelgallonero.it\/fr\/ou-sommes-nous\/ile-d-elbe\/","og_site_name":"Hotel Gallo Nero","article_publisher":"https:\/\/www.facebook.com\/Hotel-Gallo-Nero-475373429149830\/","article_modified_time":"2025-05-28T09:11:26+00:00","twitter_card":"summary_large_image","twitter_misc":{"Dur\u00e9e de lecture estim\u00e9e":"3 minutes"},"schema":{"@context":"https:\/\/schema.org","@graph":[{"@type":"WebPage","@id":"https:\/\/www.hotelgallonero.it\/fr\/ou-sommes-nous\/ile-d-elbe\/","url":"https:\/\/www.hotelgallonero.it\/fr\/ou-sommes-nous\/ile-d-elbe\/","name":"\u00cele d'Elbe - Hotel Gallo Nero, Sant'Andrea, \u00cele d'Elbe","isPartOf":{"@id":"https:\/\/www.hotelgallonero.it\/fr\/#website"},"datePublished":"2018-03-22T08:54:40+00:00","dateModified":"2025-05-28T09:11:26+00:00","description":"Troisi\u00e8me plus grande \u00eele italienne en termes de superficie, l\u2019Elbe est la plus grande des sept \u00eeles qui composent l'Archipel Toscan.","breadcrumb":{"@id":"https:\/\/www.hotelgallonero.it\/fr\/ou-sommes-nous\/ile-d-elbe\/#breadcrumb"},"inLanguage":"fr-FR","potentialAction":[{"@type":"ReadAction","target":["https:\/\/www.hotelgallonero.it\/fr\/ou-sommes-nous\/ile-d-elbe\/"]}]},{"@type":"BreadcrumbList","@id":"https:\/\/www.hotelgallonero.it\/fr\/ou-sommes-nous\/ile-d-elbe\/#breadcrumb","itemListElement":[{"@type":"ListItem","position":1,"name":"Home","item":"https:\/\/www.hotelgallonero.it\/fr\/"},{"@type":"ListItem","position":2,"name":"O\u00f9 sommes-nous","item":"https:\/\/www.hotelgallonero.it\/fr\/ou-sommes-nous\/"},{"@type":"ListItem","position":3,"name":"\u00cele d&#8217;Elbe"}]},{"@type":"WebSite","@id":"https:\/\/www.hotelgallonero.it\/fr\/#website","url":"https:\/\/www.hotelgallonero.it\/fr\/","name":"Hotel Gallo Nero","description":"Hotel a Sant'Andrea, all'Isola d'Elba","publisher":{"@id":"https:\/\/www.hotelgallonero.it\/fr\/#organization"},"potentialAction":[{"@type":"SearchAction","target":{"@type":"EntryPoint","urlTemplate":"https:\/\/www.hotelgallonero.it\/fr\/?s={search_term_string}"},"query-input":{"@type":"PropertyValueSpecification","valueRequired":true,"valueName":"search_term_string"}}],"inLanguage":"fr-FR"},{"@type":"Organization","@id":"https:\/\/www.hotelgallonero.it\/fr\/#organization","name":"Hotel Gallo Nero","url":"https:\/\/www.hotelgallonero.it\/fr\/","logo":{"@type":"ImageObject","inLanguage":"fr-FR","@id":"https:\/\/www.hotelgallonero.it\/fr\/#\/schema\/logo\/image\/","url":"https:\/\/www.hotelgallonero.it\/wp-content\/uploads\/hotel_gallo_nero_elba.png","contentUrl":"https:\/\/www.hotelgallonero.it\/wp-content\/uploads\/hotel_gallo_nero_elba.png","width":460,"height":351,"caption":"Hotel Gallo Nero"},"image":{"@id":"https:\/\/www.hotelgallonero.it\/fr\/#\/schema\/logo\/image\/"},"sameAs":["https:\/\/www.facebook.com\/Hotel-Gallo-Nero-475373429149830\/"]}]}},"_links":{"self":[{"href":"https:\/\/www.hotelgallonero.it\/fr\/wp-json\/wp\/v2\/pages\/2923","targetHints":{"allow":["GET"]}}],"collection":[{"href":"https:\/\/www.hotelgallonero.it\/fr\/wp-json\/wp\/v2\/pages"}],"about":[{"href":"https:\/\/www.hotelgallonero.it\/fr\/wp-json\/wp\/v2\/types\/page"}],"author":[{"embeddable":true,"href":"https:\/\/www.hotelgallonero.it\/fr\/wp-json\/wp\/v2\/users\/1"}],"replies":[{"embeddable":true,"href":"https:\/\/www.hotelgallonero.it\/fr\/wp-json\/wp\/v2\/comments?post=2923"}],"version-history":[{"count":2,"href":"https:\/\/www.hotelgallonero.it\/fr\/wp-json\/wp\/v2\/pages\/2923\/revisions"}],"predecessor-version":[{"id":3680,"href":"https:\/\/www.hotelgallonero.it\/fr\/wp-json\/wp\/v2\/pages\/2923\/revisions\/3680"}],"up":[{"embeddable":true,"href":"https:\/\/www.hotelgallonero.it\/fr\/wp-json\/wp\/v2\/pages\/2900"}],"wp:attachment":[{"href":"https:\/\/www.hotelgallonero.it\/fr\/wp-json\/wp\/v2\/media?parent=2923"}],"curies":[{"name":"wp","href":"https:\/\/api.w.org\/{rel}","templated":true}]}}