{"id":2912,"date":"2018-03-16T15:21:47","date_gmt":"2018-03-16T14:21:47","guid":{"rendered":"https:\/\/www.hotelgallonero.it\/ou-nous-sommes\/sant-andrea\/"},"modified":"2025-05-28T11:10:20","modified_gmt":"2025-05-28T09:10:20","slug":"sant-andrea","status":"publish","type":"page","link":"https:\/\/www.hotelgallonero.it\/fr\/ou-sommes-nous\/sant-andrea\/","title":{"rendered":"Sant&#8217;Andrea"},"content":{"rendered":"<p>[vc_row type=&#8221;full_width_section&#8221; bottom_padding=&#8221;0&#8243; bottom_margin=&#8221;0&#8243;][vc_column css=&#8221;.vc_custom_1521121559607{margin-top: 0px !important;margin-right: 0px !important;margin-bottom: 0px !important;margin-left: 0px !important;border-top-width: 0px !important;border-right-width: 0px !important;border-bottom-width: 0px !important;border-left-width: 0px !important;padding-top: 0px !important;padding-right: 0px !important;padding-bottom: 0px !important;padding-left: 0px !important;}&#8221;][rev_slider_vc alias=&#8221;pag-santandrea&#8221; el_class=&#8221;rev_slider_wrapper-1&#8243;][\/vc_column][\/vc_row][vc_row][vc_column][vc_separator color=&#8221;custom&#8221; style=&#8221;shadow&#8221; accent_color=&#8221;#000000&#8243;][\/vc_column][\/vc_row][vc_row bottom_margin=&#8221;50&#8243;][vc_column]<h4>Sant&#8217;Andrea<\/h4><div class=\"title-block-6\"><\/div>[vc_column_text]<strong>Se perdre dans la beaut\u00e9 simple du paysage&#8230;<\/strong><\/p>\n<p>Dans une crique verte et bleue du c\u00f4t\u00e9 occidental de l&#8217;\u00eele d&#8217;Elbe, l\u00e0 o\u00f9 le souffle des bois rencontre la brise marine, la plage de Sant&#8217;Andrea se fraye un chemin entre des rochers sculpt\u00e9s et polis par le temps.<\/p>\n<p>De la pointe rocheuse du Cap du m\u00eame nom \u00e0 la minuscule crique sablonneuse de Cotoncello, des maisons blanches surgissent parmi les jardins et les anciennes terrasses, et se succ\u00e8dent jusqu&#8217;\u00e0 rencontrer le maquis m\u00e9diterran\u00e9en. Tout autour, c&#8217;est l&#8217;\u00e9treinte de la nature prot\u00e9g\u00e9e par le Parc National de l&#8217;Archipel Toscan, avec des kilom\u00e8tres de sentiers parfum\u00e9s qui permettent de rejoindre les villages voisins, mais aussi le sommet du mont Capanne, en passant par des bois de ch\u00e2taigniers s\u00e9culaires, des for\u00eats luxuriantes de ch\u00eanes verts et des \u00e9tendues de granit ancien.<\/p>\n<p>La beaut\u00e9 de la nature se m\u00eale \u00e0 l&#8217;\u00e9l\u00e9gance simple du village, qui offre des structures d&#8217;h\u00e9bergement modernes et bien int\u00e9gr\u00e9es dans un contexte qui conserve les traits du pass\u00e9, lorsque les premi\u00e8res auberges sont n\u00e9es des maisons paysannes. Sant&#8217;Andrea est un endroit sp\u00e9cial, o\u00f9 vous pourrez laisser derri\u00e8re vous, pour un moment, les soucis de la vie quotidienne, sans pour autant renoncer au confort. Sant&#8217;Andrea dispose en effet d&#8217;une jet\u00e9e pour amarrer les petits bateaux, d\u2019une location de bateaux, d\u2019une \u00e9cole de planche \u00e0 voile et de plong\u00e9e, de magasins, bars et restaurants et de nombreux services au sein des h\u00f4tels.[\/vc_column_text][vc_gallery type=&#8221;flexslider_slide&#8221; interval=&#8221;0&#8243; images=&#8221;984,985,986,987,988,989,990,991,993,1552,1553,1554,1555,1556,1557,1558,1559&#8243; img_size=&#8221;1200&#215;600&#8243; onclick=&#8221;&#8221;][\/vc_column][\/vc_row]<\/p>\n","protected":false},"excerpt":{"rendered":"<p>[vc_row type=&#8221;full_width_section&#8221; bottom_padding=&#8221;0&#8243; bottom_margin=&#8221;0&#8243;][vc_column css=&#8221;.vc_custom_1521121559607{margin-top: 0px !important;margin-right: 0px !important;margin-bottom: 0px !important;margin-left: 0px !important;border-top-width: 0px !important;border-right-width: 0px !important;border-bottom-width: 0px !important;border-left-width: 0px !important;padding-top: 0px !important;padding-right: 0px !important;padding-bottom: 0px !important;padding-left: 0px !important;}&#8221;][rev_slider_vc alias=&#8221;pag-santandrea&#8221; el_class=&#8221;rev_slider_wrapper-1&#8243;][\/vc_column][\/vc_row][vc_row][vc_column][vc_separator color=&#8221;custom&#8221; style=&#8221;shadow&#8221; accent_color=&#8221;#000000&#8243;][\/vc_column][\/vc_row][vc_row bottom_margin=&#8221;50&#8243;][vc_column][vc_column_text]Se perdre dans la beaut\u00e9 simple du paysage&#8230; Dans une crique verte et bleue du c\u00f4t\u00e9 occidental de l&#8217;\u00eele d&#8217;Elbe, l\u00e0<\/p>\n<a href=\"https:\/\/www.hotelgallonero.it\/fr\/ou-sommes-nous\/sant-andrea\/\" class=\"more-link\">Read More<\/a>","protected":false},"author":1,"featured_media":0,"parent":2900,"menu_order":3,"comment_status":"closed","ping_status":"closed","template":"","meta":{"footnotes":""},"class_list":["post-2912","page","type-page","status-publish","hentry"],"yoast_head":"<!-- This site is optimized with the Yoast SEO plugin v27.3 - https:\/\/yoast.com\/product\/yoast-seo-wordpress\/ -->\n<title>Sant&#039;Andrea - Hotel Gallo Nero, Sant&#039;Andrea, \u00cele d&#039;Elbe<\/title>\n<meta name=\"description\" content=\"La beaut\u00e9 de la nature se m\u00eale \u00e0 l&#039;\u00e9l\u00e9gance simple du village, qui offre des structures d&#039;h\u00e9bergement modernes.\" \/>\n<meta name=\"robots\" content=\"index, follow, max-snippet:-1, max-image-preview:large, max-video-preview:-1\" \/>\n<link rel=\"canonical\" href=\"https:\/\/www.hotelgallonero.it\/fr\/ou-sommes-nous\/sant-andrea\/\" \/>\n<meta property=\"og:locale\" content=\"fr_FR\" \/>\n<meta property=\"og:type\" content=\"article\" \/>\n<meta property=\"og:title\" content=\"Sant&#039;Andrea - Hotel Gallo Nero, Sant&#039;Andrea, \u00cele d&#039;Elbe\" \/>\n<meta property=\"og:description\" content=\"La beaut\u00e9 de la nature se m\u00eale \u00e0 l&#039;\u00e9l\u00e9gance simple du village, qui offre des structures d&#039;h\u00e9bergement modernes.\" \/>\n<meta property=\"og:url\" content=\"https:\/\/www.hotelgallonero.it\/fr\/ou-sommes-nous\/sant-andrea\/\" \/>\n<meta property=\"og:site_name\" content=\"Hotel Gallo Nero\" \/>\n<meta property=\"article:publisher\" content=\"https:\/\/www.facebook.com\/Hotel-Gallo-Nero-475373429149830\/\" \/>\n<meta property=\"article:modified_time\" content=\"2025-05-28T09:10:20+00:00\" \/>\n<meta name=\"twitter:card\" content=\"summary_large_image\" \/>\n<meta name=\"twitter:label1\" content=\"Dur\u00e9e de lecture estim\u00e9e\" \/>\n\t<meta name=\"twitter:data1\" content=\"2 minutes\" \/>\n<script type=\"application\/ld+json\" class=\"yoast-schema-graph\">{\"@context\":\"https:\\\/\\\/schema.org\",\"@graph\":[{\"@type\":\"WebPage\",\"@id\":\"https:\\\/\\\/www.hotelgallonero.it\\\/fr\\\/ou-sommes-nous\\\/sant-andrea\\\/\",\"url\":\"https:\\\/\\\/www.hotelgallonero.it\\\/fr\\\/ou-sommes-nous\\\/sant-andrea\\\/\",\"name\":\"Sant'Andrea - Hotel Gallo Nero, Sant'Andrea, \u00cele d'Elbe\",\"isPartOf\":{\"@id\":\"https:\\\/\\\/www.hotelgallonero.it\\\/fr\\\/#website\"},\"datePublished\":\"2018-03-16T14:21:47+00:00\",\"dateModified\":\"2025-05-28T09:10:20+00:00\",\"description\":\"La beaut\u00e9 de la nature se m\u00eale \u00e0 l'\u00e9l\u00e9gance simple du village, qui offre des structures d'h\u00e9bergement modernes.\",\"breadcrumb\":{\"@id\":\"https:\\\/\\\/www.hotelgallonero.it\\\/fr\\\/ou-sommes-nous\\\/sant-andrea\\\/#breadcrumb\"},\"inLanguage\":\"fr-FR\",\"potentialAction\":[{\"@type\":\"ReadAction\",\"target\":[\"https:\\\/\\\/www.hotelgallonero.it\\\/fr\\\/ou-sommes-nous\\\/sant-andrea\\\/\"]}]},{\"@type\":\"BreadcrumbList\",\"@id\":\"https:\\\/\\\/www.hotelgallonero.it\\\/fr\\\/ou-sommes-nous\\\/sant-andrea\\\/#breadcrumb\",\"itemListElement\":[{\"@type\":\"ListItem\",\"position\":1,\"name\":\"Home\",\"item\":\"https:\\\/\\\/www.hotelgallonero.it\\\/fr\\\/\"},{\"@type\":\"ListItem\",\"position\":2,\"name\":\"O\u00f9 sommes-nous\",\"item\":\"https:\\\/\\\/www.hotelgallonero.it\\\/fr\\\/ou-sommes-nous\\\/\"},{\"@type\":\"ListItem\",\"position\":3,\"name\":\"Sant&#8217;Andrea\"}]},{\"@type\":\"WebSite\",\"@id\":\"https:\\\/\\\/www.hotelgallonero.it\\\/fr\\\/#website\",\"url\":\"https:\\\/\\\/www.hotelgallonero.it\\\/fr\\\/\",\"name\":\"Hotel Gallo Nero\",\"description\":\"Hotel a Sant'Andrea, all'Isola d'Elba\",\"publisher\":{\"@id\":\"https:\\\/\\\/www.hotelgallonero.it\\\/fr\\\/#organization\"},\"potentialAction\":[{\"@type\":\"SearchAction\",\"target\":{\"@type\":\"EntryPoint\",\"urlTemplate\":\"https:\\\/\\\/www.hotelgallonero.it\\\/fr\\\/?s={search_term_string}\"},\"query-input\":{\"@type\":\"PropertyValueSpecification\",\"valueRequired\":true,\"valueName\":\"search_term_string\"}}],\"inLanguage\":\"fr-FR\"},{\"@type\":\"Organization\",\"@id\":\"https:\\\/\\\/www.hotelgallonero.it\\\/fr\\\/#organization\",\"name\":\"Hotel Gallo Nero\",\"url\":\"https:\\\/\\\/www.hotelgallonero.it\\\/fr\\\/\",\"logo\":{\"@type\":\"ImageObject\",\"inLanguage\":\"fr-FR\",\"@id\":\"https:\\\/\\\/www.hotelgallonero.it\\\/fr\\\/#\\\/schema\\\/logo\\\/image\\\/\",\"url\":\"https:\\\/\\\/www.hotelgallonero.it\\\/wp-content\\\/uploads\\\/hotel_gallo_nero_elba.png\",\"contentUrl\":\"https:\\\/\\\/www.hotelgallonero.it\\\/wp-content\\\/uploads\\\/hotel_gallo_nero_elba.png\",\"width\":460,\"height\":351,\"caption\":\"Hotel Gallo Nero\"},\"image\":{\"@id\":\"https:\\\/\\\/www.hotelgallonero.it\\\/fr\\\/#\\\/schema\\\/logo\\\/image\\\/\"},\"sameAs\":[\"https:\\\/\\\/www.facebook.com\\\/Hotel-Gallo-Nero-475373429149830\\\/\"]}]}<\/script>\n<!-- \/ Yoast SEO plugin. -->","yoast_head_json":{"title":"Sant'Andrea - Hotel Gallo Nero, Sant'Andrea, \u00cele d'Elbe","description":"La beaut\u00e9 de la nature se m\u00eale \u00e0 l'\u00e9l\u00e9gance simple du village, qui offre des structures d'h\u00e9bergement modernes.","robots":{"index":"index","follow":"follow","max-snippet":"max-snippet:-1","max-image-preview":"max-image-preview:large","max-video-preview":"max-video-preview:-1"},"canonical":"https:\/\/www.hotelgallonero.it\/fr\/ou-sommes-nous\/sant-andrea\/","og_locale":"fr_FR","og_type":"article","og_title":"Sant'Andrea - Hotel Gallo Nero, Sant'Andrea, \u00cele d'Elbe","og_description":"La beaut\u00e9 de la nature se m\u00eale \u00e0 l'\u00e9l\u00e9gance simple du village, qui offre des structures d'h\u00e9bergement modernes.","og_url":"https:\/\/www.hotelgallonero.it\/fr\/ou-sommes-nous\/sant-andrea\/","og_site_name":"Hotel Gallo Nero","article_publisher":"https:\/\/www.facebook.com\/Hotel-Gallo-Nero-475373429149830\/","article_modified_time":"2025-05-28T09:10:20+00:00","twitter_card":"summary_large_image","twitter_misc":{"Dur\u00e9e de lecture estim\u00e9e":"2 minutes"},"schema":{"@context":"https:\/\/schema.org","@graph":[{"@type":"WebPage","@id":"https:\/\/www.hotelgallonero.it\/fr\/ou-sommes-nous\/sant-andrea\/","url":"https:\/\/www.hotelgallonero.it\/fr\/ou-sommes-nous\/sant-andrea\/","name":"Sant'Andrea - Hotel Gallo Nero, Sant'Andrea, \u00cele d'Elbe","isPartOf":{"@id":"https:\/\/www.hotelgallonero.it\/fr\/#website"},"datePublished":"2018-03-16T14:21:47+00:00","dateModified":"2025-05-28T09:10:20+00:00","description":"La beaut\u00e9 de la nature se m\u00eale \u00e0 l'\u00e9l\u00e9gance simple du village, qui offre des structures d'h\u00e9bergement modernes.","breadcrumb":{"@id":"https:\/\/www.hotelgallonero.it\/fr\/ou-sommes-nous\/sant-andrea\/#breadcrumb"},"inLanguage":"fr-FR","potentialAction":[{"@type":"ReadAction","target":["https:\/\/www.hotelgallonero.it\/fr\/ou-sommes-nous\/sant-andrea\/"]}]},{"@type":"BreadcrumbList","@id":"https:\/\/www.hotelgallonero.it\/fr\/ou-sommes-nous\/sant-andrea\/#breadcrumb","itemListElement":[{"@type":"ListItem","position":1,"name":"Home","item":"https:\/\/www.hotelgallonero.it\/fr\/"},{"@type":"ListItem","position":2,"name":"O\u00f9 sommes-nous","item":"https:\/\/www.hotelgallonero.it\/fr\/ou-sommes-nous\/"},{"@type":"ListItem","position":3,"name":"Sant&#8217;Andrea"}]},{"@type":"WebSite","@id":"https:\/\/www.hotelgallonero.it\/fr\/#website","url":"https:\/\/www.hotelgallonero.it\/fr\/","name":"Hotel Gallo Nero","description":"Hotel a Sant'Andrea, all'Isola d'Elba","publisher":{"@id":"https:\/\/www.hotelgallonero.it\/fr\/#organization"},"potentialAction":[{"@type":"SearchAction","target":{"@type":"EntryPoint","urlTemplate":"https:\/\/www.hotelgallonero.it\/fr\/?s={search_term_string}"},"query-input":{"@type":"PropertyValueSpecification","valueRequired":true,"valueName":"search_term_string"}}],"inLanguage":"fr-FR"},{"@type":"Organization","@id":"https:\/\/www.hotelgallonero.it\/fr\/#organization","name":"Hotel Gallo Nero","url":"https:\/\/www.hotelgallonero.it\/fr\/","logo":{"@type":"ImageObject","inLanguage":"fr-FR","@id":"https:\/\/www.hotelgallonero.it\/fr\/#\/schema\/logo\/image\/","url":"https:\/\/www.hotelgallonero.it\/wp-content\/uploads\/hotel_gallo_nero_elba.png","contentUrl":"https:\/\/www.hotelgallonero.it\/wp-content\/uploads\/hotel_gallo_nero_elba.png","width":460,"height":351,"caption":"Hotel Gallo Nero"},"image":{"@id":"https:\/\/www.hotelgallonero.it\/fr\/#\/schema\/logo\/image\/"},"sameAs":["https:\/\/www.facebook.com\/Hotel-Gallo-Nero-475373429149830\/"]}]}},"_links":{"self":[{"href":"https:\/\/www.hotelgallonero.it\/fr\/wp-json\/wp\/v2\/pages\/2912","targetHints":{"allow":["GET"]}}],"collection":[{"href":"https:\/\/www.hotelgallonero.it\/fr\/wp-json\/wp\/v2\/pages"}],"about":[{"href":"https:\/\/www.hotelgallonero.it\/fr\/wp-json\/wp\/v2\/types\/page"}],"author":[{"embeddable":true,"href":"https:\/\/www.hotelgallonero.it\/fr\/wp-json\/wp\/v2\/users\/1"}],"replies":[{"embeddable":true,"href":"https:\/\/www.hotelgallonero.it\/fr\/wp-json\/wp\/v2\/comments?post=2912"}],"version-history":[{"count":3,"href":"https:\/\/www.hotelgallonero.it\/fr\/wp-json\/wp\/v2\/pages\/2912\/revisions"}],"predecessor-version":[{"id":3676,"href":"https:\/\/www.hotelgallonero.it\/fr\/wp-json\/wp\/v2\/pages\/2912\/revisions\/3676"}],"up":[{"embeddable":true,"href":"https:\/\/www.hotelgallonero.it\/fr\/wp-json\/wp\/v2\/pages\/2900"}],"wp:attachment":[{"href":"https:\/\/www.hotelgallonero.it\/fr\/wp-json\/wp\/v2\/media?parent=2912"}],"curies":[{"name":"wp","href":"https:\/\/api.w.org\/{rel}","templated":true}]}}