{"id":2900,"date":"2018-03-16T12:22:56","date_gmt":"2018-03-16T11:22:56","guid":{"rendered":"https:\/\/www.hotelgallonero.it\/dove-siamo\/"},"modified":"2021-05-04T17:20:32","modified_gmt":"2021-05-04T15:20:32","slug":"ou-sommes-nous","status":"publish","type":"page","link":"https:\/\/www.hotelgallonero.it\/fr\/ou-sommes-nous\/","title":{"rendered":"O\u00f9 sommes-nous"},"content":{"rendered":"<p>[vc_row type=&#8221;full_width_section&#8221; bottom_padding=&#8221;0&#8243; bottom_margin=&#8221;0&#8243;][vc_column css=&#8221;.vc_custom_1571410184835{margin-top: -2px !important;margin-right: 0px !important;margin-bottom: 0px !important;margin-left: 0px !important;border-top-width: 0px !important;border-right-width: 0px !important;border-bottom-width: 0px !important;border-left-width: 0px !important;padding-top: 0px !important;padding-right: 0px !important;padding-bottom: 0px !important;padding-left: 0px !important;}&#8221;]\t\n\t\t\n\t\t\n\t<!-- BEGIN #google-map -->\n\t<div id=\"google-map-1\" style=\"width: 100%;height: 550px;\"><\/div>\n\n\t<script type=\"text\/javascript\">\n\n\t\tfunction initialize() {\n\n\t\t\t\/\/ Set Location\n\t\t\tvar myLatlng = new google.maps.LatLng(42.803998,10.138847);\n\n\t\t\t\/\/ Set Style\n\t\t\tvar styles = [\n\t\t\t    {\n\t\t\t      stylers: [\n\t\t\t        { hue: \"#b19f6a\" },\n\t\t\t        { saturation: -50 }\n\t\t\t      ]\n\t\t\t    },{\n\t\t\t      featureType: \"road\",\n\t\t\t      elementType: \"geometry\",\n\t\t\t      stylers: [\n\t\t\t        { lightness: 100 },\n\t\t\t        { visibility: \"simplified\" }\n\t\t\t      ]\n\t\t\t    },{\n\t\t\t      featureType: \"road\",\n\t\t\t      elementType: \"labels\",\n\t\t\t      stylers: [\n\t\t\t        { visibility: \"off\" }\n\t\t\t      ]\n\t\t\t    }\n\t\t\t  ];\n\n\t\t\t\/\/ Set Map Options\n\t\t\tvar mapOptions = {\n\t\t\t\tmapTypeControlOptions: {\n\t\t\t\t\tmapTypeIds: ['Styled']\n\t\t\t\t},\n\t\t\t\tcenter: myLatlng,\n\t\t\t\tzoom: 14,\n\t\t\t\tmapTypeId: 'Styled',\n\t\t\t\tscrollwheel: false,\n\t\t\t\tscaleControl: false,\n\t\t\t\tdisableDefaultUI: false\n\t\t\t};\n\n\t\t\t\/\/ Build Map\n\t\t\tvar map = new google.maps.Map(document.getElementById('google-map-1'), mapOptions);\n\t\t\tvar styledMapType = new google.maps.StyledMapType(styles, { name: 'Styled' });\n\t\t\tmap.mapTypes.set('Styled', styledMapType);\n\n\t\t\t\/\/ Set Map Marker\n\t\t\tvar contentString = 'Hotel Gallo Nero';\n\t\t\tvar infowindow = new google.maps.InfoWindow({\n\t\t\t\tcontent: contentString\n\t\t\t});\n\t\t\tvar marker = new google.maps.Marker({\n\t\t\t\tposition: myLatlng,\n\t\t\t\tmap: map,\n\t\t\t\ttitle: 'Map Marker 1',\n\t\t\t\ticon: {\n\t\t\t\t        path: fontawesome.markers.MAP_MARKER,\n\t\t\t\t        scale: 0.8,\n\t\t\t\t        strokeWeight: 0,\n\t\t\t\t        strokeColor: 'black',\n\t\t\t\t        strokeOpacity: 1,\n\t\t\t\t        fillColor: '#FF0000',\n\t\t\t\t        fillOpacity: 1,\n\t\t\t\t    },\n\t\t\t});\n\n\t\t\t\/\/ Display Map Marker\n\t\t\tgoogle.maps.event.addListener(marker, 'click', function() {\n\t\t\t\tinfowindow.open(map,marker);\n\t\t\t});\n\n\t\t}\n\n\t\t\/\/ Display Map\n\t\tgoogle.maps.event.addDomListener(window, 'load', initialize);\n\n\t<\/script>\n\t\n\t\n\t[\/vc_column][\/vc_row][vc_row][vc_column][vc_separator color=&#8221;custom&#8221; style=&#8221;shadow&#8221; accent_color=&#8221;#000000&#8243;][\/vc_column][\/vc_row][vc_row bottom_margin=&#8221;50&#8243;][vc_column]<h4>O\u00f9 sommes-nous<\/h4><div class=\"title-block-6\"><\/div>[vc_row_inner][vc_column_inner width=&#8221;5\/6&#8243;][vc_column_text]<\/p>\n<h5>Acc\u00e8s<\/h5>\n<p>L\u2019\u00eele d&#8217;Elbe, perle des \u00eeles toscanes et c\u0153ur du Parc National de l&#8217;Archipel Toscan, est facilement accessible en ferry depuis le port de Piombino Marittima (province de Livourne). Il suffit d&#8217;une heure de navigation pour parcourir environ 10 km de mer et d\u00e9barquer \u00e0 Portoferraio, la capitale de l&#8217;\u00eele d&#8217;Elbe, ou \u00e0 Rio Marina. Il existe \u00e9galement une liaison rapide par hydropt\u00e8re (passagers seulement), qui rejoint Portoferraio en un peu moins de quarante minutes. Des ferries assurent plusieurs dessertes journali\u00e8res pour les passagers et les v\u00e9hicules: <a href=\"https:\/\/www.toremar.it\/index.html\" target=\"_blank\" rel=\"noopener, nofollow noopener\">Toremar<\/a>, <a href=\"https:\/\/www.moby.it\/\" target=\"_blank\" rel=\"noopener, nofollow noopener\">Moby Lines<\/a>, <a href=\"https:\/\/blunavytraghetti.com\/\" target=\"_blank\" rel=\"noopener, nofollow noopener\">Blu Navy<\/a>, <a href=\"https:\/\/www.corsica-ferries.it\/\" target=\"_blank\" rel=\"noopener, nofollow noopener\">Corsica Ferries<\/a>.[\/vc_column_text][\/vc_column_inner][vc_column_inner width=&#8221;1\/6&#8243;][vc_single_image image=&#8221;1117&#8243; img_size=&#8221;medium&#8221; onclick=&#8221;link_image&#8221; css=&#8221;.vc_custom_1572876387953{border-top-width: 2px !important;border-right-width: 2px !important;border-bottom-width: 2px !important;border-left-width: 2px !important;border-left-color: #1c1c1c !important;border-left-style: solid !important;border-right-color: #1c1c1c !important;border-right-style: solid !important;border-top-color: #1c1c1c !important;border-top-style: solid !important;border-bottom-color: #1c1c1c !important;border-bottom-style: solid !important;}&#8221;][\/vc_column_inner][\/vc_row_inner][vc_column_text]<\/p>\n<ul>\n<li>\n<h5>En voiture:<\/h5>\n<p>Ceux qui voyagent en voiture \u2013 direction Piombino Marittima \u2013 en venant du nord, doivent prendre l&#8217;autoroute A1, \u00e0 Milan, et bifurquer \u00e0 Parma Ouest sur l&#8217;A15 vers G\u00eanes-Livourne (A12). Sortir \u00e0 Rosignano et continuer sur la route nationale Aurelia jusqu&#8217;\u00e0 Venturina-Piombino Marittima.<br \/>\nEn venant du nord-est, prendre l&#8217;A1 Bologne-Florence-Pise-Livourne, sortir \u00e0 Rosignano et continuer jusqu&#8217;au port de Piombino. En venant du sud, prendre l&#8217;autoroute A12 Rome-Grosseto jusqu&#8217;\u00e0 Rosignano Marittima, puis continuer sur la voie express jusqu&#8217;\u00e0 Venturina-Piombino Marittima.<\/li>\n<li>\n<h5>Par avion:<\/h5>\n<p>L\u2019\u00eele d&#8217;Elbe est \u00e9galement desservie par des liaisons a\u00e9riennes.<br \/>\nL&#8217;a\u00e9roport de La Pila, situ\u00e9 \u00e0 2 km de Marina di Campo, est ouvert toute l&#8217;ann\u00e9e, mais il est particuli\u00e8rement fr\u00e9quent\u00e9 pendant les mois d&#8217;\u00e9t\u00e9. Des liaisons a\u00e9riennes relient l\u2019\u00eele \u00e0 Milan Linate, Lugano, Florence et Pise.<br \/>\nLes a\u00e9roports toscans les plus proches sont ceux de Florence et de Pise. Pour plus d&#8217;informations: <a href=\"https:\/\/www.flightsandtravels.ch\/\" target=\"_blank\" rel=\"noopener, nofollow noopener\">Silver Air<\/a> +39.0565.976011<\/li>\n<\/ul>\n<h5>Comment se rendre \u00e0 l&#8217;H\u00f4tel Gallo Nero<\/h5>\n<p>Au d\u00e9part de Portoferraio, principal port de l&#8217;\u00eele, suivre les indications pour Procchio &#8211; Marciana &#8211; Sant&#8217;Andrea, que l\u2019on peut rejoindre en 45 minutes en moyenne, apr\u00e8s environ 30 km de route. Quelques centaines de m\u00e8tres avant la plage, sur la gauche, se trouve le parking du Gallo Nero.[\/vc_column_text][vc_column_text]<a href=\"\/wp-content\/uploads\/mappa_gallo_nero_elba.jpg\"><img decoding=\"async\" class=\"aligncenter size-large wp-image-1712\" src=\"\/wp-content\/uploads\/mappa_gallo_nero_elba-1024x725.jpg\" alt=\"Isola d'Elba\" width=\"800px\" srcset=\"https:\/\/www.hotelgallonero.it\/wp-content\/uploads\/mappa_gallo_nero_elba-1024x725.jpg 1024w, https:\/\/www.hotelgallonero.it\/wp-content\/uploads\/mappa_gallo_nero_elba-300x213.jpg 300w, https:\/\/www.hotelgallonero.it\/wp-content\/uploads\/mappa_gallo_nero_elba-768x544.jpg 768w, https:\/\/www.hotelgallonero.it\/wp-content\/uploads\/mappa_gallo_nero_elba-1536x1088.jpg 1536w, https:\/\/www.hotelgallonero.it\/wp-content\/uploads\/mappa_gallo_nero_elba-100x71.jpg 100w, https:\/\/www.hotelgallonero.it\/wp-content\/uploads\/mappa_gallo_nero_elba.jpg 1800w\" sizes=\"(max-width: 1024px) 100vw, 1024px\" \/><\/a>[\/vc_column_text][\/vc_column][\/vc_row]<\/p>\n","protected":false},"excerpt":{"rendered":"<p>[vc_row type=&#8221;full_width_section&#8221; bottom_padding=&#8221;0&#8243; bottom_margin=&#8221;0&#8243;][vc_column css=&#8221;.vc_custom_1571410184835{margin-top: -2px !important;margin-right: 0px !important;margin-bottom: 0px !important;margin-left: 0px !important;border-top-width: 0px !important;border-right-width: 0px !important;border-bottom-width: 0px !important;border-left-width: 0px !important;padding-top: 0px !important;padding-right: 0px !important;padding-bottom: 0px !important;padding-left: 0px !important;}&#8221;][\/vc_column][\/vc_row][vc_row][vc_column][vc_separator color=&#8221;custom&#8221; style=&#8221;shadow&#8221; accent_color=&#8221;#000000&#8243;][\/vc_column][\/vc_row][vc_row bottom_margin=&#8221;50&#8243;][vc_column][vc_row_inner][vc_column_inner width=&#8221;5\/6&#8243;][vc_column_text] Acc\u00e8s L\u2019\u00eele d&#8217;Elbe, perle des \u00eeles toscanes et c\u0153ur du Parc National de l&#8217;Archipel Toscan, est facilement accessible en ferry depuis<\/p>\n<a href=\"https:\/\/www.hotelgallonero.it\/fr\/ou-sommes-nous\/\" class=\"more-link\">Read More<\/a>","protected":false},"author":1,"featured_media":0,"parent":0,"menu_order":5,"comment_status":"closed","ping_status":"closed","template":"","meta":{"footnotes":""},"class_list":["post-2900","page","type-page","status-publish","hentry"],"yoast_head":"<!-- This site is optimized with the Yoast SEO plugin v27.3 - https:\/\/yoast.com\/product\/yoast-seo-wordpress\/ -->\n<title>O\u00f9 sommes-nous - Hotel Gallo Nero, Sant&#039;Andrea, \u00cele d&#039;Elbe<\/title>\n<meta name=\"description\" content=\"L\u2019\u00eele d&#039;Elbe est facilement accessible en ferry depuis le port de Piombino Marittima (province de Livourne).\" \/>\n<meta name=\"robots\" content=\"index, follow, max-snippet:-1, max-image-preview:large, max-video-preview:-1\" \/>\n<link rel=\"canonical\" href=\"https:\/\/www.hotelgallonero.it\/fr\/ou-sommes-nous\/\" \/>\n<meta property=\"og:locale\" content=\"fr_FR\" \/>\n<meta property=\"og:type\" content=\"article\" \/>\n<meta property=\"og:title\" content=\"O\u00f9 sommes-nous - Hotel Gallo Nero, Sant&#039;Andrea, \u00cele d&#039;Elbe\" \/>\n<meta property=\"og:description\" content=\"L\u2019\u00eele d&#039;Elbe est facilement accessible en ferry depuis le port de Piombino Marittima (province de Livourne).\" \/>\n<meta property=\"og:url\" content=\"https:\/\/www.hotelgallonero.it\/fr\/ou-sommes-nous\/\" \/>\n<meta property=\"og:site_name\" content=\"Hotel Gallo Nero\" \/>\n<meta property=\"article:publisher\" content=\"https:\/\/www.facebook.com\/Hotel-Gallo-Nero-475373429149830\/\" \/>\n<meta property=\"article:modified_time\" content=\"2021-05-04T15:20:32+00:00\" \/>\n<meta name=\"twitter:card\" content=\"summary_large_image\" \/>\n<meta name=\"twitter:label1\" content=\"Dur\u00e9e de lecture estim\u00e9e\" \/>\n\t<meta name=\"twitter:data1\" content=\"2 minutes\" \/>\n<script type=\"application\/ld+json\" class=\"yoast-schema-graph\">{\"@context\":\"https:\\\/\\\/schema.org\",\"@graph\":[{\"@type\":\"WebPage\",\"@id\":\"https:\\\/\\\/www.hotelgallonero.it\\\/fr\\\/ou-sommes-nous\\\/\",\"url\":\"https:\\\/\\\/www.hotelgallonero.it\\\/fr\\\/ou-sommes-nous\\\/\",\"name\":\"O\u00f9 sommes-nous - Hotel Gallo Nero, Sant'Andrea, \u00cele d'Elbe\",\"isPartOf\":{\"@id\":\"https:\\\/\\\/www.hotelgallonero.it\\\/fr\\\/#website\"},\"datePublished\":\"2018-03-16T11:22:56+00:00\",\"dateModified\":\"2021-05-04T15:20:32+00:00\",\"description\":\"L\u2019\u00eele d'Elbe est facilement accessible en ferry depuis le port de Piombino Marittima (province de Livourne).\",\"breadcrumb\":{\"@id\":\"https:\\\/\\\/www.hotelgallonero.it\\\/fr\\\/ou-sommes-nous\\\/#breadcrumb\"},\"inLanguage\":\"fr-FR\",\"potentialAction\":[{\"@type\":\"ReadAction\",\"target\":[\"https:\\\/\\\/www.hotelgallonero.it\\\/fr\\\/ou-sommes-nous\\\/\"]}]},{\"@type\":\"BreadcrumbList\",\"@id\":\"https:\\\/\\\/www.hotelgallonero.it\\\/fr\\\/ou-sommes-nous\\\/#breadcrumb\",\"itemListElement\":[{\"@type\":\"ListItem\",\"position\":1,\"name\":\"Home\",\"item\":\"https:\\\/\\\/www.hotelgallonero.it\\\/fr\\\/\"},{\"@type\":\"ListItem\",\"position\":2,\"name\":\"O\u00f9 sommes-nous\"}]},{\"@type\":\"WebSite\",\"@id\":\"https:\\\/\\\/www.hotelgallonero.it\\\/fr\\\/#website\",\"url\":\"https:\\\/\\\/www.hotelgallonero.it\\\/fr\\\/\",\"name\":\"Hotel Gallo Nero\",\"description\":\"Hotel a Sant'Andrea, all'Isola d'Elba\",\"publisher\":{\"@id\":\"https:\\\/\\\/www.hotelgallonero.it\\\/fr\\\/#organization\"},\"potentialAction\":[{\"@type\":\"SearchAction\",\"target\":{\"@type\":\"EntryPoint\",\"urlTemplate\":\"https:\\\/\\\/www.hotelgallonero.it\\\/fr\\\/?s={search_term_string}\"},\"query-input\":{\"@type\":\"PropertyValueSpecification\",\"valueRequired\":true,\"valueName\":\"search_term_string\"}}],\"inLanguage\":\"fr-FR\"},{\"@type\":\"Organization\",\"@id\":\"https:\\\/\\\/www.hotelgallonero.it\\\/fr\\\/#organization\",\"name\":\"Hotel Gallo Nero\",\"url\":\"https:\\\/\\\/www.hotelgallonero.it\\\/fr\\\/\",\"logo\":{\"@type\":\"ImageObject\",\"inLanguage\":\"fr-FR\",\"@id\":\"https:\\\/\\\/www.hotelgallonero.it\\\/fr\\\/#\\\/schema\\\/logo\\\/image\\\/\",\"url\":\"https:\\\/\\\/www.hotelgallonero.it\\\/wp-content\\\/uploads\\\/hotel_gallo_nero_elba.png\",\"contentUrl\":\"https:\\\/\\\/www.hotelgallonero.it\\\/wp-content\\\/uploads\\\/hotel_gallo_nero_elba.png\",\"width\":460,\"height\":351,\"caption\":\"Hotel Gallo Nero\"},\"image\":{\"@id\":\"https:\\\/\\\/www.hotelgallonero.it\\\/fr\\\/#\\\/schema\\\/logo\\\/image\\\/\"},\"sameAs\":[\"https:\\\/\\\/www.facebook.com\\\/Hotel-Gallo-Nero-475373429149830\\\/\"]}]}<\/script>\n<!-- \/ Yoast SEO plugin. -->","yoast_head_json":{"title":"O\u00f9 sommes-nous - Hotel Gallo Nero, Sant'Andrea, \u00cele d'Elbe","description":"L\u2019\u00eele d'Elbe est facilement accessible en ferry depuis le port de Piombino Marittima (province de Livourne).","robots":{"index":"index","follow":"follow","max-snippet":"max-snippet:-1","max-image-preview":"max-image-preview:large","max-video-preview":"max-video-preview:-1"},"canonical":"https:\/\/www.hotelgallonero.it\/fr\/ou-sommes-nous\/","og_locale":"fr_FR","og_type":"article","og_title":"O\u00f9 sommes-nous - Hotel Gallo Nero, Sant'Andrea, \u00cele d'Elbe","og_description":"L\u2019\u00eele d'Elbe est facilement accessible en ferry depuis le port de Piombino Marittima (province de Livourne).","og_url":"https:\/\/www.hotelgallonero.it\/fr\/ou-sommes-nous\/","og_site_name":"Hotel Gallo Nero","article_publisher":"https:\/\/www.facebook.com\/Hotel-Gallo-Nero-475373429149830\/","article_modified_time":"2021-05-04T15:20:32+00:00","twitter_card":"summary_large_image","twitter_misc":{"Dur\u00e9e de lecture estim\u00e9e":"2 minutes"},"schema":{"@context":"https:\/\/schema.org","@graph":[{"@type":"WebPage","@id":"https:\/\/www.hotelgallonero.it\/fr\/ou-sommes-nous\/","url":"https:\/\/www.hotelgallonero.it\/fr\/ou-sommes-nous\/","name":"O\u00f9 sommes-nous - Hotel Gallo Nero, Sant'Andrea, \u00cele d'Elbe","isPartOf":{"@id":"https:\/\/www.hotelgallonero.it\/fr\/#website"},"datePublished":"2018-03-16T11:22:56+00:00","dateModified":"2021-05-04T15:20:32+00:00","description":"L\u2019\u00eele d'Elbe est facilement accessible en ferry depuis le port de Piombino Marittima (province de Livourne).","breadcrumb":{"@id":"https:\/\/www.hotelgallonero.it\/fr\/ou-sommes-nous\/#breadcrumb"},"inLanguage":"fr-FR","potentialAction":[{"@type":"ReadAction","target":["https:\/\/www.hotelgallonero.it\/fr\/ou-sommes-nous\/"]}]},{"@type":"BreadcrumbList","@id":"https:\/\/www.hotelgallonero.it\/fr\/ou-sommes-nous\/#breadcrumb","itemListElement":[{"@type":"ListItem","position":1,"name":"Home","item":"https:\/\/www.hotelgallonero.it\/fr\/"},{"@type":"ListItem","position":2,"name":"O\u00f9 sommes-nous"}]},{"@type":"WebSite","@id":"https:\/\/www.hotelgallonero.it\/fr\/#website","url":"https:\/\/www.hotelgallonero.it\/fr\/","name":"Hotel Gallo Nero","description":"Hotel a Sant'Andrea, all'Isola d'Elba","publisher":{"@id":"https:\/\/www.hotelgallonero.it\/fr\/#organization"},"potentialAction":[{"@type":"SearchAction","target":{"@type":"EntryPoint","urlTemplate":"https:\/\/www.hotelgallonero.it\/fr\/?s={search_term_string}"},"query-input":{"@type":"PropertyValueSpecification","valueRequired":true,"valueName":"search_term_string"}}],"inLanguage":"fr-FR"},{"@type":"Organization","@id":"https:\/\/www.hotelgallonero.it\/fr\/#organization","name":"Hotel Gallo Nero","url":"https:\/\/www.hotelgallonero.it\/fr\/","logo":{"@type":"ImageObject","inLanguage":"fr-FR","@id":"https:\/\/www.hotelgallonero.it\/fr\/#\/schema\/logo\/image\/","url":"https:\/\/www.hotelgallonero.it\/wp-content\/uploads\/hotel_gallo_nero_elba.png","contentUrl":"https:\/\/www.hotelgallonero.it\/wp-content\/uploads\/hotel_gallo_nero_elba.png","width":460,"height":351,"caption":"Hotel Gallo Nero"},"image":{"@id":"https:\/\/www.hotelgallonero.it\/fr\/#\/schema\/logo\/image\/"},"sameAs":["https:\/\/www.facebook.com\/Hotel-Gallo-Nero-475373429149830\/"]}]}},"_links":{"self":[{"href":"https:\/\/www.hotelgallonero.it\/fr\/wp-json\/wp\/v2\/pages\/2900","targetHints":{"allow":["GET"]}}],"collection":[{"href":"https:\/\/www.hotelgallonero.it\/fr\/wp-json\/wp\/v2\/pages"}],"about":[{"href":"https:\/\/www.hotelgallonero.it\/fr\/wp-json\/wp\/v2\/types\/page"}],"author":[{"embeddable":true,"href":"https:\/\/www.hotelgallonero.it\/fr\/wp-json\/wp\/v2\/users\/1"}],"replies":[{"embeddable":true,"href":"https:\/\/www.hotelgallonero.it\/fr\/wp-json\/wp\/v2\/comments?post=2900"}],"version-history":[{"count":3,"href":"https:\/\/www.hotelgallonero.it\/fr\/wp-json\/wp\/v2\/pages\/2900\/revisions"}],"predecessor-version":[{"id":3026,"href":"https:\/\/www.hotelgallonero.it\/fr\/wp-json\/wp\/v2\/pages\/2900\/revisions\/3026"}],"wp:attachment":[{"href":"https:\/\/www.hotelgallonero.it\/fr\/wp-json\/wp\/v2\/media?parent=2900"}],"curies":[{"name":"wp","href":"https:\/\/api.w.org\/{rel}","templated":true}]}}