{"id":2823,"date":"2019-10-18T16:54:52","date_gmt":"2019-10-18T14:54:52","guid":{"rendered":"https:\/\/www.hotelgallonero.it\/bien-etre\/massaggi\/"},"modified":"2025-05-28T11:05:06","modified_gmt":"2025-05-28T09:05:06","slug":"massages","status":"publish","type":"page","link":"https:\/\/www.hotelgallonero.it\/fr\/bien-etre\/massages\/","title":{"rendered":"Massages"},"content":{"rendered":"<p>[vc_row type=&#8221;full_width_section&#8221; bottom_padding=&#8221;0&#8243; bottom_margin=&#8221;0&#8243;][vc_column css=&#8221;.vc_custom_1521121559607{margin-top: 0px !important;margin-right: 0px !important;margin-bottom: 0px !important;margin-left: 0px !important;border-top-width: 0px !important;border-right-width: 0px !important;border-bottom-width: 0px !important;border-left-width: 0px !important;padding-top: 0px !important;padding-right: 0px !important;padding-bottom: 0px !important;padding-left: 0px !important;}&#8221;][rev_slider_vc alias=&#8221;pag-massaggi&#8221; el_class=&#8221;rev_slider_wrapper-1&#8243;][\/vc_column][\/vc_row][vc_row][vc_column][vc_separator color=&#8221;custom&#8221; style=&#8221;shadow&#8221; accent_color=&#8221;#000000&#8243;][\/vc_column][\/vc_row][vc_row bottom_margin=&#8221;50&#8243;][vc_column]<h4>Massages<\/h4><div class=\"title-block-6\"><\/div>[vc_column_text css=&#8221;.vc_custom_1619433143421{padding-top: 20px !important;padding-right: 20px !important;padding-bottom: 20px !important;padding-left: 20px !important;background-color: rgba(255,255,255,0.6) !important;*background-color: rgb(255,255,255) !important;border-radius: 5px !important;}&#8221;]<em style=\"color: #b19f6a;\">Se retrouver dans un moment d\u00e9di\u00e9 \u00e0 soi&#8230; S&#8217;offrir des instants de paix et de s\u00e9r\u00e9nit\u00e9 \u00e0 consacrer aux soins du corps et de l&#8217;esprit. D\u00e9couvrez les bienfaits d&#8217;un massage relaxant dans un environnement con\u00e7u pour favoriser les pens\u00e9es et les souvenirs positifs. Go\u00fbtez \u00e0 la chaleur bienfaisante du BioSauna et plongez dans la piscine SPA chauff\u00e9e avec hydro\/chromoth\u00e9rapie, install\u00e9e sur une terrasse donnant sur la mer et l&#8217;horizon&#8230;<\/em>[\/vc_column_text][vc_column_text]Les souvenirs sont notre pass\u00e9, ils sont notre histoire \u00e9crite dans le livre de notre esprit. Ce sont des bijoux et des bibelots conserv\u00e9s dans le coffre \u00e0 tr\u00e9sors de notre c\u0153ur. Des souvenirs, des fragments de vie v\u00e9cus, d\u00e9sir\u00e9s, aim\u00e9s.<\/p>\n<p>Laissez-vous envelopper par l&#8217;atmosph\u00e8re de la Saletta dei Ricordi (Salle des Souvenirs). Arr\u00eatez-vous, fermez les yeux et pensez&#8230; un voyage dans la m\u00e9moire.<\/p>\n<p>C&#8217;est l&#8217;endroit id\u00e9al pour se d\u00e9tendre et s&#8217;abandonner aux mains expertes de nos massoth\u00e9rapeutes.<\/p>\n<h5>Massage Th\u00e9rapeutique<\/h5>\n<p>Une pratique ancienne qui combine des gestes de massage su\u00e9dois et de shiatsu, id\u00e9ale pour la relaxation des tensions musculaires et le soulagement de la fatigue. L&#8217;\u00e9limination des toxines et la stimulation de la circulation procurent une sensation imm\u00e9diate et intense de bien-\u00eatre. Les soins peuvent \u00eatre effectu\u00e9s soit sur l&#8217;ensemble du corps, soit se concentrer plus longuement sur une partie sp\u00e9cifique pour soulager les tensions ou drainer les tissus.<\/p>\n<h5>Massage Ayurv\u00e9dique<\/h5>\n<p>L&#8217;Ayurveda est une science indienne tr\u00e8s ancienne. Son massage traditionnel, l&#8217;Abyangam, qui se concentre sur certains points \u00e9nerg\u00e9tiques appel\u00e9s &#8220;chakras&#8221;, transforme les \u00e9nergies comprim\u00e9es et vise \u00e0 retrouver l&#8217;\u00e9quilibre de l&#8217;homme dans l&#8217;ensemble de son corps, de son mental et de son esprit. De plus, l&#8217;utilisation abondante d&#8217;huile nourrit la peau en profondeur, la laissant douce et tonifi\u00e9e.<\/p>\n<h5>Massage Ayurv\u00e9dique \u00e0 quatre mains<\/h5>\n<p>Le massage Ayurv\u00e9dique \u00e9tait \u00e0 l&#8217;origine pratiqu\u00e9 par deux ou plusieurs praticiens. Red\u00e9couvrez une exp\u00e9rience unique, intense et m\u00e9morable, en vous laissant porter par la synchronisation dansante des quatre mains.<\/p>\n<h5>Message Pr\u00e9natal<\/h5>\n<p>Un &#8220;chouchoutage&#8221; vraiment b\u00e9n\u00e9fique et bien m\u00e9rit\u00e9 pour la future maman et son b\u00e9b\u00e9.[\/vc_column_text][vc_gallery type=&#8221;flexslider_slide&#8221; interval=&#8221;0&#8243; images=&#8221;3043,3051,3031,3047,3063,3067&#8243; img_size=&#8221;1200&#215;600&#8243; onclick=&#8221;&#8221;][\/vc_column][\/vc_row]<\/p>\n","protected":false},"excerpt":{"rendered":"<p>[vc_row type=&#8221;full_width_section&#8221; bottom_padding=&#8221;0&#8243; bottom_margin=&#8221;0&#8243;][vc_column css=&#8221;.vc_custom_1521121559607{margin-top: 0px !important;margin-right: 0px !important;margin-bottom: 0px !important;margin-left: 0px !important;border-top-width: 0px !important;border-right-width: 0px !important;border-bottom-width: 0px !important;border-left-width: 0px !important;padding-top: 0px !important;padding-right: 0px !important;padding-bottom: 0px !important;padding-left: 0px !important;}&#8221;][rev_slider_vc alias=&#8221;pag-massaggi&#8221; el_class=&#8221;rev_slider_wrapper-1&#8243;][\/vc_column][\/vc_row][vc_row][vc_column][vc_separator color=&#8221;custom&#8221; style=&#8221;shadow&#8221; accent_color=&#8221;#000000&#8243;][\/vc_column][\/vc_row][vc_row bottom_margin=&#8221;50&#8243;][vc_column][vc_column_text css=&#8221;.vc_custom_1619433143421{padding-top: 20px !important;padding-right: 20px !important;padding-bottom: 20px !important;padding-left: 20px !important;background-color: rgba(255,255,255,0.6) !important;*background-color: rgb(255,255,255) !important;border-radius: 5px !important;}&#8221;]Se retrouver dans un moment d\u00e9di\u00e9<\/p>\n<a href=\"https:\/\/www.hotelgallonero.it\/fr\/bien-etre\/massages\/\" class=\"more-link\">Read More<\/a>","protected":false},"author":1,"featured_media":0,"parent":2787,"menu_order":3,"comment_status":"closed","ping_status":"closed","template":"","meta":{"footnotes":""},"class_list":["post-2823","page","type-page","status-publish","hentry"],"yoast_head":"<!-- This site is optimized with the Yoast SEO plugin v27.3 - https:\/\/yoast.com\/product\/yoast-seo-wordpress\/ -->\n<title>Massages - Hotel Gallo Nero, Sant&#039;Andrea, \u00cele d&#039;Elbe<\/title>\n<meta name=\"description\" content=\"D\u00e9couvrez les bienfaits d&#039;un massage relaxant dans un environnement con\u00e7u pour favoriser les pens\u00e9es et les souvenirs positifs.\" \/>\n<meta name=\"robots\" content=\"index, follow, max-snippet:-1, max-image-preview:large, max-video-preview:-1\" \/>\n<link rel=\"canonical\" href=\"https:\/\/www.hotelgallonero.it\/fr\/bien-etre\/massages\/\" \/>\n<meta property=\"og:locale\" content=\"fr_FR\" \/>\n<meta property=\"og:type\" content=\"article\" \/>\n<meta property=\"og:title\" content=\"Massages - Hotel Gallo Nero, Sant&#039;Andrea, \u00cele d&#039;Elbe\" \/>\n<meta property=\"og:description\" content=\"D\u00e9couvrez les bienfaits d&#039;un massage relaxant dans un environnement con\u00e7u pour favoriser les pens\u00e9es et les souvenirs positifs.\" \/>\n<meta property=\"og:url\" content=\"https:\/\/www.hotelgallonero.it\/fr\/bien-etre\/massages\/\" \/>\n<meta property=\"og:site_name\" content=\"Hotel Gallo Nero\" \/>\n<meta property=\"article:publisher\" content=\"https:\/\/www.facebook.com\/Hotel-Gallo-Nero-475373429149830\/\" \/>\n<meta property=\"article:modified_time\" content=\"2025-05-28T09:05:06+00:00\" \/>\n<meta name=\"twitter:card\" content=\"summary_large_image\" \/>\n<meta name=\"twitter:label1\" content=\"Dur\u00e9e de lecture estim\u00e9e\" \/>\n\t<meta name=\"twitter:data1\" content=\"3 minutes\" \/>\n<script type=\"application\/ld+json\" class=\"yoast-schema-graph\">{\"@context\":\"https:\\\/\\\/schema.org\",\"@graph\":[{\"@type\":\"WebPage\",\"@id\":\"https:\\\/\\\/www.hotelgallonero.it\\\/fr\\\/bien-etre\\\/massages\\\/\",\"url\":\"https:\\\/\\\/www.hotelgallonero.it\\\/fr\\\/bien-etre\\\/massages\\\/\",\"name\":\"Massages - Hotel Gallo Nero, Sant'Andrea, \u00cele d'Elbe\",\"isPartOf\":{\"@id\":\"https:\\\/\\\/www.hotelgallonero.it\\\/fr\\\/#website\"},\"datePublished\":\"2019-10-18T14:54:52+00:00\",\"dateModified\":\"2025-05-28T09:05:06+00:00\",\"description\":\"D\u00e9couvrez les bienfaits d'un massage relaxant dans un environnement con\u00e7u pour favoriser les pens\u00e9es et les souvenirs positifs.\",\"breadcrumb\":{\"@id\":\"https:\\\/\\\/www.hotelgallonero.it\\\/fr\\\/bien-etre\\\/massages\\\/#breadcrumb\"},\"inLanguage\":\"fr-FR\",\"potentialAction\":[{\"@type\":\"ReadAction\",\"target\":[\"https:\\\/\\\/www.hotelgallonero.it\\\/fr\\\/bien-etre\\\/massages\\\/\"]}]},{\"@type\":\"BreadcrumbList\",\"@id\":\"https:\\\/\\\/www.hotelgallonero.it\\\/fr\\\/bien-etre\\\/massages\\\/#breadcrumb\",\"itemListElement\":[{\"@type\":\"ListItem\",\"position\":1,\"name\":\"Home\",\"item\":\"https:\\\/\\\/www.hotelgallonero.it\\\/fr\\\/\"},{\"@type\":\"ListItem\",\"position\":2,\"name\":\"Bien-\u00eatre\",\"item\":\"https:\\\/\\\/www.hotelgallonero.it\\\/fr\\\/bien-etre\\\/\"},{\"@type\":\"ListItem\",\"position\":3,\"name\":\"Massages\"}]},{\"@type\":\"WebSite\",\"@id\":\"https:\\\/\\\/www.hotelgallonero.it\\\/fr\\\/#website\",\"url\":\"https:\\\/\\\/www.hotelgallonero.it\\\/fr\\\/\",\"name\":\"Hotel Gallo Nero\",\"description\":\"Hotel a Sant'Andrea, all'Isola d'Elba\",\"publisher\":{\"@id\":\"https:\\\/\\\/www.hotelgallonero.it\\\/fr\\\/#organization\"},\"potentialAction\":[{\"@type\":\"SearchAction\",\"target\":{\"@type\":\"EntryPoint\",\"urlTemplate\":\"https:\\\/\\\/www.hotelgallonero.it\\\/fr\\\/?s={search_term_string}\"},\"query-input\":{\"@type\":\"PropertyValueSpecification\",\"valueRequired\":true,\"valueName\":\"search_term_string\"}}],\"inLanguage\":\"fr-FR\"},{\"@type\":\"Organization\",\"@id\":\"https:\\\/\\\/www.hotelgallonero.it\\\/fr\\\/#organization\",\"name\":\"Hotel Gallo Nero\",\"url\":\"https:\\\/\\\/www.hotelgallonero.it\\\/fr\\\/\",\"logo\":{\"@type\":\"ImageObject\",\"inLanguage\":\"fr-FR\",\"@id\":\"https:\\\/\\\/www.hotelgallonero.it\\\/fr\\\/#\\\/schema\\\/logo\\\/image\\\/\",\"url\":\"https:\\\/\\\/www.hotelgallonero.it\\\/wp-content\\\/uploads\\\/hotel_gallo_nero_elba.png\",\"contentUrl\":\"https:\\\/\\\/www.hotelgallonero.it\\\/wp-content\\\/uploads\\\/hotel_gallo_nero_elba.png\",\"width\":460,\"height\":351,\"caption\":\"Hotel Gallo Nero\"},\"image\":{\"@id\":\"https:\\\/\\\/www.hotelgallonero.it\\\/fr\\\/#\\\/schema\\\/logo\\\/image\\\/\"},\"sameAs\":[\"https:\\\/\\\/www.facebook.com\\\/Hotel-Gallo-Nero-475373429149830\\\/\"]}]}<\/script>\n<!-- \/ Yoast SEO plugin. -->","yoast_head_json":{"title":"Massages - Hotel Gallo Nero, Sant'Andrea, \u00cele d'Elbe","description":"D\u00e9couvrez les bienfaits d'un massage relaxant dans un environnement con\u00e7u pour favoriser les pens\u00e9es et les souvenirs positifs.","robots":{"index":"index","follow":"follow","max-snippet":"max-snippet:-1","max-image-preview":"max-image-preview:large","max-video-preview":"max-video-preview:-1"},"canonical":"https:\/\/www.hotelgallonero.it\/fr\/bien-etre\/massages\/","og_locale":"fr_FR","og_type":"article","og_title":"Massages - Hotel Gallo Nero, Sant'Andrea, \u00cele d'Elbe","og_description":"D\u00e9couvrez les bienfaits d'un massage relaxant dans un environnement con\u00e7u pour favoriser les pens\u00e9es et les souvenirs positifs.","og_url":"https:\/\/www.hotelgallonero.it\/fr\/bien-etre\/massages\/","og_site_name":"Hotel Gallo Nero","article_publisher":"https:\/\/www.facebook.com\/Hotel-Gallo-Nero-475373429149830\/","article_modified_time":"2025-05-28T09:05:06+00:00","twitter_card":"summary_large_image","twitter_misc":{"Dur\u00e9e de lecture estim\u00e9e":"3 minutes"},"schema":{"@context":"https:\/\/schema.org","@graph":[{"@type":"WebPage","@id":"https:\/\/www.hotelgallonero.it\/fr\/bien-etre\/massages\/","url":"https:\/\/www.hotelgallonero.it\/fr\/bien-etre\/massages\/","name":"Massages - Hotel Gallo Nero, Sant'Andrea, \u00cele d'Elbe","isPartOf":{"@id":"https:\/\/www.hotelgallonero.it\/fr\/#website"},"datePublished":"2019-10-18T14:54:52+00:00","dateModified":"2025-05-28T09:05:06+00:00","description":"D\u00e9couvrez les bienfaits d'un massage relaxant dans un environnement con\u00e7u pour favoriser les pens\u00e9es et les souvenirs positifs.","breadcrumb":{"@id":"https:\/\/www.hotelgallonero.it\/fr\/bien-etre\/massages\/#breadcrumb"},"inLanguage":"fr-FR","potentialAction":[{"@type":"ReadAction","target":["https:\/\/www.hotelgallonero.it\/fr\/bien-etre\/massages\/"]}]},{"@type":"BreadcrumbList","@id":"https:\/\/www.hotelgallonero.it\/fr\/bien-etre\/massages\/#breadcrumb","itemListElement":[{"@type":"ListItem","position":1,"name":"Home","item":"https:\/\/www.hotelgallonero.it\/fr\/"},{"@type":"ListItem","position":2,"name":"Bien-\u00eatre","item":"https:\/\/www.hotelgallonero.it\/fr\/bien-etre\/"},{"@type":"ListItem","position":3,"name":"Massages"}]},{"@type":"WebSite","@id":"https:\/\/www.hotelgallonero.it\/fr\/#website","url":"https:\/\/www.hotelgallonero.it\/fr\/","name":"Hotel Gallo Nero","description":"Hotel a Sant'Andrea, all'Isola d'Elba","publisher":{"@id":"https:\/\/www.hotelgallonero.it\/fr\/#organization"},"potentialAction":[{"@type":"SearchAction","target":{"@type":"EntryPoint","urlTemplate":"https:\/\/www.hotelgallonero.it\/fr\/?s={search_term_string}"},"query-input":{"@type":"PropertyValueSpecification","valueRequired":true,"valueName":"search_term_string"}}],"inLanguage":"fr-FR"},{"@type":"Organization","@id":"https:\/\/www.hotelgallonero.it\/fr\/#organization","name":"Hotel Gallo Nero","url":"https:\/\/www.hotelgallonero.it\/fr\/","logo":{"@type":"ImageObject","inLanguage":"fr-FR","@id":"https:\/\/www.hotelgallonero.it\/fr\/#\/schema\/logo\/image\/","url":"https:\/\/www.hotelgallonero.it\/wp-content\/uploads\/hotel_gallo_nero_elba.png","contentUrl":"https:\/\/www.hotelgallonero.it\/wp-content\/uploads\/hotel_gallo_nero_elba.png","width":460,"height":351,"caption":"Hotel Gallo Nero"},"image":{"@id":"https:\/\/www.hotelgallonero.it\/fr\/#\/schema\/logo\/image\/"},"sameAs":["https:\/\/www.facebook.com\/Hotel-Gallo-Nero-475373429149830\/"]}]}},"_links":{"self":[{"href":"https:\/\/www.hotelgallonero.it\/fr\/wp-json\/wp\/v2\/pages\/2823","targetHints":{"allow":["GET"]}}],"collection":[{"href":"https:\/\/www.hotelgallonero.it\/fr\/wp-json\/wp\/v2\/pages"}],"about":[{"href":"https:\/\/www.hotelgallonero.it\/fr\/wp-json\/wp\/v2\/types\/page"}],"author":[{"embeddable":true,"href":"https:\/\/www.hotelgallonero.it\/fr\/wp-json\/wp\/v2\/users\/1"}],"replies":[{"embeddable":true,"href":"https:\/\/www.hotelgallonero.it\/fr\/wp-json\/wp\/v2\/comments?post=2823"}],"version-history":[{"count":5,"href":"https:\/\/www.hotelgallonero.it\/fr\/wp-json\/wp\/v2\/pages\/2823\/revisions"}],"predecessor-version":[{"id":3660,"href":"https:\/\/www.hotelgallonero.it\/fr\/wp-json\/wp\/v2\/pages\/2823\/revisions\/3660"}],"up":[{"embeddable":true,"href":"https:\/\/www.hotelgallonero.it\/fr\/wp-json\/wp\/v2\/pages\/2787"}],"wp:attachment":[{"href":"https:\/\/www.hotelgallonero.it\/fr\/wp-json\/wp\/v2\/media?parent=2823"}],"curies":[{"name":"wp","href":"https:\/\/api.w.org\/{rel}","templated":true}]}}