{"id":2692,"date":"2019-11-07T15:19:35","date_gmt":"2019-11-07T14:19:35","guid":{"rendered":"https:\/\/www.hotelgallonero.it\/chambres-et-chalets\/profumo-e-colori\/"},"modified":"2025-05-28T10:49:38","modified_gmt":"2025-05-28T08:49:38","slug":"profumo-e-colori","status":"publish","type":"page","link":"https:\/\/www.hotelgallonero.it\/fr\/chambres-et-cottages\/profumo-e-colori\/","title":{"rendered":"Profumo e Colori"},"content":{"rendered":"<p>[vc_row type=&#8221;full_width_section&#8221; bottom_padding=&#8221;0&#8243; bottom_margin=&#8221;0&#8243;][vc_column css=&#8221;.vc_custom_1521121559607{margin-top: 0px !important;margin-right: 0px !important;margin-bottom: 0px !important;margin-left: 0px !important;border-top-width: 0px !important;border-right-width: 0px !important;border-bottom-width: 0px !important;border-left-width: 0px !important;padding-top: 0px !important;padding-right: 0px !important;padding-bottom: 0px !important;padding-left: 0px !important;}&#8221;][rev_slider_vc alias=&#8221;pag-camera-profumi&#8221; el_class=&#8221;rev_slider_wrapper-1&#8243;][\/vc_column][\/vc_row][vc_row type=&#8221;full_width_section&#8221;][vc_column css=&#8221;.vc_custom_1620382302387{margin: 0px !important;padding: 0px !important;border: 0px initial  !important;}&#8221;][vc_separator color=&#8221;custom&#8221; style=&#8221;shadow&#8221; accent_color=&#8221;#0a0a0a&#8221; css=&#8221;.vc_custom_1620382310666{margin-bottom: 0px !important;}&#8221;]\t\n\t<!-- BEGIN .wide-booking-form -->\n\t<div class=\"wide-booking-form clearfix\">\n\n\t\t<!-- BEGIN .booking-form -->\n    <style>\n      .bolWidget .hnWidgetMainContainer {\n        border: none !important;\n        box-shadow: none !important;\n        background-color: transparent !important;\n        padding: 0 !important;\n      }\n      .bolWidget {\n        float: none !important;\n        margin: 0 auto !important;\n        color: #555555 !important;\n      }\n      .bolWidget select {\n        height: 37px !important;\n      }\n      .bolWidget input {\n        height: 33px !important;\n      }\n    <\/style>\n\t\t<!--<script src=\"https:\/\/ajax.googleapis.com\/ajax\/libs\/jquery\/3.1.1\/jquery.min.js\"><\/script>\n    <script src=\"https:\/\/ajax.googleapis.com\/ajax\/libs\/jqueryui\/1.12.1\/jquery-ui.min.js\"><\/script>\n    <link rel=\"stylesheet\" href=\"https:\/\/ajax.googleapis.com\/ajax\/libs\/jqueryui\/1.12.1\/themes\/smoothness\/jquery-ui.css\">-->\n    <div class=\"quickSearch\"><\/div>\n    <script src=\"https:\/\/scripts.resasecure.net\/serv_jScript\/webLibraries\/js\/ext\/HNEwidget.js\"><\/script>\n    <script type=\"text\/javascript\">\n      jQuery(document).ready(function () {\n        jQuery(\".quickSearch\").HNetBOL({\n          hotel: 8821,\n          hasPromo: true,\n          maxNights: 30,\n          maxAdults: 4,\n          maxRooms: 4,\n          maxChildren: 3,\n          maxChildAge: 15,\n          language: \"fr\",\n          forceVertical: false,\n          hasBestPrice: false,\n          availableDate: \"2020-12-2\",\n          themeActionColor: \"#412C26\",\n          themeActionTextColor: \"#FFFFFF\",\n          hideBestPriceAfter: 30,\n          openMode: 3,\n          popupWidth: 1100,\n          popupHeight: 650\n        });\n      });\n    <\/script>\n\t<!-- END .wide-booking-form -->\n\t<\/div>\n\t\n\t[\/vc_column][\/vc_row][vc_row bottom_margin=&#8221;50&#8243;][vc_column]<h4>Profumo e Colori<\/h4><div class=\"title-block-6\"><\/div>[vc_column_text]<\/p>\n<p class=\"pocobot\">Les chambres Profumo e Colori sont toutes diff\u00e9rentes les unes des autres, tant en termes de d\u00e9coration que d&#8217;emplacement. Celles du corps principal disposent d\u2019un balcon, tandis que les autres ont un jardin ou une terrasse et une entr\u00e9e ind\u00e9pendante. Toutes les chambres sont \u00e9quip\u00e9es pour profiter pleinement du calme de notre parc. Quelle que soit la perspective, le paysage de la mer et de la nature est toujours magnifique.<\/p>\n<p class=\"pocobot\">Ces chambres sont disponibles en deux configurations\u00a0: grand lit ou lits doubles, grand lit avec lit suppl\u00e9mentaire.<\/p>\n<p>[\/vc_column_text][\/vc_column][\/vc_row][vc_row bottom_margin=&#8221;50&#8243;][vc_column][vc_gallery type=&#8221;flexslider_slide&#8221; interval=&#8221;0&#8243; images=&#8221;1445,1446,1447,1448,1449,1440,1564,952,947,1681&#8243; img_size=&#8221;1200&#215;600&#8243; onclick=&#8221;&#8221;][\/vc_column][\/vc_row]<\/p>\n","protected":false},"excerpt":{"rendered":"<p>[vc_row type=&#8221;full_width_section&#8221; bottom_padding=&#8221;0&#8243; bottom_margin=&#8221;0&#8243;][vc_column css=&#8221;.vc_custom_1521121559607{margin-top: 0px !important;margin-right: 0px !important;margin-bottom: 0px !important;margin-left: 0px !important;border-top-width: 0px !important;border-right-width: 0px !important;border-bottom-width: 0px !important;border-left-width: 0px !important;padding-top: 0px !important;padding-right: 0px !important;padding-bottom: 0px !important;padding-left: 0px !important;}&#8221;][rev_slider_vc alias=&#8221;pag-camera-profumi&#8221; el_class=&#8221;rev_slider_wrapper-1&#8243;][\/vc_column][\/vc_row][vc_row type=&#8221;full_width_section&#8221;][vc_column css=&#8221;.vc_custom_1620382302387{margin: 0px !important;padding: 0px !important;border: 0px initial !important;}&#8221;][vc_separator color=&#8221;custom&#8221; style=&#8221;shadow&#8221; accent_color=&#8221;#0a0a0a&#8221; css=&#8221;.vc_custom_1620382310666{margin-bottom: 0px !important;}&#8221;][\/vc_column][\/vc_row][vc_row bottom_margin=&#8221;50&#8243;][vc_column][vc_column_text] Les chambres Profumo e Colori sont toutes diff\u00e9rentes<\/p>\n<a href=\"https:\/\/www.hotelgallonero.it\/fr\/chambres-et-cottages\/profumo-e-colori\/\" class=\"more-link\">Read More<\/a>","protected":false},"author":1,"featured_media":0,"parent":2575,"menu_order":4,"comment_status":"closed","ping_status":"closed","template":"","meta":{"footnotes":""},"class_list":["post-2692","page","type-page","status-publish","hentry"],"yoast_head":"<!-- This site is optimized with the Yoast SEO plugin v27.3 - https:\/\/yoast.com\/product\/yoast-seo-wordpress\/ -->\n<title>Chambres Profumo e Colori - Hotel Gallo Nero, Sant&#039;Andrea, \u00cele d&#039;Elbe<\/title>\n<meta name=\"description\" content=\"Les chambres Profumo e Colori sont toutes diff\u00e9rentes les unes des autres, tant en termes de d\u00e9coration que d&#039;emplacement.\" \/>\n<meta name=\"robots\" content=\"index, follow, max-snippet:-1, max-image-preview:large, max-video-preview:-1\" \/>\n<link rel=\"canonical\" href=\"https:\/\/www.hotelgallonero.it\/fr\/chambres-et-cottages\/profumo-e-colori\/\" \/>\n<meta property=\"og:locale\" content=\"fr_FR\" \/>\n<meta property=\"og:type\" content=\"article\" \/>\n<meta property=\"og:title\" content=\"Chambres Profumo e Colori - Hotel Gallo Nero, Sant&#039;Andrea, \u00cele d&#039;Elbe\" \/>\n<meta property=\"og:description\" content=\"Les chambres Profumo e Colori sont toutes diff\u00e9rentes les unes des autres, tant en termes de d\u00e9coration que d&#039;emplacement.\" \/>\n<meta property=\"og:url\" content=\"https:\/\/www.hotelgallonero.it\/fr\/chambres-et-cottages\/profumo-e-colori\/\" \/>\n<meta property=\"og:site_name\" content=\"Hotel Gallo Nero\" \/>\n<meta property=\"article:publisher\" content=\"https:\/\/www.facebook.com\/Hotel-Gallo-Nero-475373429149830\/\" \/>\n<meta property=\"article:modified_time\" content=\"2025-05-28T08:49:38+00:00\" \/>\n<meta name=\"twitter:card\" content=\"summary_large_image\" \/>\n<meta name=\"twitter:label1\" content=\"Dur\u00e9e de lecture estim\u00e9e\" \/>\n\t<meta name=\"twitter:data1\" content=\"1 minute\" \/>\n<script type=\"application\/ld+json\" class=\"yoast-schema-graph\">{\"@context\":\"https:\\\/\\\/schema.org\",\"@graph\":[{\"@type\":\"WebPage\",\"@id\":\"https:\\\/\\\/www.hotelgallonero.it\\\/fr\\\/chambres-et-cottages\\\/profumo-e-colori\\\/\",\"url\":\"https:\\\/\\\/www.hotelgallonero.it\\\/fr\\\/chambres-et-cottages\\\/profumo-e-colori\\\/\",\"name\":\"Chambres Profumo e Colori - Hotel Gallo Nero, Sant'Andrea, \u00cele d'Elbe\",\"isPartOf\":{\"@id\":\"https:\\\/\\\/www.hotelgallonero.it\\\/fr\\\/#website\"},\"datePublished\":\"2019-11-07T14:19:35+00:00\",\"dateModified\":\"2025-05-28T08:49:38+00:00\",\"description\":\"Les chambres Profumo e Colori sont toutes diff\u00e9rentes les unes des autres, tant en termes de d\u00e9coration que d'emplacement.\",\"breadcrumb\":{\"@id\":\"https:\\\/\\\/www.hotelgallonero.it\\\/fr\\\/chambres-et-cottages\\\/profumo-e-colori\\\/#breadcrumb\"},\"inLanguage\":\"fr-FR\",\"potentialAction\":[{\"@type\":\"ReadAction\",\"target\":[\"https:\\\/\\\/www.hotelgallonero.it\\\/fr\\\/chambres-et-cottages\\\/profumo-e-colori\\\/\"]}]},{\"@type\":\"BreadcrumbList\",\"@id\":\"https:\\\/\\\/www.hotelgallonero.it\\\/fr\\\/chambres-et-cottages\\\/profumo-e-colori\\\/#breadcrumb\",\"itemListElement\":[{\"@type\":\"ListItem\",\"position\":1,\"name\":\"Home\",\"item\":\"https:\\\/\\\/www.hotelgallonero.it\\\/fr\\\/\"},{\"@type\":\"ListItem\",\"position\":2,\"name\":\"Chambres et Cottages\",\"item\":\"https:\\\/\\\/www.hotelgallonero.it\\\/fr\\\/chambres-et-cottages\\\/\"},{\"@type\":\"ListItem\",\"position\":3,\"name\":\"Profumo e Colori\"}]},{\"@type\":\"WebSite\",\"@id\":\"https:\\\/\\\/www.hotelgallonero.it\\\/fr\\\/#website\",\"url\":\"https:\\\/\\\/www.hotelgallonero.it\\\/fr\\\/\",\"name\":\"Hotel Gallo Nero\",\"description\":\"Hotel a Sant'Andrea, all'Isola d'Elba\",\"publisher\":{\"@id\":\"https:\\\/\\\/www.hotelgallonero.it\\\/fr\\\/#organization\"},\"potentialAction\":[{\"@type\":\"SearchAction\",\"target\":{\"@type\":\"EntryPoint\",\"urlTemplate\":\"https:\\\/\\\/www.hotelgallonero.it\\\/fr\\\/?s={search_term_string}\"},\"query-input\":{\"@type\":\"PropertyValueSpecification\",\"valueRequired\":true,\"valueName\":\"search_term_string\"}}],\"inLanguage\":\"fr-FR\"},{\"@type\":\"Organization\",\"@id\":\"https:\\\/\\\/www.hotelgallonero.it\\\/fr\\\/#organization\",\"name\":\"Hotel Gallo Nero\",\"url\":\"https:\\\/\\\/www.hotelgallonero.it\\\/fr\\\/\",\"logo\":{\"@type\":\"ImageObject\",\"inLanguage\":\"fr-FR\",\"@id\":\"https:\\\/\\\/www.hotelgallonero.it\\\/fr\\\/#\\\/schema\\\/logo\\\/image\\\/\",\"url\":\"https:\\\/\\\/www.hotelgallonero.it\\\/wp-content\\\/uploads\\\/hotel_gallo_nero_elba.png\",\"contentUrl\":\"https:\\\/\\\/www.hotelgallonero.it\\\/wp-content\\\/uploads\\\/hotel_gallo_nero_elba.png\",\"width\":460,\"height\":351,\"caption\":\"Hotel Gallo Nero\"},\"image\":{\"@id\":\"https:\\\/\\\/www.hotelgallonero.it\\\/fr\\\/#\\\/schema\\\/logo\\\/image\\\/\"},\"sameAs\":[\"https:\\\/\\\/www.facebook.com\\\/Hotel-Gallo-Nero-475373429149830\\\/\"]}]}<\/script>\n<!-- \/ Yoast SEO plugin. -->","yoast_head_json":{"title":"Chambres Profumo e Colori - Hotel Gallo Nero, Sant'Andrea, \u00cele d'Elbe","description":"Les chambres Profumo e Colori sont toutes diff\u00e9rentes les unes des autres, tant en termes de d\u00e9coration que d'emplacement.","robots":{"index":"index","follow":"follow","max-snippet":"max-snippet:-1","max-image-preview":"max-image-preview:large","max-video-preview":"max-video-preview:-1"},"canonical":"https:\/\/www.hotelgallonero.it\/fr\/chambres-et-cottages\/profumo-e-colori\/","og_locale":"fr_FR","og_type":"article","og_title":"Chambres Profumo e Colori - Hotel Gallo Nero, Sant'Andrea, \u00cele d'Elbe","og_description":"Les chambres Profumo e Colori sont toutes diff\u00e9rentes les unes des autres, tant en termes de d\u00e9coration que d'emplacement.","og_url":"https:\/\/www.hotelgallonero.it\/fr\/chambres-et-cottages\/profumo-e-colori\/","og_site_name":"Hotel Gallo Nero","article_publisher":"https:\/\/www.facebook.com\/Hotel-Gallo-Nero-475373429149830\/","article_modified_time":"2025-05-28T08:49:38+00:00","twitter_card":"summary_large_image","twitter_misc":{"Dur\u00e9e de lecture estim\u00e9e":"1 minute"},"schema":{"@context":"https:\/\/schema.org","@graph":[{"@type":"WebPage","@id":"https:\/\/www.hotelgallonero.it\/fr\/chambres-et-cottages\/profumo-e-colori\/","url":"https:\/\/www.hotelgallonero.it\/fr\/chambres-et-cottages\/profumo-e-colori\/","name":"Chambres Profumo e Colori - Hotel Gallo Nero, Sant'Andrea, \u00cele d'Elbe","isPartOf":{"@id":"https:\/\/www.hotelgallonero.it\/fr\/#website"},"datePublished":"2019-11-07T14:19:35+00:00","dateModified":"2025-05-28T08:49:38+00:00","description":"Les chambres Profumo e Colori sont toutes diff\u00e9rentes les unes des autres, tant en termes de d\u00e9coration que d'emplacement.","breadcrumb":{"@id":"https:\/\/www.hotelgallonero.it\/fr\/chambres-et-cottages\/profumo-e-colori\/#breadcrumb"},"inLanguage":"fr-FR","potentialAction":[{"@type":"ReadAction","target":["https:\/\/www.hotelgallonero.it\/fr\/chambres-et-cottages\/profumo-e-colori\/"]}]},{"@type":"BreadcrumbList","@id":"https:\/\/www.hotelgallonero.it\/fr\/chambres-et-cottages\/profumo-e-colori\/#breadcrumb","itemListElement":[{"@type":"ListItem","position":1,"name":"Home","item":"https:\/\/www.hotelgallonero.it\/fr\/"},{"@type":"ListItem","position":2,"name":"Chambres et Cottages","item":"https:\/\/www.hotelgallonero.it\/fr\/chambres-et-cottages\/"},{"@type":"ListItem","position":3,"name":"Profumo e Colori"}]},{"@type":"WebSite","@id":"https:\/\/www.hotelgallonero.it\/fr\/#website","url":"https:\/\/www.hotelgallonero.it\/fr\/","name":"Hotel Gallo Nero","description":"Hotel a Sant'Andrea, all'Isola d'Elba","publisher":{"@id":"https:\/\/www.hotelgallonero.it\/fr\/#organization"},"potentialAction":[{"@type":"SearchAction","target":{"@type":"EntryPoint","urlTemplate":"https:\/\/www.hotelgallonero.it\/fr\/?s={search_term_string}"},"query-input":{"@type":"PropertyValueSpecification","valueRequired":true,"valueName":"search_term_string"}}],"inLanguage":"fr-FR"},{"@type":"Organization","@id":"https:\/\/www.hotelgallonero.it\/fr\/#organization","name":"Hotel Gallo Nero","url":"https:\/\/www.hotelgallonero.it\/fr\/","logo":{"@type":"ImageObject","inLanguage":"fr-FR","@id":"https:\/\/www.hotelgallonero.it\/fr\/#\/schema\/logo\/image\/","url":"https:\/\/www.hotelgallonero.it\/wp-content\/uploads\/hotel_gallo_nero_elba.png","contentUrl":"https:\/\/www.hotelgallonero.it\/wp-content\/uploads\/hotel_gallo_nero_elba.png","width":460,"height":351,"caption":"Hotel Gallo Nero"},"image":{"@id":"https:\/\/www.hotelgallonero.it\/fr\/#\/schema\/logo\/image\/"},"sameAs":["https:\/\/www.facebook.com\/Hotel-Gallo-Nero-475373429149830\/"]}]}},"_links":{"self":[{"href":"https:\/\/www.hotelgallonero.it\/fr\/wp-json\/wp\/v2\/pages\/2692","targetHints":{"allow":["GET"]}}],"collection":[{"href":"https:\/\/www.hotelgallonero.it\/fr\/wp-json\/wp\/v2\/pages"}],"about":[{"href":"https:\/\/www.hotelgallonero.it\/fr\/wp-json\/wp\/v2\/types\/page"}],"author":[{"embeddable":true,"href":"https:\/\/www.hotelgallonero.it\/fr\/wp-json\/wp\/v2\/users\/1"}],"replies":[{"embeddable":true,"href":"https:\/\/www.hotelgallonero.it\/fr\/wp-json\/wp\/v2\/comments?post=2692"}],"version-history":[{"count":4,"href":"https:\/\/www.hotelgallonero.it\/fr\/wp-json\/wp\/v2\/pages\/2692\/revisions"}],"predecessor-version":[{"id":3612,"href":"https:\/\/www.hotelgallonero.it\/fr\/wp-json\/wp\/v2\/pages\/2692\/revisions\/3612"}],"up":[{"embeddable":true,"href":"https:\/\/www.hotelgallonero.it\/fr\/wp-json\/wp\/v2\/pages\/2575"}],"wp:attachment":[{"href":"https:\/\/www.hotelgallonero.it\/fr\/wp-json\/wp\/v2\/media?parent=2692"}],"curies":[{"name":"wp","href":"https:\/\/api.w.org\/{rel}","templated":true}]}}