{"id":2650,"date":"2018-03-16T15:25:11","date_gmt":"2018-03-16T14:25:11","guid":{"rendered":"https:\/\/www.hotelgallonero.it\/hotel\/ambiente\/"},"modified":"2025-05-28T11:01:25","modified_gmt":"2025-05-28T09:01:25","slug":"environnement","status":"publish","type":"page","link":"https:\/\/www.hotelgallonero.it\/fr\/hotel\/environnement\/","title":{"rendered":"Environnement"},"content":{"rendered":"<p>[vc_row type=&#8221;full_width_section&#8221; bottom_padding=&#8221;0&#8243; bottom_margin=&#8221;0&#8243;][vc_column css=&#8221;.vc_custom_1521121559607{margin-top: 0px !important;margin-right: 0px !important;margin-bottom: 0px !important;margin-left: 0px !important;border-top-width: 0px !important;border-right-width: 0px !important;border-bottom-width: 0px !important;border-left-width: 0px !important;padding-top: 0px !important;padding-right: 0px !important;padding-bottom: 0px !important;padding-left: 0px !important;}&#8221;][rev_slider_vc alias=&#8221;pag-ambiente&#8221; el_class=&#8221;rev_slider_wrapper-1&#8243;][\/vc_column][\/vc_row][vc_row][vc_column][vc_separator color=&#8221;custom&#8221; style=&#8221;shadow&#8221; accent_color=&#8221;#000000&#8243;][\/vc_column][\/vc_row][vc_row bottom_margin=&#8221;50&#8243;][vc_column]<h4>Environnement<\/h4><div class=\"title-block-6\"><\/div>[vc_column_text]<strong>A la recherche des couleurs et des parfums de la campagne&#8230;<\/strong><\/p>\n<p>Comme par le pass\u00e9, le chemin qui m\u00e8ne de l&#8217;H\u00f4tel Gallo Nero \u00e0 la mer traverse d\u2019anciennes terrasses couvertes de plantes m\u00e9diterran\u00e9ennes, d&#8217;arbres fruitiers et de potagers cultiv\u00e9s avec amour. La simple descente vers la plage, \u00e0 travers ce jardin \u00e0 la saveur antique, permet de d\u00e9couvrir une dimension des vacances \u00e0 vivre aux rythmes de la nature. Se promener parmi les parfums et le silence, s&#8217;arr\u00eater peut-\u00eatre pour cueillir un fruit savoureux sur l&#8217;une des plantes, permet de s&#8217;\u00e9loigner, pour un moment, de la fr\u00e9n\u00e9sie de la vie quotidienne.<\/p>\n<p>Le jardin champ\u00eatre de l&#8217;h\u00f4tel, qui s\u2019\u00e9tend sur plus de 15 000 m2, abrite des esp\u00e8ces pr\u00e9cieuses qui \u00e9taient autrefois cultiv\u00e9es pour la vie des familles : vignes, oliviers et de nombreuses plantes fruiti\u00e8res. Mais il y a aussi une roseraie et un authentique jardin botanique, o\u00f9 vous pourrez d\u00e9couvrir les essences m\u00e9diterran\u00e9ennes. Le long des terrasses se trouvent des bancs et des chaises longues o\u00f9 vous pourrez vous d\u00e9tendre, lire ou prendre un bain de soleil. Sans oublier le patio du jardin, un espace couvert con\u00e7u pour la pratique du yoga ou d&#8217;exercices corporels libres.<\/p>\n<p>Au bout du chemin qui longe le jardin, vous pourrez acc\u00e9der au r\u00e9seau de sentiers du Parc National de l&#8217;Archipel Toscan, qui s&#8217;\u00e9tend sur la majeure partie de l&#8217;\u00eele. Au milieu des bois et du maquis m\u00e9diterran\u00e9en luxuriant, vous pourrez pratiquer diverses activit\u00e9s de plein air, du trekking au VTT, mais aussi vous balader en toute tranquillit\u00e9, pour vous retrouver au contact d\u2019une nature prot\u00e9g\u00e9e.[\/vc_column_text][vc_column_text css=&#8221;.vc_custom_1620140928907{padding-top: 20px !important;padding-right: 20px !important;padding-bottom: 10px !important;padding-left: 20px !important;background-color: #412c26 !important;border-radius: 4px !important;}&#8221;]<\/p>\n<p style=\"color: #ffffff; margin-bottom: 15px;\"><img decoding=\"async\" class=\"alignleft size-medium wp-image-1564\" src=\"https:\/\/www.hotelgallonero.it\/wp-content\/uploads\/gallery_cottage_07-300x200.jpg\" alt=\"Cottage Hotel Gallo Nero\" width=\"150px\" srcset=\"https:\/\/www.hotelgallonero.it\/wp-content\/uploads\/gallery_cottage_07-300x200.jpg 300w, https:\/\/www.hotelgallonero.it\/wp-content\/uploads\/gallery_cottage_07-1024x683.jpg 1024w, https:\/\/www.hotelgallonero.it\/wp-content\/uploads\/gallery_cottage_07-768x512.jpg 768w, https:\/\/www.hotelgallonero.it\/wp-content\/uploads\/gallery_cottage_07-100x67.jpg 100w, https:\/\/www.hotelgallonero.it\/wp-content\/uploads\/gallery_cottage_07.jpg 1200w\" sizes=\"(max-width: 300px) 100vw, 300px\" \/>A quelques pas de la &#8220;maison principale&#8221;, \u00e9quip\u00e9e de tous les services et immerg\u00e9e dans le calme du jardin, les cottages accueillent des chambres avec terrasses et balcons face \u00e0 la mer.<\/p>\n<p style=\"color: #ffffff; margin-bottom: 10px;\">Ils disposent d\u2019une entr\u00e9e ind\u00e9pendante pour assurer aux clients un s\u00e9jour en toute libert\u00e9.<\/p>\n<div style=\"clear: both;\"><\/div>\n<p>[\/vc_column_text][vc_gallery type=&#8221;flexslider_slide&#8221; interval=&#8221;0&#8243; images=&#8221;970,971,1707,972,973,974,976,1704,978,979,980,981,982&#8243; img_size=&#8221;1200&#215;600&#8243; onclick=&#8221;&#8221;][\/vc_column][\/vc_row]<\/p>\n","protected":false},"excerpt":{"rendered":"<p>[vc_row type=&#8221;full_width_section&#8221; bottom_padding=&#8221;0&#8243; bottom_margin=&#8221;0&#8243;][vc_column css=&#8221;.vc_custom_1521121559607{margin-top: 0px !important;margin-right: 0px !important;margin-bottom: 0px !important;margin-left: 0px !important;border-top-width: 0px !important;border-right-width: 0px !important;border-bottom-width: 0px !important;border-left-width: 0px !important;padding-top: 0px !important;padding-right: 0px !important;padding-bottom: 0px !important;padding-left: 0px !important;}&#8221;][rev_slider_vc alias=&#8221;pag-ambiente&#8221; el_class=&#8221;rev_slider_wrapper-1&#8243;][\/vc_column][\/vc_row][vc_row][vc_column][vc_separator color=&#8221;custom&#8221; style=&#8221;shadow&#8221; accent_color=&#8221;#000000&#8243;][\/vc_column][\/vc_row][vc_row bottom_margin=&#8221;50&#8243;][vc_column][vc_column_text]A la recherche des couleurs et des parfums de la campagne&#8230; Comme par le pass\u00e9, le chemin qui m\u00e8ne de l&#8217;H\u00f4tel<\/p>\n<a href=\"https:\/\/www.hotelgallonero.it\/fr\/hotel\/environnement\/\" class=\"more-link\">Read More<\/a>","protected":false},"author":1,"featured_media":0,"parent":2551,"menu_order":2,"comment_status":"closed","ping_status":"closed","template":"","meta":{"footnotes":""},"class_list":["post-2650","page","type-page","status-publish","hentry"],"yoast_head":"<!-- This site is optimized with the Yoast SEO plugin v27.3 - https:\/\/yoast.com\/product\/yoast-seo-wordpress\/ -->\n<title>Environnement - Hotel Gallo Nero, Sant&#039;Andrea, \u00cele d&#039;Elbe<\/title>\n<meta name=\"description\" content=\"Le jardin champ\u00eatre de l&#039;h\u00f4tel, qui s\u2019\u00e9tend sur plus de 15 000 m2, abrite des esp\u00e8ces pr\u00e9cieuses qui \u00e9taient autrefois cultiv\u00e9es pour la vie des familles.\" \/>\n<meta name=\"robots\" content=\"index, follow, max-snippet:-1, max-image-preview:large, max-video-preview:-1\" \/>\n<link rel=\"canonical\" href=\"https:\/\/www.hotelgallonero.it\/fr\/hotel\/environnement\/\" \/>\n<meta property=\"og:locale\" content=\"fr_FR\" \/>\n<meta property=\"og:type\" content=\"article\" \/>\n<meta property=\"og:title\" content=\"Environnement - Hotel Gallo Nero, Sant&#039;Andrea, \u00cele d&#039;Elbe\" \/>\n<meta property=\"og:description\" content=\"Le jardin champ\u00eatre de l&#039;h\u00f4tel, qui s\u2019\u00e9tend sur plus de 15 000 m2, abrite des esp\u00e8ces pr\u00e9cieuses qui \u00e9taient autrefois cultiv\u00e9es pour la vie des familles.\" \/>\n<meta property=\"og:url\" content=\"https:\/\/www.hotelgallonero.it\/fr\/hotel\/environnement\/\" \/>\n<meta property=\"og:site_name\" content=\"Hotel Gallo Nero\" \/>\n<meta property=\"article:publisher\" content=\"https:\/\/www.facebook.com\/Hotel-Gallo-Nero-475373429149830\/\" \/>\n<meta property=\"article:modified_time\" content=\"2025-05-28T09:01:25+00:00\" \/>\n<meta property=\"og:image\" content=\"https:\/\/www.hotelgallonero.it\/wp-content\/uploads\/gallery_cottage_07-300x200.jpg\" \/>\n<meta name=\"twitter:card\" content=\"summary_large_image\" \/>\n<meta name=\"twitter:label1\" content=\"Dur\u00e9e de lecture estim\u00e9e\" \/>\n\t<meta name=\"twitter:data1\" content=\"3 minutes\" \/>\n<script type=\"application\/ld+json\" class=\"yoast-schema-graph\">{\"@context\":\"https:\\\/\\\/schema.org\",\"@graph\":[{\"@type\":\"WebPage\",\"@id\":\"https:\\\/\\\/www.hotelgallonero.it\\\/fr\\\/hotel\\\/environnement\\\/\",\"url\":\"https:\\\/\\\/www.hotelgallonero.it\\\/fr\\\/hotel\\\/environnement\\\/\",\"name\":\"Environnement - Hotel Gallo Nero, Sant'Andrea, \u00cele d'Elbe\",\"isPartOf\":{\"@id\":\"https:\\\/\\\/www.hotelgallonero.it\\\/fr\\\/#website\"},\"primaryImageOfPage\":{\"@id\":\"https:\\\/\\\/www.hotelgallonero.it\\\/fr\\\/hotel\\\/environnement\\\/#primaryimage\"},\"image\":{\"@id\":\"https:\\\/\\\/www.hotelgallonero.it\\\/fr\\\/hotel\\\/environnement\\\/#primaryimage\"},\"thumbnailUrl\":\"https:\\\/\\\/www.hotelgallonero.it\\\/wp-content\\\/uploads\\\/gallery_cottage_07-300x200.jpg\",\"datePublished\":\"2018-03-16T14:25:11+00:00\",\"dateModified\":\"2025-05-28T09:01:25+00:00\",\"description\":\"Le jardin champ\u00eatre de l'h\u00f4tel, qui s\u2019\u00e9tend sur plus de 15 000 m2, abrite des esp\u00e8ces pr\u00e9cieuses qui \u00e9taient autrefois cultiv\u00e9es pour la vie des familles.\",\"breadcrumb\":{\"@id\":\"https:\\\/\\\/www.hotelgallonero.it\\\/fr\\\/hotel\\\/environnement\\\/#breadcrumb\"},\"inLanguage\":\"fr-FR\",\"potentialAction\":[{\"@type\":\"ReadAction\",\"target\":[\"https:\\\/\\\/www.hotelgallonero.it\\\/fr\\\/hotel\\\/environnement\\\/\"]}]},{\"@type\":\"ImageObject\",\"inLanguage\":\"fr-FR\",\"@id\":\"https:\\\/\\\/www.hotelgallonero.it\\\/fr\\\/hotel\\\/environnement\\\/#primaryimage\",\"url\":\"https:\\\/\\\/www.hotelgallonero.it\\\/wp-content\\\/uploads\\\/gallery_cottage_07-300x200.jpg\",\"contentUrl\":\"https:\\\/\\\/www.hotelgallonero.it\\\/wp-content\\\/uploads\\\/gallery_cottage_07-300x200.jpg\"},{\"@type\":\"BreadcrumbList\",\"@id\":\"https:\\\/\\\/www.hotelgallonero.it\\\/fr\\\/hotel\\\/environnement\\\/#breadcrumb\",\"itemListElement\":[{\"@type\":\"ListItem\",\"position\":1,\"name\":\"Home\",\"item\":\"https:\\\/\\\/www.hotelgallonero.it\\\/fr\\\/\"},{\"@type\":\"ListItem\",\"position\":2,\"name\":\"H\u00f4tel\",\"item\":\"https:\\\/\\\/www.hotelgallonero.it\\\/fr\\\/hotel\\\/\"},{\"@type\":\"ListItem\",\"position\":3,\"name\":\"Environnement\"}]},{\"@type\":\"WebSite\",\"@id\":\"https:\\\/\\\/www.hotelgallonero.it\\\/fr\\\/#website\",\"url\":\"https:\\\/\\\/www.hotelgallonero.it\\\/fr\\\/\",\"name\":\"Hotel Gallo Nero\",\"description\":\"Hotel a Sant'Andrea, all'Isola d'Elba\",\"publisher\":{\"@id\":\"https:\\\/\\\/www.hotelgallonero.it\\\/fr\\\/#organization\"},\"potentialAction\":[{\"@type\":\"SearchAction\",\"target\":{\"@type\":\"EntryPoint\",\"urlTemplate\":\"https:\\\/\\\/www.hotelgallonero.it\\\/fr\\\/?s={search_term_string}\"},\"query-input\":{\"@type\":\"PropertyValueSpecification\",\"valueRequired\":true,\"valueName\":\"search_term_string\"}}],\"inLanguage\":\"fr-FR\"},{\"@type\":\"Organization\",\"@id\":\"https:\\\/\\\/www.hotelgallonero.it\\\/fr\\\/#organization\",\"name\":\"Hotel Gallo Nero\",\"url\":\"https:\\\/\\\/www.hotelgallonero.it\\\/fr\\\/\",\"logo\":{\"@type\":\"ImageObject\",\"inLanguage\":\"fr-FR\",\"@id\":\"https:\\\/\\\/www.hotelgallonero.it\\\/fr\\\/#\\\/schema\\\/logo\\\/image\\\/\",\"url\":\"https:\\\/\\\/www.hotelgallonero.it\\\/wp-content\\\/uploads\\\/hotel_gallo_nero_elba.png\",\"contentUrl\":\"https:\\\/\\\/www.hotelgallonero.it\\\/wp-content\\\/uploads\\\/hotel_gallo_nero_elba.png\",\"width\":460,\"height\":351,\"caption\":\"Hotel Gallo Nero\"},\"image\":{\"@id\":\"https:\\\/\\\/www.hotelgallonero.it\\\/fr\\\/#\\\/schema\\\/logo\\\/image\\\/\"},\"sameAs\":[\"https:\\\/\\\/www.facebook.com\\\/Hotel-Gallo-Nero-475373429149830\\\/\"]}]}<\/script>\n<!-- \/ Yoast SEO plugin. -->","yoast_head_json":{"title":"Environnement - Hotel Gallo Nero, Sant'Andrea, \u00cele d'Elbe","description":"Le jardin champ\u00eatre de l'h\u00f4tel, qui s\u2019\u00e9tend sur plus de 15 000 m2, abrite des esp\u00e8ces pr\u00e9cieuses qui \u00e9taient autrefois cultiv\u00e9es pour la vie des familles.","robots":{"index":"index","follow":"follow","max-snippet":"max-snippet:-1","max-image-preview":"max-image-preview:large","max-video-preview":"max-video-preview:-1"},"canonical":"https:\/\/www.hotelgallonero.it\/fr\/hotel\/environnement\/","og_locale":"fr_FR","og_type":"article","og_title":"Environnement - Hotel Gallo Nero, Sant'Andrea, \u00cele d'Elbe","og_description":"Le jardin champ\u00eatre de l'h\u00f4tel, qui s\u2019\u00e9tend sur plus de 15 000 m2, abrite des esp\u00e8ces pr\u00e9cieuses qui \u00e9taient autrefois cultiv\u00e9es pour la vie des familles.","og_url":"https:\/\/www.hotelgallonero.it\/fr\/hotel\/environnement\/","og_site_name":"Hotel Gallo Nero","article_publisher":"https:\/\/www.facebook.com\/Hotel-Gallo-Nero-475373429149830\/","article_modified_time":"2025-05-28T09:01:25+00:00","og_image":[{"url":"https:\/\/www.hotelgallonero.it\/wp-content\/uploads\/gallery_cottage_07-300x200.jpg","type":"","width":"","height":""}],"twitter_card":"summary_large_image","twitter_misc":{"Dur\u00e9e de lecture estim\u00e9e":"3 minutes"},"schema":{"@context":"https:\/\/schema.org","@graph":[{"@type":"WebPage","@id":"https:\/\/www.hotelgallonero.it\/fr\/hotel\/environnement\/","url":"https:\/\/www.hotelgallonero.it\/fr\/hotel\/environnement\/","name":"Environnement - Hotel Gallo Nero, Sant'Andrea, \u00cele d'Elbe","isPartOf":{"@id":"https:\/\/www.hotelgallonero.it\/fr\/#website"},"primaryImageOfPage":{"@id":"https:\/\/www.hotelgallonero.it\/fr\/hotel\/environnement\/#primaryimage"},"image":{"@id":"https:\/\/www.hotelgallonero.it\/fr\/hotel\/environnement\/#primaryimage"},"thumbnailUrl":"https:\/\/www.hotelgallonero.it\/wp-content\/uploads\/gallery_cottage_07-300x200.jpg","datePublished":"2018-03-16T14:25:11+00:00","dateModified":"2025-05-28T09:01:25+00:00","description":"Le jardin champ\u00eatre de l'h\u00f4tel, qui s\u2019\u00e9tend sur plus de 15 000 m2, abrite des esp\u00e8ces pr\u00e9cieuses qui \u00e9taient autrefois cultiv\u00e9es pour la vie des familles.","breadcrumb":{"@id":"https:\/\/www.hotelgallonero.it\/fr\/hotel\/environnement\/#breadcrumb"},"inLanguage":"fr-FR","potentialAction":[{"@type":"ReadAction","target":["https:\/\/www.hotelgallonero.it\/fr\/hotel\/environnement\/"]}]},{"@type":"ImageObject","inLanguage":"fr-FR","@id":"https:\/\/www.hotelgallonero.it\/fr\/hotel\/environnement\/#primaryimage","url":"https:\/\/www.hotelgallonero.it\/wp-content\/uploads\/gallery_cottage_07-300x200.jpg","contentUrl":"https:\/\/www.hotelgallonero.it\/wp-content\/uploads\/gallery_cottage_07-300x200.jpg"},{"@type":"BreadcrumbList","@id":"https:\/\/www.hotelgallonero.it\/fr\/hotel\/environnement\/#breadcrumb","itemListElement":[{"@type":"ListItem","position":1,"name":"Home","item":"https:\/\/www.hotelgallonero.it\/fr\/"},{"@type":"ListItem","position":2,"name":"H\u00f4tel","item":"https:\/\/www.hotelgallonero.it\/fr\/hotel\/"},{"@type":"ListItem","position":3,"name":"Environnement"}]},{"@type":"WebSite","@id":"https:\/\/www.hotelgallonero.it\/fr\/#website","url":"https:\/\/www.hotelgallonero.it\/fr\/","name":"Hotel Gallo Nero","description":"Hotel a Sant'Andrea, all'Isola d'Elba","publisher":{"@id":"https:\/\/www.hotelgallonero.it\/fr\/#organization"},"potentialAction":[{"@type":"SearchAction","target":{"@type":"EntryPoint","urlTemplate":"https:\/\/www.hotelgallonero.it\/fr\/?s={search_term_string}"},"query-input":{"@type":"PropertyValueSpecification","valueRequired":true,"valueName":"search_term_string"}}],"inLanguage":"fr-FR"},{"@type":"Organization","@id":"https:\/\/www.hotelgallonero.it\/fr\/#organization","name":"Hotel Gallo Nero","url":"https:\/\/www.hotelgallonero.it\/fr\/","logo":{"@type":"ImageObject","inLanguage":"fr-FR","@id":"https:\/\/www.hotelgallonero.it\/fr\/#\/schema\/logo\/image\/","url":"https:\/\/www.hotelgallonero.it\/wp-content\/uploads\/hotel_gallo_nero_elba.png","contentUrl":"https:\/\/www.hotelgallonero.it\/wp-content\/uploads\/hotel_gallo_nero_elba.png","width":460,"height":351,"caption":"Hotel Gallo Nero"},"image":{"@id":"https:\/\/www.hotelgallonero.it\/fr\/#\/schema\/logo\/image\/"},"sameAs":["https:\/\/www.facebook.com\/Hotel-Gallo-Nero-475373429149830\/"]}]}},"_links":{"self":[{"href":"https:\/\/www.hotelgallonero.it\/fr\/wp-json\/wp\/v2\/pages\/2650","targetHints":{"allow":["GET"]}}],"collection":[{"href":"https:\/\/www.hotelgallonero.it\/fr\/wp-json\/wp\/v2\/pages"}],"about":[{"href":"https:\/\/www.hotelgallonero.it\/fr\/wp-json\/wp\/v2\/types\/page"}],"author":[{"embeddable":true,"href":"https:\/\/www.hotelgallonero.it\/fr\/wp-json\/wp\/v2\/users\/1"}],"replies":[{"embeddable":true,"href":"https:\/\/www.hotelgallonero.it\/fr\/wp-json\/wp\/v2\/comments?post=2650"}],"version-history":[{"count":4,"href":"https:\/\/www.hotelgallonero.it\/fr\/wp-json\/wp\/v2\/pages\/2650\/revisions"}],"predecessor-version":[{"id":3652,"href":"https:\/\/www.hotelgallonero.it\/fr\/wp-json\/wp\/v2\/pages\/2650\/revisions\/3652"}],"up":[{"embeddable":true,"href":"https:\/\/www.hotelgallonero.it\/fr\/wp-json\/wp\/v2\/pages\/2551"}],"wp:attachment":[{"href":"https:\/\/www.hotelgallonero.it\/fr\/wp-json\/wp\/v2\/media?parent=2650"}],"curies":[{"name":"wp","href":"https:\/\/api.w.org\/{rel}","templated":true}]}}