{"id":2595,"date":"2018-03-15T17:09:13","date_gmt":"2018-03-15T16:09:13","guid":{"rendered":"https:\/\/www.hotelgallonero.it\/hotel\/servizi\/"},"modified":"2025-05-28T11:00:27","modified_gmt":"2025-05-28T09:00:27","slug":"services","status":"publish","type":"page","link":"https:\/\/www.hotelgallonero.it\/fr\/hotel\/services\/","title":{"rendered":"Services"},"content":{"rendered":"<p>[vc_row type=&#8221;full_width_section&#8221; bottom_padding=&#8221;0&#8243; bottom_margin=&#8221;0&#8243;][vc_column css=&#8221;.vc_custom_1521121559607{margin-top: 0px !important;margin-right: 0px !important;margin-bottom: 0px !important;margin-left: 0px !important;border-top-width: 0px !important;border-right-width: 0px !important;border-bottom-width: 0px !important;border-left-width: 0px !important;padding-top: 0px !important;padding-right: 0px !important;padding-bottom: 0px !important;padding-left: 0px !important;}&#8221;][rev_slider_vc alias=&#8221;pag-servizi&#8221; el_class=&#8221;rev_slider_wrapper-1&#8243;][\/vc_column][\/vc_row][vc_row][vc_column][vc_separator color=&#8221;custom&#8221; style=&#8221;shadow&#8221; accent_color=&#8221;#000000&#8243;][\/vc_column][\/vc_row][vc_row bottom_padding=&#8221;0&#8243; bottom_margin=&#8221;0&#8243;][vc_column]<h4>Services<\/h4><div class=\"title-block-6\"><\/div>[\/vc_column][\/vc_row][vc_row top_padding=&#8221;0&#8243; top_margin=&#8221;0&#8243;][vc_column width=&#8221;1\/4&#8243; css=&#8221;.vc_custom_1521194344531{margin-top: 0px !important;padding-top: 0px !important;}&#8221;][vc_column_text]<\/p>\n<table class=\"cleartab\">\n<tbody>\n<tr>\n<td width=\"67px\"><img loading=\"lazy\" decoding=\"async\" width=\"57\" height=\"57\" class=\"size-full wp-image-733 alignleft\" src=\"\/wp-content\/uploads\/icon_wifi.jpg\" alt=\"Wifi\" \/><\/td>\n<td>Wi Fi<\/td>\n<\/tr>\n<tr>\n<td><img loading=\"lazy\" decoding=\"async\" width=\"57\" height=\"57\" class=\"size-full wp-image-726 alignleft\" src=\"\/wp-content\/uploads\/icon_tennis.jpg\" alt=\"Tennis\" \/><\/td>\n<td>Tennis<\/td>\n<\/tr>\n<tr>\n<td><img decoding=\"async\" class=\"size-full wp-image-726 alignleft\" src=\"\/wp-content\/uploads\/icon_giardino.jpg\" alt=\"Giardino\" \/><\/td>\n<td>Espace jardin<\/td>\n<\/tr>\n<tr>\n<td><img decoding=\"async\" class=\"size-full wp-image-726 alignleft\" src=\"\/wp-content\/uploads\/icon_accappatoio.jpg\" alt=\"Accappatoio\" \/><\/td>\n<td>Peignoir de bain<\/td>\n<\/tr>\n<\/tbody>\n<\/table>\n<p>[\/vc_column_text][\/vc_column][vc_column width=&#8221;1\/4&#8243; css=&#8221;.vc_custom_1521194350370{margin-top: 0px !important;padding-top: 0px !important;}&#8221;][vc_column_text]<\/p>\n<table class=\"cleartab\">\n<tbody>\n<tr>\n<td width=\"67px\"><img decoding=\"async\" class=\"size-full wp-image-733 alignleft\" src=\"\/wp-content\/uploads\/icon_piscina.jpg\" alt=\"Piscina\" \/><\/td>\n<td>Piscine<\/td>\n<\/tr>\n<tr>\n<td><img decoding=\"async\" class=\"size-full wp-image-726 alignleft\" src=\"\/wp-content\/uploads\/icon_pingpong.jpg\" alt=\"Ping Pong\" \/><\/td>\n<td>Ping Pong<\/td>\n<\/tr>\n<tr>\n<td><img decoding=\"async\" class=\"size-full wp-image-726 alignleft\" src=\"\/wp-content\/uploads\/icon_transfer.jpg\" alt=\"Transfer\" \/><\/td>\n<td>Service de transfert \u00e9galement pour les excursions<\/td>\n<\/tr>\n<tr>\n<td><img decoding=\"async\" class=\"size-full wp-image-726 alignleft\" src=\"\/wp-content\/uploads\/icon_telipiscina.jpg\" alt=\"Teli piscina\" \/><\/td>\n<td>Serviettes de piscine<\/td>\n<\/tr>\n<\/tbody>\n<\/table>\n<p>[\/vc_column_text][\/vc_column][vc_column width=&#8221;1\/4&#8243; css=&#8221;.vc_custom_1521194355580{margin-top: 0px !important;padding-top: 0px !important;}&#8221;][vc_column_text]<\/p>\n<table class=\"cleartab\">\n<tbody>\n<tr>\n<td width=\"67px\"><img decoding=\"async\" class=\"size-full wp-image-733 alignleft\" src=\"\/wp-content\/uploads\/icon_idromassaggio.jpg\" alt=\"Idromassaggio\" \/><\/td>\n<td>Piscine d&#8217;hydromassage<\/td>\n<\/tr>\n<tr>\n<td><img decoding=\"async\" class=\"size-full wp-image-726 alignleft\" src=\"\/wp-content\/uploads\/icon_parco.jpg\" alt=\"Parco\" \/><\/td>\n<td>Parc m\u00e9diterran\u00e9en avec arbres fruitiers<\/td>\n<\/tr>\n<tr>\n<td><img decoding=\"async\" class=\"size-full wp-image-726 alignleft\" src=\"\/wp-content\/uploads\/icon_parcheggio.jpg\" alt=\"Parcheggio\" \/><\/td>\n<td>Parking priv\u00e9<\/td>\n<\/tr>\n<tr>\n<td width=\"67px\"><img decoding=\"async\" class=\"size-full wp-image-793 alignleft\" src=\"\/wp-content\/uploads\/icon_bici.png\" alt=\"Location v\u00e9lo\" \/><\/td>\n<td>Location v\u00e9lo<\/td>\n<\/tr>\n<\/tbody>\n<\/table>\n<p>[\/vc_column_text][\/vc_column][vc_column width=&#8221;1\/4&#8243; css=&#8221;.vc_custom_1521194360601{margin-top: 0px !important;padding-top: 0px !important;}&#8221;][vc_column_text]<\/p>\n<table class=\"cleartab\">\n<tbody>\n<tr>\n<td width=\"67px\"><img decoding=\"async\" class=\"size-full wp-image-733 alignleft\" src=\"\/wp-content\/uploads\/icon_giochi.jpg\" alt=\"Giochi\" \/><\/td>\n<td>Jeux pour enfants<\/td>\n<\/tr>\n<tr>\n<td><img decoding=\"async\" class=\"size-full wp-image-726 alignleft\" src=\"\/wp-content\/uploads\/icon_orto.jpg\" alt=\"Orto\" \/><\/td>\n<td>Potager<\/td>\n<\/tr>\n<tr>\n<td><img decoding=\"async\" class=\"size-full wp-image-746 alignleft\" src=\"\/wp-content\/uploads\/icon_garage.jpg\" alt=\"Garage\" \/><\/td>\n<td>Garage pour v\u00e9los uniquement<\/td>\n<\/tr>\n<tr>\n<td><img decoding=\"async\" class=\"size-full wp-image-736 alignleft\" src=\"\/wp-content\/uploads\/icon_palestra.png\" alt=\"Salle de sport\" \/><\/td>\n<td>Salle de sport<\/td>\n<\/tr>\n<\/tbody>\n<\/table>\n<p>[\/vc_column_text][\/vc_column][\/vc_row][vc_row top_padding=&#8221;20&#8243; bottom_padding=&#8221;0&#8243; bottom_margin=&#8221;0&#8243;][vc_column]<h4>Espace bien-\u00eatre<\/h4>[vc_column_text css=&#8221;.vc_custom_1619165533584{margin-bottom: 0px !important;}&#8221;]Chromoth\u00e9rapie &#8211; Hydroth\u00e9rapie[\/vc_column_text][\/vc_column][\/vc_row][vc_row][vc_column width=&#8221;1\/4&#8243;][vc_column_text]<\/p>\n<table class=\"cleartab\">\n<tbody>\n<tr>\n<td width=\"67px\"><img decoding=\"async\" class=\"size-full wp-image-733 alignleft\" src=\"\/wp-content\/uploads\/icon_spa.jpg\" alt=\"Spa\" \/><\/td>\n<td>Piscine spa<\/td>\n<\/tr>\n<\/tbody>\n<\/table>\n<p>[\/vc_column_text][\/vc_column][vc_column width=&#8221;1\/4&#8243;][vc_column_text]<\/p>\n<table class=\"cleartab\">\n<tbody>\n<tr>\n<td width=\"67px\"><img decoding=\"async\" class=\"size-full wp-image-733 alignleft\" src=\"\/wp-content\/uploads\/icon_massaggi.jpg\" alt=\"Massaggi\" \/><\/td>\n<td>Massages<\/td>\n<\/tr>\n<\/tbody>\n<\/table>\n<p>[\/vc_column_text][\/vc_column][vc_column width=&#8221;1\/4&#8243;][vc_column_text]<\/p>\n<table class=\"cleartab\">\n<tbody>\n<tr>\n<td width=\"67px\"><img decoding=\"async\" class=\"size-full wp-image-733 alignleft\" src=\"\/wp-content\/uploads\/icon_sauna.jpg\" alt=\"Sauna\" \/><\/td>\n<td>Sauna<\/td>\n<\/tr>\n<\/tbody>\n<\/table>\n<p>[\/vc_column_text][\/vc_column][vc_column width=&#8221;1\/4&#8243;][vc_column_text]<\/p>\n<table class=\"cleartab\">\n<tbody>\n<tr>\n<td width=\"67px\"><img loading=\"lazy\" decoding=\"async\" width=\"57\" height=\"57\" class=\"alignleft size-full wp-image-1421\" src=\"\/wp-content\/uploads\/icon_yoga.jpg\" alt=\"Yoga\" \/><\/td>\n<td>Yoga<\/td>\n<\/tr>\n<\/tbody>\n<\/table>\n<p>[\/vc_column_text][\/vc_column][\/vc_row][vc_row top_padding=&#8221;20&#8243; bottom_padding=&#8221;0&#8243; bottom_margin=&#8221;0&#8243;][vc_column]<h4>Conventions<\/h4>[\/vc_column][\/vc_row][vc_row bottom_padding=&#8221;50&#8243;][vc_column width=&#8221;1\/4&#8243;][vc_column_text]<\/p>\n<table class=\"cleartab\">\n<tbody>\n<tr>\n<td width=\"67px\"><img decoding=\"async\" class=\"size-full wp-image-733 alignleft\" src=\"\/wp-content\/uploads\/icon_diving.jpg\" alt=\"Diving\" \/><\/td>\n<td>Diving<\/td>\n<\/tr>\n<tr>\n<td width=\"67px\"><img decoding=\"async\" class=\"size-full wp-image-733 alignleft\" src=\"\/wp-content\/uploads\/icon_voli.jpg\" alt=\"Voli\" \/><\/td>\n<td>Vols<\/td>\n<\/tr>\n<\/tbody>\n<\/table>\n<p>[\/vc_column_text][\/vc_column][vc_column width=&#8221;1\/4&#8243;][vc_column_text]<\/p>\n<table class=\"cleartab\">\n<tbody>\n<tr>\n<td width=\"67px\"><img decoding=\"async\" class=\"size-full wp-image-733 alignleft\" src=\"\/wp-content\/uploads\/icon_trekking.jpg\" alt=\"Escursioni\" \/><\/td>\n<td>Excursions \/ trekking<\/td>\n<\/tr>\n<tr>\n<td width=\"67px\"><img decoding=\"async\" class=\"size-full wp-image-733 alignleft\" src=\"\/wp-content\/uploads\/icon_imbarcazioni.jpg\" alt=\"Noleggio imbarcazioni\" \/><\/td>\n<td>Location de bateaux \/ embarcations<\/td>\n<\/tr>\n<\/tbody>\n<\/table>\n<p>[\/vc_column_text][\/vc_column][vc_column width=&#8221;1\/4&#8243;][vc_column_text]<\/p>\n<table class=\"cleartab\">\n<tbody>\n<tr>\n<td width=\"67px\"><img decoding=\"async\" class=\"size-full wp-image-733 alignleft\" src=\"\/wp-content\/uploads\/icon_stabilimento.jpg\" alt=\"Stabilimento\" \/><\/td>\n<td>Bains publics<\/td>\n<\/tr>\n<tr>\n<td width=\"67px\"><img decoding=\"async\" class=\"size-full wp-image-733 alignleft\" src=\"\/wp-content\/uploads\/icon_vela.jpg\" alt=\"Scuola vela\" \/><\/td>\n<td>\u00c9cole de voile<\/td>\n<\/tr>\n<\/tbody>\n<\/table>\n<p>[\/vc_column_text][\/vc_column][vc_column width=&#8221;1\/4&#8243;][vc_column_text]<\/p>\n<table class=\"cleartab\">\n<tbody>\n<tr>\n<td width=\"67px\"><img decoding=\"async\" class=\"size-full wp-image-733 alignleft\" src=\"\/wp-content\/uploads\/icon_traghetto.jpg\" alt=\"Biglietteria traghetti\" \/><\/td>\n<td>Billetterie Ferry<\/td>\n<\/tr>\n<\/tbody>\n<\/table>\n<p>[\/vc_column_text][\/vc_column][\/vc_row][vc_row bottom_margin=&#8221;50&#8243;][vc_column][vc_gallery type=&#8221;flexslider_slide&#8221; interval=&#8221;0&#8243; images=&#8221;956,957,958,959,1567,960,961,1702,963,964,965,966,3508,3512,3516,3520,3524,3528,3532,3536,3540&#8243; img_size=&#8221;1200&#215;600&#8243; onclick=&#8221;&#8221;][\/vc_column][\/vc_row]<\/p>\n","protected":false},"excerpt":{"rendered":"<p>[vc_row type=&#8221;full_width_section&#8221; bottom_padding=&#8221;0&#8243; bottom_margin=&#8221;0&#8243;][vc_column css=&#8221;.vc_custom_1521121559607{margin-top: 0px !important;margin-right: 0px !important;margin-bottom: 0px !important;margin-left: 0px !important;border-top-width: 0px !important;border-right-width: 0px !important;border-bottom-width: 0px !important;border-left-width: 0px !important;padding-top: 0px !important;padding-right: 0px !important;padding-bottom: 0px !important;padding-left: 0px !important;}&#8221;][rev_slider_vc alias=&#8221;pag-servizi&#8221; el_class=&#8221;rev_slider_wrapper-1&#8243;][\/vc_column][\/vc_row][vc_row][vc_column][vc_separator color=&#8221;custom&#8221; style=&#8221;shadow&#8221; accent_color=&#8221;#000000&#8243;][\/vc_column][\/vc_row][vc_row bottom_padding=&#8221;0&#8243; bottom_margin=&#8221;0&#8243;][vc_column][\/vc_column][\/vc_row][vc_row top_padding=&#8221;0&#8243; top_margin=&#8221;0&#8243;][vc_column width=&#8221;1\/4&#8243; css=&#8221;.vc_custom_1521194344531{margin-top: 0px !important;padding-top: 0px !important;}&#8221;][vc_column_text] Wi Fi Tennis Espace jardin Peignoir de bain [\/vc_column_text][\/vc_column][vc_column width=&#8221;1\/4&#8243; css=&#8221;.vc_custom_1521194350370{margin-top:<\/p>\n<a href=\"https:\/\/www.hotelgallonero.it\/fr\/hotel\/services\/\" class=\"more-link\">Read More<\/a>","protected":false},"author":1,"featured_media":0,"parent":2551,"menu_order":1,"comment_status":"closed","ping_status":"closed","template":"","meta":{"footnotes":""},"class_list":["post-2595","page","type-page","status-publish","hentry"],"yoast_head":"<!-- This site is optimized with the Yoast SEO plugin v27.3 - https:\/\/yoast.com\/product\/yoast-seo-wordpress\/ -->\n<title>Services - Hotel Gallo Nero, Sant&#039;Andrea, \u00cele d&#039;Elbe<\/title>\n<meta name=\"description\" content=\"Quelques services de l&#039;h\u00f4tel Gallo Nero: wi-fi, piscine, bassin d&#039;hydromassage, jeux pour enfants, tennis, ping-pong, parc m\u00e9diterran\u00e9en...\" \/>\n<meta name=\"robots\" content=\"index, follow, max-snippet:-1, max-image-preview:large, max-video-preview:-1\" \/>\n<link rel=\"canonical\" href=\"https:\/\/www.hotelgallonero.it\/fr\/hotel\/services\/\" \/>\n<meta property=\"og:locale\" content=\"fr_FR\" \/>\n<meta property=\"og:type\" content=\"article\" \/>\n<meta property=\"og:title\" content=\"Services - Hotel Gallo Nero, Sant&#039;Andrea, \u00cele d&#039;Elbe\" \/>\n<meta property=\"og:description\" content=\"Quelques services de l&#039;h\u00f4tel Gallo Nero: wi-fi, piscine, bassin d&#039;hydromassage, jeux pour enfants, tennis, ping-pong, parc m\u00e9diterran\u00e9en...\" \/>\n<meta property=\"og:url\" content=\"https:\/\/www.hotelgallonero.it\/fr\/hotel\/services\/\" \/>\n<meta property=\"og:site_name\" content=\"Hotel Gallo Nero\" \/>\n<meta property=\"article:publisher\" content=\"https:\/\/www.facebook.com\/Hotel-Gallo-Nero-475373429149830\/\" \/>\n<meta property=\"article:modified_time\" content=\"2025-05-28T09:00:27+00:00\" \/>\n<meta name=\"twitter:card\" content=\"summary_large_image\" \/>\n<meta name=\"twitter:label1\" content=\"Dur\u00e9e de lecture estim\u00e9e\" \/>\n\t<meta name=\"twitter:data1\" content=\"7 minutes\" \/>\n<script type=\"application\/ld+json\" class=\"yoast-schema-graph\">{\"@context\":\"https:\\\/\\\/schema.org\",\"@graph\":[{\"@type\":\"WebPage\",\"@id\":\"https:\\\/\\\/www.hotelgallonero.it\\\/fr\\\/hotel\\\/services\\\/\",\"url\":\"https:\\\/\\\/www.hotelgallonero.it\\\/fr\\\/hotel\\\/services\\\/\",\"name\":\"Services - Hotel Gallo Nero, Sant'Andrea, \u00cele d'Elbe\",\"isPartOf\":{\"@id\":\"https:\\\/\\\/www.hotelgallonero.it\\\/fr\\\/#website\"},\"datePublished\":\"2018-03-15T16:09:13+00:00\",\"dateModified\":\"2025-05-28T09:00:27+00:00\",\"description\":\"Quelques services de l'h\u00f4tel Gallo Nero: wi-fi, piscine, bassin d'hydromassage, jeux pour enfants, tennis, ping-pong, parc m\u00e9diterran\u00e9en...\",\"breadcrumb\":{\"@id\":\"https:\\\/\\\/www.hotelgallonero.it\\\/fr\\\/hotel\\\/services\\\/#breadcrumb\"},\"inLanguage\":\"fr-FR\",\"potentialAction\":[{\"@type\":\"ReadAction\",\"target\":[\"https:\\\/\\\/www.hotelgallonero.it\\\/fr\\\/hotel\\\/services\\\/\"]}]},{\"@type\":\"BreadcrumbList\",\"@id\":\"https:\\\/\\\/www.hotelgallonero.it\\\/fr\\\/hotel\\\/services\\\/#breadcrumb\",\"itemListElement\":[{\"@type\":\"ListItem\",\"position\":1,\"name\":\"Home\",\"item\":\"https:\\\/\\\/www.hotelgallonero.it\\\/fr\\\/\"},{\"@type\":\"ListItem\",\"position\":2,\"name\":\"H\u00f4tel\",\"item\":\"https:\\\/\\\/www.hotelgallonero.it\\\/fr\\\/hotel\\\/\"},{\"@type\":\"ListItem\",\"position\":3,\"name\":\"Services\"}]},{\"@type\":\"WebSite\",\"@id\":\"https:\\\/\\\/www.hotelgallonero.it\\\/fr\\\/#website\",\"url\":\"https:\\\/\\\/www.hotelgallonero.it\\\/fr\\\/\",\"name\":\"Hotel Gallo Nero\",\"description\":\"Hotel a Sant'Andrea, all'Isola d'Elba\",\"publisher\":{\"@id\":\"https:\\\/\\\/www.hotelgallonero.it\\\/fr\\\/#organization\"},\"potentialAction\":[{\"@type\":\"SearchAction\",\"target\":{\"@type\":\"EntryPoint\",\"urlTemplate\":\"https:\\\/\\\/www.hotelgallonero.it\\\/fr\\\/?s={search_term_string}\"},\"query-input\":{\"@type\":\"PropertyValueSpecification\",\"valueRequired\":true,\"valueName\":\"search_term_string\"}}],\"inLanguage\":\"fr-FR\"},{\"@type\":\"Organization\",\"@id\":\"https:\\\/\\\/www.hotelgallonero.it\\\/fr\\\/#organization\",\"name\":\"Hotel Gallo Nero\",\"url\":\"https:\\\/\\\/www.hotelgallonero.it\\\/fr\\\/\",\"logo\":{\"@type\":\"ImageObject\",\"inLanguage\":\"fr-FR\",\"@id\":\"https:\\\/\\\/www.hotelgallonero.it\\\/fr\\\/#\\\/schema\\\/logo\\\/image\\\/\",\"url\":\"https:\\\/\\\/www.hotelgallonero.it\\\/wp-content\\\/uploads\\\/hotel_gallo_nero_elba.png\",\"contentUrl\":\"https:\\\/\\\/www.hotelgallonero.it\\\/wp-content\\\/uploads\\\/hotel_gallo_nero_elba.png\",\"width\":460,\"height\":351,\"caption\":\"Hotel Gallo Nero\"},\"image\":{\"@id\":\"https:\\\/\\\/www.hotelgallonero.it\\\/fr\\\/#\\\/schema\\\/logo\\\/image\\\/\"},\"sameAs\":[\"https:\\\/\\\/www.facebook.com\\\/Hotel-Gallo-Nero-475373429149830\\\/\"]}]}<\/script>\n<!-- \/ Yoast SEO plugin. -->","yoast_head_json":{"title":"Services - Hotel Gallo Nero, Sant'Andrea, \u00cele d'Elbe","description":"Quelques services de l'h\u00f4tel Gallo Nero: wi-fi, piscine, bassin d'hydromassage, jeux pour enfants, tennis, ping-pong, parc m\u00e9diterran\u00e9en...","robots":{"index":"index","follow":"follow","max-snippet":"max-snippet:-1","max-image-preview":"max-image-preview:large","max-video-preview":"max-video-preview:-1"},"canonical":"https:\/\/www.hotelgallonero.it\/fr\/hotel\/services\/","og_locale":"fr_FR","og_type":"article","og_title":"Services - Hotel Gallo Nero, Sant'Andrea, \u00cele d'Elbe","og_description":"Quelques services de l'h\u00f4tel Gallo Nero: wi-fi, piscine, bassin d'hydromassage, jeux pour enfants, tennis, ping-pong, parc m\u00e9diterran\u00e9en...","og_url":"https:\/\/www.hotelgallonero.it\/fr\/hotel\/services\/","og_site_name":"Hotel Gallo Nero","article_publisher":"https:\/\/www.facebook.com\/Hotel-Gallo-Nero-475373429149830\/","article_modified_time":"2025-05-28T09:00:27+00:00","twitter_card":"summary_large_image","twitter_misc":{"Dur\u00e9e de lecture estim\u00e9e":"7 minutes"},"schema":{"@context":"https:\/\/schema.org","@graph":[{"@type":"WebPage","@id":"https:\/\/www.hotelgallonero.it\/fr\/hotel\/services\/","url":"https:\/\/www.hotelgallonero.it\/fr\/hotel\/services\/","name":"Services - Hotel Gallo Nero, Sant'Andrea, \u00cele d'Elbe","isPartOf":{"@id":"https:\/\/www.hotelgallonero.it\/fr\/#website"},"datePublished":"2018-03-15T16:09:13+00:00","dateModified":"2025-05-28T09:00:27+00:00","description":"Quelques services de l'h\u00f4tel Gallo Nero: wi-fi, piscine, bassin d'hydromassage, jeux pour enfants, tennis, ping-pong, parc m\u00e9diterran\u00e9en...","breadcrumb":{"@id":"https:\/\/www.hotelgallonero.it\/fr\/hotel\/services\/#breadcrumb"},"inLanguage":"fr-FR","potentialAction":[{"@type":"ReadAction","target":["https:\/\/www.hotelgallonero.it\/fr\/hotel\/services\/"]}]},{"@type":"BreadcrumbList","@id":"https:\/\/www.hotelgallonero.it\/fr\/hotel\/services\/#breadcrumb","itemListElement":[{"@type":"ListItem","position":1,"name":"Home","item":"https:\/\/www.hotelgallonero.it\/fr\/"},{"@type":"ListItem","position":2,"name":"H\u00f4tel","item":"https:\/\/www.hotelgallonero.it\/fr\/hotel\/"},{"@type":"ListItem","position":3,"name":"Services"}]},{"@type":"WebSite","@id":"https:\/\/www.hotelgallonero.it\/fr\/#website","url":"https:\/\/www.hotelgallonero.it\/fr\/","name":"Hotel Gallo Nero","description":"Hotel a Sant'Andrea, all'Isola d'Elba","publisher":{"@id":"https:\/\/www.hotelgallonero.it\/fr\/#organization"},"potentialAction":[{"@type":"SearchAction","target":{"@type":"EntryPoint","urlTemplate":"https:\/\/www.hotelgallonero.it\/fr\/?s={search_term_string}"},"query-input":{"@type":"PropertyValueSpecification","valueRequired":true,"valueName":"search_term_string"}}],"inLanguage":"fr-FR"},{"@type":"Organization","@id":"https:\/\/www.hotelgallonero.it\/fr\/#organization","name":"Hotel Gallo Nero","url":"https:\/\/www.hotelgallonero.it\/fr\/","logo":{"@type":"ImageObject","inLanguage":"fr-FR","@id":"https:\/\/www.hotelgallonero.it\/fr\/#\/schema\/logo\/image\/","url":"https:\/\/www.hotelgallonero.it\/wp-content\/uploads\/hotel_gallo_nero_elba.png","contentUrl":"https:\/\/www.hotelgallonero.it\/wp-content\/uploads\/hotel_gallo_nero_elba.png","width":460,"height":351,"caption":"Hotel Gallo Nero"},"image":{"@id":"https:\/\/www.hotelgallonero.it\/fr\/#\/schema\/logo\/image\/"},"sameAs":["https:\/\/www.facebook.com\/Hotel-Gallo-Nero-475373429149830\/"]}]}},"_links":{"self":[{"href":"https:\/\/www.hotelgallonero.it\/fr\/wp-json\/wp\/v2\/pages\/2595","targetHints":{"allow":["GET"]}}],"collection":[{"href":"https:\/\/www.hotelgallonero.it\/fr\/wp-json\/wp\/v2\/pages"}],"about":[{"href":"https:\/\/www.hotelgallonero.it\/fr\/wp-json\/wp\/v2\/types\/page"}],"author":[{"embeddable":true,"href":"https:\/\/www.hotelgallonero.it\/fr\/wp-json\/wp\/v2\/users\/1"}],"replies":[{"embeddable":true,"href":"https:\/\/www.hotelgallonero.it\/fr\/wp-json\/wp\/v2\/comments?post=2595"}],"version-history":[{"count":7,"href":"https:\/\/www.hotelgallonero.it\/fr\/wp-json\/wp\/v2\/pages\/2595\/revisions"}],"predecessor-version":[{"id":3648,"href":"https:\/\/www.hotelgallonero.it\/fr\/wp-json\/wp\/v2\/pages\/2595\/revisions\/3648"}],"up":[{"embeddable":true,"href":"https:\/\/www.hotelgallonero.it\/fr\/wp-json\/wp\/v2\/pages\/2551"}],"wp:attachment":[{"href":"https:\/\/www.hotelgallonero.it\/fr\/wp-json\/wp\/v2\/media?parent=2595"}],"curies":[{"name":"wp","href":"https:\/\/api.w.org\/{rel}","templated":true}]}}