{"id":2575,"date":"2018-03-15T14:02:07","date_gmt":"2018-03-15T13:02:07","guid":{"rendered":"https:\/\/www.hotelgallonero.it\/camere-e-cottage\/"},"modified":"2025-05-28T10:59:11","modified_gmt":"2025-05-28T08:59:11","slug":"chambres-et-cottages","status":"publish","type":"page","link":"https:\/\/www.hotelgallonero.it\/fr\/chambres-et-cottages\/","title":{"rendered":"Chambres et Cottages"},"content":{"rendered":"<p>[vc_row type=&#8221;full_width_section&#8221; bottom_padding=&#8221;0&#8243; bottom_margin=&#8221;0&#8243;][vc_column css=&#8221;.vc_custom_1521121559607{margin-top: 0px !important;margin-right: 0px !important;margin-bottom: 0px !important;margin-left: 0px !important;border-top-width: 0px !important;border-right-width: 0px !important;border-bottom-width: 0px !important;border-left-width: 0px !important;padding-top: 0px !important;padding-right: 0px !important;padding-bottom: 0px !important;padding-left: 0px !important;}&#8221;][rev_slider_vc alias=&#8221;pag-camere&#8221; el_class=&#8221;rev_slider_wrapper-1&#8243;][\/vc_column][\/vc_row][vc_row][vc_column][vc_separator color=&#8221;custom&#8221; style=&#8221;shadow&#8221; accent_color=&#8221;#000000&#8243;][\/vc_column][\/vc_row][vc_row bottom_margin=&#8221;50&#8243;][vc_column]<h4>Chambres et Cottages<\/h4><div class=\"title-block-6\"><\/div>[vc_column_text]<strong>Se reconna\u00eetre dans le soin des d\u00e9tails&#8230;<\/strong><\/p>\n<p>L&#8217;H\u00f4tel Gallo Nero se veut avant tout une \u00e9l\u00e9gante maison de campagne. C&#8217;est pourquoi son style si particulier se d\u00e9cline en mille d\u00e9tails qui rendent chaque espace unique et original. Chaque chambre a sa propre personnalit\u00e9, mais toutes garantissent le m\u00eame niveau de confort, avec climatisation, mini-bar, s\u00e8che-cheveux, t\u00e9l\u00e9vision satellite, Wi-Fi gratuit, coffre-fort, t\u00e9l\u00e9phone, balcon ou terrasse. La plupart d&#8217;entre elles donnent sur la mer ou le jardin.<\/p>\n<p>L&#8217;H\u00f4tel Gallo Nero propose des chambres dans la maison principale et d&#8217;autres dans les cottages perch\u00e9s sur les anciennes terrasses du jardin de campagne, qui descendent presque jusqu&#8217;\u00e0 la mer. Germoglio, Girasole et Casa Rosa sont des b\u00e2timents ind\u00e9pendants entour\u00e9s de vignobles, d&#8217;oliviers, d&#8217;arbustes m\u00e9diterran\u00e9ens, d&#8217;arbres fruitiers et de roses. Ces cottages, reli\u00e9s par un chemin priv\u00e9 qui descend presque jusqu&#8217;\u00e0 la plage, abritent des chambres dot\u00e9es d\u2019une entr\u00e9e ind\u00e9pendante pour garantir aux h\u00f4tes une libert\u00e9 totale.<\/p>\n<p>Le Chalet Voce del Mare est, de tous les chalets de l&#8217;H\u00f4tel Gallo Nero, le plus proche de la mer et aussi celui qui offre la vue la plus saisissante sur la baie de Sant&#8217;Andrea. D\u2019une surface de 80 m2, il comprend un salon face \u00e0 la mer avec coin repas, cuisine \u00e9quip\u00e9e, deux chambres, une terrasse panoramique, un jardin face \u00e0 la mer et un barbecue.<\/p>\n<p>Une place de parking ombrag\u00e9e pour voiture\/moto est r\u00e9serv\u00e9e \u00e0 chaque chambre. Un garage pour les motos et les v\u00e9los est disponible sur demande.<\/p>\n<p>Pour plus de d\u00e9tails sur nos chambres et services, appelez-nous directement.[\/vc_column_text][vc_gallery type=&#8221;flexslider_slide&#8221; interval=&#8221;0&#8243; images=&#8221;920,921,922,924,925,926,928,923,916,917,918,919&#8243; img_size=&#8221;1200&#215;600&#8243; onclick=&#8221;&#8221;][\/vc_column][\/vc_row]<\/p>\n","protected":false},"excerpt":{"rendered":"<p>[vc_row type=&#8221;full_width_section&#8221; bottom_padding=&#8221;0&#8243; bottom_margin=&#8221;0&#8243;][vc_column css=&#8221;.vc_custom_1521121559607{margin-top: 0px !important;margin-right: 0px !important;margin-bottom: 0px !important;margin-left: 0px !important;border-top-width: 0px !important;border-right-width: 0px !important;border-bottom-width: 0px !important;border-left-width: 0px !important;padding-top: 0px !important;padding-right: 0px !important;padding-bottom: 0px !important;padding-left: 0px !important;}&#8221;][rev_slider_vc alias=&#8221;pag-camere&#8221; el_class=&#8221;rev_slider_wrapper-1&#8243;][\/vc_column][\/vc_row][vc_row][vc_column][vc_separator color=&#8221;custom&#8221; style=&#8221;shadow&#8221; accent_color=&#8221;#000000&#8243;][\/vc_column][\/vc_row][vc_row bottom_margin=&#8221;50&#8243;][vc_column][vc_column_text]Se reconna\u00eetre dans le soin des d\u00e9tails&#8230; L&#8217;H\u00f4tel Gallo Nero se veut avant tout une \u00e9l\u00e9gante maison de campagne. C&#8217;est pourquoi<\/p>\n<a href=\"https:\/\/www.hotelgallonero.it\/fr\/chambres-et-cottages\/\" class=\"more-link\">Read More<\/a>","protected":false},"author":1,"featured_media":0,"parent":0,"menu_order":2,"comment_status":"closed","ping_status":"closed","template":"","meta":{"footnotes":""},"class_list":["post-2575","page","type-page","status-publish","hentry"],"yoast_head":"<!-- This site is optimized with the Yoast SEO plugin v27.3 - https:\/\/yoast.com\/product\/yoast-seo-wordpress\/ -->\n<title>Chambres et Cottages - Hotel Gallo Nero, Sant&#039;Andrea, \u00cele d&#039;Elbe<\/title>\n<meta name=\"description\" content=\"L&#039;H\u00f4tel Gallo Nero se veut avant tout une \u00e9l\u00e9gante maison de campagne qui rendent chaque espace unique et original.\" \/>\n<meta name=\"robots\" content=\"index, follow, max-snippet:-1, max-image-preview:large, max-video-preview:-1\" \/>\n<link rel=\"canonical\" href=\"https:\/\/www.hotelgallonero.it\/fr\/chambres-et-cottages\/\" \/>\n<meta property=\"og:locale\" content=\"fr_FR\" \/>\n<meta property=\"og:type\" content=\"article\" \/>\n<meta property=\"og:title\" content=\"Chambres et Cottages - Hotel Gallo Nero, Sant&#039;Andrea, \u00cele d&#039;Elbe\" \/>\n<meta property=\"og:description\" content=\"L&#039;H\u00f4tel Gallo Nero se veut avant tout une \u00e9l\u00e9gante maison de campagne qui rendent chaque espace unique et original.\" \/>\n<meta property=\"og:url\" content=\"https:\/\/www.hotelgallonero.it\/fr\/chambres-et-cottages\/\" \/>\n<meta property=\"og:site_name\" content=\"Hotel Gallo Nero\" \/>\n<meta property=\"article:publisher\" content=\"https:\/\/www.facebook.com\/Hotel-Gallo-Nero-475373429149830\/\" \/>\n<meta property=\"article:modified_time\" content=\"2025-05-28T08:59:11+00:00\" \/>\n<meta name=\"twitter:card\" content=\"summary_large_image\" \/>\n<meta name=\"twitter:label1\" content=\"Dur\u00e9e de lecture estim\u00e9e\" \/>\n\t<meta name=\"twitter:data1\" content=\"2 minutes\" \/>\n<script type=\"application\/ld+json\" class=\"yoast-schema-graph\">{\"@context\":\"https:\\\/\\\/schema.org\",\"@graph\":[{\"@type\":\"WebPage\",\"@id\":\"https:\\\/\\\/www.hotelgallonero.it\\\/fr\\\/chambres-et-cottages\\\/\",\"url\":\"https:\\\/\\\/www.hotelgallonero.it\\\/fr\\\/chambres-et-cottages\\\/\",\"name\":\"Chambres et Cottages - Hotel Gallo Nero, Sant'Andrea, \u00cele d'Elbe\",\"isPartOf\":{\"@id\":\"https:\\\/\\\/www.hotelgallonero.it\\\/fr\\\/#website\"},\"datePublished\":\"2018-03-15T13:02:07+00:00\",\"dateModified\":\"2025-05-28T08:59:11+00:00\",\"description\":\"L'H\u00f4tel Gallo Nero se veut avant tout une \u00e9l\u00e9gante maison de campagne qui rendent chaque espace unique et original.\",\"breadcrumb\":{\"@id\":\"https:\\\/\\\/www.hotelgallonero.it\\\/fr\\\/chambres-et-cottages\\\/#breadcrumb\"},\"inLanguage\":\"fr-FR\",\"potentialAction\":[{\"@type\":\"ReadAction\",\"target\":[\"https:\\\/\\\/www.hotelgallonero.it\\\/fr\\\/chambres-et-cottages\\\/\"]}]},{\"@type\":\"BreadcrumbList\",\"@id\":\"https:\\\/\\\/www.hotelgallonero.it\\\/fr\\\/chambres-et-cottages\\\/#breadcrumb\",\"itemListElement\":[{\"@type\":\"ListItem\",\"position\":1,\"name\":\"Home\",\"item\":\"https:\\\/\\\/www.hotelgallonero.it\\\/fr\\\/\"},{\"@type\":\"ListItem\",\"position\":2,\"name\":\"Chambres et Cottages\"}]},{\"@type\":\"WebSite\",\"@id\":\"https:\\\/\\\/www.hotelgallonero.it\\\/fr\\\/#website\",\"url\":\"https:\\\/\\\/www.hotelgallonero.it\\\/fr\\\/\",\"name\":\"Hotel Gallo Nero\",\"description\":\"Hotel a Sant'Andrea, all'Isola d'Elba\",\"publisher\":{\"@id\":\"https:\\\/\\\/www.hotelgallonero.it\\\/fr\\\/#organization\"},\"potentialAction\":[{\"@type\":\"SearchAction\",\"target\":{\"@type\":\"EntryPoint\",\"urlTemplate\":\"https:\\\/\\\/www.hotelgallonero.it\\\/fr\\\/?s={search_term_string}\"},\"query-input\":{\"@type\":\"PropertyValueSpecification\",\"valueRequired\":true,\"valueName\":\"search_term_string\"}}],\"inLanguage\":\"fr-FR\"},{\"@type\":\"Organization\",\"@id\":\"https:\\\/\\\/www.hotelgallonero.it\\\/fr\\\/#organization\",\"name\":\"Hotel Gallo Nero\",\"url\":\"https:\\\/\\\/www.hotelgallonero.it\\\/fr\\\/\",\"logo\":{\"@type\":\"ImageObject\",\"inLanguage\":\"fr-FR\",\"@id\":\"https:\\\/\\\/www.hotelgallonero.it\\\/fr\\\/#\\\/schema\\\/logo\\\/image\\\/\",\"url\":\"https:\\\/\\\/www.hotelgallonero.it\\\/wp-content\\\/uploads\\\/hotel_gallo_nero_elba.png\",\"contentUrl\":\"https:\\\/\\\/www.hotelgallonero.it\\\/wp-content\\\/uploads\\\/hotel_gallo_nero_elba.png\",\"width\":460,\"height\":351,\"caption\":\"Hotel Gallo Nero\"},\"image\":{\"@id\":\"https:\\\/\\\/www.hotelgallonero.it\\\/fr\\\/#\\\/schema\\\/logo\\\/image\\\/\"},\"sameAs\":[\"https:\\\/\\\/www.facebook.com\\\/Hotel-Gallo-Nero-475373429149830\\\/\"]}]}<\/script>\n<!-- \/ Yoast SEO plugin. -->","yoast_head_json":{"title":"Chambres et Cottages - Hotel Gallo Nero, Sant'Andrea, \u00cele d'Elbe","description":"L'H\u00f4tel Gallo Nero se veut avant tout une \u00e9l\u00e9gante maison de campagne qui rendent chaque espace unique et original.","robots":{"index":"index","follow":"follow","max-snippet":"max-snippet:-1","max-image-preview":"max-image-preview:large","max-video-preview":"max-video-preview:-1"},"canonical":"https:\/\/www.hotelgallonero.it\/fr\/chambres-et-cottages\/","og_locale":"fr_FR","og_type":"article","og_title":"Chambres et Cottages - Hotel Gallo Nero, Sant'Andrea, \u00cele d'Elbe","og_description":"L'H\u00f4tel Gallo Nero se veut avant tout une \u00e9l\u00e9gante maison de campagne qui rendent chaque espace unique et original.","og_url":"https:\/\/www.hotelgallonero.it\/fr\/chambres-et-cottages\/","og_site_name":"Hotel Gallo Nero","article_publisher":"https:\/\/www.facebook.com\/Hotel-Gallo-Nero-475373429149830\/","article_modified_time":"2025-05-28T08:59:11+00:00","twitter_card":"summary_large_image","twitter_misc":{"Dur\u00e9e de lecture estim\u00e9e":"2 minutes"},"schema":{"@context":"https:\/\/schema.org","@graph":[{"@type":"WebPage","@id":"https:\/\/www.hotelgallonero.it\/fr\/chambres-et-cottages\/","url":"https:\/\/www.hotelgallonero.it\/fr\/chambres-et-cottages\/","name":"Chambres et Cottages - Hotel Gallo Nero, Sant'Andrea, \u00cele d'Elbe","isPartOf":{"@id":"https:\/\/www.hotelgallonero.it\/fr\/#website"},"datePublished":"2018-03-15T13:02:07+00:00","dateModified":"2025-05-28T08:59:11+00:00","description":"L'H\u00f4tel Gallo Nero se veut avant tout une \u00e9l\u00e9gante maison de campagne qui rendent chaque espace unique et original.","breadcrumb":{"@id":"https:\/\/www.hotelgallonero.it\/fr\/chambres-et-cottages\/#breadcrumb"},"inLanguage":"fr-FR","potentialAction":[{"@type":"ReadAction","target":["https:\/\/www.hotelgallonero.it\/fr\/chambres-et-cottages\/"]}]},{"@type":"BreadcrumbList","@id":"https:\/\/www.hotelgallonero.it\/fr\/chambres-et-cottages\/#breadcrumb","itemListElement":[{"@type":"ListItem","position":1,"name":"Home","item":"https:\/\/www.hotelgallonero.it\/fr\/"},{"@type":"ListItem","position":2,"name":"Chambres et Cottages"}]},{"@type":"WebSite","@id":"https:\/\/www.hotelgallonero.it\/fr\/#website","url":"https:\/\/www.hotelgallonero.it\/fr\/","name":"Hotel Gallo Nero","description":"Hotel a Sant'Andrea, all'Isola d'Elba","publisher":{"@id":"https:\/\/www.hotelgallonero.it\/fr\/#organization"},"potentialAction":[{"@type":"SearchAction","target":{"@type":"EntryPoint","urlTemplate":"https:\/\/www.hotelgallonero.it\/fr\/?s={search_term_string}"},"query-input":{"@type":"PropertyValueSpecification","valueRequired":true,"valueName":"search_term_string"}}],"inLanguage":"fr-FR"},{"@type":"Organization","@id":"https:\/\/www.hotelgallonero.it\/fr\/#organization","name":"Hotel Gallo Nero","url":"https:\/\/www.hotelgallonero.it\/fr\/","logo":{"@type":"ImageObject","inLanguage":"fr-FR","@id":"https:\/\/www.hotelgallonero.it\/fr\/#\/schema\/logo\/image\/","url":"https:\/\/www.hotelgallonero.it\/wp-content\/uploads\/hotel_gallo_nero_elba.png","contentUrl":"https:\/\/www.hotelgallonero.it\/wp-content\/uploads\/hotel_gallo_nero_elba.png","width":460,"height":351,"caption":"Hotel Gallo Nero"},"image":{"@id":"https:\/\/www.hotelgallonero.it\/fr\/#\/schema\/logo\/image\/"},"sameAs":["https:\/\/www.facebook.com\/Hotel-Gallo-Nero-475373429149830\/"]}]}},"_links":{"self":[{"href":"https:\/\/www.hotelgallonero.it\/fr\/wp-json\/wp\/v2\/pages\/2575","targetHints":{"allow":["GET"]}}],"collection":[{"href":"https:\/\/www.hotelgallonero.it\/fr\/wp-json\/wp\/v2\/pages"}],"about":[{"href":"https:\/\/www.hotelgallonero.it\/fr\/wp-json\/wp\/v2\/types\/page"}],"author":[{"embeddable":true,"href":"https:\/\/www.hotelgallonero.it\/fr\/wp-json\/wp\/v2\/users\/1"}],"replies":[{"embeddable":true,"href":"https:\/\/www.hotelgallonero.it\/fr\/wp-json\/wp\/v2\/comments?post=2575"}],"version-history":[{"count":3,"href":"https:\/\/www.hotelgallonero.it\/fr\/wp-json\/wp\/v2\/pages\/2575\/revisions"}],"predecessor-version":[{"id":3644,"href":"https:\/\/www.hotelgallonero.it\/fr\/wp-json\/wp\/v2\/pages\/2575\/revisions\/3644"}],"wp:attachment":[{"href":"https:\/\/www.hotelgallonero.it\/fr\/wp-json\/wp\/v2\/media?parent=2575"}],"curies":[{"name":"wp","href":"https:\/\/api.w.org\/{rel}","templated":true}]}}