{"id":2563,"date":"2019-10-18T16:25:50","date_gmt":"2019-10-18T14:25:50","guid":{"rendered":"https:\/\/www.hotelgallonero.it\/hotel\/storia\/"},"modified":"2021-04-22T16:58:33","modified_gmt":"2021-04-22T14:58:33","slug":"histoire","status":"publish","type":"page","link":"https:\/\/www.hotelgallonero.it\/fr\/hotel\/histoire\/","title":{"rendered":"Histoire"},"content":{"rendered":"<p>[vc_row type=&#8221;full_width_section&#8221; bottom_padding=&#8221;0&#8243; bottom_margin=&#8221;0&#8243;][vc_column css=&#8221;.vc_custom_1521121559607{margin-top: 0px !important;margin-right: 0px !important;margin-bottom: 0px !important;margin-left: 0px !important;border-top-width: 0px !important;border-right-width: 0px !important;border-bottom-width: 0px !important;border-left-width: 0px !important;padding-top: 0px !important;padding-right: 0px !important;padding-bottom: 0px !important;padding-left: 0px !important;}&#8221;][rev_slider_vc alias=&#8221;pag-storia&#8221; el_class=&#8221;rev_slider_wrapper-1&#8243;][\/vc_column][\/vc_row][vc_row][vc_column][vc_separator color=&#8221;custom&#8221; style=&#8221;shadow&#8221; accent_color=&#8221;#000000&#8243;][\/vc_column][\/vc_row][vc_row bottom_margin=&#8221;50&#8243;][vc_column]<h4>Histoire<\/h4><div class=\"title-block-6\"><\/div>[vc_column_text]<strong>Revisiter l&#8217;histoire d&#8217;un territoire&#8230;<\/strong><\/p>\n<p>L&#8217;H\u00f4tel Gallo Nero est n\u00e9 au milieu du si\u00e8cle dernier, lorsque la beaut\u00e9 sauvage de l&#8217;\u00eele d&#8217;Elbe a attir\u00e9 les premiers touristes, amor\u00e7ant un changement historique. Les plus aventureux se rendaient \u00e0 dos de mulet sur la plage isol\u00e9e de Sant&#8217;Andrea \u00e0 la recherche d&#8217;un endroit sp\u00e9cial, et certains s\u2019arr\u00eataient chez les quelques r\u00e9sidents pour manger ou dormir ; c&#8217;est ainsi que la maison de Tonino et Rosa a commenc\u00e9 \u00e0 se transformer.<\/p>\n<p>Ce n&#8217;\u00e9tait gu\u00e8re plus qu&#8217;une chambre, la premi\u00e8re auberge construite \u00e0 c\u00f4t\u00e9 de la cave. On y servait le vin produit par la famille et le rago\u00fbt pr\u00e9par\u00e9 par mamma Rosa avec les produits du jardin et de la mer. Gr\u00e2ce \u00e0 la renomm\u00e9e croissante de l&#8217;\u00eele et de Sant&#8217;Andrea, en quelques ann\u00e9es, le petit restaurant est devenu une pension de famille puis un h\u00f4tel, en passant dans les ann\u00e9es 1970 sous la direction de la nouvelle g\u00e9n\u00e9ration : Loriano avec sa femme et ses enfants.<\/p>\n<p>Comme cela s&#8217;est produit \u00e0 d&#8217;autres occasions avec l&#8217;arriv\u00e9e du tourisme sur l&#8217;\u00eele d&#8217;Elbe, l&#8217;histoire de l&#8217;H\u00f4tel Gallo Nero est celle d&#8217;agriculteurs devenus h\u00f4teliers, mais la famille Anselmi reste li\u00e9e plus que d&#8217;autres aux valeurs de la campagne et de la nature o\u00f9 tout a commenc\u00e9 ; c&#8217;est pourquoi, au fil des ans, elle a conserv\u00e9 les arbres fruitiers et quelques vignobles qui produisent encore du bon vin.<\/p>\n<p>Le nom m\u00eame de l&#8217;h\u00f4tel, choisi par les fondateurs, semble nous renvoyer au contexte bucolique d&#8217;origine, m\u00eame si l&#8217;on dit qu&#8217;il a \u00e9t\u00e9 retenu parce que la cr\u00eate du coq \u00e9voquait les falaises d\u00e9chiquet\u00e9es de Sant&#8217;Andrea&#8230;[\/vc_column_text][\/vc_column][\/vc_row]<\/p>\n","protected":false},"excerpt":{"rendered":"<p>[vc_row type=&#8221;full_width_section&#8221; bottom_padding=&#8221;0&#8243; bottom_margin=&#8221;0&#8243;][vc_column css=&#8221;.vc_custom_1521121559607{margin-top: 0px !important;margin-right: 0px !important;margin-bottom: 0px !important;margin-left: 0px !important;border-top-width: 0px !important;border-right-width: 0px !important;border-bottom-width: 0px !important;border-left-width: 0px !important;padding-top: 0px !important;padding-right: 0px !important;padding-bottom: 0px !important;padding-left: 0px !important;}&#8221;][rev_slider_vc alias=&#8221;pag-storia&#8221; el_class=&#8221;rev_slider_wrapper-1&#8243;][\/vc_column][\/vc_row][vc_row][vc_column][vc_separator color=&#8221;custom&#8221; style=&#8221;shadow&#8221; accent_color=&#8221;#000000&#8243;][\/vc_column][\/vc_row][vc_row bottom_margin=&#8221;50&#8243;][vc_column][vc_column_text]Revisiter l&#8217;histoire d&#8217;un territoire&#8230; L&#8217;H\u00f4tel Gallo Nero est n\u00e9 au milieu du si\u00e8cle dernier, lorsque la beaut\u00e9 sauvage de l&#8217;\u00eele d&#8217;Elbe<\/p>\n<a href=\"https:\/\/www.hotelgallonero.it\/fr\/hotel\/histoire\/\" class=\"more-link\">Read More<\/a>","protected":false},"author":1,"featured_media":0,"parent":2551,"menu_order":3,"comment_status":"closed","ping_status":"closed","template":"","meta":{"footnotes":""},"class_list":["post-2563","page","type-page","status-publish","hentry"],"yoast_head":"<!-- This site is optimized with the Yoast SEO plugin v27.3 - https:\/\/yoast.com\/product\/yoast-seo-wordpress\/ -->\n<title>Histoire - Hotel Gallo Nero, Sant&#039;Andrea, \u00cele d&#039;Elbe<\/title>\n<meta name=\"description\" content=\"L&#039;H\u00f4tel Gallo Nero est n\u00e9 au milieu du si\u00e8cle dernier, lorsque la beaut\u00e9 sauvage de l&#039;\u00eele d&#039;Elbe a attir\u00e9 les premiers touristes, amor\u00e7ant un changement historique.\" \/>\n<meta name=\"robots\" content=\"index, follow, max-snippet:-1, max-image-preview:large, max-video-preview:-1\" \/>\n<link rel=\"canonical\" href=\"https:\/\/www.hotelgallonero.it\/fr\/hotel\/histoire\/\" \/>\n<meta property=\"og:locale\" content=\"fr_FR\" \/>\n<meta property=\"og:type\" content=\"article\" \/>\n<meta property=\"og:title\" content=\"Histoire - Hotel Gallo Nero, Sant&#039;Andrea, \u00cele d&#039;Elbe\" \/>\n<meta property=\"og:description\" content=\"L&#039;H\u00f4tel Gallo Nero est n\u00e9 au milieu du si\u00e8cle dernier, lorsque la beaut\u00e9 sauvage de l&#039;\u00eele d&#039;Elbe a attir\u00e9 les premiers touristes, amor\u00e7ant un changement historique.\" \/>\n<meta property=\"og:url\" content=\"https:\/\/www.hotelgallonero.it\/fr\/hotel\/histoire\/\" \/>\n<meta property=\"og:site_name\" content=\"Hotel Gallo Nero\" \/>\n<meta property=\"article:publisher\" content=\"https:\/\/www.facebook.com\/Hotel-Gallo-Nero-475373429149830\/\" \/>\n<meta property=\"article:modified_time\" content=\"2021-04-22T14:58:33+00:00\" \/>\n<meta name=\"twitter:card\" content=\"summary_large_image\" \/>\n<meta name=\"twitter:label1\" content=\"Dur\u00e9e de lecture estim\u00e9e\" \/>\n\t<meta name=\"twitter:data1\" content=\"2 minutes\" \/>\n<script type=\"application\/ld+json\" class=\"yoast-schema-graph\">{\"@context\":\"https:\\\/\\\/schema.org\",\"@graph\":[{\"@type\":\"WebPage\",\"@id\":\"https:\\\/\\\/www.hotelgallonero.it\\\/fr\\\/hotel\\\/histoire\\\/\",\"url\":\"https:\\\/\\\/www.hotelgallonero.it\\\/fr\\\/hotel\\\/histoire\\\/\",\"name\":\"Histoire - Hotel Gallo Nero, Sant'Andrea, \u00cele d'Elbe\",\"isPartOf\":{\"@id\":\"https:\\\/\\\/www.hotelgallonero.it\\\/fr\\\/#website\"},\"datePublished\":\"2019-10-18T14:25:50+00:00\",\"dateModified\":\"2021-04-22T14:58:33+00:00\",\"description\":\"L'H\u00f4tel Gallo Nero est n\u00e9 au milieu du si\u00e8cle dernier, lorsque la beaut\u00e9 sauvage de l'\u00eele d'Elbe a attir\u00e9 les premiers touristes, amor\u00e7ant un changement historique.\",\"breadcrumb\":{\"@id\":\"https:\\\/\\\/www.hotelgallonero.it\\\/fr\\\/hotel\\\/histoire\\\/#breadcrumb\"},\"inLanguage\":\"fr-FR\",\"potentialAction\":[{\"@type\":\"ReadAction\",\"target\":[\"https:\\\/\\\/www.hotelgallonero.it\\\/fr\\\/hotel\\\/histoire\\\/\"]}]},{\"@type\":\"BreadcrumbList\",\"@id\":\"https:\\\/\\\/www.hotelgallonero.it\\\/fr\\\/hotel\\\/histoire\\\/#breadcrumb\",\"itemListElement\":[{\"@type\":\"ListItem\",\"position\":1,\"name\":\"Home\",\"item\":\"https:\\\/\\\/www.hotelgallonero.it\\\/fr\\\/\"},{\"@type\":\"ListItem\",\"position\":2,\"name\":\"H\u00f4tel\",\"item\":\"https:\\\/\\\/www.hotelgallonero.it\\\/fr\\\/hotel\\\/\"},{\"@type\":\"ListItem\",\"position\":3,\"name\":\"Histoire\"}]},{\"@type\":\"WebSite\",\"@id\":\"https:\\\/\\\/www.hotelgallonero.it\\\/fr\\\/#website\",\"url\":\"https:\\\/\\\/www.hotelgallonero.it\\\/fr\\\/\",\"name\":\"Hotel Gallo Nero\",\"description\":\"Hotel a Sant'Andrea, all'Isola d'Elba\",\"publisher\":{\"@id\":\"https:\\\/\\\/www.hotelgallonero.it\\\/fr\\\/#organization\"},\"potentialAction\":[{\"@type\":\"SearchAction\",\"target\":{\"@type\":\"EntryPoint\",\"urlTemplate\":\"https:\\\/\\\/www.hotelgallonero.it\\\/fr\\\/?s={search_term_string}\"},\"query-input\":{\"@type\":\"PropertyValueSpecification\",\"valueRequired\":true,\"valueName\":\"search_term_string\"}}],\"inLanguage\":\"fr-FR\"},{\"@type\":\"Organization\",\"@id\":\"https:\\\/\\\/www.hotelgallonero.it\\\/fr\\\/#organization\",\"name\":\"Hotel Gallo Nero\",\"url\":\"https:\\\/\\\/www.hotelgallonero.it\\\/fr\\\/\",\"logo\":{\"@type\":\"ImageObject\",\"inLanguage\":\"fr-FR\",\"@id\":\"https:\\\/\\\/www.hotelgallonero.it\\\/fr\\\/#\\\/schema\\\/logo\\\/image\\\/\",\"url\":\"https:\\\/\\\/www.hotelgallonero.it\\\/wp-content\\\/uploads\\\/hotel_gallo_nero_elba.png\",\"contentUrl\":\"https:\\\/\\\/www.hotelgallonero.it\\\/wp-content\\\/uploads\\\/hotel_gallo_nero_elba.png\",\"width\":460,\"height\":351,\"caption\":\"Hotel Gallo Nero\"},\"image\":{\"@id\":\"https:\\\/\\\/www.hotelgallonero.it\\\/fr\\\/#\\\/schema\\\/logo\\\/image\\\/\"},\"sameAs\":[\"https:\\\/\\\/www.facebook.com\\\/Hotel-Gallo-Nero-475373429149830\\\/\"]}]}<\/script>\n<!-- \/ Yoast SEO plugin. -->","yoast_head_json":{"title":"Histoire - Hotel Gallo Nero, Sant'Andrea, \u00cele d'Elbe","description":"L'H\u00f4tel Gallo Nero est n\u00e9 au milieu du si\u00e8cle dernier, lorsque la beaut\u00e9 sauvage de l'\u00eele d'Elbe a attir\u00e9 les premiers touristes, amor\u00e7ant un changement historique.","robots":{"index":"index","follow":"follow","max-snippet":"max-snippet:-1","max-image-preview":"max-image-preview:large","max-video-preview":"max-video-preview:-1"},"canonical":"https:\/\/www.hotelgallonero.it\/fr\/hotel\/histoire\/","og_locale":"fr_FR","og_type":"article","og_title":"Histoire - Hotel Gallo Nero, Sant'Andrea, \u00cele d'Elbe","og_description":"L'H\u00f4tel Gallo Nero est n\u00e9 au milieu du si\u00e8cle dernier, lorsque la beaut\u00e9 sauvage de l'\u00eele d'Elbe a attir\u00e9 les premiers touristes, amor\u00e7ant un changement historique.","og_url":"https:\/\/www.hotelgallonero.it\/fr\/hotel\/histoire\/","og_site_name":"Hotel Gallo Nero","article_publisher":"https:\/\/www.facebook.com\/Hotel-Gallo-Nero-475373429149830\/","article_modified_time":"2021-04-22T14:58:33+00:00","twitter_card":"summary_large_image","twitter_misc":{"Dur\u00e9e de lecture estim\u00e9e":"2 minutes"},"schema":{"@context":"https:\/\/schema.org","@graph":[{"@type":"WebPage","@id":"https:\/\/www.hotelgallonero.it\/fr\/hotel\/histoire\/","url":"https:\/\/www.hotelgallonero.it\/fr\/hotel\/histoire\/","name":"Histoire - Hotel Gallo Nero, Sant'Andrea, \u00cele d'Elbe","isPartOf":{"@id":"https:\/\/www.hotelgallonero.it\/fr\/#website"},"datePublished":"2019-10-18T14:25:50+00:00","dateModified":"2021-04-22T14:58:33+00:00","description":"L'H\u00f4tel Gallo Nero est n\u00e9 au milieu du si\u00e8cle dernier, lorsque la beaut\u00e9 sauvage de l'\u00eele d'Elbe a attir\u00e9 les premiers touristes, amor\u00e7ant un changement historique.","breadcrumb":{"@id":"https:\/\/www.hotelgallonero.it\/fr\/hotel\/histoire\/#breadcrumb"},"inLanguage":"fr-FR","potentialAction":[{"@type":"ReadAction","target":["https:\/\/www.hotelgallonero.it\/fr\/hotel\/histoire\/"]}]},{"@type":"BreadcrumbList","@id":"https:\/\/www.hotelgallonero.it\/fr\/hotel\/histoire\/#breadcrumb","itemListElement":[{"@type":"ListItem","position":1,"name":"Home","item":"https:\/\/www.hotelgallonero.it\/fr\/"},{"@type":"ListItem","position":2,"name":"H\u00f4tel","item":"https:\/\/www.hotelgallonero.it\/fr\/hotel\/"},{"@type":"ListItem","position":3,"name":"Histoire"}]},{"@type":"WebSite","@id":"https:\/\/www.hotelgallonero.it\/fr\/#website","url":"https:\/\/www.hotelgallonero.it\/fr\/","name":"Hotel Gallo Nero","description":"Hotel a Sant'Andrea, all'Isola d'Elba","publisher":{"@id":"https:\/\/www.hotelgallonero.it\/fr\/#organization"},"potentialAction":[{"@type":"SearchAction","target":{"@type":"EntryPoint","urlTemplate":"https:\/\/www.hotelgallonero.it\/fr\/?s={search_term_string}"},"query-input":{"@type":"PropertyValueSpecification","valueRequired":true,"valueName":"search_term_string"}}],"inLanguage":"fr-FR"},{"@type":"Organization","@id":"https:\/\/www.hotelgallonero.it\/fr\/#organization","name":"Hotel Gallo Nero","url":"https:\/\/www.hotelgallonero.it\/fr\/","logo":{"@type":"ImageObject","inLanguage":"fr-FR","@id":"https:\/\/www.hotelgallonero.it\/fr\/#\/schema\/logo\/image\/","url":"https:\/\/www.hotelgallonero.it\/wp-content\/uploads\/hotel_gallo_nero_elba.png","contentUrl":"https:\/\/www.hotelgallonero.it\/wp-content\/uploads\/hotel_gallo_nero_elba.png","width":460,"height":351,"caption":"Hotel Gallo Nero"},"image":{"@id":"https:\/\/www.hotelgallonero.it\/fr\/#\/schema\/logo\/image\/"},"sameAs":["https:\/\/www.facebook.com\/Hotel-Gallo-Nero-475373429149830\/"]}]}},"_links":{"self":[{"href":"https:\/\/www.hotelgallonero.it\/fr\/wp-json\/wp\/v2\/pages\/2563","targetHints":{"allow":["GET"]}}],"collection":[{"href":"https:\/\/www.hotelgallonero.it\/fr\/wp-json\/wp\/v2\/pages"}],"about":[{"href":"https:\/\/www.hotelgallonero.it\/fr\/wp-json\/wp\/v2\/types\/page"}],"author":[{"embeddable":true,"href":"https:\/\/www.hotelgallonero.it\/fr\/wp-json\/wp\/v2\/users\/1"}],"replies":[{"embeddable":true,"href":"https:\/\/www.hotelgallonero.it\/fr\/wp-json\/wp\/v2\/comments?post=2563"}],"version-history":[{"count":3,"href":"https:\/\/www.hotelgallonero.it\/fr\/wp-json\/wp\/v2\/pages\/2563\/revisions"}],"predecessor-version":[{"id":2577,"href":"https:\/\/www.hotelgallonero.it\/fr\/wp-json\/wp\/v2\/pages\/2563\/revisions\/2577"}],"up":[{"embeddable":true,"href":"https:\/\/www.hotelgallonero.it\/fr\/wp-json\/wp\/v2\/pages\/2551"}],"wp:attachment":[{"href":"https:\/\/www.hotelgallonero.it\/fr\/wp-json\/wp\/v2\/media?parent=2563"}],"curies":[{"name":"wp","href":"https:\/\/api.w.org\/{rel}","templated":true}]}}