{"id":2968,"date":"2018-03-16T14:50:50","date_gmt":"2018-03-16T13:50:50","guid":{"rendered":"https:\/\/www.hotelgallonero.it\/infos-und-kontakte\/prenotazione-traghetto\/"},"modified":"2025-03-26T10:07:18","modified_gmt":"2025-03-26T09:07:18","slug":"faehre-buchen","status":"publish","type":"page","link":"https:\/\/www.hotelgallonero.it\/de\/infos-und-kontakte\/faehre-buchen\/","title":{"rendered":"F\u00e4hre Buchen"},"content":{"rendered":"<p>[vc_row type=&#8221;full_width_section&#8221; bottom_padding=&#8221;0&#8243; bottom_margin=&#8221;0&#8243;][vc_column css=&#8221;.vc_custom_1521121559607{margin-top: 0px !important;margin-right: 0px !important;margin-bottom: 0px !important;margin-left: 0px !important;border-top-width: 0px !important;border-right-width: 0px !important;border-bottom-width: 0px !important;border-left-width: 0px !important;padding-top: 0px !important;padding-right: 0px !important;padding-bottom: 0px !important;padding-left: 0px !important;}&#8221;][rev_slider_vc alias=&#8221;pag-traghetti&#8221; el_class=&#8221;rev_slider_wrapper-1&#8243;][\/vc_column][\/vc_row][vc_row][vc_column][vc_separator color=&#8221;custom&#8221; style=&#8221;shadow&#8221; accent_color=&#8221;#000000&#8243;][\/vc_column][\/vc_row][vc_row bottom_margin=&#8221;50&#8243;][vc_column]<h4>F\u00e4hre Buchen<\/h4><div class=\"title-block-6\"><\/div>[vc_column_text]Die Insel Elba erreichen Sie, indem Sie sich in Piombino Marittima einschiffen, wo zwei Reedereien (Moby &amp; Toremar und Blu Navy) gut ausgestattete F\u00e4hren bieten, welche einen schnelle und bequeme \u00dcberfahrt erm\u00f6glichen. In nur einer Stunde Schifffahrt k\u00f6nnen die ungef\u00e4hr 10 Kilometer, welche die Insel vom Festland trennen, zur\u00fcckgelegt werden und Sie erreichen die H\u00e4fen von Portoferraio (dem Hauptort), Cavo und Rio Marina.<br \/>\nAlternativ gibt es eine schnelle Verbindung per Tragfl\u00fcgelboot nur f\u00fcr den Personenverkehr, die Portoferraio in nur 35 Minuten erreicht.[\/vc_column_text][vc_column_text css=&#8221;.vc_custom_1742980017639{border-top-width: 1px !important;border-right-width: 1px !important;border-bottom-width: 1px !important;border-left-width: 1px !important;padding-bottom: 30px !important;background-color: rgba(255,255,255,0.5) !important;*background-color: rgb(255,255,255) !important;border-left-color: #b19f6a !important;border-left-style: solid !important;border-right-color: #b19f6a !important;border-right-style: solid !important;border-top-color: #b19f6a !important;border-top-style: solid !important;border-bottom-color: #b19f6a !important;border-bottom-style: solid !important;border-radius: 5px !important;}&#8221;]<\/p>\n<p style=\"text-align: center;\"><a href=\"https:\/\/booking.blunavytraghetti.com\/\" target=\"_blank\" rel=\"noopener noreferrer\"><img loading=\"lazy\" decoding=\"async\" width=\"300\" height=\"71\" class=\"aligncenter size-full wp-image-1235\" src=\"https:\/\/www.hotelgallonero.it\/wp-content\/uploads\/blu_navy_elba-300x71.png\" alt=\"Blu Navy\" srcset=\"https:\/\/www.hotelgallonero.it\/wp-content\/uploads\/blu_navy_elba-300x71.png 300w, https:\/\/www.hotelgallonero.it\/wp-content\/uploads\/blu_navy_elba-300x71-100x24.png 100w\" sizes=\"auto, (max-width: 300px) 100vw, 300px\" \/><\/a><br \/>\nHotel Gallo Nero h\u00e4lt sich an die Vereinbarung zwischen Blu Navy und Ilva Viaggi.<br \/>\nWenn Sie Ihren Aufenthalt bei uns buchen, erhalten Sie einen Rabattcode, den Sie unten eingeben k\u00f6nnen.<\/p>\n<p>[\/vc_column_text][vc_raw_html]JTNDZGl2JTIwc3R5bGUlM0QlMjJtYXJnaW4lM0ElMjAwJTIwYXV0byUzQiUyMiUzRSUzQ2lmcmFtZSUyMHN0eWxlJTNEJTIyYm9yZGVyJTNBJTIwbm9uZSUzQiUyMGZpbHRlciUzQWRyb3Atc2hhZG93JTI4MHB4JTIwM3B4JTIwMTBweCUyMHJnYmElMjgwJTJDMCUyQzAlMkMuMiUyOSUyOSUzQiUyMiUyMHNyYyUzRCUyMmh0dHBzJTNBJTJGJTJGYmx1bmF2eXRyYWdoZXR0aS5jb20lMkZkZSUyRmhvdGVsJTJGaG90ZWwtZ2FsbG8tbmVybyUyRiUyRiUzRmlmcmFtZSUzRGJhbm5lciUyMiUyMHdpZHRoJTNEJTIyMTAwJTI1JTIyJTIwaGVpZ2h0JTNEJTIyMTAwJTI1JTIyJTIwYWxsb3d0cmFuc3BhcmVuY3klM0QlMjJ0cnVlJTIyJTIwY2xhc3MlM0QlMjJibHVuYXZ5ZW1iZWQlMjIlM0UlM0MlMkZpZnJhbWUlM0UlM0NzY3JpcHQlMjBzcmMlM0QlMjJodHRwcyUzQSUyRiUyRmJsdW5hdnl0cmFnaGV0dGkuY29tJTJGd3AtY29udGVudCUyRnRoZW1lcyUyRmNvc21vJTJGYXNzZXRzJTJGanMlMkZpZnJhbWUlMkZlbWJlZC5qcyUyMiUzRSUzQyUyRnNjcmlwdCUzRSUzQ3NwYW4lMjBzdHlsZSUzRCUyMiUyMGZvbnQtZmFtaWx5JTNBJTIwc2Fucy1zZXJpZiUzQiUyMGNvbG9yJTNBJTIwJTIzMjkyQzdFJTNCJTIwZm9udC1zaXplJTNBJTIwMTRweCUzQiUyMHBhZGRpbmctdG9wJTNBJTIwMTBweCUzQmRpc3BsYXklM0ElMjBmbGV4JTNCJTIwYWxpZ24taXRlbXMlM0FjZW50ZXIlM0IlMjBqdXN0aWZ5LWNvbnRlbnQlM0FjZW50ZXIlM0IlMjBmbGV4LXdyYXAlM0ElMjB3cmFwJTNCJTIwZ2FwJTNBJTIwMTBweCUzQiUyMHZlcnRpY2FsLWdhcCUzQSUyMDEwcHglM0IlMjAlMjIlM0VFaW4lMjBGJUMzJUE0aHJkaWVuc3QlMjB6dXIlMjBJbnNlbCUyMEVsYmElMkMlMjBhbmdlYm90ZW4lMjB2b24lMjAlM0NhJTIwc3R5bGUlM0QlMjJmb250LWZhbWlseSUzQSUyMHNhbnMtc2VyaWYlM0IlMjBjb2xvciUzQSUyMCUyMzI5MkM3RSUzQiUyMGZvbnQtc2l6ZSUzQSUyMDE0cHglM0IlMjB0ZXh0LWRlY29yYXRpb24lM0ElMjBub25lJTNCJTIyJTIwaHJlZiUzRCUyMmh0dHBzJTNBJTJGJTJGYmx1bmF2eXRyYWdoZXR0aS5jb20lMkZkZSUyRiUzRnV0bV9zb3VyY2UlM0RzbmlwcGV0LWVtYmVkJTIyJTNFQmx1bmF2eXRyYWdoZXR0aS5jb20lM0MlMkZhJTNFJTIwJTNDYSUyMGhyZWYlM0QlMjJodHRwcyUzQSUyRiUyRmJsdW5hdnl0cmFnaGV0dGkuY29tJTJGZGUlMkYlM0Z1dG1fc291cmNlJTNEc25pcHBldC1lbWJlZCUyMiUzRSUzQ2ltZyUyMHN0eWxlJTNEJTIyd2lkdGglM0ElMjA4MHB4JTNCJTIyJTIwc3JjJTNEJTIyaHR0cHMlM0ElMkYlMkZibHVuYXZ5dHJhZ2hldHRpLmNvbSUyRndwLWNvbnRlbnQlMkZ0aGVtZXMlMkZjb3NtbyUyRmFzc2V0cyUyRmltYWdlcyUyRmxvZ28tYmx1bmF2eS10cmFnaGV0dGkucG5nJTIyJTIwYWx0JTNEJTIyTG9nbyUyMEJsdU5hdnklMjB0cmFnaGV0dGklMjBFbGJhJTIyJTJGJTNFJTNDJTJGYSUzRSUzQyUyRnNwYW4lM0UlM0MlMkZkaXYlM0U=[\/vc_raw_html][vc_column_text]Tickets sind \u00fcber die Agentur Ilva Viaggi in begrenzter Anzahl und zu festgelegten Zeiten erh\u00e4ltlich. Tickets werden Ihnen elektronisch zugesandt.<\/p>\n<p>Wenn Sie bei Blu Navy keine geeignete Abfahrtszeit finden k\u00f6nnen Sie die Preise aller Unternehmen vergleichen und das Ticket direkt \u00fcber unser Online-Buchungssystem kaufen.<\/p>\n<div class=\"one-half\"><img decoding=\"async\" class=\"aligncenter size-full wp-image-3152\" src=\"https:\/\/www.hotelgallonero.it\/wp-content\/uploads\/logo_toremar.png\" alt=\"Toremar\" width=\"200px\" srcset=\"https:\/\/www.hotelgallonero.it\/wp-content\/uploads\/logo_toremar.png 300w, https:\/\/www.hotelgallonero.it\/wp-content\/uploads\/logo_toremar-100x51.png 100w\" sizes=\"(max-width: 300px) 100vw, 300px\" \/><\/div>\n<div class=\"one-half\"><img decoding=\"async\" class=\"aligncenter size-full wp-image-3148\" src=\"https:\/\/www.hotelgallonero.it\/wp-content\/uploads\/logo_moby.png\" alt=\"Moby\" width=\"150px\" srcset=\"https:\/\/www.hotelgallonero.it\/wp-content\/uploads\/logo_moby.png 300w, https:\/\/www.hotelgallonero.it\/wp-content\/uploads\/logo_moby-100x62.png 100w\" sizes=\"(max-width: 300px) 100vw, 300px\" \/><\/div>\n<div style=\"clear: both;\"><\/div>\n<p>[\/vc_column_text][vc_raw_html]JTNDZGl2JTIwc3R5bGUlM0QlMjJtYXJnaW4tbGVmdCUzQSUyMGF1dG8lM0IlMjBtYXJnaW4tcmlnaHQlM0ElMjBhdXRvJTNCJTIwbWF4LXdpZHRoJTNBJTIwMTE0NXB4JTNCJTIyJTNFJTBBJTNDaWZyYW1lJTIwaWQlM0QlMjJ0bGluZXMlMjIlMjBjbGFzcyUzRCUyMnRsaW5lc19mcmFtZSUyMiUyMHN0eWxlJTNEJTIyYm9yZGVyJTNBJTIwMHB4JTNCJTIwd2lkdGglM0ElMjAxMDAlMjUlM0IlMjIlMjBzcmMlM0QlMjJodHRwcyUzQSUyRiUyRnd3dy5taXN0ZXJmZXJyeS5kZSUyRmRlJTJGZmFlaHJlbi1pbnNlbC1lbGJhLmFzcHglM0ZVQUlEJTNEOTMwODQlMjZhbXAlM0Jia2NvbG9yJTNERkZGRkZGJTI2YW1wJTNCdHh0Y29sb3IlM0QyQjJCMkIlMjZhbXAlM0Jia2J0bmNvbG9yJTNEQkNCMDk4JTI2YW1wJTNCdHh0YnRuY29sb3IlM0RGNkYwREElMjZhbXAlM0Jia3RpdG9sbyUzRDFBMTcxQiUyNmFtcCUzQnR4dHRpdG9sbyUzREZGRkZGRiUyNmFtcCUzQmxhbmd1YWdlJTNEZGUlMjZhbXAlM0JpZnJhbWVfYm9va2luZyUzRHRydWUlMjZhbXAlM0J2MiUzRHRydWUlMjIlMjBzY3JvbGxpbmclM0QlMjJubyUyMiUzRSUzQyUyRmlmcmFtZSUzRSUwQSUzQ3AlMjBzdHlsZSUzRCUyMmZvbnQtc2l6ZSUzQSUyMDExcHglM0IlMjBtYXJnaW4lM0ElMjBhdXRvJTNCJTIwZm9udC1mYW1pbHklM0ElMjBWZXJkYW5hJTNCJTIwd2lkdGglM0ElMjAxMDAlMjUlM0IlMjBjb2xvciUzQSUyMCUyMzY2NiUzQiUyMG1hcmdpbi1ib3R0b20lM0ElMjAxMnB4JTNCJTIwdGV4dC1hbGlnbiUzQSUyMGNlbnRlciUzQiUyMiUzRURpZXNlciUyMEJ1Y2h1bmdzc2VydmljZSUyMGlzdCUyMEVpZ2VudHVtJTIwZGVyJTIwJTNDYSUyMHN0eWxlJTNEJTIyY29sb3IlM0ElMjAlMjM2NjYlM0IlMjB0ZXh0LWRlY29yYXRpb24lM0ElMjBub25lJTNCJTIyJTIwaHJlZiUzRCUyMmh0dHBzJTNBJTJGJTJGd3d3Lm1pc3RlcmZlcnJ5LmRlJTJGZGUlMkZmYWVocmVuLWluc2VsLWVsYmEuYXNweCUzRlVBSUQlM0Q5MzA4NCUyNmFtcCUzQmJrY29sb3IlM0RGRkZGRkYlMjZhbXAlM0J0eHRjb2xvciUzRDJCMkIyQiUyNmFtcCUzQmJrYnRuY29sb3IlM0RCQ0IwOTglMjZhbXAlM0J0eHRidG5jb2xvciUzREY2RjBEQSUyNmFtcCUzQmJrdGl0b2xvJTNEMUExNzFCJTI2YW1wJTNCdHh0dGl0b2xvJTNERkZGRkZGJTIyJTIwdGFyZ2V0JTNEJTIyX2JsYW5rJTIyJTIwcmVsJTNEJTIybm9vcGVuZXIlMjIlM0VNaXN0ZXJmZXJyeS5kZSUzQyUyRmElM0UlM0MlMkZwJTNFJTBBJTNDc2NyaXB0JTIwdHlwZSUzRCUyMnRleHQlMkZqYXZhc2NyaXB0JTIyJTIwc3JjJTNEJTIyaHR0cHMlM0ElMkYlMkZ3d3cubWlzdGVyZmVycnkuZGUlMkZBamF4JTJGdGxpbmVzX3Jlc3BfdjIuanMlMjIlM0UlM0MlMkZzY3JpcHQlM0UlMEElM0MlMkZkaXYlM0U=[\/vc_raw_html][\/vc_column][\/vc_row]<\/p>\n","protected":false},"excerpt":{"rendered":"<p>[vc_row type=&#8221;full_width_section&#8221; bottom_padding=&#8221;0&#8243; bottom_margin=&#8221;0&#8243;][vc_column css=&#8221;.vc_custom_1521121559607{margin-top: 0px !important;margin-right: 0px !important;margin-bottom: 0px !important;margin-left: 0px !important;border-top-width: 0px !important;border-right-width: 0px !important;border-bottom-width: 0px !important;border-left-width: 0px !important;padding-top: 0px !important;padding-right: 0px !important;padding-bottom: 0px !important;padding-left: 0px !important;}&#8221;][rev_slider_vc alias=&#8221;pag-traghetti&#8221; el_class=&#8221;rev_slider_wrapper-1&#8243;][\/vc_column][\/vc_row][vc_row][vc_column][vc_separator color=&#8221;custom&#8221; style=&#8221;shadow&#8221; accent_color=&#8221;#000000&#8243;][\/vc_column][\/vc_row][vc_row bottom_margin=&#8221;50&#8243;][vc_column][vc_column_text]Die Insel Elba erreichen Sie, indem Sie sich in Piombino Marittima einschiffen, wo zwei Reedereien (Moby &amp; Toremar und Blu Navy)<\/p>\n<a href=\"https:\/\/www.hotelgallonero.it\/de\/infos-und-kontakte\/faehre-buchen\/\" class=\"more-link\">Read More<\/a>","protected":false},"author":1,"featured_media":0,"parent":2945,"menu_order":3,"comment_status":"closed","ping_status":"closed","template":"","meta":{"footnotes":""},"class_list":["post-2968","page","type-page","status-publish","hentry"],"yoast_head":"<!-- This site is optimized with the Yoast SEO plugin v27.3 - https:\/\/yoast.com\/product\/yoast-seo-wordpress\/ -->\n<title>F\u00e4hre Buchen - Hotel Gallo Nero, Sant&#039;Andrea, Insel Elba<\/title>\n<meta name=\"description\" content=\"Die Insel Elba erreichen Sie, indem Sie sich in Piombino einschiffen. In nur einer Stunde Schifffahrt k\u00f6nnen die ungef\u00e4hr 10 Kilometer, welche die Insel vom Festland trennen.\" \/>\n<meta name=\"robots\" content=\"index, follow, max-snippet:-1, max-image-preview:large, max-video-preview:-1\" \/>\n<link rel=\"canonical\" href=\"https:\/\/www.hotelgallonero.it\/de\/infos-und-kontakte\/faehre-buchen\/\" \/>\n<meta property=\"og:locale\" content=\"de_DE\" \/>\n<meta property=\"og:type\" content=\"article\" \/>\n<meta property=\"og:title\" content=\"F\u00e4hre Buchen - Hotel Gallo Nero, Sant&#039;Andrea, Insel Elba\" \/>\n<meta property=\"og:description\" content=\"Die Insel Elba erreichen Sie, indem Sie sich in Piombino einschiffen. In nur einer Stunde Schifffahrt k\u00f6nnen die ungef\u00e4hr 10 Kilometer, welche die Insel vom Festland trennen.\" \/>\n<meta property=\"og:url\" content=\"https:\/\/www.hotelgallonero.it\/de\/infos-und-kontakte\/faehre-buchen\/\" \/>\n<meta property=\"og:site_name\" content=\"Hotel Gallo Nero\" \/>\n<meta property=\"article:publisher\" content=\"https:\/\/www.facebook.com\/Hotel-Gallo-Nero-475373429149830\/\" \/>\n<meta property=\"article:modified_time\" content=\"2025-03-26T09:07:18+00:00\" \/>\n<meta property=\"og:image\" content=\"https:\/\/www.hotelgallonero.it\/wp-content\/uploads\/blu_navy_elba-300x71.png\" \/>\n<meta name=\"twitter:card\" content=\"summary_large_image\" \/>\n<meta name=\"twitter:label1\" content=\"Gesch\u00e4tzte Lesezeit\" \/>\n\t<meta name=\"twitter:data1\" content=\"2\u00a0Minuten\" \/>\n<script type=\"application\/ld+json\" class=\"yoast-schema-graph\">{\"@context\":\"https:\\\/\\\/schema.org\",\"@graph\":[{\"@type\":\"WebPage\",\"@id\":\"https:\\\/\\\/www.hotelgallonero.it\\\/de\\\/infos-und-kontakte\\\/faehre-buchen\\\/\",\"url\":\"https:\\\/\\\/www.hotelgallonero.it\\\/de\\\/infos-und-kontakte\\\/faehre-buchen\\\/\",\"name\":\"F\u00e4hre Buchen - Hotel Gallo Nero, Sant'Andrea, Insel Elba\",\"isPartOf\":{\"@id\":\"https:\\\/\\\/www.hotelgallonero.it\\\/de\\\/#website\"},\"primaryImageOfPage\":{\"@id\":\"https:\\\/\\\/www.hotelgallonero.it\\\/de\\\/infos-und-kontakte\\\/faehre-buchen\\\/#primaryimage\"},\"image\":{\"@id\":\"https:\\\/\\\/www.hotelgallonero.it\\\/de\\\/infos-und-kontakte\\\/faehre-buchen\\\/#primaryimage\"},\"thumbnailUrl\":\"https:\\\/\\\/www.hotelgallonero.it\\\/wp-content\\\/uploads\\\/blu_navy_elba-300x71.png\",\"datePublished\":\"2018-03-16T13:50:50+00:00\",\"dateModified\":\"2025-03-26T09:07:18+00:00\",\"description\":\"Die Insel Elba erreichen Sie, indem Sie sich in Piombino einschiffen. In nur einer Stunde Schifffahrt k\u00f6nnen die ungef\u00e4hr 10 Kilometer, welche die Insel vom Festland trennen.\",\"breadcrumb\":{\"@id\":\"https:\\\/\\\/www.hotelgallonero.it\\\/de\\\/infos-und-kontakte\\\/faehre-buchen\\\/#breadcrumb\"},\"inLanguage\":\"de\",\"potentialAction\":[{\"@type\":\"ReadAction\",\"target\":[\"https:\\\/\\\/www.hotelgallonero.it\\\/de\\\/infos-und-kontakte\\\/faehre-buchen\\\/\"]}]},{\"@type\":\"ImageObject\",\"inLanguage\":\"de\",\"@id\":\"https:\\\/\\\/www.hotelgallonero.it\\\/de\\\/infos-und-kontakte\\\/faehre-buchen\\\/#primaryimage\",\"url\":\"https:\\\/\\\/www.hotelgallonero.it\\\/wp-content\\\/uploads\\\/blu_navy_elba-300x71.png\",\"contentUrl\":\"https:\\\/\\\/www.hotelgallonero.it\\\/wp-content\\\/uploads\\\/blu_navy_elba-300x71.png\"},{\"@type\":\"BreadcrumbList\",\"@id\":\"https:\\\/\\\/www.hotelgallonero.it\\\/de\\\/infos-und-kontakte\\\/faehre-buchen\\\/#breadcrumb\",\"itemListElement\":[{\"@type\":\"ListItem\",\"position\":1,\"name\":\"Home\",\"item\":\"https:\\\/\\\/www.hotelgallonero.it\\\/de\\\/\"},{\"@type\":\"ListItem\",\"position\":2,\"name\":\"Infos und Kontakte\",\"item\":\"https:\\\/\\\/www.hotelgallonero.it\\\/de\\\/infos-und-kontakte\\\/\"},{\"@type\":\"ListItem\",\"position\":3,\"name\":\"F\u00e4hre Buchen\"}]},{\"@type\":\"WebSite\",\"@id\":\"https:\\\/\\\/www.hotelgallonero.it\\\/de\\\/#website\",\"url\":\"https:\\\/\\\/www.hotelgallonero.it\\\/de\\\/\",\"name\":\"Hotel Gallo Nero\",\"description\":\"Hotel a Sant'Andrea, all'Isola d'Elba\",\"publisher\":{\"@id\":\"https:\\\/\\\/www.hotelgallonero.it\\\/de\\\/#organization\"},\"potentialAction\":[{\"@type\":\"SearchAction\",\"target\":{\"@type\":\"EntryPoint\",\"urlTemplate\":\"https:\\\/\\\/www.hotelgallonero.it\\\/de\\\/?s={search_term_string}\"},\"query-input\":{\"@type\":\"PropertyValueSpecification\",\"valueRequired\":true,\"valueName\":\"search_term_string\"}}],\"inLanguage\":\"de\"},{\"@type\":\"Organization\",\"@id\":\"https:\\\/\\\/www.hotelgallonero.it\\\/de\\\/#organization\",\"name\":\"Hotel Gallo Nero\",\"url\":\"https:\\\/\\\/www.hotelgallonero.it\\\/de\\\/\",\"logo\":{\"@type\":\"ImageObject\",\"inLanguage\":\"de\",\"@id\":\"https:\\\/\\\/www.hotelgallonero.it\\\/de\\\/#\\\/schema\\\/logo\\\/image\\\/\",\"url\":\"https:\\\/\\\/www.hotelgallonero.it\\\/wp-content\\\/uploads\\\/hotel_gallo_nero_elba.png\",\"contentUrl\":\"https:\\\/\\\/www.hotelgallonero.it\\\/wp-content\\\/uploads\\\/hotel_gallo_nero_elba.png\",\"width\":460,\"height\":351,\"caption\":\"Hotel Gallo Nero\"},\"image\":{\"@id\":\"https:\\\/\\\/www.hotelgallonero.it\\\/de\\\/#\\\/schema\\\/logo\\\/image\\\/\"},\"sameAs\":[\"https:\\\/\\\/www.facebook.com\\\/Hotel-Gallo-Nero-475373429149830\\\/\"]}]}<\/script>\n<!-- \/ Yoast SEO plugin. -->","yoast_head_json":{"title":"F\u00e4hre Buchen - Hotel Gallo Nero, Sant'Andrea, Insel Elba","description":"Die Insel Elba erreichen Sie, indem Sie sich in Piombino einschiffen. In nur einer Stunde Schifffahrt k\u00f6nnen die ungef\u00e4hr 10 Kilometer, welche die Insel vom Festland trennen.","robots":{"index":"index","follow":"follow","max-snippet":"max-snippet:-1","max-image-preview":"max-image-preview:large","max-video-preview":"max-video-preview:-1"},"canonical":"https:\/\/www.hotelgallonero.it\/de\/infos-und-kontakte\/faehre-buchen\/","og_locale":"de_DE","og_type":"article","og_title":"F\u00e4hre Buchen - Hotel Gallo Nero, Sant'Andrea, Insel Elba","og_description":"Die Insel Elba erreichen Sie, indem Sie sich in Piombino einschiffen. In nur einer Stunde Schifffahrt k\u00f6nnen die ungef\u00e4hr 10 Kilometer, welche die Insel vom Festland trennen.","og_url":"https:\/\/www.hotelgallonero.it\/de\/infos-und-kontakte\/faehre-buchen\/","og_site_name":"Hotel Gallo Nero","article_publisher":"https:\/\/www.facebook.com\/Hotel-Gallo-Nero-475373429149830\/","article_modified_time":"2025-03-26T09:07:18+00:00","og_image":[{"url":"https:\/\/www.hotelgallonero.it\/wp-content\/uploads\/blu_navy_elba-300x71.png","type":"","width":"","height":""}],"twitter_card":"summary_large_image","twitter_misc":{"Gesch\u00e4tzte Lesezeit":"2\u00a0Minuten"},"schema":{"@context":"https:\/\/schema.org","@graph":[{"@type":"WebPage","@id":"https:\/\/www.hotelgallonero.it\/de\/infos-und-kontakte\/faehre-buchen\/","url":"https:\/\/www.hotelgallonero.it\/de\/infos-und-kontakte\/faehre-buchen\/","name":"F\u00e4hre Buchen - Hotel Gallo Nero, Sant'Andrea, Insel Elba","isPartOf":{"@id":"https:\/\/www.hotelgallonero.it\/de\/#website"},"primaryImageOfPage":{"@id":"https:\/\/www.hotelgallonero.it\/de\/infos-und-kontakte\/faehre-buchen\/#primaryimage"},"image":{"@id":"https:\/\/www.hotelgallonero.it\/de\/infos-und-kontakte\/faehre-buchen\/#primaryimage"},"thumbnailUrl":"https:\/\/www.hotelgallonero.it\/wp-content\/uploads\/blu_navy_elba-300x71.png","datePublished":"2018-03-16T13:50:50+00:00","dateModified":"2025-03-26T09:07:18+00:00","description":"Die Insel Elba erreichen Sie, indem Sie sich in Piombino einschiffen. In nur einer Stunde Schifffahrt k\u00f6nnen die ungef\u00e4hr 10 Kilometer, welche die Insel vom Festland trennen.","breadcrumb":{"@id":"https:\/\/www.hotelgallonero.it\/de\/infos-und-kontakte\/faehre-buchen\/#breadcrumb"},"inLanguage":"de","potentialAction":[{"@type":"ReadAction","target":["https:\/\/www.hotelgallonero.it\/de\/infos-und-kontakte\/faehre-buchen\/"]}]},{"@type":"ImageObject","inLanguage":"de","@id":"https:\/\/www.hotelgallonero.it\/de\/infos-und-kontakte\/faehre-buchen\/#primaryimage","url":"https:\/\/www.hotelgallonero.it\/wp-content\/uploads\/blu_navy_elba-300x71.png","contentUrl":"https:\/\/www.hotelgallonero.it\/wp-content\/uploads\/blu_navy_elba-300x71.png"},{"@type":"BreadcrumbList","@id":"https:\/\/www.hotelgallonero.it\/de\/infos-und-kontakte\/faehre-buchen\/#breadcrumb","itemListElement":[{"@type":"ListItem","position":1,"name":"Home","item":"https:\/\/www.hotelgallonero.it\/de\/"},{"@type":"ListItem","position":2,"name":"Infos und Kontakte","item":"https:\/\/www.hotelgallonero.it\/de\/infos-und-kontakte\/"},{"@type":"ListItem","position":3,"name":"F\u00e4hre Buchen"}]},{"@type":"WebSite","@id":"https:\/\/www.hotelgallonero.it\/de\/#website","url":"https:\/\/www.hotelgallonero.it\/de\/","name":"Hotel Gallo Nero","description":"Hotel a Sant'Andrea, all'Isola d'Elba","publisher":{"@id":"https:\/\/www.hotelgallonero.it\/de\/#organization"},"potentialAction":[{"@type":"SearchAction","target":{"@type":"EntryPoint","urlTemplate":"https:\/\/www.hotelgallonero.it\/de\/?s={search_term_string}"},"query-input":{"@type":"PropertyValueSpecification","valueRequired":true,"valueName":"search_term_string"}}],"inLanguage":"de"},{"@type":"Organization","@id":"https:\/\/www.hotelgallonero.it\/de\/#organization","name":"Hotel Gallo Nero","url":"https:\/\/www.hotelgallonero.it\/de\/","logo":{"@type":"ImageObject","inLanguage":"de","@id":"https:\/\/www.hotelgallonero.it\/de\/#\/schema\/logo\/image\/","url":"https:\/\/www.hotelgallonero.it\/wp-content\/uploads\/hotel_gallo_nero_elba.png","contentUrl":"https:\/\/www.hotelgallonero.it\/wp-content\/uploads\/hotel_gallo_nero_elba.png","width":460,"height":351,"caption":"Hotel Gallo Nero"},"image":{"@id":"https:\/\/www.hotelgallonero.it\/de\/#\/schema\/logo\/image\/"},"sameAs":["https:\/\/www.facebook.com\/Hotel-Gallo-Nero-475373429149830\/"]}]}},"_links":{"self":[{"href":"https:\/\/www.hotelgallonero.it\/de\/wp-json\/wp\/v2\/pages\/2968","targetHints":{"allow":["GET"]}}],"collection":[{"href":"https:\/\/www.hotelgallonero.it\/de\/wp-json\/wp\/v2\/pages"}],"about":[{"href":"https:\/\/www.hotelgallonero.it\/de\/wp-json\/wp\/v2\/types\/page"}],"author":[{"embeddable":true,"href":"https:\/\/www.hotelgallonero.it\/de\/wp-json\/wp\/v2\/users\/1"}],"replies":[{"embeddable":true,"href":"https:\/\/www.hotelgallonero.it\/de\/wp-json\/wp\/v2\/comments?post=2968"}],"version-history":[{"count":6,"href":"https:\/\/www.hotelgallonero.it\/de\/wp-json\/wp\/v2\/pages\/2968\/revisions"}],"predecessor-version":[{"id":3578,"href":"https:\/\/www.hotelgallonero.it\/de\/wp-json\/wp\/v2\/pages\/2968\/revisions\/3578"}],"up":[{"embeddable":true,"href":"https:\/\/www.hotelgallonero.it\/de\/wp-json\/wp\/v2\/pages\/2945"}],"wp:attachment":[{"href":"https:\/\/www.hotelgallonero.it\/de\/wp-json\/wp\/v2\/media?parent=2968"}],"curies":[{"name":"wp","href":"https:\/\/api.w.org\/{rel}","templated":true}]}}