{"id":2920,"date":"2018-03-22T09:54:40","date_gmt":"2018-03-22T08:54:40","guid":{"rendered":"https:\/\/www.hotelgallonero.it\/wo-wir-sind\/isola-d-elba\/"},"modified":"2025-05-28T11:11:47","modified_gmt":"2025-05-28T09:11:47","slug":"insel-elba","status":"publish","type":"page","link":"https:\/\/www.hotelgallonero.it\/de\/wo-wir-sind\/insel-elba\/","title":{"rendered":"Insel Elba"},"content":{"rendered":"<p>[vc_row type=&#8221;full_width_section&#8221; bottom_padding=&#8221;0&#8243; bottom_margin=&#8221;0&#8243;][vc_column css=&#8221;.vc_custom_1521121559607{margin-top: 0px !important;margin-right: 0px !important;margin-bottom: 0px !important;margin-left: 0px !important;border-top-width: 0px !important;border-right-width: 0px !important;border-bottom-width: 0px !important;border-left-width: 0px !important;padding-top: 0px !important;padding-right: 0px !important;padding-bottom: 0px !important;padding-left: 0px !important;}&#8221;][rev_slider_vc alias=&#8221;pag-isoladelba&#8221; el_class=&#8221;rev_slider_wrapper-1&#8243;][\/vc_column][\/vc_row][vc_row][vc_column][vc_separator color=&#8221;custom&#8221; style=&#8221;shadow&#8221; accent_color=&#8221;#000000&#8243;][\/vc_column][\/vc_row][vc_row bottom_margin=&#8221;50&#8243;][vc_column]<h4>Insel Elba<\/h4><div class=\"title-block-6\"><\/div>[vc_column_text]Elba ist nach territorialer Ausdehnung die dritte italienische Insel und die gr\u00f6\u00dfte der sieben Inseln des toskanischen Archipels. Sie ist landschaftlich am vielf\u00e4ltigsten.<\/p>\n<p>Heute ist die Insel ein Urlaubsziel f\u00fcr \u00fcber drei Millionen Touristen pro Jahr, die sie wegen der Sch\u00f6nheit des Meeres und der wundersch\u00f6nen Natur w\u00e4hlen, die f\u00fcr gro\u00dfe Strecken immer noch wild ist.<\/p>\n<p>Trotz der sieben Gemeinden und zahlreichen historischen D\u00f6rfer ist Elba eine sehr gr\u00fcne Insel mit einem reichen Pflanzenerbe, das vor allem im Fr\u00fchjahr und Herbst mit Farben von den Klippen bis zum Gipfel des Monte Capanne (1.019 Meter) lebendig wird. Unter diesem Gesichtspunkt spielt die Milde des Klimas mit Durchschnittstemperaturen von 10 \u00b0 im Winter und 24-30 \u00b0 im Sommer eine wichtige Rolle.<\/p>\n<h5>Vom Meer zu den Bergen<\/h5>\n<p>Elba wird seit \u00fcber einem halben Jahrhundert f\u00fcr die Klarheit des Meeres und die Vielfalt der 100 Str\u00e4nde und Buchten gesch\u00e4tzt, die entlang der 147 km langen K\u00fcste aufeinander folgen. Dank der vielen Wasseraktivit\u00e4ten kann Elba jeden Meeresliebhaber zufriedenstellen, da Dienstleistungen auf allen Ebenen angeboten werden. Seit vielen Jahren gibt es jedoch eine wachsende Anzahl von Enthusiasten, die sich f\u00fcr Trekking und Mountainbiken auf einem au\u00dfergew\u00f6hnlichen Wanderwegenetz entscheiden, da es sich in er Breite und L\u00e4nge kreuzt und sich st\u00e4ndig \u00e4ndernde Umgebungen und Landschaften bietet.<\/p>\n<h5>Nationalpark seit 1996<\/h5>\n<p>Die naturalistischen Werte von Elba und den anderen toskanischen Inseln f\u00fchrten 1996 zur Gr\u00fcndung des toskanischen Archipel-Nationalparks, des gr\u00f6\u00dften Meeresschutzgebiets im Mittelmeerraum. Elba ist Sitz des Parks und Reservats &#8220;Inseln der Toskana MAB UNESCO&#8221;, sch\u00fctzt etwa die H\u00e4lfte seines Territoriums, das reich an wertvollen nat\u00fcrlichen \u00d6kosystemen ist. Von Elba aus haben Sie auch t\u00e4glich Zugang zur gesch\u00fctzten Insel Pianosa, einem wahrhaft historisch-naturalistischen Juwel und einem der beliebtesten Reiseziele im Archipel.<\/p>\n<h5>Elba in der Geschichte<\/h5>\n<p>Elba ist seit der Antike f\u00fcr seine reichen Eisen- und Mineralvorkommen bekannt und war Gegenstand wichtiger Herrschaften. Etrusker, R\u00f6mer, Pisaner, Spanier und Franzosen haben auf der Insel bedeutende Spuren hinterlassen. T\u00fcrme, Festungen, uralte \u00dcberreste von Villen zeugen von der strategischen Bedeutung der Insel in der Geschichte. Zu den bekanntesten Denkm\u00e4lern z\u00e4hlen die Medici-Festungen in Portoferraio, die spanische Festung in Porto Azzurro und die beiden Residenzen des ber\u00fchmtesten Gastes, Napoleon Bonaparte, der hier im Exil war und Herrschte.<\/p>\n<p>Viele Faktoren machen Elba daher zu einem idealen Urlaubsziel, aber auch die N\u00e4he zum Kontinent ist wichtig: Die Insel ist nur 10 Kilometer von Piombino entfernt und kann mit der F\u00e4hre in einer Stunde erreicht werden.[\/vc_column_text][vc_gallery type=&#8221;flexslider_slide&#8221; interval=&#8221;0&#8243; images=&#8221;997,998,999,1000,1001,1002,1003,1004,1005,1006,1007,1008&#8243; img_size=&#8221;1200&#215;600&#8243; onclick=&#8221;&#8221;][\/vc_column][\/vc_row]<\/p>\n","protected":false},"excerpt":{"rendered":"<p>[vc_row type=&#8221;full_width_section&#8221; bottom_padding=&#8221;0&#8243; bottom_margin=&#8221;0&#8243;][vc_column css=&#8221;.vc_custom_1521121559607{margin-top: 0px !important;margin-right: 0px !important;margin-bottom: 0px !important;margin-left: 0px !important;border-top-width: 0px !important;border-right-width: 0px !important;border-bottom-width: 0px !important;border-left-width: 0px !important;padding-top: 0px !important;padding-right: 0px !important;padding-bottom: 0px !important;padding-left: 0px !important;}&#8221;][rev_slider_vc alias=&#8221;pag-isoladelba&#8221; el_class=&#8221;rev_slider_wrapper-1&#8243;][\/vc_column][\/vc_row][vc_row][vc_column][vc_separator color=&#8221;custom&#8221; style=&#8221;shadow&#8221; accent_color=&#8221;#000000&#8243;][\/vc_column][\/vc_row][vc_row bottom_margin=&#8221;50&#8243;][vc_column][vc_column_text]Elba ist nach territorialer Ausdehnung die dritte italienische Insel und die gr\u00f6\u00dfte der sieben Inseln des toskanischen Archipels. Sie ist landschaftlich<\/p>\n<a href=\"https:\/\/www.hotelgallonero.it\/de\/wo-wir-sind\/insel-elba\/\" class=\"more-link\">Read More<\/a>","protected":false},"author":1,"featured_media":0,"parent":2897,"menu_order":4,"comment_status":"closed","ping_status":"closed","template":"","meta":{"footnotes":""},"class_list":["post-2920","page","type-page","status-publish","hentry"],"yoast_head":"<!-- This site is optimized with the Yoast SEO plugin v27.3 - https:\/\/yoast.com\/product\/yoast-seo-wordpress\/ -->\n<title>Insel Elba - Hotel Gallo Nero, Sant&#039;Andrea, Insel Elba<\/title>\n<meta name=\"description\" content=\"Elba ist nach territorialer Ausdehnung die dritte italienische Insel und die gr\u00f6\u00dfte der sieben Inseln des toskanischen Archipels.\" \/>\n<meta name=\"robots\" content=\"index, follow, max-snippet:-1, max-image-preview:large, max-video-preview:-1\" \/>\n<link rel=\"canonical\" href=\"https:\/\/www.hotelgallonero.it\/de\/wo-wir-sind\/insel-elba\/\" \/>\n<meta property=\"og:locale\" content=\"de_DE\" \/>\n<meta property=\"og:type\" content=\"article\" \/>\n<meta property=\"og:title\" content=\"Insel Elba - Hotel Gallo Nero, Sant&#039;Andrea, Insel Elba\" \/>\n<meta property=\"og:description\" content=\"Elba ist nach territorialer Ausdehnung die dritte italienische Insel und die gr\u00f6\u00dfte der sieben Inseln des toskanischen Archipels.\" \/>\n<meta property=\"og:url\" content=\"https:\/\/www.hotelgallonero.it\/de\/wo-wir-sind\/insel-elba\/\" \/>\n<meta property=\"og:site_name\" content=\"Hotel Gallo Nero\" \/>\n<meta property=\"article:publisher\" content=\"https:\/\/www.facebook.com\/Hotel-Gallo-Nero-475373429149830\/\" \/>\n<meta property=\"article:modified_time\" content=\"2025-05-28T09:11:47+00:00\" \/>\n<meta name=\"twitter:card\" content=\"summary_large_image\" \/>\n<meta name=\"twitter:label1\" content=\"Gesch\u00e4tzte Lesezeit\" \/>\n\t<meta name=\"twitter:data1\" content=\"3\u00a0Minuten\" \/>\n<script type=\"application\/ld+json\" class=\"yoast-schema-graph\">{\"@context\":\"https:\\\/\\\/schema.org\",\"@graph\":[{\"@type\":\"WebPage\",\"@id\":\"https:\\\/\\\/www.hotelgallonero.it\\\/de\\\/wo-wir-sind\\\/insel-elba\\\/\",\"url\":\"https:\\\/\\\/www.hotelgallonero.it\\\/de\\\/wo-wir-sind\\\/insel-elba\\\/\",\"name\":\"Insel Elba - Hotel Gallo Nero, Sant'Andrea, Insel Elba\",\"isPartOf\":{\"@id\":\"https:\\\/\\\/www.hotelgallonero.it\\\/de\\\/#website\"},\"datePublished\":\"2018-03-22T08:54:40+00:00\",\"dateModified\":\"2025-05-28T09:11:47+00:00\",\"description\":\"Elba ist nach territorialer Ausdehnung die dritte italienische Insel und die gr\u00f6\u00dfte der sieben Inseln des toskanischen Archipels.\",\"breadcrumb\":{\"@id\":\"https:\\\/\\\/www.hotelgallonero.it\\\/de\\\/wo-wir-sind\\\/insel-elba\\\/#breadcrumb\"},\"inLanguage\":\"de\",\"potentialAction\":[{\"@type\":\"ReadAction\",\"target\":[\"https:\\\/\\\/www.hotelgallonero.it\\\/de\\\/wo-wir-sind\\\/insel-elba\\\/\"]}]},{\"@type\":\"BreadcrumbList\",\"@id\":\"https:\\\/\\\/www.hotelgallonero.it\\\/de\\\/wo-wir-sind\\\/insel-elba\\\/#breadcrumb\",\"itemListElement\":[{\"@type\":\"ListItem\",\"position\":1,\"name\":\"Home\",\"item\":\"https:\\\/\\\/www.hotelgallonero.it\\\/de\\\/\"},{\"@type\":\"ListItem\",\"position\":2,\"name\":\"Wo Wir Sind\",\"item\":\"https:\\\/\\\/www.hotelgallonero.it\\\/de\\\/wo-wir-sind\\\/\"},{\"@type\":\"ListItem\",\"position\":3,\"name\":\"Insel Elba\"}]},{\"@type\":\"WebSite\",\"@id\":\"https:\\\/\\\/www.hotelgallonero.it\\\/de\\\/#website\",\"url\":\"https:\\\/\\\/www.hotelgallonero.it\\\/de\\\/\",\"name\":\"Hotel Gallo Nero\",\"description\":\"Hotel a Sant'Andrea, all'Isola d'Elba\",\"publisher\":{\"@id\":\"https:\\\/\\\/www.hotelgallonero.it\\\/de\\\/#organization\"},\"potentialAction\":[{\"@type\":\"SearchAction\",\"target\":{\"@type\":\"EntryPoint\",\"urlTemplate\":\"https:\\\/\\\/www.hotelgallonero.it\\\/de\\\/?s={search_term_string}\"},\"query-input\":{\"@type\":\"PropertyValueSpecification\",\"valueRequired\":true,\"valueName\":\"search_term_string\"}}],\"inLanguage\":\"de\"},{\"@type\":\"Organization\",\"@id\":\"https:\\\/\\\/www.hotelgallonero.it\\\/de\\\/#organization\",\"name\":\"Hotel Gallo Nero\",\"url\":\"https:\\\/\\\/www.hotelgallonero.it\\\/de\\\/\",\"logo\":{\"@type\":\"ImageObject\",\"inLanguage\":\"de\",\"@id\":\"https:\\\/\\\/www.hotelgallonero.it\\\/de\\\/#\\\/schema\\\/logo\\\/image\\\/\",\"url\":\"https:\\\/\\\/www.hotelgallonero.it\\\/wp-content\\\/uploads\\\/hotel_gallo_nero_elba.png\",\"contentUrl\":\"https:\\\/\\\/www.hotelgallonero.it\\\/wp-content\\\/uploads\\\/hotel_gallo_nero_elba.png\",\"width\":460,\"height\":351,\"caption\":\"Hotel Gallo Nero\"},\"image\":{\"@id\":\"https:\\\/\\\/www.hotelgallonero.it\\\/de\\\/#\\\/schema\\\/logo\\\/image\\\/\"},\"sameAs\":[\"https:\\\/\\\/www.facebook.com\\\/Hotel-Gallo-Nero-475373429149830\\\/\"]}]}<\/script>\n<!-- \/ Yoast SEO plugin. -->","yoast_head_json":{"title":"Insel Elba - Hotel Gallo Nero, Sant'Andrea, Insel Elba","description":"Elba ist nach territorialer Ausdehnung die dritte italienische Insel und die gr\u00f6\u00dfte der sieben Inseln des toskanischen Archipels.","robots":{"index":"index","follow":"follow","max-snippet":"max-snippet:-1","max-image-preview":"max-image-preview:large","max-video-preview":"max-video-preview:-1"},"canonical":"https:\/\/www.hotelgallonero.it\/de\/wo-wir-sind\/insel-elba\/","og_locale":"de_DE","og_type":"article","og_title":"Insel Elba - Hotel Gallo Nero, Sant'Andrea, Insel Elba","og_description":"Elba ist nach territorialer Ausdehnung die dritte italienische Insel und die gr\u00f6\u00dfte der sieben Inseln des toskanischen Archipels.","og_url":"https:\/\/www.hotelgallonero.it\/de\/wo-wir-sind\/insel-elba\/","og_site_name":"Hotel Gallo Nero","article_publisher":"https:\/\/www.facebook.com\/Hotel-Gallo-Nero-475373429149830\/","article_modified_time":"2025-05-28T09:11:47+00:00","twitter_card":"summary_large_image","twitter_misc":{"Gesch\u00e4tzte Lesezeit":"3\u00a0Minuten"},"schema":{"@context":"https:\/\/schema.org","@graph":[{"@type":"WebPage","@id":"https:\/\/www.hotelgallonero.it\/de\/wo-wir-sind\/insel-elba\/","url":"https:\/\/www.hotelgallonero.it\/de\/wo-wir-sind\/insel-elba\/","name":"Insel Elba - Hotel Gallo Nero, Sant'Andrea, Insel Elba","isPartOf":{"@id":"https:\/\/www.hotelgallonero.it\/de\/#website"},"datePublished":"2018-03-22T08:54:40+00:00","dateModified":"2025-05-28T09:11:47+00:00","description":"Elba ist nach territorialer Ausdehnung die dritte italienische Insel und die gr\u00f6\u00dfte der sieben Inseln des toskanischen Archipels.","breadcrumb":{"@id":"https:\/\/www.hotelgallonero.it\/de\/wo-wir-sind\/insel-elba\/#breadcrumb"},"inLanguage":"de","potentialAction":[{"@type":"ReadAction","target":["https:\/\/www.hotelgallonero.it\/de\/wo-wir-sind\/insel-elba\/"]}]},{"@type":"BreadcrumbList","@id":"https:\/\/www.hotelgallonero.it\/de\/wo-wir-sind\/insel-elba\/#breadcrumb","itemListElement":[{"@type":"ListItem","position":1,"name":"Home","item":"https:\/\/www.hotelgallonero.it\/de\/"},{"@type":"ListItem","position":2,"name":"Wo Wir Sind","item":"https:\/\/www.hotelgallonero.it\/de\/wo-wir-sind\/"},{"@type":"ListItem","position":3,"name":"Insel Elba"}]},{"@type":"WebSite","@id":"https:\/\/www.hotelgallonero.it\/de\/#website","url":"https:\/\/www.hotelgallonero.it\/de\/","name":"Hotel Gallo Nero","description":"Hotel a Sant'Andrea, all'Isola d'Elba","publisher":{"@id":"https:\/\/www.hotelgallonero.it\/de\/#organization"},"potentialAction":[{"@type":"SearchAction","target":{"@type":"EntryPoint","urlTemplate":"https:\/\/www.hotelgallonero.it\/de\/?s={search_term_string}"},"query-input":{"@type":"PropertyValueSpecification","valueRequired":true,"valueName":"search_term_string"}}],"inLanguage":"de"},{"@type":"Organization","@id":"https:\/\/www.hotelgallonero.it\/de\/#organization","name":"Hotel Gallo Nero","url":"https:\/\/www.hotelgallonero.it\/de\/","logo":{"@type":"ImageObject","inLanguage":"de","@id":"https:\/\/www.hotelgallonero.it\/de\/#\/schema\/logo\/image\/","url":"https:\/\/www.hotelgallonero.it\/wp-content\/uploads\/hotel_gallo_nero_elba.png","contentUrl":"https:\/\/www.hotelgallonero.it\/wp-content\/uploads\/hotel_gallo_nero_elba.png","width":460,"height":351,"caption":"Hotel Gallo Nero"},"image":{"@id":"https:\/\/www.hotelgallonero.it\/de\/#\/schema\/logo\/image\/"},"sameAs":["https:\/\/www.facebook.com\/Hotel-Gallo-Nero-475373429149830\/"]}]}},"_links":{"self":[{"href":"https:\/\/www.hotelgallonero.it\/de\/wp-json\/wp\/v2\/pages\/2920","targetHints":{"allow":["GET"]}}],"collection":[{"href":"https:\/\/www.hotelgallonero.it\/de\/wp-json\/wp\/v2\/pages"}],"about":[{"href":"https:\/\/www.hotelgallonero.it\/de\/wp-json\/wp\/v2\/types\/page"}],"author":[{"embeddable":true,"href":"https:\/\/www.hotelgallonero.it\/de\/wp-json\/wp\/v2\/users\/1"}],"replies":[{"embeddable":true,"href":"https:\/\/www.hotelgallonero.it\/de\/wp-json\/wp\/v2\/comments?post=2920"}],"version-history":[{"count":2,"href":"https:\/\/www.hotelgallonero.it\/de\/wp-json\/wp\/v2\/pages\/2920\/revisions"}],"predecessor-version":[{"id":3681,"href":"https:\/\/www.hotelgallonero.it\/de\/wp-json\/wp\/v2\/pages\/2920\/revisions\/3681"}],"up":[{"embeddable":true,"href":"https:\/\/www.hotelgallonero.it\/de\/wp-json\/wp\/v2\/pages\/2897"}],"wp:attachment":[{"href":"https:\/\/www.hotelgallonero.it\/de\/wp-json\/wp\/v2\/media?parent=2920"}],"curies":[{"name":"wp","href":"https:\/\/api.w.org\/{rel}","templated":true}]}}