{"id":2908,"date":"2018-03-16T15:21:47","date_gmt":"2018-03-16T14:21:47","guid":{"rendered":"https:\/\/www.hotelgallonero.it\/wo-wir-sind\/sant-andrea\/"},"modified":"2025-05-28T11:10:32","modified_gmt":"2025-05-28T09:10:32","slug":"sant-andrea","status":"publish","type":"page","link":"https:\/\/www.hotelgallonero.it\/de\/wo-wir-sind\/sant-andrea\/","title":{"rendered":"Sant&#8217;Andrea"},"content":{"rendered":"<p>[vc_row type=&#8221;full_width_section&#8221; bottom_padding=&#8221;0&#8243; bottom_margin=&#8221;0&#8243;][vc_column css=&#8221;.vc_custom_1521121559607{margin-top: 0px !important;margin-right: 0px !important;margin-bottom: 0px !important;margin-left: 0px !important;border-top-width: 0px !important;border-right-width: 0px !important;border-bottom-width: 0px !important;border-left-width: 0px !important;padding-top: 0px !important;padding-right: 0px !important;padding-bottom: 0px !important;padding-left: 0px !important;}&#8221;][rev_slider_vc alias=&#8221;pag-santandrea&#8221; el_class=&#8221;rev_slider_wrapper-1&#8243;][\/vc_column][\/vc_row][vc_row][vc_column][vc_separator color=&#8221;custom&#8221; style=&#8221;shadow&#8221; accent_color=&#8221;#000000&#8243;][\/vc_column][\/vc_row][vc_row bottom_margin=&#8221;50&#8243;][vc_column]<h4>Sant&#8217;Andrea<\/h4><div class=\"title-block-6\"><\/div>[vc_column_text]<strong>Verlieren Sie sich in der einfachen Sch\u00f6nheit der Landschaft&#8230;<\/strong><\/p>\n<p>In einer gr\u00fcn-blauen Kurve auf der Westseite der Insel Elba, wo der Atem des Waldes auf die Meeresbrise trifft, schneidet der Strand von Sant&#8217;Andrea einen Raum zwischen skulpturalen Felsen, die durch die Zeit gegl\u00e4ttet wurden.<\/p>\n<p>Von der felsigen Spitze des gleichnamigen Kaps bis zur winzigen Sandbucht von Cotoncello tauchen wei\u00dfe H\u00e4user inmitten von G\u00e4rten und alten Terrassen auf und folgen einander, bis Sie das mediterrane Gestr\u00fcpp erreichen. Rund um die Natur, die vom toskanischen Archipel-Nationalpark gesch\u00fctzt wird, mit kilometerlangen, duftenden Pfaden, die es Ihnen erm\u00f6glichen, nahe gelegene D\u00f6rfer, aber auch die Spitze des Monte Capanne zu erreichen. Durchqueren Sie jahrhundertealte Kastanienw\u00e4lder, \u00fcppige Steineichenw\u00e4lder und Ruinen aus altem Granit.<\/p>\n<p>Die Sch\u00f6nheit der Natur wird mit der schlichten Eleganz des Dorfes kombiniert, welches moderne Unterk\u00fcnfte bietet, die gut in die Umgebung integriert sind, die die Merkmale der Vergangenheit bewahrt, als die ersten Gasth\u00e4user aus Bauernh\u00e4usern entstanden. Ein besonderer Ort, um die \u00c4ngste des Alltags f\u00fcr einige Zeit abzulegen, ohne jedoch auf Trost zu verzichten; Sant&#8217;Andrea hat sogar einen kleinen Steg f\u00fcr kleine Boote, einen Bootsverleih, Windsurfschule, Tauchschule, Basar, Bars und Restaurants und viele Dienstleistungen innerhalb des Hotels.[\/vc_column_text][vc_gallery type=&#8221;flexslider_slide&#8221; interval=&#8221;0&#8243; images=&#8221;984,985,986,987,988,989,990,991,993,1552,1553,1554,1555,1556,1557,1558,1559&#8243; img_size=&#8221;1200&#215;600&#8243; onclick=&#8221;&#8221;][\/vc_column][\/vc_row]<\/p>\n","protected":false},"excerpt":{"rendered":"<p>[vc_row type=&#8221;full_width_section&#8221; bottom_padding=&#8221;0&#8243; bottom_margin=&#8221;0&#8243;][vc_column css=&#8221;.vc_custom_1521121559607{margin-top: 0px !important;margin-right: 0px !important;margin-bottom: 0px !important;margin-left: 0px !important;border-top-width: 0px !important;border-right-width: 0px !important;border-bottom-width: 0px !important;border-left-width: 0px !important;padding-top: 0px !important;padding-right: 0px !important;padding-bottom: 0px !important;padding-left: 0px !important;}&#8221;][rev_slider_vc alias=&#8221;pag-santandrea&#8221; el_class=&#8221;rev_slider_wrapper-1&#8243;][\/vc_column][\/vc_row][vc_row][vc_column][vc_separator color=&#8221;custom&#8221; style=&#8221;shadow&#8221; accent_color=&#8221;#000000&#8243;][\/vc_column][\/vc_row][vc_row bottom_margin=&#8221;50&#8243;][vc_column][vc_column_text]Verlieren Sie sich in der einfachen Sch\u00f6nheit der Landschaft&#8230; In einer gr\u00fcn-blauen Kurve auf der Westseite der Insel Elba, wo der<\/p>\n<a href=\"https:\/\/www.hotelgallonero.it\/de\/wo-wir-sind\/sant-andrea\/\" class=\"more-link\">Read More<\/a>","protected":false},"author":1,"featured_media":0,"parent":2897,"menu_order":3,"comment_status":"closed","ping_status":"closed","template":"","meta":{"footnotes":""},"class_list":["post-2908","page","type-page","status-publish","hentry"],"yoast_head":"<!-- This site is optimized with the Yoast SEO plugin v27.3 - https:\/\/yoast.com\/product\/yoast-seo-wordpress\/ -->\n<title>Sant&#039;Andrea - Hotel Gallo Nero, Sant&#039;Andrea, Insel Elba<\/title>\n<meta name=\"description\" content=\"Die Sch\u00f6nheit der Natur wird mit der schlichten Eleganz des Dorfes kombiniert, welches moderne Unterk\u00fcnfte bietet, die gut in die Umgebung integriert sind.\" \/>\n<meta name=\"robots\" content=\"index, follow, max-snippet:-1, max-image-preview:large, max-video-preview:-1\" \/>\n<link rel=\"canonical\" href=\"https:\/\/www.hotelgallonero.it\/de\/wo-wir-sind\/sant-andrea\/\" \/>\n<meta property=\"og:locale\" content=\"de_DE\" \/>\n<meta property=\"og:type\" content=\"article\" \/>\n<meta property=\"og:title\" content=\"Sant&#039;Andrea - Hotel Gallo Nero, Sant&#039;Andrea, Insel Elba\" \/>\n<meta property=\"og:description\" content=\"Die Sch\u00f6nheit der Natur wird mit der schlichten Eleganz des Dorfes kombiniert, welches moderne Unterk\u00fcnfte bietet, die gut in die Umgebung integriert sind.\" \/>\n<meta property=\"og:url\" content=\"https:\/\/www.hotelgallonero.it\/de\/wo-wir-sind\/sant-andrea\/\" \/>\n<meta property=\"og:site_name\" content=\"Hotel Gallo Nero\" \/>\n<meta property=\"article:publisher\" content=\"https:\/\/www.facebook.com\/Hotel-Gallo-Nero-475373429149830\/\" \/>\n<meta property=\"article:modified_time\" content=\"2025-05-28T09:10:32+00:00\" \/>\n<meta name=\"twitter:card\" content=\"summary_large_image\" \/>\n<meta name=\"twitter:label1\" content=\"Gesch\u00e4tzte Lesezeit\" \/>\n\t<meta name=\"twitter:data1\" content=\"2\u00a0Minuten\" \/>\n<script type=\"application\/ld+json\" class=\"yoast-schema-graph\">{\"@context\":\"https:\\\/\\\/schema.org\",\"@graph\":[{\"@type\":\"WebPage\",\"@id\":\"https:\\\/\\\/www.hotelgallonero.it\\\/de\\\/wo-wir-sind\\\/sant-andrea\\\/\",\"url\":\"https:\\\/\\\/www.hotelgallonero.it\\\/de\\\/wo-wir-sind\\\/sant-andrea\\\/\",\"name\":\"Sant'Andrea - Hotel Gallo Nero, Sant'Andrea, Insel Elba\",\"isPartOf\":{\"@id\":\"https:\\\/\\\/www.hotelgallonero.it\\\/de\\\/#website\"},\"datePublished\":\"2018-03-16T14:21:47+00:00\",\"dateModified\":\"2025-05-28T09:10:32+00:00\",\"description\":\"Die Sch\u00f6nheit der Natur wird mit der schlichten Eleganz des Dorfes kombiniert, welches moderne Unterk\u00fcnfte bietet, die gut in die Umgebung integriert sind.\",\"breadcrumb\":{\"@id\":\"https:\\\/\\\/www.hotelgallonero.it\\\/de\\\/wo-wir-sind\\\/sant-andrea\\\/#breadcrumb\"},\"inLanguage\":\"de\",\"potentialAction\":[{\"@type\":\"ReadAction\",\"target\":[\"https:\\\/\\\/www.hotelgallonero.it\\\/de\\\/wo-wir-sind\\\/sant-andrea\\\/\"]}]},{\"@type\":\"BreadcrumbList\",\"@id\":\"https:\\\/\\\/www.hotelgallonero.it\\\/de\\\/wo-wir-sind\\\/sant-andrea\\\/#breadcrumb\",\"itemListElement\":[{\"@type\":\"ListItem\",\"position\":1,\"name\":\"Home\",\"item\":\"https:\\\/\\\/www.hotelgallonero.it\\\/de\\\/\"},{\"@type\":\"ListItem\",\"position\":2,\"name\":\"Wo Wir Sind\",\"item\":\"https:\\\/\\\/www.hotelgallonero.it\\\/de\\\/wo-wir-sind\\\/\"},{\"@type\":\"ListItem\",\"position\":3,\"name\":\"Sant&#8217;Andrea\"}]},{\"@type\":\"WebSite\",\"@id\":\"https:\\\/\\\/www.hotelgallonero.it\\\/de\\\/#website\",\"url\":\"https:\\\/\\\/www.hotelgallonero.it\\\/de\\\/\",\"name\":\"Hotel Gallo Nero\",\"description\":\"Hotel a Sant'Andrea, all'Isola d'Elba\",\"publisher\":{\"@id\":\"https:\\\/\\\/www.hotelgallonero.it\\\/de\\\/#organization\"},\"potentialAction\":[{\"@type\":\"SearchAction\",\"target\":{\"@type\":\"EntryPoint\",\"urlTemplate\":\"https:\\\/\\\/www.hotelgallonero.it\\\/de\\\/?s={search_term_string}\"},\"query-input\":{\"@type\":\"PropertyValueSpecification\",\"valueRequired\":true,\"valueName\":\"search_term_string\"}}],\"inLanguage\":\"de\"},{\"@type\":\"Organization\",\"@id\":\"https:\\\/\\\/www.hotelgallonero.it\\\/de\\\/#organization\",\"name\":\"Hotel Gallo Nero\",\"url\":\"https:\\\/\\\/www.hotelgallonero.it\\\/de\\\/\",\"logo\":{\"@type\":\"ImageObject\",\"inLanguage\":\"de\",\"@id\":\"https:\\\/\\\/www.hotelgallonero.it\\\/de\\\/#\\\/schema\\\/logo\\\/image\\\/\",\"url\":\"https:\\\/\\\/www.hotelgallonero.it\\\/wp-content\\\/uploads\\\/hotel_gallo_nero_elba.png\",\"contentUrl\":\"https:\\\/\\\/www.hotelgallonero.it\\\/wp-content\\\/uploads\\\/hotel_gallo_nero_elba.png\",\"width\":460,\"height\":351,\"caption\":\"Hotel Gallo Nero\"},\"image\":{\"@id\":\"https:\\\/\\\/www.hotelgallonero.it\\\/de\\\/#\\\/schema\\\/logo\\\/image\\\/\"},\"sameAs\":[\"https:\\\/\\\/www.facebook.com\\\/Hotel-Gallo-Nero-475373429149830\\\/\"]}]}<\/script>\n<!-- \/ Yoast SEO plugin. -->","yoast_head_json":{"title":"Sant'Andrea - Hotel Gallo Nero, Sant'Andrea, Insel Elba","description":"Die Sch\u00f6nheit der Natur wird mit der schlichten Eleganz des Dorfes kombiniert, welches moderne Unterk\u00fcnfte bietet, die gut in die Umgebung integriert sind.","robots":{"index":"index","follow":"follow","max-snippet":"max-snippet:-1","max-image-preview":"max-image-preview:large","max-video-preview":"max-video-preview:-1"},"canonical":"https:\/\/www.hotelgallonero.it\/de\/wo-wir-sind\/sant-andrea\/","og_locale":"de_DE","og_type":"article","og_title":"Sant'Andrea - Hotel Gallo Nero, Sant'Andrea, Insel Elba","og_description":"Die Sch\u00f6nheit der Natur wird mit der schlichten Eleganz des Dorfes kombiniert, welches moderne Unterk\u00fcnfte bietet, die gut in die Umgebung integriert sind.","og_url":"https:\/\/www.hotelgallonero.it\/de\/wo-wir-sind\/sant-andrea\/","og_site_name":"Hotel Gallo Nero","article_publisher":"https:\/\/www.facebook.com\/Hotel-Gallo-Nero-475373429149830\/","article_modified_time":"2025-05-28T09:10:32+00:00","twitter_card":"summary_large_image","twitter_misc":{"Gesch\u00e4tzte Lesezeit":"2\u00a0Minuten"},"schema":{"@context":"https:\/\/schema.org","@graph":[{"@type":"WebPage","@id":"https:\/\/www.hotelgallonero.it\/de\/wo-wir-sind\/sant-andrea\/","url":"https:\/\/www.hotelgallonero.it\/de\/wo-wir-sind\/sant-andrea\/","name":"Sant'Andrea - Hotel Gallo Nero, Sant'Andrea, Insel Elba","isPartOf":{"@id":"https:\/\/www.hotelgallonero.it\/de\/#website"},"datePublished":"2018-03-16T14:21:47+00:00","dateModified":"2025-05-28T09:10:32+00:00","description":"Die Sch\u00f6nheit der Natur wird mit der schlichten Eleganz des Dorfes kombiniert, welches moderne Unterk\u00fcnfte bietet, die gut in die Umgebung integriert sind.","breadcrumb":{"@id":"https:\/\/www.hotelgallonero.it\/de\/wo-wir-sind\/sant-andrea\/#breadcrumb"},"inLanguage":"de","potentialAction":[{"@type":"ReadAction","target":["https:\/\/www.hotelgallonero.it\/de\/wo-wir-sind\/sant-andrea\/"]}]},{"@type":"BreadcrumbList","@id":"https:\/\/www.hotelgallonero.it\/de\/wo-wir-sind\/sant-andrea\/#breadcrumb","itemListElement":[{"@type":"ListItem","position":1,"name":"Home","item":"https:\/\/www.hotelgallonero.it\/de\/"},{"@type":"ListItem","position":2,"name":"Wo Wir Sind","item":"https:\/\/www.hotelgallonero.it\/de\/wo-wir-sind\/"},{"@type":"ListItem","position":3,"name":"Sant&#8217;Andrea"}]},{"@type":"WebSite","@id":"https:\/\/www.hotelgallonero.it\/de\/#website","url":"https:\/\/www.hotelgallonero.it\/de\/","name":"Hotel Gallo Nero","description":"Hotel a Sant'Andrea, all'Isola d'Elba","publisher":{"@id":"https:\/\/www.hotelgallonero.it\/de\/#organization"},"potentialAction":[{"@type":"SearchAction","target":{"@type":"EntryPoint","urlTemplate":"https:\/\/www.hotelgallonero.it\/de\/?s={search_term_string}"},"query-input":{"@type":"PropertyValueSpecification","valueRequired":true,"valueName":"search_term_string"}}],"inLanguage":"de"},{"@type":"Organization","@id":"https:\/\/www.hotelgallonero.it\/de\/#organization","name":"Hotel Gallo Nero","url":"https:\/\/www.hotelgallonero.it\/de\/","logo":{"@type":"ImageObject","inLanguage":"de","@id":"https:\/\/www.hotelgallonero.it\/de\/#\/schema\/logo\/image\/","url":"https:\/\/www.hotelgallonero.it\/wp-content\/uploads\/hotel_gallo_nero_elba.png","contentUrl":"https:\/\/www.hotelgallonero.it\/wp-content\/uploads\/hotel_gallo_nero_elba.png","width":460,"height":351,"caption":"Hotel Gallo Nero"},"image":{"@id":"https:\/\/www.hotelgallonero.it\/de\/#\/schema\/logo\/image\/"},"sameAs":["https:\/\/www.facebook.com\/Hotel-Gallo-Nero-475373429149830\/"]}]}},"_links":{"self":[{"href":"https:\/\/www.hotelgallonero.it\/de\/wp-json\/wp\/v2\/pages\/2908","targetHints":{"allow":["GET"]}}],"collection":[{"href":"https:\/\/www.hotelgallonero.it\/de\/wp-json\/wp\/v2\/pages"}],"about":[{"href":"https:\/\/www.hotelgallonero.it\/de\/wp-json\/wp\/v2\/types\/page"}],"author":[{"embeddable":true,"href":"https:\/\/www.hotelgallonero.it\/de\/wp-json\/wp\/v2\/users\/1"}],"replies":[{"embeddable":true,"href":"https:\/\/www.hotelgallonero.it\/de\/wp-json\/wp\/v2\/comments?post=2908"}],"version-history":[{"count":3,"href":"https:\/\/www.hotelgallonero.it\/de\/wp-json\/wp\/v2\/pages\/2908\/revisions"}],"predecessor-version":[{"id":3677,"href":"https:\/\/www.hotelgallonero.it\/de\/wp-json\/wp\/v2\/pages\/2908\/revisions\/3677"}],"up":[{"embeddable":true,"href":"https:\/\/www.hotelgallonero.it\/de\/wp-json\/wp\/v2\/pages\/2897"}],"wp:attachment":[{"href":"https:\/\/www.hotelgallonero.it\/de\/wp-json\/wp\/v2\/media?parent=2908"}],"curies":[{"name":"wp","href":"https:\/\/api.w.org\/{rel}","templated":true}]}}