{"id":2897,"date":"2018-03-16T12:22:56","date_gmt":"2018-03-16T11:22:56","guid":{"rendered":"https:\/\/www.hotelgallonero.it\/dove-siamo\/"},"modified":"2021-05-04T17:17:34","modified_gmt":"2021-05-04T15:17:34","slug":"wo-wir-sind","status":"publish","type":"page","link":"https:\/\/www.hotelgallonero.it\/de\/wo-wir-sind\/","title":{"rendered":"Wo Wir Sind"},"content":{"rendered":"<p>[vc_row type=&#8221;full_width_section&#8221; bottom_padding=&#8221;0&#8243; bottom_margin=&#8221;0&#8243;][vc_column css=&#8221;.vc_custom_1571410184835{margin-top: -2px !important;margin-right: 0px !important;margin-bottom: 0px !important;margin-left: 0px !important;border-top-width: 0px !important;border-right-width: 0px !important;border-bottom-width: 0px !important;border-left-width: 0px !important;padding-top: 0px !important;padding-right: 0px !important;padding-bottom: 0px !important;padding-left: 0px !important;}&#8221;]\t\n\t\t\n\t\t\n\t<!-- BEGIN #google-map -->\n\t<div id=\"google-map-1\" style=\"width: 100%;height: 550px;\"><\/div>\n\n\t<script type=\"text\/javascript\">\n\n\t\tfunction initialize() {\n\n\t\t\t\/\/ Set Location\n\t\t\tvar myLatlng = new google.maps.LatLng(42.803998,10.138847);\n\n\t\t\t\/\/ Set Style\n\t\t\tvar styles = [\n\t\t\t    {\n\t\t\t      stylers: [\n\t\t\t        { hue: \"#b19f6a\" },\n\t\t\t        { saturation: -50 }\n\t\t\t      ]\n\t\t\t    },{\n\t\t\t      featureType: \"road\",\n\t\t\t      elementType: \"geometry\",\n\t\t\t      stylers: [\n\t\t\t        { lightness: 100 },\n\t\t\t        { visibility: \"simplified\" }\n\t\t\t      ]\n\t\t\t    },{\n\t\t\t      featureType: \"road\",\n\t\t\t      elementType: \"labels\",\n\t\t\t      stylers: [\n\t\t\t        { visibility: \"off\" }\n\t\t\t      ]\n\t\t\t    }\n\t\t\t  ];\n\n\t\t\t\/\/ Set Map Options\n\t\t\tvar mapOptions = {\n\t\t\t\tmapTypeControlOptions: {\n\t\t\t\t\tmapTypeIds: ['Styled']\n\t\t\t\t},\n\t\t\t\tcenter: myLatlng,\n\t\t\t\tzoom: 14,\n\t\t\t\tmapTypeId: 'Styled',\n\t\t\t\tscrollwheel: false,\n\t\t\t\tscaleControl: false,\n\t\t\t\tdisableDefaultUI: false\n\t\t\t};\n\n\t\t\t\/\/ Build Map\n\t\t\tvar map = new google.maps.Map(document.getElementById('google-map-1'), mapOptions);\n\t\t\tvar styledMapType = new google.maps.StyledMapType(styles, { name: 'Styled' });\n\t\t\tmap.mapTypes.set('Styled', styledMapType);\n\n\t\t\t\/\/ Set Map Marker\n\t\t\tvar contentString = 'Hotel Gallo Nero';\n\t\t\tvar infowindow = new google.maps.InfoWindow({\n\t\t\t\tcontent: contentString\n\t\t\t});\n\t\t\tvar marker = new google.maps.Marker({\n\t\t\t\tposition: myLatlng,\n\t\t\t\tmap: map,\n\t\t\t\ttitle: 'Map Marker 1',\n\t\t\t\ticon: {\n\t\t\t\t        path: fontawesome.markers.MAP_MARKER,\n\t\t\t\t        scale: 0.8,\n\t\t\t\t        strokeWeight: 0,\n\t\t\t\t        strokeColor: 'black',\n\t\t\t\t        strokeOpacity: 1,\n\t\t\t\t        fillColor: '#FF0000',\n\t\t\t\t        fillOpacity: 1,\n\t\t\t\t    },\n\t\t\t});\n\n\t\t\t\/\/ Display Map Marker\n\t\t\tgoogle.maps.event.addListener(marker, 'click', function() {\n\t\t\t\tinfowindow.open(map,marker);\n\t\t\t});\n\n\t\t}\n\n\t\t\/\/ Display Map\n\t\tgoogle.maps.event.addDomListener(window, 'load', initialize);\n\n\t<\/script>\n\t\n\t\n\t[\/vc_column][\/vc_row][vc_row][vc_column][vc_separator color=&#8221;custom&#8221; style=&#8221;shadow&#8221; accent_color=&#8221;#000000&#8243;][\/vc_column][\/vc_row][vc_row bottom_margin=&#8221;50&#8243;][vc_column]<h4>Wo Wir Sind<\/h4><div class=\"title-block-6\"><\/div>[vc_row_inner][vc_column_inner width=&#8221;5\/6&#8243;][vc_column_text]<\/p>\n<h5>Wie finden Sie uns<\/h5>\n<p>Die Insel Elba, die Perle der toskanischen Inseln und das Herz des Nationalparks des toskanischen Archipels, kann leicht mit F\u00e4hren erreicht werden, die vom Hafen Piombino Marittima (Provinz Livorno) abfahren. Eine Stunde Schifffahrt, um etwa 10 km Meer zu bew\u00e4ltigen und die H\u00e4fen von Portoferraio, der Hauptstadt von Elba, und Rio Marina zu erreichen. Es gibt auch eine schnelle Verbindung mit Tragfl\u00fcgelbooten nur f\u00fcr Passagiere, welche Portoferraio in knapp vierzig Minuten erreicht. Die F\u00e4hren machen mehrere Fahrten pro Tag f\u00fcr Passagiere und Fahrzeuge: <a href=\"https:\/\/www.toremar.it\/index.html\" target=\"_blank\" rel=\"noopener, nofollow noopener\">Toremar<\/a>, <a href=\"https:\/\/www.moby.it\/\" target=\"_blank\" rel=\"noopener, nofollow noopener\">Moby Lines<\/a>, <a href=\"https:\/\/blunavytraghetti.com\/\" target=\"_blank\" rel=\"noopener, nofollow noopener\">Blu Navy<\/a>, <a href=\"https:\/\/www.corsica-ferries.it\/\" target=\"_blank\" rel=\"noopener, nofollow noopener\">Corsica Ferries<\/a>.[\/vc_column_text][\/vc_column_inner][vc_column_inner width=&#8221;1\/6&#8243;][vc_single_image image=&#8221;1117&#8243; img_size=&#8221;medium&#8221; onclick=&#8221;link_image&#8221; css=&#8221;.vc_custom_1572876387953{border-top-width: 2px !important;border-right-width: 2px !important;border-bottom-width: 2px !important;border-left-width: 2px !important;border-left-color: #1c1c1c !important;border-left-style: solid !important;border-right-color: #1c1c1c !important;border-right-style: solid !important;border-top-color: #1c1c1c !important;border-top-style: solid !important;border-bottom-color: #1c1c1c !important;border-bottom-style: solid !important;}&#8221;][\/vc_column_inner][\/vc_row_inner][vc_column_text]<\/p>\n<ul>\n<li>\n<h5>Mit dem Auto:<\/h5>\n<p>Wer mit dem Auto von Norden nach Piombino Marittima f\u00e4hrt, muss von Mailand aus die Autobahn A1 nehmen und auf der A15 die Parma Ovest in Richtung Genua-Livorno (A12) nehmen. Dann in Rosignano rausfahren und weiter auf der Schnellstrasse fahren bis Venturina-Piombino Marittima.<br \/>\nWenn Sie aus dem Nordosten kommen, nehmen Sie die A1 Bologna-Florenz-Pisa-Livorno, fahren Sie in Rosignano raus und fahren Sie weiter bis zum Hafen von Piombino. Folgen Sie von S\u00fcden aus der Autobahn A 12 Rom-Grosseto nach Rosignano Marittima und fahren Sie dann weiter auf der Autobahn bis nach Venturina-Piombino Marittima.<\/li>\n<li>\n<h5>Mit dem Flugzeug:<\/h5>\n<p>Die Insel Elba kann auch mit dem Flugzeug erreicht werden. Der Flughafen La Pila, 2 km von Marina di Campo entfernt, ist ganzj\u00e4hrig ge\u00f6ffnet, in den Sommermonaten jedoch besonders aktiv. Interne Luftverbindungen bestehen mit Mailand Linate, Lugano, Florenz und Pisa.<br \/>\nDie n\u00e4chstgelegenen toskanischen Flugh\u00e4fen sind die von Florenz und Pisa. F\u00fcr Informationen: <a href=\"https:\/\/www.flightsandtravels.ch\/\" target=\"_blank\" rel=\"noopener, nofollow noopener\">Silver Air<\/a> +39.0565.976011<\/li>\n<\/ul>\n<h5>Wie kommt man zum Hotel Gallo Nero?<\/h5>\n<p>Von Portoferraio aus, wo sich der Haupthafen der Insel befindet, folgen Sie den Schildern nach Procchio &#8211; Marciana &#8211; Sant&#8217;Andrea, die nach etwa 30 km Stra\u00dfe in durchschnittlich 45 Minuten erreicht werden k\u00f6nnen. Ein paar hundert Meter vor dem Strand befindet sich links der Parkplatz Gallo Nero.[\/vc_column_text][vc_column_text]<a href=\"\/wp-content\/uploads\/mappa_gallo_nero_elba.jpg\"><img decoding=\"async\" class=\"aligncenter size-large wp-image-1712\" src=\"\/wp-content\/uploads\/mappa_gallo_nero_elba-1024x725.jpg\" alt=\"Isola d'Elba\" width=\"800px\" srcset=\"https:\/\/www.hotelgallonero.it\/wp-content\/uploads\/mappa_gallo_nero_elba-1024x725.jpg 1024w, https:\/\/www.hotelgallonero.it\/wp-content\/uploads\/mappa_gallo_nero_elba-300x213.jpg 300w, https:\/\/www.hotelgallonero.it\/wp-content\/uploads\/mappa_gallo_nero_elba-768x544.jpg 768w, https:\/\/www.hotelgallonero.it\/wp-content\/uploads\/mappa_gallo_nero_elba-1536x1088.jpg 1536w, https:\/\/www.hotelgallonero.it\/wp-content\/uploads\/mappa_gallo_nero_elba-100x71.jpg 100w, https:\/\/www.hotelgallonero.it\/wp-content\/uploads\/mappa_gallo_nero_elba.jpg 1800w\" sizes=\"(max-width: 1024px) 100vw, 1024px\" \/><\/a>[\/vc_column_text][\/vc_column][\/vc_row]<\/p>\n","protected":false},"excerpt":{"rendered":"<p>[vc_row type=&#8221;full_width_section&#8221; bottom_padding=&#8221;0&#8243; bottom_margin=&#8221;0&#8243;][vc_column css=&#8221;.vc_custom_1571410184835{margin-top: -2px !important;margin-right: 0px !important;margin-bottom: 0px !important;margin-left: 0px !important;border-top-width: 0px !important;border-right-width: 0px !important;border-bottom-width: 0px !important;border-left-width: 0px !important;padding-top: 0px !important;padding-right: 0px !important;padding-bottom: 0px !important;padding-left: 0px !important;}&#8221;][\/vc_column][\/vc_row][vc_row][vc_column][vc_separator color=&#8221;custom&#8221; style=&#8221;shadow&#8221; accent_color=&#8221;#000000&#8243;][\/vc_column][\/vc_row][vc_row bottom_margin=&#8221;50&#8243;][vc_column][vc_row_inner][vc_column_inner width=&#8221;5\/6&#8243;][vc_column_text] Wie finden Sie uns Die Insel Elba, die Perle der toskanischen Inseln und das Herz des Nationalparks des toskanischen Archipels, kann<\/p>\n<a href=\"https:\/\/www.hotelgallonero.it\/de\/wo-wir-sind\/\" class=\"more-link\">Read More<\/a>","protected":false},"author":1,"featured_media":0,"parent":0,"menu_order":5,"comment_status":"closed","ping_status":"closed","template":"","meta":{"footnotes":""},"class_list":["post-2897","page","type-page","status-publish","hentry"],"yoast_head":"<!-- This site is optimized with the Yoast SEO plugin v27.3 - https:\/\/yoast.com\/product\/yoast-seo-wordpress\/ -->\n<title>Wo Wir Sind - Hotel Gallo Nero, Sant&#039;Andrea, Insel Elba<\/title>\n<meta name=\"description\" content=\"Die Insel Elba kann leicht mit F\u00e4hren erreicht werden, die vom Hafen Piombino Marittima (Provinz Livorno) abfahren.\" \/>\n<meta name=\"robots\" content=\"index, follow, max-snippet:-1, max-image-preview:large, max-video-preview:-1\" \/>\n<link rel=\"canonical\" href=\"https:\/\/www.hotelgallonero.it\/de\/wo-wir-sind\/\" \/>\n<meta property=\"og:locale\" content=\"de_DE\" \/>\n<meta property=\"og:type\" content=\"article\" \/>\n<meta property=\"og:title\" content=\"Wo Wir Sind - Hotel Gallo Nero, Sant&#039;Andrea, Insel Elba\" \/>\n<meta property=\"og:description\" content=\"Die Insel Elba kann leicht mit F\u00e4hren erreicht werden, die vom Hafen Piombino Marittima (Provinz Livorno) abfahren.\" \/>\n<meta property=\"og:url\" content=\"https:\/\/www.hotelgallonero.it\/de\/wo-wir-sind\/\" \/>\n<meta property=\"og:site_name\" content=\"Hotel Gallo Nero\" \/>\n<meta property=\"article:publisher\" content=\"https:\/\/www.facebook.com\/Hotel-Gallo-Nero-475373429149830\/\" \/>\n<meta property=\"article:modified_time\" content=\"2021-05-04T15:17:34+00:00\" \/>\n<meta name=\"twitter:card\" content=\"summary_large_image\" \/>\n<meta name=\"twitter:label1\" content=\"Gesch\u00e4tzte Lesezeit\" \/>\n\t<meta name=\"twitter:data1\" content=\"2\u00a0Minuten\" \/>\n<script type=\"application\/ld+json\" class=\"yoast-schema-graph\">{\"@context\":\"https:\\\/\\\/schema.org\",\"@graph\":[{\"@type\":\"WebPage\",\"@id\":\"https:\\\/\\\/www.hotelgallonero.it\\\/de\\\/wo-wir-sind\\\/\",\"url\":\"https:\\\/\\\/www.hotelgallonero.it\\\/de\\\/wo-wir-sind\\\/\",\"name\":\"Wo Wir Sind - Hotel Gallo Nero, Sant'Andrea, Insel Elba\",\"isPartOf\":{\"@id\":\"https:\\\/\\\/www.hotelgallonero.it\\\/de\\\/#website\"},\"datePublished\":\"2018-03-16T11:22:56+00:00\",\"dateModified\":\"2021-05-04T15:17:34+00:00\",\"description\":\"Die Insel Elba kann leicht mit F\u00e4hren erreicht werden, die vom Hafen Piombino Marittima (Provinz Livorno) abfahren.\",\"breadcrumb\":{\"@id\":\"https:\\\/\\\/www.hotelgallonero.it\\\/de\\\/wo-wir-sind\\\/#breadcrumb\"},\"inLanguage\":\"de\",\"potentialAction\":[{\"@type\":\"ReadAction\",\"target\":[\"https:\\\/\\\/www.hotelgallonero.it\\\/de\\\/wo-wir-sind\\\/\"]}]},{\"@type\":\"BreadcrumbList\",\"@id\":\"https:\\\/\\\/www.hotelgallonero.it\\\/de\\\/wo-wir-sind\\\/#breadcrumb\",\"itemListElement\":[{\"@type\":\"ListItem\",\"position\":1,\"name\":\"Home\",\"item\":\"https:\\\/\\\/www.hotelgallonero.it\\\/de\\\/\"},{\"@type\":\"ListItem\",\"position\":2,\"name\":\"Wo Wir Sind\"}]},{\"@type\":\"WebSite\",\"@id\":\"https:\\\/\\\/www.hotelgallonero.it\\\/de\\\/#website\",\"url\":\"https:\\\/\\\/www.hotelgallonero.it\\\/de\\\/\",\"name\":\"Hotel Gallo Nero\",\"description\":\"Hotel a Sant'Andrea, all'Isola d'Elba\",\"publisher\":{\"@id\":\"https:\\\/\\\/www.hotelgallonero.it\\\/de\\\/#organization\"},\"potentialAction\":[{\"@type\":\"SearchAction\",\"target\":{\"@type\":\"EntryPoint\",\"urlTemplate\":\"https:\\\/\\\/www.hotelgallonero.it\\\/de\\\/?s={search_term_string}\"},\"query-input\":{\"@type\":\"PropertyValueSpecification\",\"valueRequired\":true,\"valueName\":\"search_term_string\"}}],\"inLanguage\":\"de\"},{\"@type\":\"Organization\",\"@id\":\"https:\\\/\\\/www.hotelgallonero.it\\\/de\\\/#organization\",\"name\":\"Hotel Gallo Nero\",\"url\":\"https:\\\/\\\/www.hotelgallonero.it\\\/de\\\/\",\"logo\":{\"@type\":\"ImageObject\",\"inLanguage\":\"de\",\"@id\":\"https:\\\/\\\/www.hotelgallonero.it\\\/de\\\/#\\\/schema\\\/logo\\\/image\\\/\",\"url\":\"https:\\\/\\\/www.hotelgallonero.it\\\/wp-content\\\/uploads\\\/hotel_gallo_nero_elba.png\",\"contentUrl\":\"https:\\\/\\\/www.hotelgallonero.it\\\/wp-content\\\/uploads\\\/hotel_gallo_nero_elba.png\",\"width\":460,\"height\":351,\"caption\":\"Hotel Gallo Nero\"},\"image\":{\"@id\":\"https:\\\/\\\/www.hotelgallonero.it\\\/de\\\/#\\\/schema\\\/logo\\\/image\\\/\"},\"sameAs\":[\"https:\\\/\\\/www.facebook.com\\\/Hotel-Gallo-Nero-475373429149830\\\/\"]}]}<\/script>\n<!-- \/ Yoast SEO plugin. -->","yoast_head_json":{"title":"Wo Wir Sind - Hotel Gallo Nero, Sant'Andrea, Insel Elba","description":"Die Insel Elba kann leicht mit F\u00e4hren erreicht werden, die vom Hafen Piombino Marittima (Provinz Livorno) abfahren.","robots":{"index":"index","follow":"follow","max-snippet":"max-snippet:-1","max-image-preview":"max-image-preview:large","max-video-preview":"max-video-preview:-1"},"canonical":"https:\/\/www.hotelgallonero.it\/de\/wo-wir-sind\/","og_locale":"de_DE","og_type":"article","og_title":"Wo Wir Sind - Hotel Gallo Nero, Sant'Andrea, Insel Elba","og_description":"Die Insel Elba kann leicht mit F\u00e4hren erreicht werden, die vom Hafen Piombino Marittima (Provinz Livorno) abfahren.","og_url":"https:\/\/www.hotelgallonero.it\/de\/wo-wir-sind\/","og_site_name":"Hotel Gallo Nero","article_publisher":"https:\/\/www.facebook.com\/Hotel-Gallo-Nero-475373429149830\/","article_modified_time":"2021-05-04T15:17:34+00:00","twitter_card":"summary_large_image","twitter_misc":{"Gesch\u00e4tzte Lesezeit":"2\u00a0Minuten"},"schema":{"@context":"https:\/\/schema.org","@graph":[{"@type":"WebPage","@id":"https:\/\/www.hotelgallonero.it\/de\/wo-wir-sind\/","url":"https:\/\/www.hotelgallonero.it\/de\/wo-wir-sind\/","name":"Wo Wir Sind - Hotel Gallo Nero, Sant'Andrea, Insel Elba","isPartOf":{"@id":"https:\/\/www.hotelgallonero.it\/de\/#website"},"datePublished":"2018-03-16T11:22:56+00:00","dateModified":"2021-05-04T15:17:34+00:00","description":"Die Insel Elba kann leicht mit F\u00e4hren erreicht werden, die vom Hafen Piombino Marittima (Provinz Livorno) abfahren.","breadcrumb":{"@id":"https:\/\/www.hotelgallonero.it\/de\/wo-wir-sind\/#breadcrumb"},"inLanguage":"de","potentialAction":[{"@type":"ReadAction","target":["https:\/\/www.hotelgallonero.it\/de\/wo-wir-sind\/"]}]},{"@type":"BreadcrumbList","@id":"https:\/\/www.hotelgallonero.it\/de\/wo-wir-sind\/#breadcrumb","itemListElement":[{"@type":"ListItem","position":1,"name":"Home","item":"https:\/\/www.hotelgallonero.it\/de\/"},{"@type":"ListItem","position":2,"name":"Wo Wir Sind"}]},{"@type":"WebSite","@id":"https:\/\/www.hotelgallonero.it\/de\/#website","url":"https:\/\/www.hotelgallonero.it\/de\/","name":"Hotel Gallo Nero","description":"Hotel a Sant'Andrea, all'Isola d'Elba","publisher":{"@id":"https:\/\/www.hotelgallonero.it\/de\/#organization"},"potentialAction":[{"@type":"SearchAction","target":{"@type":"EntryPoint","urlTemplate":"https:\/\/www.hotelgallonero.it\/de\/?s={search_term_string}"},"query-input":{"@type":"PropertyValueSpecification","valueRequired":true,"valueName":"search_term_string"}}],"inLanguage":"de"},{"@type":"Organization","@id":"https:\/\/www.hotelgallonero.it\/de\/#organization","name":"Hotel Gallo Nero","url":"https:\/\/www.hotelgallonero.it\/de\/","logo":{"@type":"ImageObject","inLanguage":"de","@id":"https:\/\/www.hotelgallonero.it\/de\/#\/schema\/logo\/image\/","url":"https:\/\/www.hotelgallonero.it\/wp-content\/uploads\/hotel_gallo_nero_elba.png","contentUrl":"https:\/\/www.hotelgallonero.it\/wp-content\/uploads\/hotel_gallo_nero_elba.png","width":460,"height":351,"caption":"Hotel Gallo Nero"},"image":{"@id":"https:\/\/www.hotelgallonero.it\/de\/#\/schema\/logo\/image\/"},"sameAs":["https:\/\/www.facebook.com\/Hotel-Gallo-Nero-475373429149830\/"]}]}},"_links":{"self":[{"href":"https:\/\/www.hotelgallonero.it\/de\/wp-json\/wp\/v2\/pages\/2897","targetHints":{"allow":["GET"]}}],"collection":[{"href":"https:\/\/www.hotelgallonero.it\/de\/wp-json\/wp\/v2\/pages"}],"about":[{"href":"https:\/\/www.hotelgallonero.it\/de\/wp-json\/wp\/v2\/types\/page"}],"author":[{"embeddable":true,"href":"https:\/\/www.hotelgallonero.it\/de\/wp-json\/wp\/v2\/users\/1"}],"replies":[{"embeddable":true,"href":"https:\/\/www.hotelgallonero.it\/de\/wp-json\/wp\/v2\/comments?post=2897"}],"version-history":[{"count":2,"href":"https:\/\/www.hotelgallonero.it\/de\/wp-json\/wp\/v2\/pages\/2897\/revisions"}],"predecessor-version":[{"id":3023,"href":"https:\/\/www.hotelgallonero.it\/de\/wp-json\/wp\/v2\/pages\/2897\/revisions\/3023"}],"wp:attachment":[{"href":"https:\/\/www.hotelgallonero.it\/de\/wp-json\/wp\/v2\/media?parent=2897"}],"curies":[{"name":"wp","href":"https:\/\/api.w.org\/{rel}","templated":true}]}}