{"id":2876,"date":"2019-10-18T16:58:01","date_gmt":"2019-10-18T14:58:01","guid":{"rendered":"https:\/\/www.hotelgallonero.it\/restaurant\/colazione\/"},"modified":"2025-05-28T11:09:13","modified_gmt":"2025-05-28T09:09:13","slug":"fruehstueck","status":"publish","type":"page","link":"https:\/\/www.hotelgallonero.it\/de\/restaurant\/fruehstueck\/","title":{"rendered":"Fr\u00fchst\u00fcck"},"content":{"rendered":"<p>[vc_row type=&#8221;full_width_section&#8221; bottom_padding=&#8221;0&#8243; bottom_margin=&#8221;0&#8243;][vc_column css=&#8221;.vc_custom_1521121559607{margin-top: 0px !important;margin-right: 0px !important;margin-bottom: 0px !important;margin-left: 0px !important;border-top-width: 0px !important;border-right-width: 0px !important;border-bottom-width: 0px !important;border-left-width: 0px !important;padding-top: 0px !important;padding-right: 0px !important;padding-bottom: 0px !important;padding-left: 0px !important;}&#8221;][rev_slider_vc alias=&#8221;pag-colazione&#8221; el_class=&#8221;rev_slider_wrapper-1&#8243;][\/vc_column][\/vc_row][vc_row][vc_column][vc_separator color=&#8221;custom&#8221; style=&#8221;shadow&#8221; accent_color=&#8221;#000000&#8243;][\/vc_column][\/vc_row][vc_row bottom_margin=&#8221;50&#8243;][vc_column]<h4>Fr\u00fchst\u00fcck<\/h4><div class=\"title-block-6\"><\/div>[vc_column_text]<strong>Einen neuen Tag feiern&#8230;<\/strong><\/p>\n<p>Das Fr\u00fchst\u00fcck gilt als die wichtigste Mahlzeit des Tages. Ein Prinzip, an das wir im Hotel Gallo Nero fest glauben, fast ein Ritual, das wir jeden Tag gemeinsam mit unseren G\u00e4sten feiern m\u00f6chten.<\/p>\n<p>Die Wahl des Fr\u00fchst\u00fccks h\u00e4ngt von den Verpflichtungen des Tages ab. Deshalb sind unsere Vorschl\u00e4ge sehr vielf\u00e4ltig, reichhaltig und an alle Bed\u00fcrfnisse anpassbar. F\u00fcr G\u00e4ste die einfach den Strand geniessen m\u00f6chten bis zum Athleten der sein Training intensivieren m\u00f6chte.<\/p>\n<p>Neben Tee und Kaffee gibt es auch frische Milch, Soja- oder Reismilch, Joghurt- und Fruchts\u00e4fte, aber auch frisches und getrocknetes Obst, Honig, Nutella, gekochtes oder rohes Gem\u00fcse, R\u00fcherei, Omelett, Aufschnitt, K\u00e4se mit verschiedenen Arten von frischem Brot direkt aus der Dorfb\u00e4ckerei, Reiskuchen und Zwieback.<\/p>\n<p>Die beliebtesten Vorschl\u00e4ge unseres Angebots sind jedoch traditionelle frische Desserts, die in unserer K\u00fcche zubereitet werden, und nat\u00fcrliche handwerkliche Marmeladen. Selbstverst\u00e4ndlich werden glutenfreie und biologische Produkte angeboten.<\/p>\n<p>Normalerweise wird das Fr\u00fchst\u00fcck auf den Panoramaterrassen serviert, die um den Hauptteil des Hotels angeordnet sind. Eine B\u00fchne zwischen Himmel und Meer, um den neuen Tag bestm\u00f6glich zu beginnen.[\/vc_column_text][vc_gallery type=&#8221;flexslider_slide&#8221; interval=&#8221;0&#8243; images=&#8221;1414,1415,1546,1547,1548&#8243; img_size=&#8221;1200&#215;600&#8243; onclick=&#8221;&#8221;][\/vc_column][\/vc_row]<\/p>\n","protected":false},"excerpt":{"rendered":"<p>[vc_row type=&#8221;full_width_section&#8221; bottom_padding=&#8221;0&#8243; bottom_margin=&#8221;0&#8243;][vc_column css=&#8221;.vc_custom_1521121559607{margin-top: 0px !important;margin-right: 0px !important;margin-bottom: 0px !important;margin-left: 0px !important;border-top-width: 0px !important;border-right-width: 0px !important;border-bottom-width: 0px !important;border-left-width: 0px !important;padding-top: 0px !important;padding-right: 0px !important;padding-bottom: 0px !important;padding-left: 0px !important;}&#8221;][rev_slider_vc alias=&#8221;pag-colazione&#8221; el_class=&#8221;rev_slider_wrapper-1&#8243;][\/vc_column][\/vc_row][vc_row][vc_column][vc_separator color=&#8221;custom&#8221; style=&#8221;shadow&#8221; accent_color=&#8221;#000000&#8243;][\/vc_column][\/vc_row][vc_row bottom_margin=&#8221;50&#8243;][vc_column][vc_column_text]Einen neuen Tag feiern&#8230; Das Fr\u00fchst\u00fcck gilt als die wichtigste Mahlzeit des Tages. Ein Prinzip, an das wir im Hotel Gallo<\/p>\n<a href=\"https:\/\/www.hotelgallonero.it\/de\/restaurant\/fruehstueck\/\" class=\"more-link\">Read More<\/a>","protected":false},"author":1,"featured_media":0,"parent":2830,"menu_order":3,"comment_status":"closed","ping_status":"closed","template":"","meta":{"footnotes":""},"class_list":["post-2876","page","type-page","status-publish","hentry"],"yoast_head":"<!-- This site is optimized with the Yoast SEO plugin v27.3 - https:\/\/yoast.com\/product\/yoast-seo-wordpress\/ -->\n<title>Fr\u00fchst\u00fcck - Hotel Gallo Nero, Sant&#039;Andrea, Insel Elba<\/title>\n<meta name=\"description\" content=\"Die Wahl des Fr\u00fchst\u00fccks h\u00e4ngt von den Verpflichtungen des Tages ab. Deshalb sind unsere Vorschl\u00e4ge sehr vielf\u00e4ltig.\" \/>\n<meta name=\"robots\" content=\"index, follow, max-snippet:-1, max-image-preview:large, max-video-preview:-1\" \/>\n<link rel=\"canonical\" href=\"https:\/\/www.hotelgallonero.it\/de\/restaurant\/fruehstueck\/\" \/>\n<meta property=\"og:locale\" content=\"de_DE\" \/>\n<meta property=\"og:type\" content=\"article\" \/>\n<meta property=\"og:title\" content=\"Fr\u00fchst\u00fcck - Hotel Gallo Nero, Sant&#039;Andrea, Insel Elba\" \/>\n<meta property=\"og:description\" content=\"Die Wahl des Fr\u00fchst\u00fccks h\u00e4ngt von den Verpflichtungen des Tages ab. Deshalb sind unsere Vorschl\u00e4ge sehr vielf\u00e4ltig.\" \/>\n<meta property=\"og:url\" content=\"https:\/\/www.hotelgallonero.it\/de\/restaurant\/fruehstueck\/\" \/>\n<meta property=\"og:site_name\" content=\"Hotel Gallo Nero\" \/>\n<meta property=\"article:publisher\" content=\"https:\/\/www.facebook.com\/Hotel-Gallo-Nero-475373429149830\/\" \/>\n<meta property=\"article:modified_time\" content=\"2025-05-28T09:09:13+00:00\" \/>\n<meta name=\"twitter:card\" content=\"summary_large_image\" \/>\n<meta name=\"twitter:label1\" content=\"Gesch\u00e4tzte Lesezeit\" \/>\n\t<meta name=\"twitter:data1\" content=\"2\u00a0Minuten\" \/>\n<script type=\"application\/ld+json\" class=\"yoast-schema-graph\">{\"@context\":\"https:\\\/\\\/schema.org\",\"@graph\":[{\"@type\":\"WebPage\",\"@id\":\"https:\\\/\\\/www.hotelgallonero.it\\\/de\\\/restaurant\\\/fruehstueck\\\/\",\"url\":\"https:\\\/\\\/www.hotelgallonero.it\\\/de\\\/restaurant\\\/fruehstueck\\\/\",\"name\":\"Fr\u00fchst\u00fcck - Hotel Gallo Nero, Sant'Andrea, Insel Elba\",\"isPartOf\":{\"@id\":\"https:\\\/\\\/www.hotelgallonero.it\\\/de\\\/#website\"},\"datePublished\":\"2019-10-18T14:58:01+00:00\",\"dateModified\":\"2025-05-28T09:09:13+00:00\",\"description\":\"Die Wahl des Fr\u00fchst\u00fccks h\u00e4ngt von den Verpflichtungen des Tages ab. Deshalb sind unsere Vorschl\u00e4ge sehr vielf\u00e4ltig.\",\"breadcrumb\":{\"@id\":\"https:\\\/\\\/www.hotelgallonero.it\\\/de\\\/restaurant\\\/fruehstueck\\\/#breadcrumb\"},\"inLanguage\":\"de\",\"potentialAction\":[{\"@type\":\"ReadAction\",\"target\":[\"https:\\\/\\\/www.hotelgallonero.it\\\/de\\\/restaurant\\\/fruehstueck\\\/\"]}]},{\"@type\":\"BreadcrumbList\",\"@id\":\"https:\\\/\\\/www.hotelgallonero.it\\\/de\\\/restaurant\\\/fruehstueck\\\/#breadcrumb\",\"itemListElement\":[{\"@type\":\"ListItem\",\"position\":1,\"name\":\"Home\",\"item\":\"https:\\\/\\\/www.hotelgallonero.it\\\/de\\\/\"},{\"@type\":\"ListItem\",\"position\":2,\"name\":\"Restaurant\",\"item\":\"https:\\\/\\\/www.hotelgallonero.it\\\/de\\\/restaurant\\\/\"},{\"@type\":\"ListItem\",\"position\":3,\"name\":\"Fr\u00fchst\u00fcck\"}]},{\"@type\":\"WebSite\",\"@id\":\"https:\\\/\\\/www.hotelgallonero.it\\\/de\\\/#website\",\"url\":\"https:\\\/\\\/www.hotelgallonero.it\\\/de\\\/\",\"name\":\"Hotel Gallo Nero\",\"description\":\"Hotel a Sant'Andrea, all'Isola d'Elba\",\"publisher\":{\"@id\":\"https:\\\/\\\/www.hotelgallonero.it\\\/de\\\/#organization\"},\"potentialAction\":[{\"@type\":\"SearchAction\",\"target\":{\"@type\":\"EntryPoint\",\"urlTemplate\":\"https:\\\/\\\/www.hotelgallonero.it\\\/de\\\/?s={search_term_string}\"},\"query-input\":{\"@type\":\"PropertyValueSpecification\",\"valueRequired\":true,\"valueName\":\"search_term_string\"}}],\"inLanguage\":\"de\"},{\"@type\":\"Organization\",\"@id\":\"https:\\\/\\\/www.hotelgallonero.it\\\/de\\\/#organization\",\"name\":\"Hotel Gallo Nero\",\"url\":\"https:\\\/\\\/www.hotelgallonero.it\\\/de\\\/\",\"logo\":{\"@type\":\"ImageObject\",\"inLanguage\":\"de\",\"@id\":\"https:\\\/\\\/www.hotelgallonero.it\\\/de\\\/#\\\/schema\\\/logo\\\/image\\\/\",\"url\":\"https:\\\/\\\/www.hotelgallonero.it\\\/wp-content\\\/uploads\\\/hotel_gallo_nero_elba.png\",\"contentUrl\":\"https:\\\/\\\/www.hotelgallonero.it\\\/wp-content\\\/uploads\\\/hotel_gallo_nero_elba.png\",\"width\":460,\"height\":351,\"caption\":\"Hotel Gallo Nero\"},\"image\":{\"@id\":\"https:\\\/\\\/www.hotelgallonero.it\\\/de\\\/#\\\/schema\\\/logo\\\/image\\\/\"},\"sameAs\":[\"https:\\\/\\\/www.facebook.com\\\/Hotel-Gallo-Nero-475373429149830\\\/\"]}]}<\/script>\n<!-- \/ Yoast SEO plugin. -->","yoast_head_json":{"title":"Fr\u00fchst\u00fcck - Hotel Gallo Nero, Sant'Andrea, Insel Elba","description":"Die Wahl des Fr\u00fchst\u00fccks h\u00e4ngt von den Verpflichtungen des Tages ab. Deshalb sind unsere Vorschl\u00e4ge sehr vielf\u00e4ltig.","robots":{"index":"index","follow":"follow","max-snippet":"max-snippet:-1","max-image-preview":"max-image-preview:large","max-video-preview":"max-video-preview:-1"},"canonical":"https:\/\/www.hotelgallonero.it\/de\/restaurant\/fruehstueck\/","og_locale":"de_DE","og_type":"article","og_title":"Fr\u00fchst\u00fcck - Hotel Gallo Nero, Sant'Andrea, Insel Elba","og_description":"Die Wahl des Fr\u00fchst\u00fccks h\u00e4ngt von den Verpflichtungen des Tages ab. Deshalb sind unsere Vorschl\u00e4ge sehr vielf\u00e4ltig.","og_url":"https:\/\/www.hotelgallonero.it\/de\/restaurant\/fruehstueck\/","og_site_name":"Hotel Gallo Nero","article_publisher":"https:\/\/www.facebook.com\/Hotel-Gallo-Nero-475373429149830\/","article_modified_time":"2025-05-28T09:09:13+00:00","twitter_card":"summary_large_image","twitter_misc":{"Gesch\u00e4tzte Lesezeit":"2\u00a0Minuten"},"schema":{"@context":"https:\/\/schema.org","@graph":[{"@type":"WebPage","@id":"https:\/\/www.hotelgallonero.it\/de\/restaurant\/fruehstueck\/","url":"https:\/\/www.hotelgallonero.it\/de\/restaurant\/fruehstueck\/","name":"Fr\u00fchst\u00fcck - Hotel Gallo Nero, Sant'Andrea, Insel Elba","isPartOf":{"@id":"https:\/\/www.hotelgallonero.it\/de\/#website"},"datePublished":"2019-10-18T14:58:01+00:00","dateModified":"2025-05-28T09:09:13+00:00","description":"Die Wahl des Fr\u00fchst\u00fccks h\u00e4ngt von den Verpflichtungen des Tages ab. Deshalb sind unsere Vorschl\u00e4ge sehr vielf\u00e4ltig.","breadcrumb":{"@id":"https:\/\/www.hotelgallonero.it\/de\/restaurant\/fruehstueck\/#breadcrumb"},"inLanguage":"de","potentialAction":[{"@type":"ReadAction","target":["https:\/\/www.hotelgallonero.it\/de\/restaurant\/fruehstueck\/"]}]},{"@type":"BreadcrumbList","@id":"https:\/\/www.hotelgallonero.it\/de\/restaurant\/fruehstueck\/#breadcrumb","itemListElement":[{"@type":"ListItem","position":1,"name":"Home","item":"https:\/\/www.hotelgallonero.it\/de\/"},{"@type":"ListItem","position":2,"name":"Restaurant","item":"https:\/\/www.hotelgallonero.it\/de\/restaurant\/"},{"@type":"ListItem","position":3,"name":"Fr\u00fchst\u00fcck"}]},{"@type":"WebSite","@id":"https:\/\/www.hotelgallonero.it\/de\/#website","url":"https:\/\/www.hotelgallonero.it\/de\/","name":"Hotel Gallo Nero","description":"Hotel a Sant'Andrea, all'Isola d'Elba","publisher":{"@id":"https:\/\/www.hotelgallonero.it\/de\/#organization"},"potentialAction":[{"@type":"SearchAction","target":{"@type":"EntryPoint","urlTemplate":"https:\/\/www.hotelgallonero.it\/de\/?s={search_term_string}"},"query-input":{"@type":"PropertyValueSpecification","valueRequired":true,"valueName":"search_term_string"}}],"inLanguage":"de"},{"@type":"Organization","@id":"https:\/\/www.hotelgallonero.it\/de\/#organization","name":"Hotel Gallo Nero","url":"https:\/\/www.hotelgallonero.it\/de\/","logo":{"@type":"ImageObject","inLanguage":"de","@id":"https:\/\/www.hotelgallonero.it\/de\/#\/schema\/logo\/image\/","url":"https:\/\/www.hotelgallonero.it\/wp-content\/uploads\/hotel_gallo_nero_elba.png","contentUrl":"https:\/\/www.hotelgallonero.it\/wp-content\/uploads\/hotel_gallo_nero_elba.png","width":460,"height":351,"caption":"Hotel Gallo Nero"},"image":{"@id":"https:\/\/www.hotelgallonero.it\/de\/#\/schema\/logo\/image\/"},"sameAs":["https:\/\/www.facebook.com\/Hotel-Gallo-Nero-475373429149830\/"]}]}},"_links":{"self":[{"href":"https:\/\/www.hotelgallonero.it\/de\/wp-json\/wp\/v2\/pages\/2876","targetHints":{"allow":["GET"]}}],"collection":[{"href":"https:\/\/www.hotelgallonero.it\/de\/wp-json\/wp\/v2\/pages"}],"about":[{"href":"https:\/\/www.hotelgallonero.it\/de\/wp-json\/wp\/v2\/types\/page"}],"author":[{"embeddable":true,"href":"https:\/\/www.hotelgallonero.it\/de\/wp-json\/wp\/v2\/users\/1"}],"replies":[{"embeddable":true,"href":"https:\/\/www.hotelgallonero.it\/de\/wp-json\/wp\/v2\/comments?post=2876"}],"version-history":[{"count":2,"href":"https:\/\/www.hotelgallonero.it\/de\/wp-json\/wp\/v2\/pages\/2876\/revisions"}],"predecessor-version":[{"id":3673,"href":"https:\/\/www.hotelgallonero.it\/de\/wp-json\/wp\/v2\/pages\/2876\/revisions\/3673"}],"up":[{"embeddable":true,"href":"https:\/\/www.hotelgallonero.it\/de\/wp-json\/wp\/v2\/pages\/2830"}],"wp:attachment":[{"href":"https:\/\/www.hotelgallonero.it\/de\/wp-json\/wp\/v2\/media?parent=2876"}],"curies":[{"name":"wp","href":"https:\/\/api.w.org\/{rel}","templated":true}]}}