{"id":2864,"date":"2019-10-18T16:57:10","date_gmt":"2019-10-18T14:57:10","guid":{"rendered":"https:\/\/www.hotelgallonero.it\/restaurant\/cantina\/"},"modified":"2025-05-28T11:08:13","modified_gmt":"2025-05-28T09:08:13","slug":"kantine","status":"publish","type":"page","link":"https:\/\/www.hotelgallonero.it\/de\/restaurant\/kantine\/","title":{"rendered":"Kantine"},"content":{"rendered":"<p>[vc_row type=&#8221;full_width_section&#8221; bottom_padding=&#8221;0&#8243; bottom_margin=&#8221;0&#8243;][vc_column css=&#8221;.vc_custom_1521121559607{margin-top: 0px !important;margin-right: 0px !important;margin-bottom: 0px !important;margin-left: 0px !important;border-top-width: 0px !important;border-right-width: 0px !important;border-bottom-width: 0px !important;border-left-width: 0px !important;padding-top: 0px !important;padding-right: 0px !important;padding-bottom: 0px !important;padding-left: 0px !important;}&#8221;][rev_slider_vc alias=&#8221;pag-cantina&#8221; el_class=&#8221;rev_slider_wrapper-1&#8243;][\/vc_column][\/vc_row][vc_row][vc_column][vc_separator color=&#8221;custom&#8221; style=&#8221;shadow&#8221; accent_color=&#8221;#000000&#8243;][\/vc_column][\/vc_row][vc_row bottom_margin=&#8221;50&#8243;][vc_column]<h4>Kantine<\/h4><div class=\"title-block-6\"><\/div>[vc_column_text]<strong>Leidenschaft f\u00fcr die Kultur des Weins&#8230;<\/strong><\/p>\n<p>Auf der Insel Elba ist bekannt, dass seit der Antike Weinreben angebaut werden und dass die Weinherstellung f\u00fcr viele Familien seit jeher eine weit verbreitete und oft unverzichtbare Kultur ist. Als der Tourismus auf Elba ein Abenteuer war und das Hotel Gallo Nero ein kleines Gasthaus war, servierten Tonino und Rosa ihren G\u00e4sten den Wein, der im heimischen Keller hergestellt wurde.<\/p>\n<p>Heute produzieren sein Sohn Loriano und seine S\u00f6hne aus denselben Reben Wein f\u00fcr die Familie; und mit der gleichen Leidenschaft w\u00e4hlen sie die besten Etiketten aus, die zu den Speisekarten des Restaurants passen. Nat\u00fcrlich gibt es im Hotelkeller eine sorgf\u00e4ltige Auswahl der gesch\u00e4tzten Elba-Weine, aber auch eine gro\u00dfe Auswahl an nationalen Produkten, um den Bed\u00fcrfnissen jedes Gaumens gerecht zu werden.[\/vc_column_text][vc_gallery type=&#8221;flexslider_slide&#8221; interval=&#8221;0&#8243; images=&#8221;1023,1022,1739&#8243; img_size=&#8221;1200&#215;600&#8243; onclick=&#8221;&#8221;][\/vc_column][\/vc_row]<\/p>\n","protected":false},"excerpt":{"rendered":"<p>[vc_row type=&#8221;full_width_section&#8221; bottom_padding=&#8221;0&#8243; bottom_margin=&#8221;0&#8243;][vc_column css=&#8221;.vc_custom_1521121559607{margin-top: 0px !important;margin-right: 0px !important;margin-bottom: 0px !important;margin-left: 0px !important;border-top-width: 0px !important;border-right-width: 0px !important;border-bottom-width: 0px !important;border-left-width: 0px !important;padding-top: 0px !important;padding-right: 0px !important;padding-bottom: 0px !important;padding-left: 0px !important;}&#8221;][rev_slider_vc alias=&#8221;pag-cantina&#8221; el_class=&#8221;rev_slider_wrapper-1&#8243;][\/vc_column][\/vc_row][vc_row][vc_column][vc_separator color=&#8221;custom&#8221; style=&#8221;shadow&#8221; accent_color=&#8221;#000000&#8243;][\/vc_column][\/vc_row][vc_row bottom_margin=&#8221;50&#8243;][vc_column][vc_column_text]Leidenschaft f\u00fcr die Kultur des Weins&#8230; Auf der Insel Elba ist bekannt, dass seit der Antike Weinreben angebaut werden und dass<\/p>\n<a href=\"https:\/\/www.hotelgallonero.it\/de\/restaurant\/kantine\/\" class=\"more-link\">Read More<\/a>","protected":false},"author":1,"featured_media":0,"parent":2830,"menu_order":2,"comment_status":"closed","ping_status":"closed","template":"","meta":{"footnotes":""},"class_list":["post-2864","page","type-page","status-publish","hentry"],"yoast_head":"<!-- This site is optimized with the Yoast SEO plugin v27.3 - https:\/\/yoast.com\/product\/yoast-seo-wordpress\/ -->\n<title>Kantine - Hotel Gallo Nero, Sant&#039;Andrea, Insel Elba<\/title>\n<meta name=\"description\" content=\"Nat\u00fcrlich gibt es im Hotelkeller eine sorgf\u00e4ltige Auswahl der gesch\u00e4tzten Elba-Weine, aber auch eine gro\u00dfe Auswahl an nationalen Produkten.\" \/>\n<meta name=\"robots\" content=\"index, follow, max-snippet:-1, max-image-preview:large, max-video-preview:-1\" \/>\n<link rel=\"canonical\" href=\"https:\/\/www.hotelgallonero.it\/de\/restaurant\/kantine\/\" \/>\n<meta property=\"og:locale\" content=\"de_DE\" \/>\n<meta property=\"og:type\" content=\"article\" \/>\n<meta property=\"og:title\" content=\"Kantine - Hotel Gallo Nero, Sant&#039;Andrea, Insel Elba\" \/>\n<meta property=\"og:description\" content=\"Nat\u00fcrlich gibt es im Hotelkeller eine sorgf\u00e4ltige Auswahl der gesch\u00e4tzten Elba-Weine, aber auch eine gro\u00dfe Auswahl an nationalen Produkten.\" \/>\n<meta property=\"og:url\" content=\"https:\/\/www.hotelgallonero.it\/de\/restaurant\/kantine\/\" \/>\n<meta property=\"og:site_name\" content=\"Hotel Gallo Nero\" \/>\n<meta property=\"article:publisher\" content=\"https:\/\/www.facebook.com\/Hotel-Gallo-Nero-475373429149830\/\" \/>\n<meta property=\"article:modified_time\" content=\"2025-05-28T09:08:13+00:00\" \/>\n<meta name=\"twitter:card\" content=\"summary_large_image\" \/>\n<meta name=\"twitter:label1\" content=\"Gesch\u00e4tzte Lesezeit\" \/>\n\t<meta name=\"twitter:data1\" content=\"1\u00a0Minute\" \/>\n<script type=\"application\/ld+json\" class=\"yoast-schema-graph\">{\"@context\":\"https:\\\/\\\/schema.org\",\"@graph\":[{\"@type\":\"WebPage\",\"@id\":\"https:\\\/\\\/www.hotelgallonero.it\\\/de\\\/restaurant\\\/kantine\\\/\",\"url\":\"https:\\\/\\\/www.hotelgallonero.it\\\/de\\\/restaurant\\\/kantine\\\/\",\"name\":\"Kantine - Hotel Gallo Nero, Sant'Andrea, Insel Elba\",\"isPartOf\":{\"@id\":\"https:\\\/\\\/www.hotelgallonero.it\\\/de\\\/#website\"},\"datePublished\":\"2019-10-18T14:57:10+00:00\",\"dateModified\":\"2025-05-28T09:08:13+00:00\",\"description\":\"Nat\u00fcrlich gibt es im Hotelkeller eine sorgf\u00e4ltige Auswahl der gesch\u00e4tzten Elba-Weine, aber auch eine gro\u00dfe Auswahl an nationalen Produkten.\",\"breadcrumb\":{\"@id\":\"https:\\\/\\\/www.hotelgallonero.it\\\/de\\\/restaurant\\\/kantine\\\/#breadcrumb\"},\"inLanguage\":\"de\",\"potentialAction\":[{\"@type\":\"ReadAction\",\"target\":[\"https:\\\/\\\/www.hotelgallonero.it\\\/de\\\/restaurant\\\/kantine\\\/\"]}]},{\"@type\":\"BreadcrumbList\",\"@id\":\"https:\\\/\\\/www.hotelgallonero.it\\\/de\\\/restaurant\\\/kantine\\\/#breadcrumb\",\"itemListElement\":[{\"@type\":\"ListItem\",\"position\":1,\"name\":\"Home\",\"item\":\"https:\\\/\\\/www.hotelgallonero.it\\\/de\\\/\"},{\"@type\":\"ListItem\",\"position\":2,\"name\":\"Restaurant\",\"item\":\"https:\\\/\\\/www.hotelgallonero.it\\\/de\\\/restaurant\\\/\"},{\"@type\":\"ListItem\",\"position\":3,\"name\":\"Kantine\"}]},{\"@type\":\"WebSite\",\"@id\":\"https:\\\/\\\/www.hotelgallonero.it\\\/de\\\/#website\",\"url\":\"https:\\\/\\\/www.hotelgallonero.it\\\/de\\\/\",\"name\":\"Hotel Gallo Nero\",\"description\":\"Hotel a Sant'Andrea, all'Isola d'Elba\",\"publisher\":{\"@id\":\"https:\\\/\\\/www.hotelgallonero.it\\\/de\\\/#organization\"},\"potentialAction\":[{\"@type\":\"SearchAction\",\"target\":{\"@type\":\"EntryPoint\",\"urlTemplate\":\"https:\\\/\\\/www.hotelgallonero.it\\\/de\\\/?s={search_term_string}\"},\"query-input\":{\"@type\":\"PropertyValueSpecification\",\"valueRequired\":true,\"valueName\":\"search_term_string\"}}],\"inLanguage\":\"de\"},{\"@type\":\"Organization\",\"@id\":\"https:\\\/\\\/www.hotelgallonero.it\\\/de\\\/#organization\",\"name\":\"Hotel Gallo Nero\",\"url\":\"https:\\\/\\\/www.hotelgallonero.it\\\/de\\\/\",\"logo\":{\"@type\":\"ImageObject\",\"inLanguage\":\"de\",\"@id\":\"https:\\\/\\\/www.hotelgallonero.it\\\/de\\\/#\\\/schema\\\/logo\\\/image\\\/\",\"url\":\"https:\\\/\\\/www.hotelgallonero.it\\\/wp-content\\\/uploads\\\/hotel_gallo_nero_elba.png\",\"contentUrl\":\"https:\\\/\\\/www.hotelgallonero.it\\\/wp-content\\\/uploads\\\/hotel_gallo_nero_elba.png\",\"width\":460,\"height\":351,\"caption\":\"Hotel Gallo Nero\"},\"image\":{\"@id\":\"https:\\\/\\\/www.hotelgallonero.it\\\/de\\\/#\\\/schema\\\/logo\\\/image\\\/\"},\"sameAs\":[\"https:\\\/\\\/www.facebook.com\\\/Hotel-Gallo-Nero-475373429149830\\\/\"]}]}<\/script>\n<!-- \/ Yoast SEO plugin. -->","yoast_head_json":{"title":"Kantine - Hotel Gallo Nero, Sant'Andrea, Insel Elba","description":"Nat\u00fcrlich gibt es im Hotelkeller eine sorgf\u00e4ltige Auswahl der gesch\u00e4tzten Elba-Weine, aber auch eine gro\u00dfe Auswahl an nationalen Produkten.","robots":{"index":"index","follow":"follow","max-snippet":"max-snippet:-1","max-image-preview":"max-image-preview:large","max-video-preview":"max-video-preview:-1"},"canonical":"https:\/\/www.hotelgallonero.it\/de\/restaurant\/kantine\/","og_locale":"de_DE","og_type":"article","og_title":"Kantine - Hotel Gallo Nero, Sant'Andrea, Insel Elba","og_description":"Nat\u00fcrlich gibt es im Hotelkeller eine sorgf\u00e4ltige Auswahl der gesch\u00e4tzten Elba-Weine, aber auch eine gro\u00dfe Auswahl an nationalen Produkten.","og_url":"https:\/\/www.hotelgallonero.it\/de\/restaurant\/kantine\/","og_site_name":"Hotel Gallo Nero","article_publisher":"https:\/\/www.facebook.com\/Hotel-Gallo-Nero-475373429149830\/","article_modified_time":"2025-05-28T09:08:13+00:00","twitter_card":"summary_large_image","twitter_misc":{"Gesch\u00e4tzte Lesezeit":"1\u00a0Minute"},"schema":{"@context":"https:\/\/schema.org","@graph":[{"@type":"WebPage","@id":"https:\/\/www.hotelgallonero.it\/de\/restaurant\/kantine\/","url":"https:\/\/www.hotelgallonero.it\/de\/restaurant\/kantine\/","name":"Kantine - Hotel Gallo Nero, Sant'Andrea, Insel Elba","isPartOf":{"@id":"https:\/\/www.hotelgallonero.it\/de\/#website"},"datePublished":"2019-10-18T14:57:10+00:00","dateModified":"2025-05-28T09:08:13+00:00","description":"Nat\u00fcrlich gibt es im Hotelkeller eine sorgf\u00e4ltige Auswahl der gesch\u00e4tzten Elba-Weine, aber auch eine gro\u00dfe Auswahl an nationalen Produkten.","breadcrumb":{"@id":"https:\/\/www.hotelgallonero.it\/de\/restaurant\/kantine\/#breadcrumb"},"inLanguage":"de","potentialAction":[{"@type":"ReadAction","target":["https:\/\/www.hotelgallonero.it\/de\/restaurant\/kantine\/"]}]},{"@type":"BreadcrumbList","@id":"https:\/\/www.hotelgallonero.it\/de\/restaurant\/kantine\/#breadcrumb","itemListElement":[{"@type":"ListItem","position":1,"name":"Home","item":"https:\/\/www.hotelgallonero.it\/de\/"},{"@type":"ListItem","position":2,"name":"Restaurant","item":"https:\/\/www.hotelgallonero.it\/de\/restaurant\/"},{"@type":"ListItem","position":3,"name":"Kantine"}]},{"@type":"WebSite","@id":"https:\/\/www.hotelgallonero.it\/de\/#website","url":"https:\/\/www.hotelgallonero.it\/de\/","name":"Hotel Gallo Nero","description":"Hotel a Sant'Andrea, all'Isola d'Elba","publisher":{"@id":"https:\/\/www.hotelgallonero.it\/de\/#organization"},"potentialAction":[{"@type":"SearchAction","target":{"@type":"EntryPoint","urlTemplate":"https:\/\/www.hotelgallonero.it\/de\/?s={search_term_string}"},"query-input":{"@type":"PropertyValueSpecification","valueRequired":true,"valueName":"search_term_string"}}],"inLanguage":"de"},{"@type":"Organization","@id":"https:\/\/www.hotelgallonero.it\/de\/#organization","name":"Hotel Gallo Nero","url":"https:\/\/www.hotelgallonero.it\/de\/","logo":{"@type":"ImageObject","inLanguage":"de","@id":"https:\/\/www.hotelgallonero.it\/de\/#\/schema\/logo\/image\/","url":"https:\/\/www.hotelgallonero.it\/wp-content\/uploads\/hotel_gallo_nero_elba.png","contentUrl":"https:\/\/www.hotelgallonero.it\/wp-content\/uploads\/hotel_gallo_nero_elba.png","width":460,"height":351,"caption":"Hotel Gallo Nero"},"image":{"@id":"https:\/\/www.hotelgallonero.it\/de\/#\/schema\/logo\/image\/"},"sameAs":["https:\/\/www.facebook.com\/Hotel-Gallo-Nero-475373429149830\/"]}]}},"_links":{"self":[{"href":"https:\/\/www.hotelgallonero.it\/de\/wp-json\/wp\/v2\/pages\/2864","targetHints":{"allow":["GET"]}}],"collection":[{"href":"https:\/\/www.hotelgallonero.it\/de\/wp-json\/wp\/v2\/pages"}],"about":[{"href":"https:\/\/www.hotelgallonero.it\/de\/wp-json\/wp\/v2\/types\/page"}],"author":[{"embeddable":true,"href":"https:\/\/www.hotelgallonero.it\/de\/wp-json\/wp\/v2\/users\/1"}],"replies":[{"embeddable":true,"href":"https:\/\/www.hotelgallonero.it\/de\/wp-json\/wp\/v2\/comments?post=2864"}],"version-history":[{"count":3,"href":"https:\/\/www.hotelgallonero.it\/de\/wp-json\/wp\/v2\/pages\/2864\/revisions"}],"predecessor-version":[{"id":3669,"href":"https:\/\/www.hotelgallonero.it\/de\/wp-json\/wp\/v2\/pages\/2864\/revisions\/3669"}],"up":[{"embeddable":true,"href":"https:\/\/www.hotelgallonero.it\/de\/wp-json\/wp\/v2\/pages\/2830"}],"wp:attachment":[{"href":"https:\/\/www.hotelgallonero.it\/de\/wp-json\/wp\/v2\/media?parent=2864"}],"curies":[{"name":"wp","href":"https:\/\/api.w.org\/{rel}","templated":true}]}}