{"id":2851,"date":"2019-10-18T16:56:29","date_gmt":"2019-10-18T14:56:29","guid":{"rendered":"https:\/\/www.hotelgallonero.it\/restaurant\/cucina\/"},"modified":"2025-05-28T11:06:37","modified_gmt":"2025-05-28T09:06:37","slug":"kueche","status":"publish","type":"page","link":"https:\/\/www.hotelgallonero.it\/de\/restaurant\/kueche\/","title":{"rendered":"K\u00fcche"},"content":{"rendered":"<p>[vc_row type=&#8221;full_width_section&#8221; bottom_padding=&#8221;0&#8243; bottom_margin=&#8221;0&#8243;][vc_column css=&#8221;.vc_custom_1521121559607{margin-top: 0px !important;margin-right: 0px !important;margin-bottom: 0px !important;margin-left: 0px !important;border-top-width: 0px !important;border-right-width: 0px !important;border-bottom-width: 0px !important;border-left-width: 0px !important;padding-top: 0px !important;padding-right: 0px !important;padding-bottom: 0px !important;padding-left: 0px !important;}&#8221;][rev_slider_vc alias=&#8221;pag-ristorante&#8221; el_class=&#8221;rev_slider_wrapper-1&#8243;][\/vc_column][\/vc_row][vc_row][vc_column][vc_separator color=&#8221;custom&#8221; style=&#8221;shadow&#8221; accent_color=&#8221;#000000&#8243;][\/vc_column][\/vc_row][vc_row bottom_margin=&#8221;50&#8243;][vc_column]<h4>K\u00fcche<\/h4><div class=\"title-block-6\"><\/div>[vc_column_text]<strong>Lassen Sie sich \u00fcberraschen und entdecken Sie die verschiedenen Aromen&#8230;<\/strong><\/p>\n<p>Das Restaurant Gallo Nero respektiert die Familienphilosophie und bietet typische Gerichte der toskanischen und elbanischen K\u00fcche, die oft mit einem Hauch moderner Kreativit\u00e4t wieder aufgegriffen werden.<\/p>\n<p>Traditionelle Rezepte mit Fisch aus unserem Meer und lokalem Gem\u00fcse, welche die Grundlage der mediterranen Kochkultur bilden, ohne jemals auf aromatische Kr\u00e4uter zu verzichten, wahre Protagonisten der Insel-Men\u00fcs.<\/p>\n<p>Unser K\u00fcchenchef bietet ein Men\u00fc mit einer gro\u00dfen Auswahl an Zubereitungen, welche auch auf die Bed\u00fcrfnisse von Kindern und Menschen mit Lebensmittelunvertr\u00e4glichkeiten eingeht. Atmosph\u00e4rische Abendessen mit Aromen f\u00fcr jeden Geschmack, die zu unvergesslichen Abenden werden, wenn der Sonnenuntergang das Meer und den Horizont mit orangefarbenen Pinselstrichen und Goldt\u00f6nen f\u00e4rbt.<\/p>\n<p>Der Panorama-Speisesaal dr\u00fcckt die Essenz des Hotels aus, mit moderner f\u00e4cherf\u00f6rmiger Architektur und mediterranem Landhausstil. Eine besondere Umgebung eingerichtet mit viel Liebe zum Detail, um das Geschmackserlebnis zu verbessern. Abendessen und Fr\u00fchst\u00fcck k\u00f6nnen auch auf den Terrassen serviert werden, die wie der Speisesaal einen einzigartigen Blick auf die Nordwestk\u00fcste von Elba und das Meer bieten.[\/vc_column_text][vc_gallery type=&#8221;flexslider_slide&#8221; interval=&#8221;0&#8243; images=&#8221;1020,1021,1022,1023,1025,1026,1027,1539,1540,1541,1542,1543,1544&#8243; img_size=&#8221;1200&#215;600&#8243; onclick=&#8221;&#8221;][\/vc_column][\/vc_row]<\/p>\n","protected":false},"excerpt":{"rendered":"<p>[vc_row type=&#8221;full_width_section&#8221; bottom_padding=&#8221;0&#8243; bottom_margin=&#8221;0&#8243;][vc_column css=&#8221;.vc_custom_1521121559607{margin-top: 0px !important;margin-right: 0px !important;margin-bottom: 0px !important;margin-left: 0px !important;border-top-width: 0px !important;border-right-width: 0px !important;border-bottom-width: 0px !important;border-left-width: 0px !important;padding-top: 0px !important;padding-right: 0px !important;padding-bottom: 0px !important;padding-left: 0px !important;}&#8221;][rev_slider_vc alias=&#8221;pag-ristorante&#8221; el_class=&#8221;rev_slider_wrapper-1&#8243;][\/vc_column][\/vc_row][vc_row][vc_column][vc_separator color=&#8221;custom&#8221; style=&#8221;shadow&#8221; accent_color=&#8221;#000000&#8243;][\/vc_column][\/vc_row][vc_row bottom_margin=&#8221;50&#8243;][vc_column][vc_column_text]Lassen Sie sich \u00fcberraschen und entdecken Sie die verschiedenen Aromen&#8230; Das Restaurant Gallo Nero respektiert die Familienphilosophie und bietet typische Gerichte<\/p>\n<a href=\"https:\/\/www.hotelgallonero.it\/de\/restaurant\/kueche\/\" class=\"more-link\">Read More<\/a>","protected":false},"author":1,"featured_media":0,"parent":2830,"menu_order":1,"comment_status":"closed","ping_status":"closed","template":"","meta":{"footnotes":""},"class_list":["post-2851","page","type-page","status-publish","hentry"],"yoast_head":"<!-- This site is optimized with the Yoast SEO plugin v27.3 - https:\/\/yoast.com\/product\/yoast-seo-wordpress\/ -->\n<title>K\u00fcche - Hotel Gallo Nero, Sant&#039;Andrea, Insel Elba<\/title>\n<meta name=\"description\" content=\"Das Restaurant Gallo Nero respektiert die Familienphilosophie und bietet typische Gerichte der toskanischen und elbanischen K\u00fcche.\" \/>\n<meta name=\"robots\" content=\"index, follow, max-snippet:-1, max-image-preview:large, max-video-preview:-1\" \/>\n<link rel=\"canonical\" href=\"https:\/\/www.hotelgallonero.it\/de\/restaurant\/kueche\/\" \/>\n<meta property=\"og:locale\" content=\"de_DE\" \/>\n<meta property=\"og:type\" content=\"article\" \/>\n<meta property=\"og:title\" content=\"K\u00fcche - Hotel Gallo Nero, Sant&#039;Andrea, Insel Elba\" \/>\n<meta property=\"og:description\" content=\"Das Restaurant Gallo Nero respektiert die Familienphilosophie und bietet typische Gerichte der toskanischen und elbanischen K\u00fcche.\" \/>\n<meta property=\"og:url\" content=\"https:\/\/www.hotelgallonero.it\/de\/restaurant\/kueche\/\" \/>\n<meta property=\"og:site_name\" content=\"Hotel Gallo Nero\" \/>\n<meta property=\"article:publisher\" content=\"https:\/\/www.facebook.com\/Hotel-Gallo-Nero-475373429149830\/\" \/>\n<meta property=\"article:modified_time\" content=\"2025-05-28T09:06:37+00:00\" \/>\n<meta name=\"twitter:card\" content=\"summary_large_image\" \/>\n<meta name=\"twitter:label1\" content=\"Gesch\u00e4tzte Lesezeit\" \/>\n\t<meta name=\"twitter:data1\" content=\"2\u00a0Minuten\" \/>\n<script type=\"application\/ld+json\" class=\"yoast-schema-graph\">{\"@context\":\"https:\\\/\\\/schema.org\",\"@graph\":[{\"@type\":\"WebPage\",\"@id\":\"https:\\\/\\\/www.hotelgallonero.it\\\/de\\\/restaurant\\\/kueche\\\/\",\"url\":\"https:\\\/\\\/www.hotelgallonero.it\\\/de\\\/restaurant\\\/kueche\\\/\",\"name\":\"K\u00fcche - Hotel Gallo Nero, Sant'Andrea, Insel Elba\",\"isPartOf\":{\"@id\":\"https:\\\/\\\/www.hotelgallonero.it\\\/de\\\/#website\"},\"datePublished\":\"2019-10-18T14:56:29+00:00\",\"dateModified\":\"2025-05-28T09:06:37+00:00\",\"description\":\"Das Restaurant Gallo Nero respektiert die Familienphilosophie und bietet typische Gerichte der toskanischen und elbanischen K\u00fcche.\",\"breadcrumb\":{\"@id\":\"https:\\\/\\\/www.hotelgallonero.it\\\/de\\\/restaurant\\\/kueche\\\/#breadcrumb\"},\"inLanguage\":\"de\",\"potentialAction\":[{\"@type\":\"ReadAction\",\"target\":[\"https:\\\/\\\/www.hotelgallonero.it\\\/de\\\/restaurant\\\/kueche\\\/\"]}]},{\"@type\":\"BreadcrumbList\",\"@id\":\"https:\\\/\\\/www.hotelgallonero.it\\\/de\\\/restaurant\\\/kueche\\\/#breadcrumb\",\"itemListElement\":[{\"@type\":\"ListItem\",\"position\":1,\"name\":\"Home\",\"item\":\"https:\\\/\\\/www.hotelgallonero.it\\\/de\\\/\"},{\"@type\":\"ListItem\",\"position\":2,\"name\":\"Restaurant\",\"item\":\"https:\\\/\\\/www.hotelgallonero.it\\\/de\\\/restaurant\\\/\"},{\"@type\":\"ListItem\",\"position\":3,\"name\":\"K\u00fcche\"}]},{\"@type\":\"WebSite\",\"@id\":\"https:\\\/\\\/www.hotelgallonero.it\\\/de\\\/#website\",\"url\":\"https:\\\/\\\/www.hotelgallonero.it\\\/de\\\/\",\"name\":\"Hotel Gallo Nero\",\"description\":\"Hotel a Sant'Andrea, all'Isola d'Elba\",\"publisher\":{\"@id\":\"https:\\\/\\\/www.hotelgallonero.it\\\/de\\\/#organization\"},\"potentialAction\":[{\"@type\":\"SearchAction\",\"target\":{\"@type\":\"EntryPoint\",\"urlTemplate\":\"https:\\\/\\\/www.hotelgallonero.it\\\/de\\\/?s={search_term_string}\"},\"query-input\":{\"@type\":\"PropertyValueSpecification\",\"valueRequired\":true,\"valueName\":\"search_term_string\"}}],\"inLanguage\":\"de\"},{\"@type\":\"Organization\",\"@id\":\"https:\\\/\\\/www.hotelgallonero.it\\\/de\\\/#organization\",\"name\":\"Hotel Gallo Nero\",\"url\":\"https:\\\/\\\/www.hotelgallonero.it\\\/de\\\/\",\"logo\":{\"@type\":\"ImageObject\",\"inLanguage\":\"de\",\"@id\":\"https:\\\/\\\/www.hotelgallonero.it\\\/de\\\/#\\\/schema\\\/logo\\\/image\\\/\",\"url\":\"https:\\\/\\\/www.hotelgallonero.it\\\/wp-content\\\/uploads\\\/hotel_gallo_nero_elba.png\",\"contentUrl\":\"https:\\\/\\\/www.hotelgallonero.it\\\/wp-content\\\/uploads\\\/hotel_gallo_nero_elba.png\",\"width\":460,\"height\":351,\"caption\":\"Hotel Gallo Nero\"},\"image\":{\"@id\":\"https:\\\/\\\/www.hotelgallonero.it\\\/de\\\/#\\\/schema\\\/logo\\\/image\\\/\"},\"sameAs\":[\"https:\\\/\\\/www.facebook.com\\\/Hotel-Gallo-Nero-475373429149830\\\/\"]}]}<\/script>\n<!-- \/ Yoast SEO plugin. -->","yoast_head_json":{"title":"K\u00fcche - Hotel Gallo Nero, Sant'Andrea, Insel Elba","description":"Das Restaurant Gallo Nero respektiert die Familienphilosophie und bietet typische Gerichte der toskanischen und elbanischen K\u00fcche.","robots":{"index":"index","follow":"follow","max-snippet":"max-snippet:-1","max-image-preview":"max-image-preview:large","max-video-preview":"max-video-preview:-1"},"canonical":"https:\/\/www.hotelgallonero.it\/de\/restaurant\/kueche\/","og_locale":"de_DE","og_type":"article","og_title":"K\u00fcche - Hotel Gallo Nero, Sant'Andrea, Insel Elba","og_description":"Das Restaurant Gallo Nero respektiert die Familienphilosophie und bietet typische Gerichte der toskanischen und elbanischen K\u00fcche.","og_url":"https:\/\/www.hotelgallonero.it\/de\/restaurant\/kueche\/","og_site_name":"Hotel Gallo Nero","article_publisher":"https:\/\/www.facebook.com\/Hotel-Gallo-Nero-475373429149830\/","article_modified_time":"2025-05-28T09:06:37+00:00","twitter_card":"summary_large_image","twitter_misc":{"Gesch\u00e4tzte Lesezeit":"2\u00a0Minuten"},"schema":{"@context":"https:\/\/schema.org","@graph":[{"@type":"WebPage","@id":"https:\/\/www.hotelgallonero.it\/de\/restaurant\/kueche\/","url":"https:\/\/www.hotelgallonero.it\/de\/restaurant\/kueche\/","name":"K\u00fcche - Hotel Gallo Nero, Sant'Andrea, Insel Elba","isPartOf":{"@id":"https:\/\/www.hotelgallonero.it\/de\/#website"},"datePublished":"2019-10-18T14:56:29+00:00","dateModified":"2025-05-28T09:06:37+00:00","description":"Das Restaurant Gallo Nero respektiert die Familienphilosophie und bietet typische Gerichte der toskanischen und elbanischen K\u00fcche.","breadcrumb":{"@id":"https:\/\/www.hotelgallonero.it\/de\/restaurant\/kueche\/#breadcrumb"},"inLanguage":"de","potentialAction":[{"@type":"ReadAction","target":["https:\/\/www.hotelgallonero.it\/de\/restaurant\/kueche\/"]}]},{"@type":"BreadcrumbList","@id":"https:\/\/www.hotelgallonero.it\/de\/restaurant\/kueche\/#breadcrumb","itemListElement":[{"@type":"ListItem","position":1,"name":"Home","item":"https:\/\/www.hotelgallonero.it\/de\/"},{"@type":"ListItem","position":2,"name":"Restaurant","item":"https:\/\/www.hotelgallonero.it\/de\/restaurant\/"},{"@type":"ListItem","position":3,"name":"K\u00fcche"}]},{"@type":"WebSite","@id":"https:\/\/www.hotelgallonero.it\/de\/#website","url":"https:\/\/www.hotelgallonero.it\/de\/","name":"Hotel Gallo Nero","description":"Hotel a Sant'Andrea, all'Isola d'Elba","publisher":{"@id":"https:\/\/www.hotelgallonero.it\/de\/#organization"},"potentialAction":[{"@type":"SearchAction","target":{"@type":"EntryPoint","urlTemplate":"https:\/\/www.hotelgallonero.it\/de\/?s={search_term_string}"},"query-input":{"@type":"PropertyValueSpecification","valueRequired":true,"valueName":"search_term_string"}}],"inLanguage":"de"},{"@type":"Organization","@id":"https:\/\/www.hotelgallonero.it\/de\/#organization","name":"Hotel Gallo Nero","url":"https:\/\/www.hotelgallonero.it\/de\/","logo":{"@type":"ImageObject","inLanguage":"de","@id":"https:\/\/www.hotelgallonero.it\/de\/#\/schema\/logo\/image\/","url":"https:\/\/www.hotelgallonero.it\/wp-content\/uploads\/hotel_gallo_nero_elba.png","contentUrl":"https:\/\/www.hotelgallonero.it\/wp-content\/uploads\/hotel_gallo_nero_elba.png","width":460,"height":351,"caption":"Hotel Gallo Nero"},"image":{"@id":"https:\/\/www.hotelgallonero.it\/de\/#\/schema\/logo\/image\/"},"sameAs":["https:\/\/www.facebook.com\/Hotel-Gallo-Nero-475373429149830\/"]}]}},"_links":{"self":[{"href":"https:\/\/www.hotelgallonero.it\/de\/wp-json\/wp\/v2\/pages\/2851","targetHints":{"allow":["GET"]}}],"collection":[{"href":"https:\/\/www.hotelgallonero.it\/de\/wp-json\/wp\/v2\/pages"}],"about":[{"href":"https:\/\/www.hotelgallonero.it\/de\/wp-json\/wp\/v2\/types\/page"}],"author":[{"embeddable":true,"href":"https:\/\/www.hotelgallonero.it\/de\/wp-json\/wp\/v2\/users\/1"}],"replies":[{"embeddable":true,"href":"https:\/\/www.hotelgallonero.it\/de\/wp-json\/wp\/v2\/comments?post=2851"}],"version-history":[{"count":3,"href":"https:\/\/www.hotelgallonero.it\/de\/wp-json\/wp\/v2\/pages\/2851\/revisions"}],"predecessor-version":[{"id":3665,"href":"https:\/\/www.hotelgallonero.it\/de\/wp-json\/wp\/v2\/pages\/2851\/revisions\/3665"}],"up":[{"embeddable":true,"href":"https:\/\/www.hotelgallonero.it\/de\/wp-json\/wp\/v2\/pages\/2830"}],"wp:attachment":[{"href":"https:\/\/www.hotelgallonero.it\/de\/wp-json\/wp\/v2\/media?parent=2851"}],"curies":[{"name":"wp","href":"https:\/\/api.w.org\/{rel}","templated":true}]}}