{"id":2819,"date":"2019-10-18T16:54:52","date_gmt":"2019-10-18T14:54:52","guid":{"rendered":"https:\/\/www.hotelgallonero.it\/wellness\/massaggi\/"},"modified":"2025-05-28T11:05:29","modified_gmt":"2025-05-28T09:05:29","slug":"massagen","status":"publish","type":"page","link":"https:\/\/www.hotelgallonero.it\/de\/wellness\/massagen\/","title":{"rendered":"Massagen"},"content":{"rendered":"<p>[vc_row type=&#8221;full_width_section&#8221; bottom_padding=&#8221;0&#8243; bottom_margin=&#8221;0&#8243;][vc_column css=&#8221;.vc_custom_1521121559607{margin-top: 0px !important;margin-right: 0px !important;margin-bottom: 0px !important;margin-left: 0px !important;border-top-width: 0px !important;border-right-width: 0px !important;border-bottom-width: 0px !important;border-left-width: 0px !important;padding-top: 0px !important;padding-right: 0px !important;padding-bottom: 0px !important;padding-left: 0px !important;}&#8221;][rev_slider_vc alias=&#8221;pag-massaggi&#8221; el_class=&#8221;rev_slider_wrapper-1&#8243;][\/vc_column][\/vc_row][vc_row][vc_column][vc_separator color=&#8221;custom&#8221; style=&#8221;shadow&#8221; accent_color=&#8221;#000000&#8243;][\/vc_column][\/vc_row][vc_row bottom_margin=&#8221;50&#8243;][vc_column]<h4>Massagen<\/h4><div class=\"title-block-6\"><\/div>[vc_column_text css=&#8221;.vc_custom_1619432908001{padding-top: 20px !important;padding-right: 20px !important;padding-bottom: 20px !important;padding-left: 20px !important;background-color: rgba(255,255,255,0.6) !important;*background-color: rgb(255,255,255) !important;border-radius: 5px !important;}&#8221;]<em style=\"color: #b19f6a;\">Finden Sie sich in einem Moment wieder, der Ihnen selbst gewidmet ist&#8230; G\u00f6nnen Sie sich Momente des Friedens und der Gelassenheit, um sich der Pflege von K\u00f6rper und Geist zu widmen. Entdecken Sie die Vorteile einer entspannenden Massage in einer Umgebung, in der positive Gedanken und Erinnerungen freigesetzt werden. Erleben Sie die wohltuende W\u00e4rme der BioSauna und tauchen Sie ein in den beheizten Whirlpool mit Hydro- und Farbtherapie auf einer Terrasse mit Blick auf das Meer und den Horizont&#8230;<\/em>[\/vc_column_text][vc_column_text]Erinnerungen sind unsere Vergangenheit, welche unsere Geschichte schreibt, die im Buch unseres Geistes geschrieben ist. Es sind Juwelen und M\u00fcll, die in der Schatulle unseres Herzens aufbewahrt werden. Erinnerungen, gelebte, begehrte, geliebte Lebensst\u00fccke.<\/p>\n<p>Lassen Sie sich von der Atmosph\u00e4re der Halle der Erinnerungen einh\u00fcllen, halten Sie einen Moment Inne, schlie\u00dfen Sie die Augen und denken Sie&#8230; an eine Reise in die Erinnerung.<\/p>\n<p>Dies ist der ideale Ort, um sich zu entspannen und sich der Weisheit der H\u00e4nde unseres Massagetherapeuten hinzugeben.<\/p>\n<h5>Massage-Therapie<\/h5>\n<p>Eine alte Praxis, die schwedische Massage und Shiatsu kombiniert, ideal zur Entspannung von Muskelverspannungen und zur Linderung von M\u00fcdigkeit. Die Beseitigung von Toxinen und die Stimulierung der Durchblutung geben ein sofortiges und intensives Gef\u00fchl des Wohlbefindens. Die Behandlungen k\u00f6nnen sowohl am ganzen K\u00f6rper als auch l\u00e4nger auf einen bestimmten Teil konzentriert durchgef\u00fchrt werden, um Verspannungen oder Drainagen zu l\u00f6sen.<\/p>\n<h5>Ayurveda-Massage<\/h5>\n<p>Ayurveda ist eine sehr alte indische Wissenschaft. Seine traditionelle Massage, das Abyangam, transformiert die komprimierten Energien, indem er sich auf bestimmte Energiepunkte konzentriert, die als &#8220;Chakren&#8221; bezeichnet werden, und zielt darauf ab, das Gleichgewicht des Menschen als Ganzes von K\u00f6rper, Geist und Seele wiederherzustellen. Dar\u00fcber hinaus pflegt die reichliche Verwendung von \u00d6l die Haut tief und macht sie weich und straff.<\/p>\n<h5>Ayurvedische Massage mit vier H\u00e4nden<\/h5>\n<p>Die ayurvedische Massage wurde urspr\u00fcnglich von zwei oder mehr Anwendern durchgef\u00fchrt. Entdecken Sie ein einzigartiges, intensives und unvergessliches Erlebnis, indem Sie sich von der tanzenden Synchronit\u00e4t der Synchronit\u00e4t der vier H\u00e4nde mitrei\u00dfen lassen.<\/p>\n<h5>Vorgeburtliche Massage<\/h5>\n<p>Ein wirklich n\u00fctzliches und wohlverdientes &#8220;Kuscheln&#8221; f\u00fcr die zuk\u00fcnftige Mutter und ihr Baby.[\/vc_column_text][vc_gallery type=&#8221;flexslider_slide&#8221; interval=&#8221;0&#8243; images=&#8221;3044,3052,3032,3048,3064,3068&#8243; img_size=&#8221;1200&#215;600&#8243; onclick=&#8221;&#8221;][\/vc_column][\/vc_row]<\/p>\n","protected":false},"excerpt":{"rendered":"<p>[vc_row type=&#8221;full_width_section&#8221; bottom_padding=&#8221;0&#8243; bottom_margin=&#8221;0&#8243;][vc_column css=&#8221;.vc_custom_1521121559607{margin-top: 0px !important;margin-right: 0px !important;margin-bottom: 0px !important;margin-left: 0px !important;border-top-width: 0px !important;border-right-width: 0px !important;border-bottom-width: 0px !important;border-left-width: 0px !important;padding-top: 0px !important;padding-right: 0px !important;padding-bottom: 0px !important;padding-left: 0px !important;}&#8221;][rev_slider_vc alias=&#8221;pag-massaggi&#8221; el_class=&#8221;rev_slider_wrapper-1&#8243;][\/vc_column][\/vc_row][vc_row][vc_column][vc_separator color=&#8221;custom&#8221; style=&#8221;shadow&#8221; accent_color=&#8221;#000000&#8243;][\/vc_column][\/vc_row][vc_row bottom_margin=&#8221;50&#8243;][vc_column][vc_column_text css=&#8221;.vc_custom_1619432908001{padding-top: 20px !important;padding-right: 20px !important;padding-bottom: 20px !important;padding-left: 20px !important;background-color: rgba(255,255,255,0.6) !important;*background-color: rgb(255,255,255) !important;border-radius: 5px !important;}&#8221;]Finden Sie sich in einem Moment<\/p>\n<a href=\"https:\/\/www.hotelgallonero.it\/de\/wellness\/massagen\/\" class=\"more-link\">Read More<\/a>","protected":false},"author":1,"featured_media":0,"parent":2784,"menu_order":3,"comment_status":"closed","ping_status":"closed","template":"","meta":{"footnotes":""},"class_list":["post-2819","page","type-page","status-publish","hentry"],"yoast_head":"<!-- This site is optimized with the Yoast SEO plugin v27.3 - https:\/\/yoast.com\/product\/yoast-seo-wordpress\/ -->\n<title>Massagen - Hotel Gallo Nero, Sant&#039;Andrea, Insel Elba<\/title>\n<meta name=\"description\" content=\"Entdecken Sie die Vorteile einer entspannenden Massage in einer Umgebung, in der positive Gedanken und Erinnerungen freigesetzt werden.\" \/>\n<meta name=\"robots\" content=\"index, follow, max-snippet:-1, max-image-preview:large, max-video-preview:-1\" \/>\n<link rel=\"canonical\" href=\"https:\/\/www.hotelgallonero.it\/de\/wellness\/massagen\/\" \/>\n<meta property=\"og:locale\" content=\"de_DE\" \/>\n<meta property=\"og:type\" content=\"article\" \/>\n<meta property=\"og:title\" content=\"Massagen - Hotel Gallo Nero, Sant&#039;Andrea, Insel Elba\" \/>\n<meta property=\"og:description\" content=\"Entdecken Sie die Vorteile einer entspannenden Massage in einer Umgebung, in der positive Gedanken und Erinnerungen freigesetzt werden.\" \/>\n<meta property=\"og:url\" content=\"https:\/\/www.hotelgallonero.it\/de\/wellness\/massagen\/\" \/>\n<meta property=\"og:site_name\" content=\"Hotel Gallo Nero\" \/>\n<meta property=\"article:publisher\" content=\"https:\/\/www.facebook.com\/Hotel-Gallo-Nero-475373429149830\/\" \/>\n<meta property=\"article:modified_time\" content=\"2025-05-28T09:05:29+00:00\" \/>\n<meta name=\"twitter:card\" content=\"summary_large_image\" \/>\n<meta name=\"twitter:label1\" content=\"Gesch\u00e4tzte Lesezeit\" \/>\n\t<meta name=\"twitter:data1\" content=\"3\u00a0Minuten\" \/>\n<script type=\"application\/ld+json\" class=\"yoast-schema-graph\">{\"@context\":\"https:\\\/\\\/schema.org\",\"@graph\":[{\"@type\":\"WebPage\",\"@id\":\"https:\\\/\\\/www.hotelgallonero.it\\\/de\\\/wellness\\\/massagen\\\/\",\"url\":\"https:\\\/\\\/www.hotelgallonero.it\\\/de\\\/wellness\\\/massagen\\\/\",\"name\":\"Massagen - Hotel Gallo Nero, Sant'Andrea, Insel Elba\",\"isPartOf\":{\"@id\":\"https:\\\/\\\/www.hotelgallonero.it\\\/de\\\/#website\"},\"datePublished\":\"2019-10-18T14:54:52+00:00\",\"dateModified\":\"2025-05-28T09:05:29+00:00\",\"description\":\"Entdecken Sie die Vorteile einer entspannenden Massage in einer Umgebung, in der positive Gedanken und Erinnerungen freigesetzt werden.\",\"breadcrumb\":{\"@id\":\"https:\\\/\\\/www.hotelgallonero.it\\\/de\\\/wellness\\\/massagen\\\/#breadcrumb\"},\"inLanguage\":\"de\",\"potentialAction\":[{\"@type\":\"ReadAction\",\"target\":[\"https:\\\/\\\/www.hotelgallonero.it\\\/de\\\/wellness\\\/massagen\\\/\"]}]},{\"@type\":\"BreadcrumbList\",\"@id\":\"https:\\\/\\\/www.hotelgallonero.it\\\/de\\\/wellness\\\/massagen\\\/#breadcrumb\",\"itemListElement\":[{\"@type\":\"ListItem\",\"position\":1,\"name\":\"Home\",\"item\":\"https:\\\/\\\/www.hotelgallonero.it\\\/de\\\/\"},{\"@type\":\"ListItem\",\"position\":2,\"name\":\"Wellness\",\"item\":\"https:\\\/\\\/www.hotelgallonero.it\\\/de\\\/wellness\\\/\"},{\"@type\":\"ListItem\",\"position\":3,\"name\":\"Massagen\"}]},{\"@type\":\"WebSite\",\"@id\":\"https:\\\/\\\/www.hotelgallonero.it\\\/de\\\/#website\",\"url\":\"https:\\\/\\\/www.hotelgallonero.it\\\/de\\\/\",\"name\":\"Hotel Gallo Nero\",\"description\":\"Hotel a Sant'Andrea, all'Isola d'Elba\",\"publisher\":{\"@id\":\"https:\\\/\\\/www.hotelgallonero.it\\\/de\\\/#organization\"},\"potentialAction\":[{\"@type\":\"SearchAction\",\"target\":{\"@type\":\"EntryPoint\",\"urlTemplate\":\"https:\\\/\\\/www.hotelgallonero.it\\\/de\\\/?s={search_term_string}\"},\"query-input\":{\"@type\":\"PropertyValueSpecification\",\"valueRequired\":true,\"valueName\":\"search_term_string\"}}],\"inLanguage\":\"de\"},{\"@type\":\"Organization\",\"@id\":\"https:\\\/\\\/www.hotelgallonero.it\\\/de\\\/#organization\",\"name\":\"Hotel Gallo Nero\",\"url\":\"https:\\\/\\\/www.hotelgallonero.it\\\/de\\\/\",\"logo\":{\"@type\":\"ImageObject\",\"inLanguage\":\"de\",\"@id\":\"https:\\\/\\\/www.hotelgallonero.it\\\/de\\\/#\\\/schema\\\/logo\\\/image\\\/\",\"url\":\"https:\\\/\\\/www.hotelgallonero.it\\\/wp-content\\\/uploads\\\/hotel_gallo_nero_elba.png\",\"contentUrl\":\"https:\\\/\\\/www.hotelgallonero.it\\\/wp-content\\\/uploads\\\/hotel_gallo_nero_elba.png\",\"width\":460,\"height\":351,\"caption\":\"Hotel Gallo Nero\"},\"image\":{\"@id\":\"https:\\\/\\\/www.hotelgallonero.it\\\/de\\\/#\\\/schema\\\/logo\\\/image\\\/\"},\"sameAs\":[\"https:\\\/\\\/www.facebook.com\\\/Hotel-Gallo-Nero-475373429149830\\\/\"]}]}<\/script>\n<!-- \/ Yoast SEO plugin. -->","yoast_head_json":{"title":"Massagen - Hotel Gallo Nero, Sant'Andrea, Insel Elba","description":"Entdecken Sie die Vorteile einer entspannenden Massage in einer Umgebung, in der positive Gedanken und Erinnerungen freigesetzt werden.","robots":{"index":"index","follow":"follow","max-snippet":"max-snippet:-1","max-image-preview":"max-image-preview:large","max-video-preview":"max-video-preview:-1"},"canonical":"https:\/\/www.hotelgallonero.it\/de\/wellness\/massagen\/","og_locale":"de_DE","og_type":"article","og_title":"Massagen - Hotel Gallo Nero, Sant'Andrea, Insel Elba","og_description":"Entdecken Sie die Vorteile einer entspannenden Massage in einer Umgebung, in der positive Gedanken und Erinnerungen freigesetzt werden.","og_url":"https:\/\/www.hotelgallonero.it\/de\/wellness\/massagen\/","og_site_name":"Hotel Gallo Nero","article_publisher":"https:\/\/www.facebook.com\/Hotel-Gallo-Nero-475373429149830\/","article_modified_time":"2025-05-28T09:05:29+00:00","twitter_card":"summary_large_image","twitter_misc":{"Gesch\u00e4tzte Lesezeit":"3\u00a0Minuten"},"schema":{"@context":"https:\/\/schema.org","@graph":[{"@type":"WebPage","@id":"https:\/\/www.hotelgallonero.it\/de\/wellness\/massagen\/","url":"https:\/\/www.hotelgallonero.it\/de\/wellness\/massagen\/","name":"Massagen - Hotel Gallo Nero, Sant'Andrea, Insel Elba","isPartOf":{"@id":"https:\/\/www.hotelgallonero.it\/de\/#website"},"datePublished":"2019-10-18T14:54:52+00:00","dateModified":"2025-05-28T09:05:29+00:00","description":"Entdecken Sie die Vorteile einer entspannenden Massage in einer Umgebung, in der positive Gedanken und Erinnerungen freigesetzt werden.","breadcrumb":{"@id":"https:\/\/www.hotelgallonero.it\/de\/wellness\/massagen\/#breadcrumb"},"inLanguage":"de","potentialAction":[{"@type":"ReadAction","target":["https:\/\/www.hotelgallonero.it\/de\/wellness\/massagen\/"]}]},{"@type":"BreadcrumbList","@id":"https:\/\/www.hotelgallonero.it\/de\/wellness\/massagen\/#breadcrumb","itemListElement":[{"@type":"ListItem","position":1,"name":"Home","item":"https:\/\/www.hotelgallonero.it\/de\/"},{"@type":"ListItem","position":2,"name":"Wellness","item":"https:\/\/www.hotelgallonero.it\/de\/wellness\/"},{"@type":"ListItem","position":3,"name":"Massagen"}]},{"@type":"WebSite","@id":"https:\/\/www.hotelgallonero.it\/de\/#website","url":"https:\/\/www.hotelgallonero.it\/de\/","name":"Hotel Gallo Nero","description":"Hotel a Sant'Andrea, all'Isola d'Elba","publisher":{"@id":"https:\/\/www.hotelgallonero.it\/de\/#organization"},"potentialAction":[{"@type":"SearchAction","target":{"@type":"EntryPoint","urlTemplate":"https:\/\/www.hotelgallonero.it\/de\/?s={search_term_string}"},"query-input":{"@type":"PropertyValueSpecification","valueRequired":true,"valueName":"search_term_string"}}],"inLanguage":"de"},{"@type":"Organization","@id":"https:\/\/www.hotelgallonero.it\/de\/#organization","name":"Hotel Gallo Nero","url":"https:\/\/www.hotelgallonero.it\/de\/","logo":{"@type":"ImageObject","inLanguage":"de","@id":"https:\/\/www.hotelgallonero.it\/de\/#\/schema\/logo\/image\/","url":"https:\/\/www.hotelgallonero.it\/wp-content\/uploads\/hotel_gallo_nero_elba.png","contentUrl":"https:\/\/www.hotelgallonero.it\/wp-content\/uploads\/hotel_gallo_nero_elba.png","width":460,"height":351,"caption":"Hotel Gallo Nero"},"image":{"@id":"https:\/\/www.hotelgallonero.it\/de\/#\/schema\/logo\/image\/"},"sameAs":["https:\/\/www.facebook.com\/Hotel-Gallo-Nero-475373429149830\/"]}]}},"_links":{"self":[{"href":"https:\/\/www.hotelgallonero.it\/de\/wp-json\/wp\/v2\/pages\/2819","targetHints":{"allow":["GET"]}}],"collection":[{"href":"https:\/\/www.hotelgallonero.it\/de\/wp-json\/wp\/v2\/pages"}],"about":[{"href":"https:\/\/www.hotelgallonero.it\/de\/wp-json\/wp\/v2\/types\/page"}],"author":[{"embeddable":true,"href":"https:\/\/www.hotelgallonero.it\/de\/wp-json\/wp\/v2\/users\/1"}],"replies":[{"embeddable":true,"href":"https:\/\/www.hotelgallonero.it\/de\/wp-json\/wp\/v2\/comments?post=2819"}],"version-history":[{"count":6,"href":"https:\/\/www.hotelgallonero.it\/de\/wp-json\/wp\/v2\/pages\/2819\/revisions"}],"predecessor-version":[{"id":3661,"href":"https:\/\/www.hotelgallonero.it\/de\/wp-json\/wp\/v2\/pages\/2819\/revisions\/3661"}],"up":[{"embeddable":true,"href":"https:\/\/www.hotelgallonero.it\/de\/wp-json\/wp\/v2\/pages\/2784"}],"wp:attachment":[{"href":"https:\/\/www.hotelgallonero.it\/de\/wp-json\/wp\/v2\/media?parent=2819"}],"curies":[{"name":"wp","href":"https:\/\/api.w.org\/{rel}","templated":true}]}}