{"id":2689,"date":"2019-11-07T15:19:35","date_gmt":"2019-11-07T14:19:35","guid":{"rendered":"https:\/\/www.hotelgallonero.it\/zimmer-und-ferienhaeuser\/profumo-e-colori\/"},"modified":"2025-05-28T10:49:50","modified_gmt":"2025-05-28T08:49:50","slug":"profumo-e-colori","status":"publish","type":"page","link":"https:\/\/www.hotelgallonero.it\/de\/zimmer-und-cottages\/profumo-e-colori\/","title":{"rendered":"Profumo e Colori"},"content":{"rendered":"<p>[vc_row type=&#8221;full_width_section&#8221; bottom_padding=&#8221;0&#8243; bottom_margin=&#8221;0&#8243;][vc_column css=&#8221;.vc_custom_1521121559607{margin-top: 0px !important;margin-right: 0px !important;margin-bottom: 0px !important;margin-left: 0px !important;border-top-width: 0px !important;border-right-width: 0px !important;border-bottom-width: 0px !important;border-left-width: 0px !important;padding-top: 0px !important;padding-right: 0px !important;padding-bottom: 0px !important;padding-left: 0px !important;}&#8221;][rev_slider_vc alias=&#8221;pag-camera-profumi&#8221; el_class=&#8221;rev_slider_wrapper-1&#8243;][\/vc_column][\/vc_row][vc_row type=&#8221;full_width_section&#8221;][vc_column css=&#8221;.vc_custom_1620382237866{margin: 0px !important;padding: 0px !important;border: 0px initial  !important;}&#8221;][vc_separator color=&#8221;custom&#8221; style=&#8221;shadow&#8221; accent_color=&#8221;#0a0a0a&#8221; css=&#8221;.vc_custom_1620382245661{margin-bottom: 0px !important;}&#8221;]\t\n\t<!-- BEGIN .wide-booking-form -->\n\t<div class=\"wide-booking-form clearfix\">\n\n\t\t<!-- BEGIN .booking-form -->\n    <style>\n      .bolWidget .hnWidgetMainContainer {\n        border: none !important;\n        box-shadow: none !important;\n        background-color: transparent !important;\n        padding: 0 !important;\n      }\n      .bolWidget {\n        float: none !important;\n        margin: 0 auto !important;\n        color: #555555 !important;\n      }\n      .bolWidget select {\n        height: 37px !important;\n      }\n      .bolWidget input {\n        height: 33px !important;\n      }\n    <\/style>\n\t\t<!--<script src=\"https:\/\/ajax.googleapis.com\/ajax\/libs\/jquery\/3.1.1\/jquery.min.js\"><\/script>\n    <script src=\"https:\/\/ajax.googleapis.com\/ajax\/libs\/jqueryui\/1.12.1\/jquery-ui.min.js\"><\/script>\n    <link rel=\"stylesheet\" href=\"https:\/\/ajax.googleapis.com\/ajax\/libs\/jqueryui\/1.12.1\/themes\/smoothness\/jquery-ui.css\">-->\n    <div class=\"quickSearch\"><\/div>\n    <script src=\"https:\/\/scripts.resasecure.net\/serv_jScript\/webLibraries\/js\/ext\/HNEwidget.js\"><\/script>\n    <script type=\"text\/javascript\">\n      jQuery(document).ready(function () {\n        jQuery(\".quickSearch\").HNetBOL({\n          hotel: 8821,\n          hasPromo: true,\n          maxNights: 30,\n          maxAdults: 4,\n          maxRooms: 4,\n          maxChildren: 3,\n          maxChildAge: 15,\n          language: \"de\",\n          forceVertical: false,\n          hasBestPrice: false,\n          availableDate: \"2020-12-2\",\n          themeActionColor: \"#412C26\",\n          themeActionTextColor: \"#FFFFFF\",\n          hideBestPriceAfter: 30,\n          openMode: 3,\n          popupWidth: 1100,\n          popupHeight: 650\n        });\n      });\n    <\/script>\n\t<!-- END .wide-booking-form -->\n\t<\/div>\n\t\n\t[\/vc_column][\/vc_row][vc_row bottom_margin=&#8221;50&#8243;][vc_column]<h4>Profumo e Colori<\/h4><div class=\"title-block-6\"><\/div>[vc_column_text]<\/p>\n<p class=\"pocobot\">Die Zimmer \u201cProfumo e Colori\u201d unterscheiden sich alle sowohl in der Einrichtung als auch in der Lage von einander. Diejenigen die sich im Hauptgeb\u00e4ude befinden haben einen Balkon, die anderen haben einen Garten oder eine Terrasse und einen unabh\u00e4ngigen Eingang. Alle ausgestatten Bereiche sind so eingerichtet, das man die Ruhe der gesamten Anlage genie\u00dfen kann. Verschiedene Pl\u00e4tze lassen Sie wunderbare Ausblicke auf Meer und Natur genie\u00dfen.<\/p>\n<p class=\"pocobot\">Sie sind als Doppel- oder Zweibett- oder Doppelzimmer mit Zustellbett erh\u00e4ltlich.<\/p>\n<p>[\/vc_column_text][\/vc_column][\/vc_row][vc_row bottom_margin=&#8221;50&#8243;][vc_column][vc_gallery type=&#8221;flexslider_slide&#8221; interval=&#8221;0&#8243; images=&#8221;1445,1446,1447,1448,1449,1440,1564,952,947,1681&#8243; img_size=&#8221;1200&#215;600&#8243; onclick=&#8221;&#8221;][\/vc_column][\/vc_row]<\/p>\n","protected":false},"excerpt":{"rendered":"<p>[vc_row type=&#8221;full_width_section&#8221; bottom_padding=&#8221;0&#8243; bottom_margin=&#8221;0&#8243;][vc_column css=&#8221;.vc_custom_1521121559607{margin-top: 0px !important;margin-right: 0px !important;margin-bottom: 0px !important;margin-left: 0px !important;border-top-width: 0px !important;border-right-width: 0px !important;border-bottom-width: 0px !important;border-left-width: 0px !important;padding-top: 0px !important;padding-right: 0px !important;padding-bottom: 0px !important;padding-left: 0px !important;}&#8221;][rev_slider_vc alias=&#8221;pag-camera-profumi&#8221; el_class=&#8221;rev_slider_wrapper-1&#8243;][\/vc_column][\/vc_row][vc_row type=&#8221;full_width_section&#8221;][vc_column css=&#8221;.vc_custom_1620382237866{margin: 0px !important;padding: 0px !important;border: 0px initial !important;}&#8221;][vc_separator color=&#8221;custom&#8221; style=&#8221;shadow&#8221; accent_color=&#8221;#0a0a0a&#8221; css=&#8221;.vc_custom_1620382245661{margin-bottom: 0px !important;}&#8221;][\/vc_column][\/vc_row][vc_row bottom_margin=&#8221;50&#8243;][vc_column][vc_column_text] Die Zimmer \u201cProfumo e Colori\u201d unterscheiden sich alle<\/p>\n<a href=\"https:\/\/www.hotelgallonero.it\/de\/zimmer-und-cottages\/profumo-e-colori\/\" class=\"more-link\">Read More<\/a>","protected":false},"author":1,"featured_media":0,"parent":2571,"menu_order":4,"comment_status":"closed","ping_status":"closed","template":"","meta":{"footnotes":""},"class_list":["post-2689","page","type-page","status-publish","hentry"],"yoast_head":"<!-- This site is optimized with the Yoast SEO plugin v27.3 - https:\/\/yoast.com\/product\/yoast-seo-wordpress\/ -->\n<title>Zimmer Profumo e Colori - Hotel Gallo Nero, Sant&#039;Andrea, Insel Elba<\/title>\n<meta name=\"description\" content=\"Die Zimmer \u201cProfumo e Colori\u201d unterscheiden sich alle sowohl in der Einrichtung als auch in der Lage von einander.\" \/>\n<meta name=\"robots\" content=\"index, follow, max-snippet:-1, max-image-preview:large, max-video-preview:-1\" \/>\n<link rel=\"canonical\" href=\"https:\/\/www.hotelgallonero.it\/de\/zimmer-und-cottages\/profumo-e-colori\/\" \/>\n<meta property=\"og:locale\" content=\"de_DE\" \/>\n<meta property=\"og:type\" content=\"article\" \/>\n<meta property=\"og:title\" content=\"Zimmer Profumo e Colori - Hotel Gallo Nero, Sant&#039;Andrea, Insel Elba\" \/>\n<meta property=\"og:description\" content=\"Die Zimmer \u201cProfumo e Colori\u201d unterscheiden sich alle sowohl in der Einrichtung als auch in der Lage von einander.\" \/>\n<meta property=\"og:url\" content=\"https:\/\/www.hotelgallonero.it\/de\/zimmer-und-cottages\/profumo-e-colori\/\" \/>\n<meta property=\"og:site_name\" content=\"Hotel Gallo Nero\" \/>\n<meta property=\"article:publisher\" content=\"https:\/\/www.facebook.com\/Hotel-Gallo-Nero-475373429149830\/\" \/>\n<meta property=\"article:modified_time\" content=\"2025-05-28T08:49:50+00:00\" \/>\n<meta name=\"twitter:card\" content=\"summary_large_image\" \/>\n<meta name=\"twitter:label1\" content=\"Gesch\u00e4tzte Lesezeit\" \/>\n\t<meta name=\"twitter:data1\" content=\"1\u00a0Minute\" \/>\n<script type=\"application\/ld+json\" class=\"yoast-schema-graph\">{\"@context\":\"https:\\\/\\\/schema.org\",\"@graph\":[{\"@type\":\"WebPage\",\"@id\":\"https:\\\/\\\/www.hotelgallonero.it\\\/de\\\/zimmer-und-cottages\\\/profumo-e-colori\\\/\",\"url\":\"https:\\\/\\\/www.hotelgallonero.it\\\/de\\\/zimmer-und-cottages\\\/profumo-e-colori\\\/\",\"name\":\"Zimmer Profumo e Colori - Hotel Gallo Nero, Sant'Andrea, Insel Elba\",\"isPartOf\":{\"@id\":\"https:\\\/\\\/www.hotelgallonero.it\\\/de\\\/#website\"},\"datePublished\":\"2019-11-07T14:19:35+00:00\",\"dateModified\":\"2025-05-28T08:49:50+00:00\",\"description\":\"Die Zimmer \u201cProfumo e Colori\u201d unterscheiden sich alle sowohl in der Einrichtung als auch in der Lage von einander.\",\"breadcrumb\":{\"@id\":\"https:\\\/\\\/www.hotelgallonero.it\\\/de\\\/zimmer-und-cottages\\\/profumo-e-colori\\\/#breadcrumb\"},\"inLanguage\":\"de\",\"potentialAction\":[{\"@type\":\"ReadAction\",\"target\":[\"https:\\\/\\\/www.hotelgallonero.it\\\/de\\\/zimmer-und-cottages\\\/profumo-e-colori\\\/\"]}]},{\"@type\":\"BreadcrumbList\",\"@id\":\"https:\\\/\\\/www.hotelgallonero.it\\\/de\\\/zimmer-und-cottages\\\/profumo-e-colori\\\/#breadcrumb\",\"itemListElement\":[{\"@type\":\"ListItem\",\"position\":1,\"name\":\"Home\",\"item\":\"https:\\\/\\\/www.hotelgallonero.it\\\/de\\\/\"},{\"@type\":\"ListItem\",\"position\":2,\"name\":\"Zimmer und Cottages\",\"item\":\"https:\\\/\\\/www.hotelgallonero.it\\\/de\\\/zimmer-und-cottages\\\/\"},{\"@type\":\"ListItem\",\"position\":3,\"name\":\"Profumo e Colori\"}]},{\"@type\":\"WebSite\",\"@id\":\"https:\\\/\\\/www.hotelgallonero.it\\\/de\\\/#website\",\"url\":\"https:\\\/\\\/www.hotelgallonero.it\\\/de\\\/\",\"name\":\"Hotel Gallo Nero\",\"description\":\"Hotel a Sant'Andrea, all'Isola d'Elba\",\"publisher\":{\"@id\":\"https:\\\/\\\/www.hotelgallonero.it\\\/de\\\/#organization\"},\"potentialAction\":[{\"@type\":\"SearchAction\",\"target\":{\"@type\":\"EntryPoint\",\"urlTemplate\":\"https:\\\/\\\/www.hotelgallonero.it\\\/de\\\/?s={search_term_string}\"},\"query-input\":{\"@type\":\"PropertyValueSpecification\",\"valueRequired\":true,\"valueName\":\"search_term_string\"}}],\"inLanguage\":\"de\"},{\"@type\":\"Organization\",\"@id\":\"https:\\\/\\\/www.hotelgallonero.it\\\/de\\\/#organization\",\"name\":\"Hotel Gallo Nero\",\"url\":\"https:\\\/\\\/www.hotelgallonero.it\\\/de\\\/\",\"logo\":{\"@type\":\"ImageObject\",\"inLanguage\":\"de\",\"@id\":\"https:\\\/\\\/www.hotelgallonero.it\\\/de\\\/#\\\/schema\\\/logo\\\/image\\\/\",\"url\":\"https:\\\/\\\/www.hotelgallonero.it\\\/wp-content\\\/uploads\\\/hotel_gallo_nero_elba.png\",\"contentUrl\":\"https:\\\/\\\/www.hotelgallonero.it\\\/wp-content\\\/uploads\\\/hotel_gallo_nero_elba.png\",\"width\":460,\"height\":351,\"caption\":\"Hotel Gallo Nero\"},\"image\":{\"@id\":\"https:\\\/\\\/www.hotelgallonero.it\\\/de\\\/#\\\/schema\\\/logo\\\/image\\\/\"},\"sameAs\":[\"https:\\\/\\\/www.facebook.com\\\/Hotel-Gallo-Nero-475373429149830\\\/\"]}]}<\/script>\n<!-- \/ Yoast SEO plugin. -->","yoast_head_json":{"title":"Zimmer Profumo e Colori - Hotel Gallo Nero, Sant'Andrea, Insel Elba","description":"Die Zimmer \u201cProfumo e Colori\u201d unterscheiden sich alle sowohl in der Einrichtung als auch in der Lage von einander.","robots":{"index":"index","follow":"follow","max-snippet":"max-snippet:-1","max-image-preview":"max-image-preview:large","max-video-preview":"max-video-preview:-1"},"canonical":"https:\/\/www.hotelgallonero.it\/de\/zimmer-und-cottages\/profumo-e-colori\/","og_locale":"de_DE","og_type":"article","og_title":"Zimmer Profumo e Colori - Hotel Gallo Nero, Sant'Andrea, Insel Elba","og_description":"Die Zimmer \u201cProfumo e Colori\u201d unterscheiden sich alle sowohl in der Einrichtung als auch in der Lage von einander.","og_url":"https:\/\/www.hotelgallonero.it\/de\/zimmer-und-cottages\/profumo-e-colori\/","og_site_name":"Hotel Gallo Nero","article_publisher":"https:\/\/www.facebook.com\/Hotel-Gallo-Nero-475373429149830\/","article_modified_time":"2025-05-28T08:49:50+00:00","twitter_card":"summary_large_image","twitter_misc":{"Gesch\u00e4tzte Lesezeit":"1\u00a0Minute"},"schema":{"@context":"https:\/\/schema.org","@graph":[{"@type":"WebPage","@id":"https:\/\/www.hotelgallonero.it\/de\/zimmer-und-cottages\/profumo-e-colori\/","url":"https:\/\/www.hotelgallonero.it\/de\/zimmer-und-cottages\/profumo-e-colori\/","name":"Zimmer Profumo e Colori - Hotel Gallo Nero, Sant'Andrea, Insel Elba","isPartOf":{"@id":"https:\/\/www.hotelgallonero.it\/de\/#website"},"datePublished":"2019-11-07T14:19:35+00:00","dateModified":"2025-05-28T08:49:50+00:00","description":"Die Zimmer \u201cProfumo e Colori\u201d unterscheiden sich alle sowohl in der Einrichtung als auch in der Lage von einander.","breadcrumb":{"@id":"https:\/\/www.hotelgallonero.it\/de\/zimmer-und-cottages\/profumo-e-colori\/#breadcrumb"},"inLanguage":"de","potentialAction":[{"@type":"ReadAction","target":["https:\/\/www.hotelgallonero.it\/de\/zimmer-und-cottages\/profumo-e-colori\/"]}]},{"@type":"BreadcrumbList","@id":"https:\/\/www.hotelgallonero.it\/de\/zimmer-und-cottages\/profumo-e-colori\/#breadcrumb","itemListElement":[{"@type":"ListItem","position":1,"name":"Home","item":"https:\/\/www.hotelgallonero.it\/de\/"},{"@type":"ListItem","position":2,"name":"Zimmer und Cottages","item":"https:\/\/www.hotelgallonero.it\/de\/zimmer-und-cottages\/"},{"@type":"ListItem","position":3,"name":"Profumo e Colori"}]},{"@type":"WebSite","@id":"https:\/\/www.hotelgallonero.it\/de\/#website","url":"https:\/\/www.hotelgallonero.it\/de\/","name":"Hotel Gallo Nero","description":"Hotel a Sant'Andrea, all'Isola d'Elba","publisher":{"@id":"https:\/\/www.hotelgallonero.it\/de\/#organization"},"potentialAction":[{"@type":"SearchAction","target":{"@type":"EntryPoint","urlTemplate":"https:\/\/www.hotelgallonero.it\/de\/?s={search_term_string}"},"query-input":{"@type":"PropertyValueSpecification","valueRequired":true,"valueName":"search_term_string"}}],"inLanguage":"de"},{"@type":"Organization","@id":"https:\/\/www.hotelgallonero.it\/de\/#organization","name":"Hotel Gallo Nero","url":"https:\/\/www.hotelgallonero.it\/de\/","logo":{"@type":"ImageObject","inLanguage":"de","@id":"https:\/\/www.hotelgallonero.it\/de\/#\/schema\/logo\/image\/","url":"https:\/\/www.hotelgallonero.it\/wp-content\/uploads\/hotel_gallo_nero_elba.png","contentUrl":"https:\/\/www.hotelgallonero.it\/wp-content\/uploads\/hotel_gallo_nero_elba.png","width":460,"height":351,"caption":"Hotel Gallo Nero"},"image":{"@id":"https:\/\/www.hotelgallonero.it\/de\/#\/schema\/logo\/image\/"},"sameAs":["https:\/\/www.facebook.com\/Hotel-Gallo-Nero-475373429149830\/"]}]}},"_links":{"self":[{"href":"https:\/\/www.hotelgallonero.it\/de\/wp-json\/wp\/v2\/pages\/2689","targetHints":{"allow":["GET"]}}],"collection":[{"href":"https:\/\/www.hotelgallonero.it\/de\/wp-json\/wp\/v2\/pages"}],"about":[{"href":"https:\/\/www.hotelgallonero.it\/de\/wp-json\/wp\/v2\/types\/page"}],"author":[{"embeddable":true,"href":"https:\/\/www.hotelgallonero.it\/de\/wp-json\/wp\/v2\/users\/1"}],"replies":[{"embeddable":true,"href":"https:\/\/www.hotelgallonero.it\/de\/wp-json\/wp\/v2\/comments?post=2689"}],"version-history":[{"count":5,"href":"https:\/\/www.hotelgallonero.it\/de\/wp-json\/wp\/v2\/pages\/2689\/revisions"}],"predecessor-version":[{"id":3613,"href":"https:\/\/www.hotelgallonero.it\/de\/wp-json\/wp\/v2\/pages\/2689\/revisions\/3613"}],"up":[{"embeddable":true,"href":"https:\/\/www.hotelgallonero.it\/de\/wp-json\/wp\/v2\/pages\/2571"}],"wp:attachment":[{"href":"https:\/\/www.hotelgallonero.it\/de\/wp-json\/wp\/v2\/media?parent=2689"}],"curies":[{"name":"wp","href":"https:\/\/api.w.org\/{rel}","templated":true}]}}