{"id":2645,"date":"2018-03-16T15:25:11","date_gmt":"2018-03-16T14:25:11","guid":{"rendered":"https:\/\/www.hotelgallonero.it\/hotel\/ambiente\/"},"modified":"2025-05-28T11:01:39","modified_gmt":"2025-05-28T09:01:39","slug":"ambiente","status":"publish","type":"page","link":"https:\/\/www.hotelgallonero.it\/de\/hotel\/ambiente\/","title":{"rendered":"Ambiente"},"content":{"rendered":"<p>[vc_row type=&#8221;full_width_section&#8221; bottom_padding=&#8221;0&#8243; bottom_margin=&#8221;0&#8243;][vc_column css=&#8221;.vc_custom_1521121559607{margin-top: 0px !important;margin-right: 0px !important;margin-bottom: 0px !important;margin-left: 0px !important;border-top-width: 0px !important;border-right-width: 0px !important;border-bottom-width: 0px !important;border-left-width: 0px !important;padding-top: 0px !important;padding-right: 0px !important;padding-bottom: 0px !important;padding-left: 0px !important;}&#8221;][rev_slider_vc alias=&#8221;pag-ambiente&#8221; el_class=&#8221;rev_slider_wrapper-1&#8243;][\/vc_column][\/vc_row][vc_row][vc_column][vc_separator color=&#8221;custom&#8221; style=&#8221;shadow&#8221; accent_color=&#8221;#000000&#8243;][\/vc_column][\/vc_row][vc_row bottom_margin=&#8221;50&#8243;][vc_column]<h4>Ambiente<\/h4><div class=\"title-block-6\"><\/div>[vc_column_text]<strong>\u00dcberzeugen Sie sich selbst von den Farben und D\u00fcften der Landschaft&#8230;<\/strong><\/p>\n<p>Wie in der Vergangenheit f\u00fchrt der Weg vom Hotel Gallo Nero zum Meer \u00fcber die alten Terrassen, die mit mediterranen Essenzen, Obstb\u00e4umen und liebevoll gepflegten G\u00e4rten bedeckt sind. Der einfache Abstieg zum Strand durch diesen Garten mit einem wundervollen Duft aus der Vergangeheit erm\u00f6glicht es Ihnen, eine Dimension des Urlaubs zu entdecken, um mit den Rhythmen der Natur zu leben. Wenn Sie zwischen den D\u00fcften in der Stille spazieren gehen und vielleicht pausieren, um eine leckere Frucht von einer der Pflanzen zu pfl\u00fccken, k\u00f6nnen Sie f\u00fcr eine Weile dem Rausch des Alltags entfliehen.<\/p>\n<p>Der \u00fcber 15.000 Quadratmeter gro\u00dfe Landgarten des Hotels bewahrt wertvolle Arten, die einst hier f\u00fcr das Leben von Familien kultiviert wurden. Weinreben, Olivenb\u00e4ume und viele Obstb\u00e4ume, aber es ist auch ein Rosengarten und ein authentischer botanischer Garten, in dem Sie die mediterranen Essenzen entdecken k\u00f6nnen. Entlang der Terrassen gibt es B\u00e4nke und Sonnenliegen, auf denen Sie sich entspannen, lesen oder sonnen k\u00f6nnen. aber auch die Gartenterrasse, ein \u00fcberdachter Raum f\u00fcr Yoga oder K\u00f6rpergewichts\u00fcbungen.<\/p>\n<p>Am Ende des Weges entlang des Gartens k\u00f6nnen Sie auf das Wegenetz des Nationalparks des toskanischen Archipels zugreifen, das sich \u00fcber einen Gro\u00dfteil der Insel erstreckt. Inmitten der W\u00e4lder und der \u00fcppigen mediterranen Natur k\u00f6nnen Sie verschiedene Outdoor-Aktivit\u00e4ten aus\u00fcben. Vom Trekking bis zum Mountainbiken, aber Sie k\u00f6nnen auch in Ruhe &#8220;Wandern&#8221;, um in Kontakt mit der gesch\u00fctzten Natur zu kommen.[\/vc_column_text][vc_column_text css=&#8221;.vc_custom_1620140891805{padding-top: 20px !important;padding-right: 20px !important;padding-bottom: 10px !important;padding-left: 20px !important;background-color: #412c26 !important;border-radius: 4px !important;}&#8221;]<\/p>\n<p style=\"color: #ffffff; margin-bottom: 15px;\"><img decoding=\"async\" class=\"alignleft size-medium wp-image-1564\" src=\"https:\/\/www.hotelgallonero.it\/wp-content\/uploads\/gallery_cottage_07-300x200.jpg\" alt=\"Cottage Hotel Gallo Nero\" width=\"150px\" srcset=\"https:\/\/www.hotelgallonero.it\/wp-content\/uploads\/gallery_cottage_07-300x200.jpg 300w, https:\/\/www.hotelgallonero.it\/wp-content\/uploads\/gallery_cottage_07-1024x683.jpg 1024w, https:\/\/www.hotelgallonero.it\/wp-content\/uploads\/gallery_cottage_07-768x512.jpg 768w, https:\/\/www.hotelgallonero.it\/wp-content\/uploads\/gallery_cottage_07-100x67.jpg 100w, https:\/\/www.hotelgallonero.it\/wp-content\/uploads\/gallery_cottage_07.jpg 1200w\" sizes=\"(max-width: 300px) 100vw, 300px\" \/>Nur wenige Schritte vom &#8220;Haupthaus&#8221; entfernt, das mit allen Servicedienstleistungen ausgestattet und in die Ruhe des Gartens eingebettet ist, bieten wir Cottages mit Terrassen mit Meerblick.<\/p>\n<p style=\"color: #ffffff; margin-bottom: 10px;\">Sie haben einen eigenen Eingang, um den G\u00e4sten einen Aufenthalt in v\u00f6lliger Freiheit zu garantieren.<\/p>\n<div style=\"clear: both;\"><\/div>\n<p>[\/vc_column_text][vc_gallery type=&#8221;flexslider_slide&#8221; interval=&#8221;0&#8243; images=&#8221;970,971,1707,972,973,974,976,1704,978,979,980,981,982&#8243; img_size=&#8221;1200&#215;600&#8243; onclick=&#8221;&#8221;][\/vc_column][\/vc_row]<\/p>\n","protected":false},"excerpt":{"rendered":"<p>[vc_row type=&#8221;full_width_section&#8221; bottom_padding=&#8221;0&#8243; bottom_margin=&#8221;0&#8243;][vc_column css=&#8221;.vc_custom_1521121559607{margin-top: 0px !important;margin-right: 0px !important;margin-bottom: 0px !important;margin-left: 0px !important;border-top-width: 0px !important;border-right-width: 0px !important;border-bottom-width: 0px !important;border-left-width: 0px !important;padding-top: 0px !important;padding-right: 0px !important;padding-bottom: 0px !important;padding-left: 0px !important;}&#8221;][rev_slider_vc alias=&#8221;pag-ambiente&#8221; el_class=&#8221;rev_slider_wrapper-1&#8243;][\/vc_column][\/vc_row][vc_row][vc_column][vc_separator color=&#8221;custom&#8221; style=&#8221;shadow&#8221; accent_color=&#8221;#000000&#8243;][\/vc_column][\/vc_row][vc_row bottom_margin=&#8221;50&#8243;][vc_column][vc_column_text]\u00dcberzeugen Sie sich selbst von den Farben und D\u00fcften der Landschaft&#8230; Wie in der Vergangenheit f\u00fchrt der Weg vom Hotel Gallo<\/p>\n<a href=\"https:\/\/www.hotelgallonero.it\/de\/hotel\/ambiente\/\" class=\"more-link\">Read More<\/a>","protected":false},"author":1,"featured_media":0,"parent":2548,"menu_order":2,"comment_status":"closed","ping_status":"closed","template":"","meta":{"footnotes":""},"class_list":["post-2645","page","type-page","status-publish","hentry"],"yoast_head":"<!-- This site is optimized with the Yoast SEO plugin v27.3 - https:\/\/yoast.com\/product\/yoast-seo-wordpress\/ -->\n<title>Ambiente - Hotel Gallo Nero, Sant&#039;Andrea, Insel Elba<\/title>\n<meta name=\"description\" content=\"Der \u00fcber 15.000 Quadratmeter gro\u00dfe Landgarten des Hotels bewahrt wertvolle Arten, die einst hier f\u00fcr das Leben von Familien kultiviert wurden.\" \/>\n<meta name=\"robots\" content=\"index, follow, max-snippet:-1, max-image-preview:large, max-video-preview:-1\" \/>\n<link rel=\"canonical\" href=\"https:\/\/www.hotelgallonero.it\/de\/hotel\/ambiente\/\" \/>\n<meta property=\"og:locale\" content=\"de_DE\" \/>\n<meta property=\"og:type\" content=\"article\" \/>\n<meta property=\"og:title\" content=\"Ambiente - Hotel Gallo Nero, Sant&#039;Andrea, Insel Elba\" \/>\n<meta property=\"og:description\" content=\"Der \u00fcber 15.000 Quadratmeter gro\u00dfe Landgarten des Hotels bewahrt wertvolle Arten, die einst hier f\u00fcr das Leben von Familien kultiviert wurden.\" \/>\n<meta property=\"og:url\" content=\"https:\/\/www.hotelgallonero.it\/de\/hotel\/ambiente\/\" \/>\n<meta property=\"og:site_name\" content=\"Hotel Gallo Nero\" \/>\n<meta property=\"article:publisher\" content=\"https:\/\/www.facebook.com\/Hotel-Gallo-Nero-475373429149830\/\" \/>\n<meta property=\"article:modified_time\" content=\"2025-05-28T09:01:39+00:00\" \/>\n<meta property=\"og:image\" content=\"https:\/\/www.hotelgallonero.it\/wp-content\/uploads\/gallery_cottage_07-300x200.jpg\" \/>\n<meta name=\"twitter:card\" content=\"summary_large_image\" \/>\n<meta name=\"twitter:label1\" content=\"Gesch\u00e4tzte Lesezeit\" \/>\n\t<meta name=\"twitter:data1\" content=\"2\u00a0Minuten\" \/>\n<script type=\"application\/ld+json\" class=\"yoast-schema-graph\">{\"@context\":\"https:\\\/\\\/schema.org\",\"@graph\":[{\"@type\":\"WebPage\",\"@id\":\"https:\\\/\\\/www.hotelgallonero.it\\\/de\\\/hotel\\\/ambiente\\\/\",\"url\":\"https:\\\/\\\/www.hotelgallonero.it\\\/de\\\/hotel\\\/ambiente\\\/\",\"name\":\"Ambiente - Hotel Gallo Nero, Sant'Andrea, Insel Elba\",\"isPartOf\":{\"@id\":\"https:\\\/\\\/www.hotelgallonero.it\\\/de\\\/#website\"},\"primaryImageOfPage\":{\"@id\":\"https:\\\/\\\/www.hotelgallonero.it\\\/de\\\/hotel\\\/ambiente\\\/#primaryimage\"},\"image\":{\"@id\":\"https:\\\/\\\/www.hotelgallonero.it\\\/de\\\/hotel\\\/ambiente\\\/#primaryimage\"},\"thumbnailUrl\":\"https:\\\/\\\/www.hotelgallonero.it\\\/wp-content\\\/uploads\\\/gallery_cottage_07-300x200.jpg\",\"datePublished\":\"2018-03-16T14:25:11+00:00\",\"dateModified\":\"2025-05-28T09:01:39+00:00\",\"description\":\"Der \u00fcber 15.000 Quadratmeter gro\u00dfe Landgarten des Hotels bewahrt wertvolle Arten, die einst hier f\u00fcr das Leben von Familien kultiviert wurden.\",\"breadcrumb\":{\"@id\":\"https:\\\/\\\/www.hotelgallonero.it\\\/de\\\/hotel\\\/ambiente\\\/#breadcrumb\"},\"inLanguage\":\"de\",\"potentialAction\":[{\"@type\":\"ReadAction\",\"target\":[\"https:\\\/\\\/www.hotelgallonero.it\\\/de\\\/hotel\\\/ambiente\\\/\"]}]},{\"@type\":\"ImageObject\",\"inLanguage\":\"de\",\"@id\":\"https:\\\/\\\/www.hotelgallonero.it\\\/de\\\/hotel\\\/ambiente\\\/#primaryimage\",\"url\":\"https:\\\/\\\/www.hotelgallonero.it\\\/wp-content\\\/uploads\\\/gallery_cottage_07-300x200.jpg\",\"contentUrl\":\"https:\\\/\\\/www.hotelgallonero.it\\\/wp-content\\\/uploads\\\/gallery_cottage_07-300x200.jpg\"},{\"@type\":\"BreadcrumbList\",\"@id\":\"https:\\\/\\\/www.hotelgallonero.it\\\/de\\\/hotel\\\/ambiente\\\/#breadcrumb\",\"itemListElement\":[{\"@type\":\"ListItem\",\"position\":1,\"name\":\"Home\",\"item\":\"https:\\\/\\\/www.hotelgallonero.it\\\/de\\\/\"},{\"@type\":\"ListItem\",\"position\":2,\"name\":\"Hotel\",\"item\":\"https:\\\/\\\/www.hotelgallonero.it\\\/de\\\/hotel\\\/\"},{\"@type\":\"ListItem\",\"position\":3,\"name\":\"Ambiente\"}]},{\"@type\":\"WebSite\",\"@id\":\"https:\\\/\\\/www.hotelgallonero.it\\\/de\\\/#website\",\"url\":\"https:\\\/\\\/www.hotelgallonero.it\\\/de\\\/\",\"name\":\"Hotel Gallo Nero\",\"description\":\"Hotel a Sant'Andrea, all'Isola d'Elba\",\"publisher\":{\"@id\":\"https:\\\/\\\/www.hotelgallonero.it\\\/de\\\/#organization\"},\"potentialAction\":[{\"@type\":\"SearchAction\",\"target\":{\"@type\":\"EntryPoint\",\"urlTemplate\":\"https:\\\/\\\/www.hotelgallonero.it\\\/de\\\/?s={search_term_string}\"},\"query-input\":{\"@type\":\"PropertyValueSpecification\",\"valueRequired\":true,\"valueName\":\"search_term_string\"}}],\"inLanguage\":\"de\"},{\"@type\":\"Organization\",\"@id\":\"https:\\\/\\\/www.hotelgallonero.it\\\/de\\\/#organization\",\"name\":\"Hotel Gallo Nero\",\"url\":\"https:\\\/\\\/www.hotelgallonero.it\\\/de\\\/\",\"logo\":{\"@type\":\"ImageObject\",\"inLanguage\":\"de\",\"@id\":\"https:\\\/\\\/www.hotelgallonero.it\\\/de\\\/#\\\/schema\\\/logo\\\/image\\\/\",\"url\":\"https:\\\/\\\/www.hotelgallonero.it\\\/wp-content\\\/uploads\\\/hotel_gallo_nero_elba.png\",\"contentUrl\":\"https:\\\/\\\/www.hotelgallonero.it\\\/wp-content\\\/uploads\\\/hotel_gallo_nero_elba.png\",\"width\":460,\"height\":351,\"caption\":\"Hotel Gallo Nero\"},\"image\":{\"@id\":\"https:\\\/\\\/www.hotelgallonero.it\\\/de\\\/#\\\/schema\\\/logo\\\/image\\\/\"},\"sameAs\":[\"https:\\\/\\\/www.facebook.com\\\/Hotel-Gallo-Nero-475373429149830\\\/\"]}]}<\/script>\n<!-- \/ Yoast SEO plugin. -->","yoast_head_json":{"title":"Ambiente - Hotel Gallo Nero, Sant'Andrea, Insel Elba","description":"Der \u00fcber 15.000 Quadratmeter gro\u00dfe Landgarten des Hotels bewahrt wertvolle Arten, die einst hier f\u00fcr das Leben von Familien kultiviert wurden.","robots":{"index":"index","follow":"follow","max-snippet":"max-snippet:-1","max-image-preview":"max-image-preview:large","max-video-preview":"max-video-preview:-1"},"canonical":"https:\/\/www.hotelgallonero.it\/de\/hotel\/ambiente\/","og_locale":"de_DE","og_type":"article","og_title":"Ambiente - Hotel Gallo Nero, Sant'Andrea, Insel Elba","og_description":"Der \u00fcber 15.000 Quadratmeter gro\u00dfe Landgarten des Hotels bewahrt wertvolle Arten, die einst hier f\u00fcr das Leben von Familien kultiviert wurden.","og_url":"https:\/\/www.hotelgallonero.it\/de\/hotel\/ambiente\/","og_site_name":"Hotel Gallo Nero","article_publisher":"https:\/\/www.facebook.com\/Hotel-Gallo-Nero-475373429149830\/","article_modified_time":"2025-05-28T09:01:39+00:00","og_image":[{"url":"https:\/\/www.hotelgallonero.it\/wp-content\/uploads\/gallery_cottage_07-300x200.jpg","type":"","width":"","height":""}],"twitter_card":"summary_large_image","twitter_misc":{"Gesch\u00e4tzte Lesezeit":"2\u00a0Minuten"},"schema":{"@context":"https:\/\/schema.org","@graph":[{"@type":"WebPage","@id":"https:\/\/www.hotelgallonero.it\/de\/hotel\/ambiente\/","url":"https:\/\/www.hotelgallonero.it\/de\/hotel\/ambiente\/","name":"Ambiente - Hotel Gallo Nero, Sant'Andrea, Insel Elba","isPartOf":{"@id":"https:\/\/www.hotelgallonero.it\/de\/#website"},"primaryImageOfPage":{"@id":"https:\/\/www.hotelgallonero.it\/de\/hotel\/ambiente\/#primaryimage"},"image":{"@id":"https:\/\/www.hotelgallonero.it\/de\/hotel\/ambiente\/#primaryimage"},"thumbnailUrl":"https:\/\/www.hotelgallonero.it\/wp-content\/uploads\/gallery_cottage_07-300x200.jpg","datePublished":"2018-03-16T14:25:11+00:00","dateModified":"2025-05-28T09:01:39+00:00","description":"Der \u00fcber 15.000 Quadratmeter gro\u00dfe Landgarten des Hotels bewahrt wertvolle Arten, die einst hier f\u00fcr das Leben von Familien kultiviert wurden.","breadcrumb":{"@id":"https:\/\/www.hotelgallonero.it\/de\/hotel\/ambiente\/#breadcrumb"},"inLanguage":"de","potentialAction":[{"@type":"ReadAction","target":["https:\/\/www.hotelgallonero.it\/de\/hotel\/ambiente\/"]}]},{"@type":"ImageObject","inLanguage":"de","@id":"https:\/\/www.hotelgallonero.it\/de\/hotel\/ambiente\/#primaryimage","url":"https:\/\/www.hotelgallonero.it\/wp-content\/uploads\/gallery_cottage_07-300x200.jpg","contentUrl":"https:\/\/www.hotelgallonero.it\/wp-content\/uploads\/gallery_cottage_07-300x200.jpg"},{"@type":"BreadcrumbList","@id":"https:\/\/www.hotelgallonero.it\/de\/hotel\/ambiente\/#breadcrumb","itemListElement":[{"@type":"ListItem","position":1,"name":"Home","item":"https:\/\/www.hotelgallonero.it\/de\/"},{"@type":"ListItem","position":2,"name":"Hotel","item":"https:\/\/www.hotelgallonero.it\/de\/hotel\/"},{"@type":"ListItem","position":3,"name":"Ambiente"}]},{"@type":"WebSite","@id":"https:\/\/www.hotelgallonero.it\/de\/#website","url":"https:\/\/www.hotelgallonero.it\/de\/","name":"Hotel Gallo Nero","description":"Hotel a Sant'Andrea, all'Isola d'Elba","publisher":{"@id":"https:\/\/www.hotelgallonero.it\/de\/#organization"},"potentialAction":[{"@type":"SearchAction","target":{"@type":"EntryPoint","urlTemplate":"https:\/\/www.hotelgallonero.it\/de\/?s={search_term_string}"},"query-input":{"@type":"PropertyValueSpecification","valueRequired":true,"valueName":"search_term_string"}}],"inLanguage":"de"},{"@type":"Organization","@id":"https:\/\/www.hotelgallonero.it\/de\/#organization","name":"Hotel Gallo Nero","url":"https:\/\/www.hotelgallonero.it\/de\/","logo":{"@type":"ImageObject","inLanguage":"de","@id":"https:\/\/www.hotelgallonero.it\/de\/#\/schema\/logo\/image\/","url":"https:\/\/www.hotelgallonero.it\/wp-content\/uploads\/hotel_gallo_nero_elba.png","contentUrl":"https:\/\/www.hotelgallonero.it\/wp-content\/uploads\/hotel_gallo_nero_elba.png","width":460,"height":351,"caption":"Hotel Gallo Nero"},"image":{"@id":"https:\/\/www.hotelgallonero.it\/de\/#\/schema\/logo\/image\/"},"sameAs":["https:\/\/www.facebook.com\/Hotel-Gallo-Nero-475373429149830\/"]}]}},"_links":{"self":[{"href":"https:\/\/www.hotelgallonero.it\/de\/wp-json\/wp\/v2\/pages\/2645","targetHints":{"allow":["GET"]}}],"collection":[{"href":"https:\/\/www.hotelgallonero.it\/de\/wp-json\/wp\/v2\/pages"}],"about":[{"href":"https:\/\/www.hotelgallonero.it\/de\/wp-json\/wp\/v2\/types\/page"}],"author":[{"embeddable":true,"href":"https:\/\/www.hotelgallonero.it\/de\/wp-json\/wp\/v2\/users\/1"}],"replies":[{"embeddable":true,"href":"https:\/\/www.hotelgallonero.it\/de\/wp-json\/wp\/v2\/comments?post=2645"}],"version-history":[{"count":5,"href":"https:\/\/www.hotelgallonero.it\/de\/wp-json\/wp\/v2\/pages\/2645\/revisions"}],"predecessor-version":[{"id":3653,"href":"https:\/\/www.hotelgallonero.it\/de\/wp-json\/wp\/v2\/pages\/2645\/revisions\/3653"}],"up":[{"embeddable":true,"href":"https:\/\/www.hotelgallonero.it\/de\/wp-json\/wp\/v2\/pages\/2548"}],"wp:attachment":[{"href":"https:\/\/www.hotelgallonero.it\/de\/wp-json\/wp\/v2\/media?parent=2645"}],"curies":[{"name":"wp","href":"https:\/\/api.w.org\/{rel}","templated":true}]}}