{"id":2571,"date":"2018-03-15T14:02:07","date_gmt":"2018-03-15T13:02:07","guid":{"rendered":"https:\/\/www.hotelgallonero.it\/camere-e-cottage\/"},"modified":"2025-05-28T10:59:23","modified_gmt":"2025-05-28T08:59:23","slug":"zimmer-und-cottages","status":"publish","type":"page","link":"https:\/\/www.hotelgallonero.it\/de\/zimmer-und-cottages\/","title":{"rendered":"Zimmer und Cottages"},"content":{"rendered":"<p>[vc_row type=&#8221;full_width_section&#8221; bottom_padding=&#8221;0&#8243; bottom_margin=&#8221;0&#8243;][vc_column css=&#8221;.vc_custom_1521121559607{margin-top: 0px !important;margin-right: 0px !important;margin-bottom: 0px !important;margin-left: 0px !important;border-top-width: 0px !important;border-right-width: 0px !important;border-bottom-width: 0px !important;border-left-width: 0px !important;padding-top: 0px !important;padding-right: 0px !important;padding-bottom: 0px !important;padding-left: 0px !important;}&#8221;][rev_slider_vc alias=&#8221;pag-camere&#8221; el_class=&#8221;rev_slider_wrapper-1&#8243;][\/vc_column][\/vc_row][vc_row][vc_column][vc_separator color=&#8221;custom&#8221; style=&#8221;shadow&#8221; accent_color=&#8221;#000000&#8243;][\/vc_column][\/vc_row][vc_row bottom_margin=&#8221;50&#8243;][vc_column]<h4>Zimmer und Cottages<\/h4><div class=\"title-block-6\"><\/div>[vc_column_text]<strong>Erkenn Sie sich wieder in der Liebe zum Detail&#8230;<\/strong><\/p>\n<p>Das Hotel Gallo Nero entstand aus einem eleganten Landhaus, weshalb sein besonderer Stil in vielen Details zum Ausdruck kommt, welche jedes Zimmer einzigartig und originell machen. Jedes Zimmer hat seine eigene Pers\u00f6nlichkeit, aber alle garantieren den gleichen Komfort mit Klimaanlage, Minibar, Haartrockner, TV-SAT, kostenlosem WLAN, Safe, Telefon, Balkon oder Terrasse. Die meisten von ihnen bieten Meeraussicht oder Gartenblick.<\/p>\n<p>Das Gallo Nero ist ein bekanntes Hotel mit Zimmern im Haupthaus und anderen in den Cottages, die auf den alten Terrassen des Landgartens angeordnet sind und fast bis zum Meer gelangen. Germoglio, Girasole und Casa Rosa sind unabh\u00e4ngige Geb\u00e4ude, die von Weinbergen, Olivenb\u00e4umen, mediterranen Str\u00e4uchern, Obstb\u00e4umen und Rosen umgeben sind. Diese Cottages, die durch einen privaten Weg verbunden sind, der fast bis zum Strand f\u00fchrt, beherbergen Zimmer mit eigenem Eingang, um den G\u00e4sten v\u00f6llige Freiheit zu gew\u00e4hrleisten.<\/p>\n<p>Das Chalet Voce del Mare ist von allen H\u00e4usern des Hotels Gallo Nero das dem Meer am n\u00e4chsten gelegene und auch das mit der eindrucksvollsten Aussicht \u00fcber die Bucht von Sant&#8217;Andrea. Das auf 80 Quadratmetern verteilte Chalet Voce del Mare verf\u00fcgt \u00fcber ein Wohnzimmer am Meer mit einer Essecke, eine voll ausgestattete K\u00fcche, zwei Schlafzimmer, eine Panoramaterrasse, einen Garten mit Meerblick und einen Grill.<\/p>\n<p>F\u00fcr jedes Zimmer ist ein schattiger Parkplatz reserviert. Eine Garage f\u00fcr Motorr\u00e4der und Fahrr\u00e4der ist auf Anfrage erh\u00e4ltlich.<\/p>\n<p>F\u00fcr weitere Informationen zu unseren Zimmern und Dienstleistungen rufen Sie uns bitte direkt an.[\/vc_column_text][vc_gallery type=&#8221;flexslider_slide&#8221; interval=&#8221;0&#8243; images=&#8221;920,921,922,924,925,926,928,923,916,917,918,919&#8243; img_size=&#8221;1200&#215;600&#8243; onclick=&#8221;&#8221;][\/vc_column][\/vc_row]<\/p>\n","protected":false},"excerpt":{"rendered":"<p>[vc_row type=&#8221;full_width_section&#8221; bottom_padding=&#8221;0&#8243; bottom_margin=&#8221;0&#8243;][vc_column css=&#8221;.vc_custom_1521121559607{margin-top: 0px !important;margin-right: 0px !important;margin-bottom: 0px !important;margin-left: 0px !important;border-top-width: 0px !important;border-right-width: 0px !important;border-bottom-width: 0px !important;border-left-width: 0px !important;padding-top: 0px !important;padding-right: 0px !important;padding-bottom: 0px !important;padding-left: 0px !important;}&#8221;][rev_slider_vc alias=&#8221;pag-camere&#8221; el_class=&#8221;rev_slider_wrapper-1&#8243;][\/vc_column][\/vc_row][vc_row][vc_column][vc_separator color=&#8221;custom&#8221; style=&#8221;shadow&#8221; accent_color=&#8221;#000000&#8243;][\/vc_column][\/vc_row][vc_row bottom_margin=&#8221;50&#8243;][vc_column][vc_column_text]Erkenn Sie sich wieder in der Liebe zum Detail&#8230; Das Hotel Gallo Nero entstand aus einem eleganten Landhaus, weshalb sein besonderer<\/p>\n<a href=\"https:\/\/www.hotelgallonero.it\/de\/zimmer-und-cottages\/\" class=\"more-link\">Read More<\/a>","protected":false},"author":1,"featured_media":0,"parent":0,"menu_order":2,"comment_status":"closed","ping_status":"closed","template":"","meta":{"footnotes":""},"class_list":["post-2571","page","type-page","status-publish","hentry"],"yoast_head":"<!-- This site is optimized with the Yoast SEO plugin v27.3 - https:\/\/yoast.com\/product\/yoast-seo-wordpress\/ -->\n<title>Zimmer und Cottages - Hotel Gallo Nero, Sant&#039;Andrea, Insel Elba<\/title>\n<meta name=\"description\" content=\"Das Hotel Gallo Nero entstand aus einem eleganten Landhaus, weshalb sein besonderer Stil in vielen Details zum Ausdruck kommt, welche jedes Zimmer einzigartig und originell machen.\" \/>\n<meta name=\"robots\" content=\"index, follow, max-snippet:-1, max-image-preview:large, max-video-preview:-1\" \/>\n<link rel=\"canonical\" href=\"https:\/\/www.hotelgallonero.it\/de\/zimmer-und-cottages\/\" \/>\n<meta property=\"og:locale\" content=\"de_DE\" \/>\n<meta property=\"og:type\" content=\"article\" \/>\n<meta property=\"og:title\" content=\"Zimmer und Cottages - Hotel Gallo Nero, Sant&#039;Andrea, Insel Elba\" \/>\n<meta property=\"og:description\" content=\"Das Hotel Gallo Nero entstand aus einem eleganten Landhaus, weshalb sein besonderer Stil in vielen Details zum Ausdruck kommt, welche jedes Zimmer einzigartig und originell machen.\" \/>\n<meta property=\"og:url\" content=\"https:\/\/www.hotelgallonero.it\/de\/zimmer-und-cottages\/\" \/>\n<meta property=\"og:site_name\" content=\"Hotel Gallo Nero\" \/>\n<meta property=\"article:publisher\" content=\"https:\/\/www.facebook.com\/Hotel-Gallo-Nero-475373429149830\/\" \/>\n<meta property=\"article:modified_time\" content=\"2025-05-28T08:59:23+00:00\" \/>\n<meta name=\"twitter:card\" content=\"summary_large_image\" \/>\n<meta name=\"twitter:label1\" content=\"Gesch\u00e4tzte Lesezeit\" \/>\n\t<meta name=\"twitter:data1\" content=\"2\u00a0Minuten\" \/>\n<script type=\"application\/ld+json\" class=\"yoast-schema-graph\">{\"@context\":\"https:\\\/\\\/schema.org\",\"@graph\":[{\"@type\":\"WebPage\",\"@id\":\"https:\\\/\\\/www.hotelgallonero.it\\\/de\\\/zimmer-und-cottages\\\/\",\"url\":\"https:\\\/\\\/www.hotelgallonero.it\\\/de\\\/zimmer-und-cottages\\\/\",\"name\":\"Zimmer und Cottages - Hotel Gallo Nero, Sant'Andrea, Insel Elba\",\"isPartOf\":{\"@id\":\"https:\\\/\\\/www.hotelgallonero.it\\\/de\\\/#website\"},\"datePublished\":\"2018-03-15T13:02:07+00:00\",\"dateModified\":\"2025-05-28T08:59:23+00:00\",\"description\":\"Das Hotel Gallo Nero entstand aus einem eleganten Landhaus, weshalb sein besonderer Stil in vielen Details zum Ausdruck kommt, welche jedes Zimmer einzigartig und originell machen.\",\"breadcrumb\":{\"@id\":\"https:\\\/\\\/www.hotelgallonero.it\\\/de\\\/zimmer-und-cottages\\\/#breadcrumb\"},\"inLanguage\":\"de\",\"potentialAction\":[{\"@type\":\"ReadAction\",\"target\":[\"https:\\\/\\\/www.hotelgallonero.it\\\/de\\\/zimmer-und-cottages\\\/\"]}]},{\"@type\":\"BreadcrumbList\",\"@id\":\"https:\\\/\\\/www.hotelgallonero.it\\\/de\\\/zimmer-und-cottages\\\/#breadcrumb\",\"itemListElement\":[{\"@type\":\"ListItem\",\"position\":1,\"name\":\"Home\",\"item\":\"https:\\\/\\\/www.hotelgallonero.it\\\/de\\\/\"},{\"@type\":\"ListItem\",\"position\":2,\"name\":\"Zimmer und Cottages\"}]},{\"@type\":\"WebSite\",\"@id\":\"https:\\\/\\\/www.hotelgallonero.it\\\/de\\\/#website\",\"url\":\"https:\\\/\\\/www.hotelgallonero.it\\\/de\\\/\",\"name\":\"Hotel Gallo Nero\",\"description\":\"Hotel a Sant'Andrea, all'Isola d'Elba\",\"publisher\":{\"@id\":\"https:\\\/\\\/www.hotelgallonero.it\\\/de\\\/#organization\"},\"potentialAction\":[{\"@type\":\"SearchAction\",\"target\":{\"@type\":\"EntryPoint\",\"urlTemplate\":\"https:\\\/\\\/www.hotelgallonero.it\\\/de\\\/?s={search_term_string}\"},\"query-input\":{\"@type\":\"PropertyValueSpecification\",\"valueRequired\":true,\"valueName\":\"search_term_string\"}}],\"inLanguage\":\"de\"},{\"@type\":\"Organization\",\"@id\":\"https:\\\/\\\/www.hotelgallonero.it\\\/de\\\/#organization\",\"name\":\"Hotel Gallo Nero\",\"url\":\"https:\\\/\\\/www.hotelgallonero.it\\\/de\\\/\",\"logo\":{\"@type\":\"ImageObject\",\"inLanguage\":\"de\",\"@id\":\"https:\\\/\\\/www.hotelgallonero.it\\\/de\\\/#\\\/schema\\\/logo\\\/image\\\/\",\"url\":\"https:\\\/\\\/www.hotelgallonero.it\\\/wp-content\\\/uploads\\\/hotel_gallo_nero_elba.png\",\"contentUrl\":\"https:\\\/\\\/www.hotelgallonero.it\\\/wp-content\\\/uploads\\\/hotel_gallo_nero_elba.png\",\"width\":460,\"height\":351,\"caption\":\"Hotel Gallo Nero\"},\"image\":{\"@id\":\"https:\\\/\\\/www.hotelgallonero.it\\\/de\\\/#\\\/schema\\\/logo\\\/image\\\/\"},\"sameAs\":[\"https:\\\/\\\/www.facebook.com\\\/Hotel-Gallo-Nero-475373429149830\\\/\"]}]}<\/script>\n<!-- \/ Yoast SEO plugin. -->","yoast_head_json":{"title":"Zimmer und Cottages - Hotel Gallo Nero, Sant'Andrea, Insel Elba","description":"Das Hotel Gallo Nero entstand aus einem eleganten Landhaus, weshalb sein besonderer Stil in vielen Details zum Ausdruck kommt, welche jedes Zimmer einzigartig und originell machen.","robots":{"index":"index","follow":"follow","max-snippet":"max-snippet:-1","max-image-preview":"max-image-preview:large","max-video-preview":"max-video-preview:-1"},"canonical":"https:\/\/www.hotelgallonero.it\/de\/zimmer-und-cottages\/","og_locale":"de_DE","og_type":"article","og_title":"Zimmer und Cottages - Hotel Gallo Nero, Sant'Andrea, Insel Elba","og_description":"Das Hotel Gallo Nero entstand aus einem eleganten Landhaus, weshalb sein besonderer Stil in vielen Details zum Ausdruck kommt, welche jedes Zimmer einzigartig und originell machen.","og_url":"https:\/\/www.hotelgallonero.it\/de\/zimmer-und-cottages\/","og_site_name":"Hotel Gallo Nero","article_publisher":"https:\/\/www.facebook.com\/Hotel-Gallo-Nero-475373429149830\/","article_modified_time":"2025-05-28T08:59:23+00:00","twitter_card":"summary_large_image","twitter_misc":{"Gesch\u00e4tzte Lesezeit":"2\u00a0Minuten"},"schema":{"@context":"https:\/\/schema.org","@graph":[{"@type":"WebPage","@id":"https:\/\/www.hotelgallonero.it\/de\/zimmer-und-cottages\/","url":"https:\/\/www.hotelgallonero.it\/de\/zimmer-und-cottages\/","name":"Zimmer und Cottages - Hotel Gallo Nero, Sant'Andrea, Insel Elba","isPartOf":{"@id":"https:\/\/www.hotelgallonero.it\/de\/#website"},"datePublished":"2018-03-15T13:02:07+00:00","dateModified":"2025-05-28T08:59:23+00:00","description":"Das Hotel Gallo Nero entstand aus einem eleganten Landhaus, weshalb sein besonderer Stil in vielen Details zum Ausdruck kommt, welche jedes Zimmer einzigartig und originell machen.","breadcrumb":{"@id":"https:\/\/www.hotelgallonero.it\/de\/zimmer-und-cottages\/#breadcrumb"},"inLanguage":"de","potentialAction":[{"@type":"ReadAction","target":["https:\/\/www.hotelgallonero.it\/de\/zimmer-und-cottages\/"]}]},{"@type":"BreadcrumbList","@id":"https:\/\/www.hotelgallonero.it\/de\/zimmer-und-cottages\/#breadcrumb","itemListElement":[{"@type":"ListItem","position":1,"name":"Home","item":"https:\/\/www.hotelgallonero.it\/de\/"},{"@type":"ListItem","position":2,"name":"Zimmer und Cottages"}]},{"@type":"WebSite","@id":"https:\/\/www.hotelgallonero.it\/de\/#website","url":"https:\/\/www.hotelgallonero.it\/de\/","name":"Hotel Gallo Nero","description":"Hotel a Sant'Andrea, all'Isola d'Elba","publisher":{"@id":"https:\/\/www.hotelgallonero.it\/de\/#organization"},"potentialAction":[{"@type":"SearchAction","target":{"@type":"EntryPoint","urlTemplate":"https:\/\/www.hotelgallonero.it\/de\/?s={search_term_string}"},"query-input":{"@type":"PropertyValueSpecification","valueRequired":true,"valueName":"search_term_string"}}],"inLanguage":"de"},{"@type":"Organization","@id":"https:\/\/www.hotelgallonero.it\/de\/#organization","name":"Hotel Gallo Nero","url":"https:\/\/www.hotelgallonero.it\/de\/","logo":{"@type":"ImageObject","inLanguage":"de","@id":"https:\/\/www.hotelgallonero.it\/de\/#\/schema\/logo\/image\/","url":"https:\/\/www.hotelgallonero.it\/wp-content\/uploads\/hotel_gallo_nero_elba.png","contentUrl":"https:\/\/www.hotelgallonero.it\/wp-content\/uploads\/hotel_gallo_nero_elba.png","width":460,"height":351,"caption":"Hotel Gallo Nero"},"image":{"@id":"https:\/\/www.hotelgallonero.it\/de\/#\/schema\/logo\/image\/"},"sameAs":["https:\/\/www.facebook.com\/Hotel-Gallo-Nero-475373429149830\/"]}]}},"_links":{"self":[{"href":"https:\/\/www.hotelgallonero.it\/de\/wp-json\/wp\/v2\/pages\/2571","targetHints":{"allow":["GET"]}}],"collection":[{"href":"https:\/\/www.hotelgallonero.it\/de\/wp-json\/wp\/v2\/pages"}],"about":[{"href":"https:\/\/www.hotelgallonero.it\/de\/wp-json\/wp\/v2\/types\/page"}],"author":[{"embeddable":true,"href":"https:\/\/www.hotelgallonero.it\/de\/wp-json\/wp\/v2\/users\/1"}],"replies":[{"embeddable":true,"href":"https:\/\/www.hotelgallonero.it\/de\/wp-json\/wp\/v2\/comments?post=2571"}],"version-history":[{"count":4,"href":"https:\/\/www.hotelgallonero.it\/de\/wp-json\/wp\/v2\/pages\/2571\/revisions"}],"predecessor-version":[{"id":3645,"href":"https:\/\/www.hotelgallonero.it\/de\/wp-json\/wp\/v2\/pages\/2571\/revisions\/3645"}],"wp:attachment":[{"href":"https:\/\/www.hotelgallonero.it\/de\/wp-json\/wp\/v2\/media?parent=2571"}],"curies":[{"name":"wp","href":"https:\/\/api.w.org\/{rel}","templated":true}]}}