{"id":2558,"date":"2019-10-18T16:25:50","date_gmt":"2019-10-18T14:25:50","guid":{"rendered":"https:\/\/www.hotelgallonero.it\/hotel\/storia\/"},"modified":"2021-04-22T16:58:46","modified_gmt":"2021-04-22T14:58:46","slug":"geschichte","status":"publish","type":"page","link":"https:\/\/www.hotelgallonero.it\/de\/hotel\/geschichte\/","title":{"rendered":"Geschichte"},"content":{"rendered":"<p>[vc_row type=&#8221;full_width_section&#8221; bottom_padding=&#8221;0&#8243; bottom_margin=&#8221;0&#8243;][vc_column css=&#8221;.vc_custom_1521121559607{margin-top: 0px !important;margin-right: 0px !important;margin-bottom: 0px !important;margin-left: 0px !important;border-top-width: 0px !important;border-right-width: 0px !important;border-bottom-width: 0px !important;border-left-width: 0px !important;padding-top: 0px !important;padding-right: 0px !important;padding-bottom: 0px !important;padding-left: 0px !important;}&#8221;][rev_slider_vc alias=&#8221;pag-storia&#8221; el_class=&#8221;rev_slider_wrapper-1&#8243;][\/vc_column][\/vc_row][vc_row][vc_column][vc_separator color=&#8221;custom&#8221; style=&#8221;shadow&#8221; accent_color=&#8221;#000000&#8243;][\/vc_column][\/vc_row][vc_row bottom_margin=&#8221;50&#8243;][vc_column]<h4>Geschichte<\/h4><div class=\"title-block-6\"><\/div>[vc_column_text]<strong>Entdecken Sie Hautnah die Geschichte eines Gebiets&#8230;<\/strong><\/p>\n<p>Das Hotel Gallo Nero wurde Mitte des letzten Jahrhunderts gebaut, als die wilde Sch\u00f6nheit von Elba die ersten Touristen anzog und einen epochalen Wandel einleitete. Die Abenteuerlustigen erreichten den abgelegenen Strand von Sant&#8217;Andrea auf dem R\u00fccken eines Maultiers auf der Suche nach einem besonderen Ort, und manchmal pausierten sie bei den wenigen Bewohnern, um zu essen oder zu schlafen. So begannen sich Toninos und Rosas Haus zu verwandeln.<\/p>\n<p>Es war kaum mehr als ein Raum, das erste Gasthaus, das neben dem Keller gebaut wurde. Sie servierten den von der Familie produzierten Wein und den von Mamma Rosa zubereiteten Eintopf mit Produkten aus dem Garten und dem Meer. Dank der wachsenden Bekanntheit der Insel und Sant&#8217;Andrea wurde das kleine Restaurant in wenigen Jahren in eine Pension und dann in ein Hotel umgebaut, das in den 1970er Jahren der neuen Generation \u00fcbergeben wurde: Loriano mit seiner Frau und deren Kindern.<\/p>\n<p>Mit dem Aufkommen des Tourismus, erz\u00e4hlt die Geschichte vom Hotel Gallo Nero, wie bei den meisten von Elba, vom Bauern der sich in ein Hotelier verwandelt. Die Familie Anselmi h\u00e4lt jedoch an den alten Werten der Landschaft und Natur fest. Aus diesem Grund wurden die Obstb\u00e4ume und einige der Weinberge, die immer noch guten Wein produzieren, im Laufe der Jahre erhalten.<\/p>\n<p>Der Name des Hotels selbst, der von den Vorfahren gew\u00e4hlt wurde, scheint uns auf den urspr\u00fcnglichen bukolischen Kontext zu verweisen, auch wenn gesagt wird, dass er gew\u00e4hlt wurde, weil der Kamm des Hahns die zerkl\u00fcfteten Klippen von Sant&#8217;Andrea hervorrief&#8230;[\/vc_column_text][\/vc_column][\/vc_row]<\/p>\n","protected":false},"excerpt":{"rendered":"<p>[vc_row type=&#8221;full_width_section&#8221; bottom_padding=&#8221;0&#8243; bottom_margin=&#8221;0&#8243;][vc_column css=&#8221;.vc_custom_1521121559607{margin-top: 0px !important;margin-right: 0px !important;margin-bottom: 0px !important;margin-left: 0px !important;border-top-width: 0px !important;border-right-width: 0px !important;border-bottom-width: 0px !important;border-left-width: 0px !important;padding-top: 0px !important;padding-right: 0px !important;padding-bottom: 0px !important;padding-left: 0px !important;}&#8221;][rev_slider_vc alias=&#8221;pag-storia&#8221; el_class=&#8221;rev_slider_wrapper-1&#8243;][\/vc_column][\/vc_row][vc_row][vc_column][vc_separator color=&#8221;custom&#8221; style=&#8221;shadow&#8221; accent_color=&#8221;#000000&#8243;][\/vc_column][\/vc_row][vc_row bottom_margin=&#8221;50&#8243;][vc_column][vc_column_text]Entdecken Sie Hautnah die Geschichte eines Gebiets&#8230; Das Hotel Gallo Nero wurde Mitte des letzten Jahrhunderts gebaut, als die wilde Sch\u00f6nheit<\/p>\n<a href=\"https:\/\/www.hotelgallonero.it\/de\/hotel\/geschichte\/\" class=\"more-link\">Read More<\/a>","protected":false},"author":1,"featured_media":0,"parent":2548,"menu_order":3,"comment_status":"closed","ping_status":"closed","template":"","meta":{"footnotes":""},"class_list":["post-2558","page","type-page","status-publish","hentry"],"yoast_head":"<!-- This site is optimized with the Yoast SEO plugin v27.3 - https:\/\/yoast.com\/product\/yoast-seo-wordpress\/ -->\n<title>Geschichte - Hotel Gallo Nero, Sant&#039;Andrea, Insel Elba<\/title>\n<meta name=\"description\" content=\"Das Hotel Gallo Nero wurde Mitte des letzten Jahrhunderts gebaut, als die wilde Sch\u00f6nheit von Elba die ersten Touristen anzog und einen epochalen Wandel einleitete.\" \/>\n<meta name=\"robots\" content=\"index, follow, max-snippet:-1, max-image-preview:large, max-video-preview:-1\" \/>\n<link rel=\"canonical\" href=\"https:\/\/www.hotelgallonero.it\/de\/hotel\/geschichte\/\" \/>\n<meta property=\"og:locale\" content=\"de_DE\" \/>\n<meta property=\"og:type\" content=\"article\" \/>\n<meta property=\"og:title\" content=\"Geschichte - Hotel Gallo Nero, Sant&#039;Andrea, Insel Elba\" \/>\n<meta property=\"og:description\" content=\"Das Hotel Gallo Nero wurde Mitte des letzten Jahrhunderts gebaut, als die wilde Sch\u00f6nheit von Elba die ersten Touristen anzog und einen epochalen Wandel einleitete.\" \/>\n<meta property=\"og:url\" content=\"https:\/\/www.hotelgallonero.it\/de\/hotel\/geschichte\/\" \/>\n<meta property=\"og:site_name\" content=\"Hotel Gallo Nero\" \/>\n<meta property=\"article:publisher\" content=\"https:\/\/www.facebook.com\/Hotel-Gallo-Nero-475373429149830\/\" \/>\n<meta property=\"article:modified_time\" content=\"2021-04-22T14:58:46+00:00\" \/>\n<meta name=\"twitter:card\" content=\"summary_large_image\" \/>\n<meta name=\"twitter:label1\" content=\"Gesch\u00e4tzte Lesezeit\" \/>\n\t<meta name=\"twitter:data1\" content=\"2\u00a0Minuten\" \/>\n<script type=\"application\/ld+json\" class=\"yoast-schema-graph\">{\"@context\":\"https:\\\/\\\/schema.org\",\"@graph\":[{\"@type\":\"WebPage\",\"@id\":\"https:\\\/\\\/www.hotelgallonero.it\\\/de\\\/hotel\\\/geschichte\\\/\",\"url\":\"https:\\\/\\\/www.hotelgallonero.it\\\/de\\\/hotel\\\/geschichte\\\/\",\"name\":\"Geschichte - Hotel Gallo Nero, Sant'Andrea, Insel Elba\",\"isPartOf\":{\"@id\":\"https:\\\/\\\/www.hotelgallonero.it\\\/de\\\/#website\"},\"datePublished\":\"2019-10-18T14:25:50+00:00\",\"dateModified\":\"2021-04-22T14:58:46+00:00\",\"description\":\"Das Hotel Gallo Nero wurde Mitte des letzten Jahrhunderts gebaut, als die wilde Sch\u00f6nheit von Elba die ersten Touristen anzog und einen epochalen Wandel einleitete.\",\"breadcrumb\":{\"@id\":\"https:\\\/\\\/www.hotelgallonero.it\\\/de\\\/hotel\\\/geschichte\\\/#breadcrumb\"},\"inLanguage\":\"de\",\"potentialAction\":[{\"@type\":\"ReadAction\",\"target\":[\"https:\\\/\\\/www.hotelgallonero.it\\\/de\\\/hotel\\\/geschichte\\\/\"]}]},{\"@type\":\"BreadcrumbList\",\"@id\":\"https:\\\/\\\/www.hotelgallonero.it\\\/de\\\/hotel\\\/geschichte\\\/#breadcrumb\",\"itemListElement\":[{\"@type\":\"ListItem\",\"position\":1,\"name\":\"Home\",\"item\":\"https:\\\/\\\/www.hotelgallonero.it\\\/de\\\/\"},{\"@type\":\"ListItem\",\"position\":2,\"name\":\"Hotel\",\"item\":\"https:\\\/\\\/www.hotelgallonero.it\\\/de\\\/hotel\\\/\"},{\"@type\":\"ListItem\",\"position\":3,\"name\":\"Geschichte\"}]},{\"@type\":\"WebSite\",\"@id\":\"https:\\\/\\\/www.hotelgallonero.it\\\/de\\\/#website\",\"url\":\"https:\\\/\\\/www.hotelgallonero.it\\\/de\\\/\",\"name\":\"Hotel Gallo Nero\",\"description\":\"Hotel a Sant'Andrea, all'Isola d'Elba\",\"publisher\":{\"@id\":\"https:\\\/\\\/www.hotelgallonero.it\\\/de\\\/#organization\"},\"potentialAction\":[{\"@type\":\"SearchAction\",\"target\":{\"@type\":\"EntryPoint\",\"urlTemplate\":\"https:\\\/\\\/www.hotelgallonero.it\\\/de\\\/?s={search_term_string}\"},\"query-input\":{\"@type\":\"PropertyValueSpecification\",\"valueRequired\":true,\"valueName\":\"search_term_string\"}}],\"inLanguage\":\"de\"},{\"@type\":\"Organization\",\"@id\":\"https:\\\/\\\/www.hotelgallonero.it\\\/de\\\/#organization\",\"name\":\"Hotel Gallo Nero\",\"url\":\"https:\\\/\\\/www.hotelgallonero.it\\\/de\\\/\",\"logo\":{\"@type\":\"ImageObject\",\"inLanguage\":\"de\",\"@id\":\"https:\\\/\\\/www.hotelgallonero.it\\\/de\\\/#\\\/schema\\\/logo\\\/image\\\/\",\"url\":\"https:\\\/\\\/www.hotelgallonero.it\\\/wp-content\\\/uploads\\\/hotel_gallo_nero_elba.png\",\"contentUrl\":\"https:\\\/\\\/www.hotelgallonero.it\\\/wp-content\\\/uploads\\\/hotel_gallo_nero_elba.png\",\"width\":460,\"height\":351,\"caption\":\"Hotel Gallo Nero\"},\"image\":{\"@id\":\"https:\\\/\\\/www.hotelgallonero.it\\\/de\\\/#\\\/schema\\\/logo\\\/image\\\/\"},\"sameAs\":[\"https:\\\/\\\/www.facebook.com\\\/Hotel-Gallo-Nero-475373429149830\\\/\"]}]}<\/script>\n<!-- \/ Yoast SEO plugin. -->","yoast_head_json":{"title":"Geschichte - Hotel Gallo Nero, Sant'Andrea, Insel Elba","description":"Das Hotel Gallo Nero wurde Mitte des letzten Jahrhunderts gebaut, als die wilde Sch\u00f6nheit von Elba die ersten Touristen anzog und einen epochalen Wandel einleitete.","robots":{"index":"index","follow":"follow","max-snippet":"max-snippet:-1","max-image-preview":"max-image-preview:large","max-video-preview":"max-video-preview:-1"},"canonical":"https:\/\/www.hotelgallonero.it\/de\/hotel\/geschichte\/","og_locale":"de_DE","og_type":"article","og_title":"Geschichte - Hotel Gallo Nero, Sant'Andrea, Insel Elba","og_description":"Das Hotel Gallo Nero wurde Mitte des letzten Jahrhunderts gebaut, als die wilde Sch\u00f6nheit von Elba die ersten Touristen anzog und einen epochalen Wandel einleitete.","og_url":"https:\/\/www.hotelgallonero.it\/de\/hotel\/geschichte\/","og_site_name":"Hotel Gallo Nero","article_publisher":"https:\/\/www.facebook.com\/Hotel-Gallo-Nero-475373429149830\/","article_modified_time":"2021-04-22T14:58:46+00:00","twitter_card":"summary_large_image","twitter_misc":{"Gesch\u00e4tzte Lesezeit":"2\u00a0Minuten"},"schema":{"@context":"https:\/\/schema.org","@graph":[{"@type":"WebPage","@id":"https:\/\/www.hotelgallonero.it\/de\/hotel\/geschichte\/","url":"https:\/\/www.hotelgallonero.it\/de\/hotel\/geschichte\/","name":"Geschichte - Hotel Gallo Nero, Sant'Andrea, Insel Elba","isPartOf":{"@id":"https:\/\/www.hotelgallonero.it\/de\/#website"},"datePublished":"2019-10-18T14:25:50+00:00","dateModified":"2021-04-22T14:58:46+00:00","description":"Das Hotel Gallo Nero wurde Mitte des letzten Jahrhunderts gebaut, als die wilde Sch\u00f6nheit von Elba die ersten Touristen anzog und einen epochalen Wandel einleitete.","breadcrumb":{"@id":"https:\/\/www.hotelgallonero.it\/de\/hotel\/geschichte\/#breadcrumb"},"inLanguage":"de","potentialAction":[{"@type":"ReadAction","target":["https:\/\/www.hotelgallonero.it\/de\/hotel\/geschichte\/"]}]},{"@type":"BreadcrumbList","@id":"https:\/\/www.hotelgallonero.it\/de\/hotel\/geschichte\/#breadcrumb","itemListElement":[{"@type":"ListItem","position":1,"name":"Home","item":"https:\/\/www.hotelgallonero.it\/de\/"},{"@type":"ListItem","position":2,"name":"Hotel","item":"https:\/\/www.hotelgallonero.it\/de\/hotel\/"},{"@type":"ListItem","position":3,"name":"Geschichte"}]},{"@type":"WebSite","@id":"https:\/\/www.hotelgallonero.it\/de\/#website","url":"https:\/\/www.hotelgallonero.it\/de\/","name":"Hotel Gallo Nero","description":"Hotel a Sant'Andrea, all'Isola d'Elba","publisher":{"@id":"https:\/\/www.hotelgallonero.it\/de\/#organization"},"potentialAction":[{"@type":"SearchAction","target":{"@type":"EntryPoint","urlTemplate":"https:\/\/www.hotelgallonero.it\/de\/?s={search_term_string}"},"query-input":{"@type":"PropertyValueSpecification","valueRequired":true,"valueName":"search_term_string"}}],"inLanguage":"de"},{"@type":"Organization","@id":"https:\/\/www.hotelgallonero.it\/de\/#organization","name":"Hotel Gallo Nero","url":"https:\/\/www.hotelgallonero.it\/de\/","logo":{"@type":"ImageObject","inLanguage":"de","@id":"https:\/\/www.hotelgallonero.it\/de\/#\/schema\/logo\/image\/","url":"https:\/\/www.hotelgallonero.it\/wp-content\/uploads\/hotel_gallo_nero_elba.png","contentUrl":"https:\/\/www.hotelgallonero.it\/wp-content\/uploads\/hotel_gallo_nero_elba.png","width":460,"height":351,"caption":"Hotel Gallo Nero"},"image":{"@id":"https:\/\/www.hotelgallonero.it\/de\/#\/schema\/logo\/image\/"},"sameAs":["https:\/\/www.facebook.com\/Hotel-Gallo-Nero-475373429149830\/"]}]}},"_links":{"self":[{"href":"https:\/\/www.hotelgallonero.it\/de\/wp-json\/wp\/v2\/pages\/2558","targetHints":{"allow":["GET"]}}],"collection":[{"href":"https:\/\/www.hotelgallonero.it\/de\/wp-json\/wp\/v2\/pages"}],"about":[{"href":"https:\/\/www.hotelgallonero.it\/de\/wp-json\/wp\/v2\/types\/page"}],"author":[{"embeddable":true,"href":"https:\/\/www.hotelgallonero.it\/de\/wp-json\/wp\/v2\/users\/1"}],"replies":[{"embeddable":true,"href":"https:\/\/www.hotelgallonero.it\/de\/wp-json\/wp\/v2\/comments?post=2558"}],"version-history":[{"count":3,"href":"https:\/\/www.hotelgallonero.it\/de\/wp-json\/wp\/v2\/pages\/2558\/revisions"}],"predecessor-version":[{"id":2578,"href":"https:\/\/www.hotelgallonero.it\/de\/wp-json\/wp\/v2\/pages\/2558\/revisions\/2578"}],"up":[{"embeddable":true,"href":"https:\/\/www.hotelgallonero.it\/de\/wp-json\/wp\/v2\/pages\/2548"}],"wp:attachment":[{"href":"https:\/\/www.hotelgallonero.it\/de\/wp-json\/wp\/v2\/media?parent=2558"}],"curies":[{"name":"wp","href":"https:\/\/api.w.org\/{rel}","templated":true}]}}